{"id":836,"date":"2014-06-05T09:09:27","date_gmt":"2014-06-05T06:09:27","guid":{"rendered":"https:\/\/www.trafox.fi\/produkter\/trafox-superintend\/trafox-superintend-lim\/"},"modified":"2022-10-07T12:07:57","modified_gmt":"2022-10-07T09:07:57","slug":"trafox-superintend-lim","status":"publish","type":"page","link":"https:\/\/www.trafox.fi\/sv\/produkter\/trafox-superintend\/trafox-superintend-lim\/","title":{"rendered":"IMD System f\u00f6r isolations\u00f6vervakning"},"content":{"rendered":"<p>Nyhet, Trafox Superintend\u00ae\u00a0IMD &#8211; F\u00f6r \u00f6vervakning av isolationsniv\u00e5n!<\/p>\n<p class=\"p1\"><span class=\"s1\">Vi har gl\u00e4djen att presentera \u00f6vervakningsfamiljens nya \u00f6vervakningsanordningar f\u00f6r isolationsniv\u00e5 f\u00f6r ojordat n\u00e4t! Dessa produkter \u00e4r v\u00e5ra finska ingenj\u00f6rers senaste m\u00e4sterverk!<\/span><\/p>\n<p class=\"p1\"><span class=\"s1\">Produktfamiljen uppfyller m\u00e4tkraven enligt IEC f\u00f6r anv\u00e4ndningsomr\u00e5den inom h\u00e4lsov\u00e5rd och industri. Anordningarna har testats och certifierats enligt EMC-standarden s\u00e5 att v\u00e5ra kunder kan anv\u00e4nda dessa s\u00e4kert och riskfritt. Den innovativa m\u00e4ttekniken m\u00f6jligg\u00f6r \u00e4ven \u00f6vervakning av DC-n\u00e4ten!<\/span><\/p>\n<p class=\"p1\">\n","protected":false},"excerpt":{"rendered":"<p>Nyhet, Trafox Superintend\u00ae\u00a0IMD &#8211; F\u00f6r \u00f6vervakning av isolationsniv\u00e5n! Vi har gl\u00e4djen att presentera \u00f6vervakningsfamiljens nya \u00f6vervakningsanordningar f\u00f6r isolationsniv\u00e5 f\u00f6r ojordat n\u00e4t! Dessa produkter \u00e4r v\u00e5ra finska ingenj\u00f6rers senaste m\u00e4sterverk! Produktfamiljen uppfyller m\u00e4tkraven enligt IEC f\u00f6r anv\u00e4ndningsomr\u00e5den inom h\u00e4lsov\u00e5rd och industri. Anordningarna har testats och certifierats enligt EMC-standarden s\u00e5 att v\u00e5ra kunder kan anv\u00e4nda dessa s\u00e4kert [&hellip;]<\/p>\n","protected":false},"author":1,"featured_media":1449,"parent":482,"menu_order":0,"comment_status":"closed","ping_status":"closed","template":"page-templates\/prods-prod-list.php","meta":{"footnotes":""},"class_list":["post-836","page","type-page","status-publish","has-post-thumbnail","hentry"],"acf":[],"yoast_head":"<!-- This site is optimized with the Yoast SEO plugin v20.10 - https:\/\/yoast.com\/wordpress\/plugins\/seo\/ -->\n<title>IMD System f\u00f6r isolations\u00f6vervakning - Trafox<\/title>\n<meta name=\"description\" content=\"System f\u00f6r isolations\u00f6vervakning i medicinska, industriella och solcellstill\u00e4mpningar.\" \/>\n<meta name=\"robots\" content=\"index, follow, max-snippet:-1, max-image-preview:large, max-video-preview:-1\" \/>\n<link rel=\"canonical\" href=\"https:\/\/www.trafox.fi\/tuotteet\/trafox-superintend\/trafox-superintend-lim\/\" \/>\n<meta property=\"og:locale\" content=\"sv_SE\" \/>\n<meta property=\"og:type\" content=\"article\" \/>\n<meta property=\"og:title\" content=\"IMD System f\u00f6r isolations\u00f6vervakning - Trafox\" \/>\n<meta property=\"og:description\" content=\"System f\u00f6r isolations\u00f6vervakning i medicinska, industriella och solcellstill\u00e4mpningar.\" \/>\n<meta property=\"og:url\" content=\"https:\/\/www.trafox.fi\/tuotteet\/trafox-superintend\/trafox-superintend-lim\/\" \/>\n<meta property=\"og:site_name\" content=\"Trafox\" \/>\n<meta property=\"article:modified_time\" content=\"2022-10-07T09:07:57+00:00\" \/>\n<meta property=\"og:image\" content=\"https:\/\/www.trafox.fi\/wp-content\/uploads\/2015\/04\/IM-01_etu_bl.jpg\" \/>\n\t<meta property=\"og:image:width\" content=\"3216\" \/>\n\t<meta property=\"og:image:height\" content=\"2992\" \/>\n\t<meta property=\"og:image:type\" content=\"image\/jpeg\" \/>\n<meta name=\"twitter:card\" content=\"summary_large_image\" \/>\n<script type=\"application\/ld+json\" class=\"yoast-schema-graph\">{\"@context\":\"https:\/\/schema.org\",\"@graph\":[{\"@type\":\"WebPage\",\"@id\":\"https:\/\/www.trafox.fi\/tuotteet\/trafox-superintend\/trafox-superintend-lim\/\",\"url\":\"https:\/\/www.trafox.fi\/tuotteet\/trafox-superintend\/trafox-superintend-lim\/\",\"name\":\"IMD System f\u00f6r isolations\u00f6vervakning - Trafox\",\"isPartOf\":{\"@id\":\"https:\/\/www.trafox.fi\/#website\"},\"datePublished\":\"2014-06-05T06:09:27+00:00\",\"dateModified\":\"2022-10-07T09:07:57+00:00\",\"description\":\"System f\u00f6r isolations\u00f6vervakning i medicinska, industriella och solcellstill\u00e4mpningar.\",\"breadcrumb\":{\"@id\":\"https:\/\/www.trafox.fi\/tuotteet\/trafox-superintend\/trafox-superintend-lim\/#breadcrumb\"},\"inLanguage\":\"sv-SE\",\"potentialAction\":[{\"@type\":\"ReadAction\",\"target\":[\"https:\/\/www.trafox.fi\/tuotteet\/trafox-superintend\/trafox-superintend-lim\/\"]}]},{\"@type\":\"BreadcrumbList\",\"@id\":\"https:\/\/www.trafox.fi\/tuotteet\/trafox-superintend\/trafox-superintend-lim\/#breadcrumb\",\"itemListElement\":[{\"@type\":\"ListItem\",\"position\":1,\"name\":\"Home\",\"item\":\"https:\/\/www.trafox.fi\/sv\/\"},{\"@type\":\"ListItem\",\"position\":2,\"name\":\"Produkter\",\"item\":\"https:\/\/www.trafox.fi\/sv\/produkter\/\"},{\"@type\":\"ListItem\",\"position\":3,\"name\":\"Trafox Superintend\u00ae\",\"item\":\"https:\/\/www.trafox.fi\/tuotteet\/trafox-superintend\/\"},{\"@type\":\"ListItem\",\"position\":4,\"name\":\"IMD System f\u00f6r isolations\u00f6vervakning\"}]},{\"@type\":\"WebSite\",\"@id\":\"https:\/\/www.trafox.fi\/#website\",\"url\":\"https:\/\/www.trafox.fi\/\",\"name\":\"Trafox\",\"description\":\"Maailmanluokan laatua. Suomalaisella asenteella.\",\"potentialAction\":[{\"@type\":\"SearchAction\",\"target\":{\"@type\":\"EntryPoint\",\"urlTemplate\":\"https:\/\/www.trafox.fi\/?s={search_term_string}\"},\"query-input\":\"required name=search_term_string\"}],\"inLanguage\":\"sv-SE\"}]}<\/script>\n<!-- \/ Yoast SEO plugin. -->","yoast_head_json":{"title":"IMD System f\u00f6r isolations\u00f6vervakning - Trafox","description":"System f\u00f6r isolations\u00f6vervakning i medicinska, industriella och solcellstill\u00e4mpningar.","robots":{"index":"index","follow":"follow","max-snippet":"max-snippet:-1","max-image-preview":"max-image-preview:large","max-video-preview":"max-video-preview:-1"},"canonical":"https:\/\/www.trafox.fi\/tuotteet\/trafox-superintend\/trafox-superintend-lim\/","og_locale":"sv_SE","og_type":"article","og_title":"IMD System f\u00f6r isolations\u00f6vervakning - Trafox","og_description":"System f\u00f6r isolations\u00f6vervakning i medicinska, industriella och solcellstill\u00e4mpningar.","og_url":"https:\/\/www.trafox.fi\/tuotteet\/trafox-superintend\/trafox-superintend-lim\/","og_site_name":"Trafox","article_modified_time":"2022-10-07T09:07:57+00:00","og_image":[{"width":3216,"height":2992,"url":"https:\/\/www.trafox.fi\/wp-content\/uploads\/2015\/04\/IM-01_etu_bl.jpg","type":"image\/jpeg"}],"twitter_card":"summary_large_image","schema":{"@context":"https:\/\/schema.org","@graph":[{"@type":"WebPage","@id":"https:\/\/www.trafox.fi\/tuotteet\/trafox-superintend\/trafox-superintend-lim\/","url":"https:\/\/www.trafox.fi\/tuotteet\/trafox-superintend\/trafox-superintend-lim\/","name":"IMD System f\u00f6r isolations\u00f6vervakning - Trafox","isPartOf":{"@id":"https:\/\/www.trafox.fi\/#website"},"datePublished":"2014-06-05T06:09:27+00:00","dateModified":"2022-10-07T09:07:57+00:00","description":"System f\u00f6r isolations\u00f6vervakning i medicinska, industriella och solcellstill\u00e4mpningar.","breadcrumb":{"@id":"https:\/\/www.trafox.fi\/tuotteet\/trafox-superintend\/trafox-superintend-lim\/#breadcrumb"},"inLanguage":"sv-SE","potentialAction":[{"@type":"ReadAction","target":["https:\/\/www.trafox.fi\/tuotteet\/trafox-superintend\/trafox-superintend-lim\/"]}]},{"@type":"BreadcrumbList","@id":"https:\/\/www.trafox.fi\/tuotteet\/trafox-superintend\/trafox-superintend-lim\/#breadcrumb","itemListElement":[{"@type":"ListItem","position":1,"name":"Home","item":"https:\/\/www.trafox.fi\/sv\/"},{"@type":"ListItem","position":2,"name":"Produkter","item":"https:\/\/www.trafox.fi\/sv\/produkter\/"},{"@type":"ListItem","position":3,"name":"Trafox Superintend\u00ae","item":"https:\/\/www.trafox.fi\/tuotteet\/trafox-superintend\/"},{"@type":"ListItem","position":4,"name":"IMD System f\u00f6r isolations\u00f6vervakning"}]},{"@type":"WebSite","@id":"https:\/\/www.trafox.fi\/#website","url":"https:\/\/www.trafox.fi\/","name":"Trafox","description":"Maailmanluokan laatua. Suomalaisella asenteella.","potentialAction":[{"@type":"SearchAction","target":{"@type":"EntryPoint","urlTemplate":"https:\/\/www.trafox.fi\/?s={search_term_string}"},"query-input":"required name=search_term_string"}],"inLanguage":"sv-SE"}]}},"_links":{"self":[{"href":"https:\/\/www.trafox.fi\/sv\/wp-json\/wp\/v2\/pages\/836","targetHints":{"allow":["GET"]}}],"collection":[{"href":"https:\/\/www.trafox.fi\/sv\/wp-json\/wp\/v2\/pages"}],"about":[{"href":"https:\/\/www.trafox.fi\/sv\/wp-json\/wp\/v2\/types\/page"}],"author":[{"embeddable":true,"href":"https:\/\/www.trafox.fi\/sv\/wp-json\/wp\/v2\/users\/1"}],"replies":[{"embeddable":true,"href":"https:\/\/www.trafox.fi\/sv\/wp-json\/wp\/v2\/comments?post=836"}],"version-history":[{"count":46,"href":"https:\/\/www.trafox.fi\/sv\/wp-json\/wp\/v2\/pages\/836\/revisions"}],"predecessor-version":[{"id":4392,"href":"https:\/\/www.trafox.fi\/sv\/wp-json\/wp\/v2\/pages\/836\/revisions\/4392"}],"up":[{"embeddable":true,"href":"https:\/\/www.trafox.fi\/sv\/wp-json\/wp\/v2\/pages\/482"}],"wp:featuredmedia":[{"embeddable":true,"href":"https:\/\/www.trafox.fi\/sv\/wp-json\/wp\/v2\/media\/1449"}],"wp:attachment":[{"href":"https:\/\/www.trafox.fi\/sv\/wp-json\/wp\/v2\/media?parent=836"}],"curies":[{"name":"wp","href":"https:\/\/api.w.org\/{rel}","templated":true}]}}