{"id":834,"date":"2014-06-05T09:05:38","date_gmt":"2014-06-05T06:05:38","guid":{"rendered":"https:\/\/www.trafox.fi\/produkter\/trafox-superintend\/trafox-superintend-rcm\/"},"modified":"2022-10-07T12:05:43","modified_gmt":"2022-10-07T09:05:43","slug":"trafox-superintend-rcm","status":"publish","type":"page","link":"https:\/\/www.trafox.fi\/sv\/produkter\/trafox-superintend\/trafox-superintend-rcm\/","title":{"rendered":"RCM System f\u00f6r jordfels\u00f6vervakning"},"content":{"rendered":"<p class=\"normal\"><span lang=\"IT\">\u00d6vervakningssystem f\u00f6r felstr\u00f6m f\u00f6r anv\u00e4ndningsomr\u00e5den d\u00e4r str\u00f6mtillf\u00f6rseln kr\u00e4ver s\u00e4rskild p\u00e5litlighet. Trafox Superintend\u00ae RCM \u00f6vervakar oavbrutet elsystemets felstr\u00f6msniv\u00e5 och reagerar omedelbart n\u00e4r felstr\u00f6mmen \u00f6kar.<\/span><\/p>\n<p class=\"normal\"><span lang=\"IT\">Med \u00f6vervakningssystemet f\u00f6r felstr\u00f6m \u00e4r det m\u00f6jligt att uppt\u00e4cka en \u00f6kning av felstr\u00f6msniv\u00e5n innan skyddsanordningen ingriper. Detta \u00e4r en f\u00f6rdel, s\u00e4rskilt f\u00f6r de anv\u00e4ndningsomr\u00e5den d\u00e4r ett ov\u00e4ntat str\u00f6mavbrott leder till h\u00f6ga kostnader. Felstr\u00f6mslarmets larmgr\u00e4ns och f\u00f6rdr\u00f6jningstid kan st\u00e4llas in efter anv\u00e4ndningsomr\u00e5dets behov.<\/span><\/p>\n<p class=\"normal\"><span lang=\"IT\">Produktfamiljen Trafox Superintend\u00ae RCM omfattar \u00f6vervakningsanordningar f\u00f6r felstr\u00f6m med 1, 8, 16, 32 eller 64 m\u00e4tpunkter (kanaler). Flerkanalanordningarna lagrar \u00e4ven felstr\u00f6mmens min. och max. v\u00e4rden samt felstr\u00f6mslarmens historik. Dessa kan fj\u00e4rrkontrolleras \u00f6ver n\u00e4tet med webbl\u00e4saren fr\u00e5n vilken plats som helst.<\/span><\/p>\n<p class=\"normal\"><span lang=\"IT\">F\u00f6rdelar med \u00f6vervakningssystemet Trafox Superintend\u00ae RCM:<\/span><\/p>\n<ul>\n<li class=\"p1\"><span class=\"s1\">B\u00e4ttre brand- och persons\u00e4kerhet tack vare oavbruten \u00f6vervakning av felstr\u00f6mmen<\/span><\/li>\n<li class=\"p1\"><span class=\"s1\">F\u00f6ruts\u00e4gbarhet av isolationsfel<\/span><\/li>\n<li class=\"p1\"><span class=\"s1\">Korrektare positionsbest\u00e4mning av isolationsfel tack vare flera kanalar hos \u00f6vervakningsanordningen f\u00f6r felstr\u00f6m<\/span><\/li>\n<li class=\"p1\"><span class=\"s1\">Snabbare positionsbest\u00e4mning av l\u00e4ckstr\u00f6mmar som f\u00f6rsvagar str\u00f6mmens kvalitet<\/span><\/li>\n<li class=\"p1\"><span class=\"s1\">P\u00e5litligare elsystem tack vare minskning av str\u00f6mavbrott<\/span><\/li>\n<li class=\"p1\"><span class=\"s1\">M\u00f6jlighet att \u00e4ven \u00f6vervaka noll- och fasledarnas belastningsstr\u00f6mmar och i god tid identifiera m\u00f6jliga \u00f6verbelastningssituationer<\/span><\/li>\n<li class=\"p1\"><span class=\"s1\">Med webbl\u00e4saren g\u00e5r det att med en sk\u00e4rm \u00f6vervaka max. 2 048 m\u00e4tpunkter<\/span><\/li>\n<\/ul>\n<p class=\"p1\"><span style=\"color: #000000;\">\u00a0<\/span><\/p>\n","protected":false},"excerpt":{"rendered":"<p>\u00d6vervakningssystem f\u00f6r felstr\u00f6m f\u00f6r anv\u00e4ndningsomr\u00e5den d\u00e4r str\u00f6mtillf\u00f6rseln kr\u00e4ver s\u00e4rskild p\u00e5litlighet. Trafox Superintend\u00ae RCM \u00f6vervakar oavbrutet elsystemets felstr\u00f6msniv\u00e5 och reagerar omedelbart n\u00e4r felstr\u00f6mmen \u00f6kar. Med \u00f6vervakningssystemet f\u00f6r felstr\u00f6m \u00e4r det m\u00f6jligt att uppt\u00e4cka en \u00f6kning av felstr\u00f6msniv\u00e5n innan skyddsanordningen ingriper. Detta \u00e4r en f\u00f6rdel, s\u00e4rskilt f\u00f6r de anv\u00e4ndningsomr\u00e5den d\u00e4r ett ov\u00e4ntat str\u00f6mavbrott leder till h\u00f6ga kostnader. [&hellip;]<\/p>\n","protected":false},"author":1,"featured_media":890,"parent":482,"menu_order":0,"comment_status":"closed","ping_status":"closed","template":"page-templates\/prods-prod-list.php","meta":{"footnotes":""},"class_list":["post-834","page","type-page","status-publish","has-post-thumbnail","hentry"],"acf":[],"yoast_head":"<!-- This site is optimized with the Yoast SEO plugin v20.10 - https:\/\/yoast.com\/wordpress\/plugins\/seo\/ -->\n<title>RCM System f\u00f6r jordfels\u00f6vervakning - Trafox<\/title>\n<meta name=\"robots\" content=\"index, follow, max-snippet:-1, max-image-preview:large, max-video-preview:-1\" \/>\n<link rel=\"canonical\" href=\"https:\/\/www.trafox.fi\/tuotteet\/trafox-superintend\/trafox-superintend-rcm\/\" \/>\n<meta property=\"og:locale\" content=\"sv_SE\" \/>\n<meta property=\"og:type\" content=\"article\" \/>\n<meta property=\"og:title\" content=\"RCM System f\u00f6r jordfels\u00f6vervakning - Trafox\" \/>\n<meta property=\"og:description\" content=\"\u00d6vervakningssystem f\u00f6r felstr\u00f6m f\u00f6r anv\u00e4ndningsomr\u00e5den d\u00e4r str\u00f6mtillf\u00f6rseln kr\u00e4ver s\u00e4rskild p\u00e5litlighet. Trafox Superintend\u00ae RCM \u00f6vervakar oavbrutet elsystemets felstr\u00f6msniv\u00e5 och reagerar omedelbart n\u00e4r felstr\u00f6mmen \u00f6kar. Med \u00f6vervakningssystemet f\u00f6r felstr\u00f6m \u00e4r det m\u00f6jligt att uppt\u00e4cka en \u00f6kning av felstr\u00f6msniv\u00e5n innan skyddsanordningen ingriper. Detta \u00e4r en f\u00f6rdel, s\u00e4rskilt f\u00f6r de anv\u00e4ndningsomr\u00e5den d\u00e4r ett ov\u00e4ntat str\u00f6mavbrott leder till h\u00f6ga kostnader. [&hellip;]\" \/>\n<meta property=\"og:url\" content=\"https:\/\/www.trafox.fi\/tuotteet\/trafox-superintend\/trafox-superintend-rcm\/\" \/>\n<meta property=\"og:site_name\" content=\"Trafox\" \/>\n<meta property=\"article:modified_time\" content=\"2022-10-07T09:05:43+00:00\" \/>\n<meta property=\"og:image\" content=\"https:\/\/www.trafox.fi\/wp-content\/uploads\/2015\/02\/rcm-testi7-e1428419217620.png\" \/>\n\t<meta property=\"og:image:width\" content=\"5400\" \/>\n\t<meta property=\"og:image:height\" content=\"4504\" \/>\n\t<meta property=\"og:image:type\" content=\"image\/png\" \/>\n<meta name=\"twitter:card\" content=\"summary_large_image\" \/>\n<meta name=\"twitter:label1\" content=\"Ber\u00e4knad l\u00e4stid\" \/>\n\t<meta name=\"twitter:data1\" content=\"1 minut\" \/>\n<script type=\"application\/ld+json\" class=\"yoast-schema-graph\">{\"@context\":\"https:\/\/schema.org\",\"@graph\":[{\"@type\":\"WebPage\",\"@id\":\"https:\/\/www.trafox.fi\/tuotteet\/trafox-superintend\/trafox-superintend-rcm\/\",\"url\":\"https:\/\/www.trafox.fi\/tuotteet\/trafox-superintend\/trafox-superintend-rcm\/\",\"name\":\"RCM System f\u00f6r jordfels\u00f6vervakning - Trafox\",\"isPartOf\":{\"@id\":\"https:\/\/www.trafox.fi\/#website\"},\"datePublished\":\"2014-06-05T06:05:38+00:00\",\"dateModified\":\"2022-10-07T09:05:43+00:00\",\"breadcrumb\":{\"@id\":\"https:\/\/www.trafox.fi\/tuotteet\/trafox-superintend\/trafox-superintend-rcm\/#breadcrumb\"},\"inLanguage\":\"sv-SE\",\"potentialAction\":[{\"@type\":\"ReadAction\",\"target\":[\"https:\/\/www.trafox.fi\/tuotteet\/trafox-superintend\/trafox-superintend-rcm\/\"]}]},{\"@type\":\"BreadcrumbList\",\"@id\":\"https:\/\/www.trafox.fi\/tuotteet\/trafox-superintend\/trafox-superintend-rcm\/#breadcrumb\",\"itemListElement\":[{\"@type\":\"ListItem\",\"position\":1,\"name\":\"Home\",\"item\":\"https:\/\/www.trafox.fi\/sv\/\"},{\"@type\":\"ListItem\",\"position\":2,\"name\":\"Produkter\",\"item\":\"https:\/\/www.trafox.fi\/sv\/produkter\/\"},{\"@type\":\"ListItem\",\"position\":3,\"name\":\"Trafox Superintend\u00ae\",\"item\":\"https:\/\/www.trafox.fi\/tuotteet\/trafox-superintend\/\"},{\"@type\":\"ListItem\",\"position\":4,\"name\":\"RCM System f\u00f6r jordfels\u00f6vervakning\"}]},{\"@type\":\"WebSite\",\"@id\":\"https:\/\/www.trafox.fi\/#website\",\"url\":\"https:\/\/www.trafox.fi\/\",\"name\":\"Trafox\",\"description\":\"Maailmanluokan laatua. Suomalaisella asenteella.\",\"potentialAction\":[{\"@type\":\"SearchAction\",\"target\":{\"@type\":\"EntryPoint\",\"urlTemplate\":\"https:\/\/www.trafox.fi\/?s={search_term_string}\"},\"query-input\":\"required name=search_term_string\"}],\"inLanguage\":\"sv-SE\"}]}<\/script>\n<!-- \/ Yoast SEO plugin. -->","yoast_head_json":{"title":"RCM System f\u00f6r jordfels\u00f6vervakning - Trafox","robots":{"index":"index","follow":"follow","max-snippet":"max-snippet:-1","max-image-preview":"max-image-preview:large","max-video-preview":"max-video-preview:-1"},"canonical":"https:\/\/www.trafox.fi\/tuotteet\/trafox-superintend\/trafox-superintend-rcm\/","og_locale":"sv_SE","og_type":"article","og_title":"RCM System f\u00f6r jordfels\u00f6vervakning - Trafox","og_description":"\u00d6vervakningssystem f\u00f6r felstr\u00f6m f\u00f6r anv\u00e4ndningsomr\u00e5den d\u00e4r str\u00f6mtillf\u00f6rseln kr\u00e4ver s\u00e4rskild p\u00e5litlighet. Trafox Superintend\u00ae RCM \u00f6vervakar oavbrutet elsystemets felstr\u00f6msniv\u00e5 och reagerar omedelbart n\u00e4r felstr\u00f6mmen \u00f6kar. Med \u00f6vervakningssystemet f\u00f6r felstr\u00f6m \u00e4r det m\u00f6jligt att uppt\u00e4cka en \u00f6kning av felstr\u00f6msniv\u00e5n innan skyddsanordningen ingriper. Detta \u00e4r en f\u00f6rdel, s\u00e4rskilt f\u00f6r de anv\u00e4ndningsomr\u00e5den d\u00e4r ett ov\u00e4ntat str\u00f6mavbrott leder till h\u00f6ga kostnader. [&hellip;]","og_url":"https:\/\/www.trafox.fi\/tuotteet\/trafox-superintend\/trafox-superintend-rcm\/","og_site_name":"Trafox","article_modified_time":"2022-10-07T09:05:43+00:00","og_image":[{"width":5400,"height":4504,"url":"https:\/\/www.trafox.fi\/wp-content\/uploads\/2015\/02\/rcm-testi7-e1428419217620.png","type":"image\/png"}],"twitter_card":"summary_large_image","twitter_misc":{"Ber\u00e4knad l\u00e4stid":"1 minut"},"schema":{"@context":"https:\/\/schema.org","@graph":[{"@type":"WebPage","@id":"https:\/\/www.trafox.fi\/tuotteet\/trafox-superintend\/trafox-superintend-rcm\/","url":"https:\/\/www.trafox.fi\/tuotteet\/trafox-superintend\/trafox-superintend-rcm\/","name":"RCM System f\u00f6r jordfels\u00f6vervakning - Trafox","isPartOf":{"@id":"https:\/\/www.trafox.fi\/#website"},"datePublished":"2014-06-05T06:05:38+00:00","dateModified":"2022-10-07T09:05:43+00:00","breadcrumb":{"@id":"https:\/\/www.trafox.fi\/tuotteet\/trafox-superintend\/trafox-superintend-rcm\/#breadcrumb"},"inLanguage":"sv-SE","potentialAction":[{"@type":"ReadAction","target":["https:\/\/www.trafox.fi\/tuotteet\/trafox-superintend\/trafox-superintend-rcm\/"]}]},{"@type":"BreadcrumbList","@id":"https:\/\/www.trafox.fi\/tuotteet\/trafox-superintend\/trafox-superintend-rcm\/#breadcrumb","itemListElement":[{"@type":"ListItem","position":1,"name":"Home","item":"https:\/\/www.trafox.fi\/sv\/"},{"@type":"ListItem","position":2,"name":"Produkter","item":"https:\/\/www.trafox.fi\/sv\/produkter\/"},{"@type":"ListItem","position":3,"name":"Trafox Superintend\u00ae","item":"https:\/\/www.trafox.fi\/tuotteet\/trafox-superintend\/"},{"@type":"ListItem","position":4,"name":"RCM System f\u00f6r jordfels\u00f6vervakning"}]},{"@type":"WebSite","@id":"https:\/\/www.trafox.fi\/#website","url":"https:\/\/www.trafox.fi\/","name":"Trafox","description":"Maailmanluokan laatua. Suomalaisella asenteella.","potentialAction":[{"@type":"SearchAction","target":{"@type":"EntryPoint","urlTemplate":"https:\/\/www.trafox.fi\/?s={search_term_string}"},"query-input":"required name=search_term_string"}],"inLanguage":"sv-SE"}]}},"_links":{"self":[{"href":"https:\/\/www.trafox.fi\/sv\/wp-json\/wp\/v2\/pages\/834","targetHints":{"allow":["GET"]}}],"collection":[{"href":"https:\/\/www.trafox.fi\/sv\/wp-json\/wp\/v2\/pages"}],"about":[{"href":"https:\/\/www.trafox.fi\/sv\/wp-json\/wp\/v2\/types\/page"}],"author":[{"embeddable":true,"href":"https:\/\/www.trafox.fi\/sv\/wp-json\/wp\/v2\/users\/1"}],"replies":[{"embeddable":true,"href":"https:\/\/www.trafox.fi\/sv\/wp-json\/wp\/v2\/comments?post=834"}],"version-history":[{"count":29,"href":"https:\/\/www.trafox.fi\/sv\/wp-json\/wp\/v2\/pages\/834\/revisions"}],"predecessor-version":[{"id":4390,"href":"https:\/\/www.trafox.fi\/sv\/wp-json\/wp\/v2\/pages\/834\/revisions\/4390"}],"up":[{"embeddable":true,"href":"https:\/\/www.trafox.fi\/sv\/wp-json\/wp\/v2\/pages\/482"}],"wp:featuredmedia":[{"embeddable":true,"href":"https:\/\/www.trafox.fi\/sv\/wp-json\/wp\/v2\/media\/890"}],"wp:attachment":[{"href":"https:\/\/www.trafox.fi\/sv\/wp-json\/wp\/v2\/media?parent=834"}],"curies":[{"name":"wp","href":"https:\/\/api.w.org\/{rel}","templated":true}]}}