{"id":830,"date":"2014-06-05T08:59:50","date_gmt":"2014-06-05T05:59:50","guid":{"rendered":"https:\/\/www.trafox.fi\/produkter\/reaktorer\/vesijaahdytteiset-kuristimet\/"},"modified":"2015-05-27T14:19:00","modified_gmt":"2015-05-27T11:19:00","slug":"vattenkylda-drosslar","status":"publish","type":"page","link":"https:\/\/www.trafox.fi\/sv\/produkter\/reaktorer\/vattenkylda-drosslar\/","title":{"rendered":"Vattenkylda drosslar"},"content":{"rendered":"<p>Vattenkylda 1- och 3-fas drosslar anv\u00e4nds s\u00e4rskilt i specialapplikationer f\u00f6r f\u00f6rnybar energi, skeppsvarv och \u00f6vrig industri. Vi tillverkar drosslar upp till max. 8 000 A. Drosslarna tillverkas fr\u00e5n n\u00e4tfrekvens till h\u00f6gfrekventa applikationer. K\u00e4rnmaterialen best\u00e5r av j\u00e4rnfolie, ferriter och amorfa material med l\u00e5g energif\u00f6rlust.<\/p>\n<p class=\"p1\"><span class=\"s1\">Med vattenkylda drosslar leds den st\u00f6rsta delen av drosselns energif\u00f6rlust direkt till vattnet utan att temperaturen \u00f6kar i omgivningen. Drosslarna \u00e4r sm\u00e5 och l\u00e4ttare \u00e4n luftkylda drosslar. Vid utvecklingen av drosslarna har vi tagit s\u00e4rskild h\u00e4nsyn till produktens h\u00e5llbarhet. Planerad livsl\u00e4ngd \u00e4r 20 \u00e5r. De av oss tillverkade vattenkylda drosslarnas egenskaper, m\u00e5tt, konstruktion och monteringsm\u00f6jligheter kan skr\u00e4ddarsys flexibelt enligt kundernas krav och anv\u00e4ndningsbehov.<\/span><\/p>\n<p class=\"p1\"><span class=\"s1\">Extra information: <span style=\"color: #000000;\"><a style=\"color: #000000;\" href=\"https:\/\/www.trafox.fi\/wp-content\/uploads\/2014\/11\/water_cooled_reactors_rev7.pdf\">Water Cooled Reactors broschyr, ENG (pdf)<\/a><\/span><\/span><\/p>\n","protected":false},"excerpt":{"rendered":"<p>Vattenkylda 1- och 3-fas drosslar anv\u00e4nds s\u00e4rskilt i specialapplikationer f\u00f6r f\u00f6rnybar energi, skeppsvarv och \u00f6vrig industri. Vi tillverkar drosslar upp till max. 8 000 A. Drosslarna tillverkas fr\u00e5n n\u00e4tfrekvens till h\u00f6gfrekventa applikationer. K\u00e4rnmaterialen best\u00e5r av j\u00e4rnfolie, ferriter och amorfa material med l\u00e5g energif\u00f6rlust. Med vattenkylda drosslar leds den st\u00f6rsta delen av drosselns energif\u00f6rlust direkt till [&hellip;]<\/p>\n","protected":false},"author":1,"featured_media":326,"parent":478,"menu_order":0,"comment_status":"closed","ping_status":"closed","template":"page-templates\/prods-prod-list.php","meta":{"footnotes":""},"class_list":["post-830","page","type-page","status-publish","has-post-thumbnail","hentry"],"acf":[],"yoast_head":"<!-- This site is optimized with the Yoast SEO plugin v20.10 - https:\/\/yoast.com\/wordpress\/plugins\/seo\/ -->\n<title>Vattenkylda drosslar - Trafox<\/title>\n<meta name=\"robots\" content=\"index, follow, max-snippet:-1, max-image-preview:large, max-video-preview:-1\" \/>\n<link rel=\"canonical\" href=\"https:\/\/www.trafox.fi\/tuotteet\/kuristimet\/vesijaahdytteiset-kuristimet\/\" \/>\n<meta property=\"og:locale\" content=\"sv_SE\" \/>\n<meta property=\"og:type\" content=\"article\" \/>\n<meta property=\"og:title\" content=\"Vattenkylda drosslar - Trafox\" \/>\n<meta property=\"og:description\" content=\"Vattenkylda 1- och 3-fas drosslar anv\u00e4nds s\u00e4rskilt i specialapplikationer f\u00f6r f\u00f6rnybar energi, skeppsvarv och \u00f6vrig industri. Vi tillverkar drosslar upp till max. 8 000 A. Drosslarna tillverkas fr\u00e5n n\u00e4tfrekvens till h\u00f6gfrekventa applikationer. K\u00e4rnmaterialen best\u00e5r av j\u00e4rnfolie, ferriter och amorfa material med l\u00e5g energif\u00f6rlust. Med vattenkylda drosslar leds den st\u00f6rsta delen av drosselns energif\u00f6rlust direkt till [&hellip;]\" \/>\n<meta property=\"og:url\" content=\"https:\/\/www.trafox.fi\/tuotteet\/kuristimet\/vesijaahdytteiset-kuristimet\/\" \/>\n<meta property=\"og:site_name\" content=\"Trafox\" \/>\n<meta property=\"article:modified_time\" content=\"2015-05-27T11:19:00+00:00\" \/>\n<meta property=\"og:image\" content=\"https:\/\/www.trafox.fi\/wp-content\/uploads\/2014\/08\/vesijaahdytteinen-e1408626943267.jpg\" \/>\n\t<meta property=\"og:image:width\" content=\"300\" \/>\n\t<meta property=\"og:image:height\" content=\"335\" \/>\n\t<meta property=\"og:image:type\" content=\"image\/jpeg\" \/>\n<meta name=\"twitter:card\" content=\"summary_large_image\" \/>\n<meta name=\"twitter:label1\" content=\"Ber\u00e4knad l\u00e4stid\" \/>\n\t<meta name=\"twitter:data1\" content=\"1 minut\" \/>\n<script type=\"application\/ld+json\" class=\"yoast-schema-graph\">{\"@context\":\"https:\/\/schema.org\",\"@graph\":[{\"@type\":\"WebPage\",\"@id\":\"https:\/\/www.trafox.fi\/tuotteet\/kuristimet\/vesijaahdytteiset-kuristimet\/\",\"url\":\"https:\/\/www.trafox.fi\/tuotteet\/kuristimet\/vesijaahdytteiset-kuristimet\/\",\"name\":\"Vattenkylda drosslar - Trafox\",\"isPartOf\":{\"@id\":\"https:\/\/www.trafox.fi\/#website\"},\"datePublished\":\"2014-06-05T05:59:50+00:00\",\"dateModified\":\"2015-05-27T11:19:00+00:00\",\"breadcrumb\":{\"@id\":\"https:\/\/www.trafox.fi\/tuotteet\/kuristimet\/vesijaahdytteiset-kuristimet\/#breadcrumb\"},\"inLanguage\":\"sv-SE\",\"potentialAction\":[{\"@type\":\"ReadAction\",\"target\":[\"https:\/\/www.trafox.fi\/tuotteet\/kuristimet\/vesijaahdytteiset-kuristimet\/\"]}]},{\"@type\":\"BreadcrumbList\",\"@id\":\"https:\/\/www.trafox.fi\/tuotteet\/kuristimet\/vesijaahdytteiset-kuristimet\/#breadcrumb\",\"itemListElement\":[{\"@type\":\"ListItem\",\"position\":1,\"name\":\"Home\",\"item\":\"https:\/\/www.trafox.fi\/sv\/\"},{\"@type\":\"ListItem\",\"position\":2,\"name\":\"Produkter\",\"item\":\"https:\/\/www.trafox.fi\/sv\/produkter\/\"},{\"@type\":\"ListItem\",\"position\":3,\"name\":\"Reaktorer\",\"item\":\"https:\/\/www.trafox.fi\/tuotteet\/kuristimet\/\"},{\"@type\":\"ListItem\",\"position\":4,\"name\":\"Vattenkylda drosslar\"}]},{\"@type\":\"WebSite\",\"@id\":\"https:\/\/www.trafox.fi\/#website\",\"url\":\"https:\/\/www.trafox.fi\/\",\"name\":\"Trafox\",\"description\":\"Maailmanluokan laatua. Suomalaisella asenteella.\",\"potentialAction\":[{\"@type\":\"SearchAction\",\"target\":{\"@type\":\"EntryPoint\",\"urlTemplate\":\"https:\/\/www.trafox.fi\/?s={search_term_string}\"},\"query-input\":\"required name=search_term_string\"}],\"inLanguage\":\"sv-SE\"}]}<\/script>\n<!-- \/ Yoast SEO plugin. -->","yoast_head_json":{"title":"Vattenkylda drosslar - Trafox","robots":{"index":"index","follow":"follow","max-snippet":"max-snippet:-1","max-image-preview":"max-image-preview:large","max-video-preview":"max-video-preview:-1"},"canonical":"https:\/\/www.trafox.fi\/tuotteet\/kuristimet\/vesijaahdytteiset-kuristimet\/","og_locale":"sv_SE","og_type":"article","og_title":"Vattenkylda drosslar - Trafox","og_description":"Vattenkylda 1- och 3-fas drosslar anv\u00e4nds s\u00e4rskilt i specialapplikationer f\u00f6r f\u00f6rnybar energi, skeppsvarv och \u00f6vrig industri. Vi tillverkar drosslar upp till max. 8 000 A. Drosslarna tillverkas fr\u00e5n n\u00e4tfrekvens till h\u00f6gfrekventa applikationer. K\u00e4rnmaterialen best\u00e5r av j\u00e4rnfolie, ferriter och amorfa material med l\u00e5g energif\u00f6rlust. Med vattenkylda drosslar leds den st\u00f6rsta delen av drosselns energif\u00f6rlust direkt till [&hellip;]","og_url":"https:\/\/www.trafox.fi\/tuotteet\/kuristimet\/vesijaahdytteiset-kuristimet\/","og_site_name":"Trafox","article_modified_time":"2015-05-27T11:19:00+00:00","og_image":[{"width":300,"height":335,"url":"https:\/\/www.trafox.fi\/wp-content\/uploads\/2014\/08\/vesijaahdytteinen-e1408626943267.jpg","type":"image\/jpeg"}],"twitter_card":"summary_large_image","twitter_misc":{"Ber\u00e4knad l\u00e4stid":"1 minut"},"schema":{"@context":"https:\/\/schema.org","@graph":[{"@type":"WebPage","@id":"https:\/\/www.trafox.fi\/tuotteet\/kuristimet\/vesijaahdytteiset-kuristimet\/","url":"https:\/\/www.trafox.fi\/tuotteet\/kuristimet\/vesijaahdytteiset-kuristimet\/","name":"Vattenkylda drosslar - Trafox","isPartOf":{"@id":"https:\/\/www.trafox.fi\/#website"},"datePublished":"2014-06-05T05:59:50+00:00","dateModified":"2015-05-27T11:19:00+00:00","breadcrumb":{"@id":"https:\/\/www.trafox.fi\/tuotteet\/kuristimet\/vesijaahdytteiset-kuristimet\/#breadcrumb"},"inLanguage":"sv-SE","potentialAction":[{"@type":"ReadAction","target":["https:\/\/www.trafox.fi\/tuotteet\/kuristimet\/vesijaahdytteiset-kuristimet\/"]}]},{"@type":"BreadcrumbList","@id":"https:\/\/www.trafox.fi\/tuotteet\/kuristimet\/vesijaahdytteiset-kuristimet\/#breadcrumb","itemListElement":[{"@type":"ListItem","position":1,"name":"Home","item":"https:\/\/www.trafox.fi\/sv\/"},{"@type":"ListItem","position":2,"name":"Produkter","item":"https:\/\/www.trafox.fi\/sv\/produkter\/"},{"@type":"ListItem","position":3,"name":"Reaktorer","item":"https:\/\/www.trafox.fi\/tuotteet\/kuristimet\/"},{"@type":"ListItem","position":4,"name":"Vattenkylda drosslar"}]},{"@type":"WebSite","@id":"https:\/\/www.trafox.fi\/#website","url":"https:\/\/www.trafox.fi\/","name":"Trafox","description":"Maailmanluokan laatua. Suomalaisella asenteella.","potentialAction":[{"@type":"SearchAction","target":{"@type":"EntryPoint","urlTemplate":"https:\/\/www.trafox.fi\/?s={search_term_string}"},"query-input":"required name=search_term_string"}],"inLanguage":"sv-SE"}]}},"_links":{"self":[{"href":"https:\/\/www.trafox.fi\/sv\/wp-json\/wp\/v2\/pages\/830","targetHints":{"allow":["GET"]}}],"collection":[{"href":"https:\/\/www.trafox.fi\/sv\/wp-json\/wp\/v2\/pages"}],"about":[{"href":"https:\/\/www.trafox.fi\/sv\/wp-json\/wp\/v2\/types\/page"}],"author":[{"embeddable":true,"href":"https:\/\/www.trafox.fi\/sv\/wp-json\/wp\/v2\/users\/1"}],"replies":[{"embeddable":true,"href":"https:\/\/www.trafox.fi\/sv\/wp-json\/wp\/v2\/comments?post=830"}],"version-history":[{"count":2,"href":"https:\/\/www.trafox.fi\/sv\/wp-json\/wp\/v2\/pages\/830\/revisions"}],"predecessor-version":[{"id":1681,"href":"https:\/\/www.trafox.fi\/sv\/wp-json\/wp\/v2\/pages\/830\/revisions\/1681"}],"up":[{"embeddable":true,"href":"https:\/\/www.trafox.fi\/sv\/wp-json\/wp\/v2\/pages\/478"}],"wp:featuredmedia":[{"embeddable":true,"href":"https:\/\/www.trafox.fi\/sv\/wp-json\/wp\/v2\/media\/326"}],"wp:attachment":[{"href":"https:\/\/www.trafox.fi\/sv\/wp-json\/wp\/v2\/media?parent=830"}],"curies":[{"name":"wp","href":"https:\/\/api.w.org\/{rel}","templated":true}]}}