{"id":821,"date":"2014-06-05T08:57:00","date_gmt":"2014-06-05T05:57:00","guid":{"rendered":"https:\/\/www.trafox.fi\/produkter\/reaktorer\/sarjakuristimet\/"},"modified":"2024-04-08T10:01:02","modified_gmt":"2024-04-08T07:01:02","slug":"seriereaktorer","status":"publish","type":"page","link":"https:\/\/www.trafox.fi\/sv\/produkter\/reaktorer\/seriereaktorer\/","title":{"rendered":"Seriereaktorer"},"content":{"rendered":"<p class=\"p1\">Seriereaktorerna anv\u00e4nds f\u00f6r att d\u00e4mpa harmoniska \u00f6vertoner fr\u00e5n eln\u00e4tet eller belastningen, h\u00f6gfrekventa st\u00f6rningar och sp\u00e4nningsspikar samt minska inkopplingsstr\u00f6mst\u00f6tar och kortslutningsstr\u00f6m. Seriereaktorernas egenskaper, m\u00e5tt, konstruktion och monteringsm\u00f6jligheter kan skr\u00e4ddarsys flexibelt enligt kundernas krav och anv\u00e4ndningsbehov.<\/p>\n<p class=\"p1\"><span class=\"s1\">Drosslarnas egenskaper<\/span><\/p>\n<p class=\"p1\"><span class=\"s1\">H\u00f6gklassigt material.<\/span><\/p>\n<p class=\"p1\"><span class=\"s1\">Lindningar av Grad 2 (2 x emaljerade) koppartr\u00e5d, temperaturklass H\/180 \u00b0C.<br \/>\n<\/span>Lindningarnas isolation av Nomex 410 film eller motsvarande, temperaturklass H\/180 \u00b0C.<br \/>\nLindningsst\u00f6d av glasfiber, temperaturklass F\/155 \u00b0C eller H\/180\u00b0C.<\/p>\n<p class=\"p1\"><span class=\"s1\">Dopp- eller vakuumtrycklackering.<br \/>\n<\/span>S\u00e4ker, l\u00e5g brandlast.<\/p>\n<p class=\"p1\"><span class=\"s1\">CE, UL\/ur<\/span><\/p>\n<p class=\"p1\"><a href=\"https:\/\/www.trafox.fi\/wp-content\/uploads\/2014\/06\/fp5b_ruotsi.jpg\"><img loading=\"lazy\" decoding=\"async\" class=\"alignnone size-full wp-image-866\" src=\"https:\/\/www.trafox.fi\/wp-content\/uploads\/2014\/06\/fp5b_ruotsi.jpg\" alt=\"fp5b_ruotsi\" width=\"170\" height=\"100\" srcset=\"https:\/\/www.trafox.fi\/wp-content\/uploads\/2014\/06\/fp5b_ruotsi.jpg 170w, https:\/\/www.trafox.fi\/wp-content\/uploads\/2014\/06\/fp5b_ruotsi-140x82.jpg 140w\" sizes=\"auto, (max-width: 170px) 100vw, 170px\" \/><\/a><\/p>\n<p class=\"p1\">g\u00f6r seriereaktorn f\u00f6ljande:<\/p>\n<p class=\"p1\"><span class=\"s1\">&#8211;\u00a0d\u00e4mpar inkopplingsstr\u00f6mst\u00f6tar<br \/>\n<\/span>&#8211;\u00a0minskar motorns buller och temperature<br \/>\n&#8211;\u00a0f\u00f6rl\u00e4nger halvledarnas livsl\u00e4ngd<\/p>\n<p class=\"p1\"><a href=\"https:\/\/www.trafox.fi\/wp-content\/uploads\/2014\/06\/fp6b_ruotsi.jpg\"><img loading=\"lazy\" decoding=\"async\" class=\"alignnone size-full wp-image-865\" src=\"https:\/\/www.trafox.fi\/wp-content\/uploads\/2014\/06\/fp6b_ruotsi.jpg\" alt=\"fp6b_ruotsi\" width=\"170\" height=\"100\" srcset=\"https:\/\/www.trafox.fi\/wp-content\/uploads\/2014\/06\/fp6b_ruotsi.jpg 170w, https:\/\/www.trafox.fi\/wp-content\/uploads\/2014\/06\/fp6b_ruotsi-140x82.jpg 140w\" sizes=\"auto, (max-width: 170px) 100vw, 170px\" \/><\/a><\/p>\n<p class=\"p1\"><span class=\"s1\">g\u00f6r seriereaktorn f\u00f6ljande:<\/span><\/p>\n<p class=\"p1\"><span class=\"s1\">&#8211;\u00a0d\u00e4mpar h\u00f6gfrekventa st\u00f6rningar och sp\u00e4nningsspikar fr\u00e5n eln\u00e4tet<br \/>\n<\/span>&#8211;\u00a0d\u00e4mpar harmoniska \u00f6vertoner<br \/>\n&#8211;\u00a0minskar inkopplingsstr\u00f6mst\u00f6tar<br \/>\n&#8211;\u00a0f\u00f6rl\u00e4nger halvledarnas livsl\u00e4ngd<\/p>\n<p class=\"p1\"><a href=\"https:\/\/www.trafox.fi\/wp-content\/uploads\/2014\/06\/fp7b_ruotsi.jpg\"><img loading=\"lazy\" decoding=\"async\" class=\"alignnone size-full wp-image-864\" src=\"https:\/\/www.trafox.fi\/wp-content\/uploads\/2014\/06\/fp7b_ruotsi.jpg\" alt=\"fp7b_ruotsi\" width=\"170\" height=\"100\" srcset=\"https:\/\/www.trafox.fi\/wp-content\/uploads\/2014\/06\/fp7b_ruotsi.jpg 170w, https:\/\/www.trafox.fi\/wp-content\/uploads\/2014\/06\/fp7b_ruotsi-140x82.jpg 140w\" sizes=\"auto, (max-width: 170px) 100vw, 170px\" \/><\/a><\/p>\n<p class=\"p1\"><span class=\"s1\">g\u00f6r seriereaktorn f\u00f6ljande:<\/span><\/p>\n<p class=\"p1\"><span class=\"s1\">&#8211;\u00a0d\u00e4mpar st\u00f6rningar fr\u00e5n eln\u00e4tet eller belastningen<br \/>\n<\/span>&#8211;\u00a0d\u00e4mpar harmoniska \u00f6vertoner<br \/>\n&#8211;\u00a0minskar inkopplingsstr\u00f6mst\u00f6tar<\/p>\n","protected":false},"excerpt":{"rendered":"<p>Seriereaktorerna anv\u00e4nds f\u00f6r att d\u00e4mpa harmoniska \u00f6vertoner fr\u00e5n eln\u00e4tet eller belastningen, h\u00f6gfrekventa st\u00f6rningar och sp\u00e4nningsspikar samt minska inkopplingsstr\u00f6mst\u00f6tar och kortslutningsstr\u00f6m. Seriereaktorernas egenskaper, m\u00e5tt, konstruktion och monteringsm\u00f6jligheter kan skr\u00e4ddarsys flexibelt enligt kundernas krav och anv\u00e4ndningsbehov. Drosslarnas egenskaper H\u00f6gklassigt material. Lindningar av Grad 2 (2 x emaljerade) koppartr\u00e5d, temperaturklass H\/180 \u00b0C. Lindningarnas isolation av Nomex 410 film [&hellip;]<\/p>\n","protected":false},"author":1,"featured_media":895,"parent":478,"menu_order":0,"comment_status":"closed","ping_status":"closed","template":"page-templates\/prods-prod-list.php","meta":{"footnotes":""},"class_list":["post-821","page","type-page","status-publish","has-post-thumbnail","hentry"],"acf":[],"yoast_head":"<!-- This site is optimized with the Yoast SEO plugin v20.10 - https:\/\/yoast.com\/wordpress\/plugins\/seo\/ -->\n<title>Seriereaktorer - Trafox<\/title>\n<meta name=\"robots\" content=\"index, follow, max-snippet:-1, max-image-preview:large, max-video-preview:-1\" \/>\n<link rel=\"canonical\" href=\"https:\/\/www.trafox.fi\/tuotteet\/kuristimet\/sarjakuristimet\/\" \/>\n<meta property=\"og:locale\" content=\"sv_SE\" \/>\n<meta property=\"og:type\" content=\"article\" \/>\n<meta property=\"og:title\" content=\"Seriereaktorer - Trafox\" \/>\n<meta property=\"og:description\" content=\"Seriereaktorerna anv\u00e4nds f\u00f6r att d\u00e4mpa harmoniska \u00f6vertoner fr\u00e5n eln\u00e4tet eller belastningen, h\u00f6gfrekventa st\u00f6rningar och sp\u00e4nningsspikar samt minska inkopplingsstr\u00f6mst\u00f6tar och kortslutningsstr\u00f6m. Seriereaktorernas egenskaper, m\u00e5tt, konstruktion och monteringsm\u00f6jligheter kan skr\u00e4ddarsys flexibelt enligt kundernas krav och anv\u00e4ndningsbehov. Drosslarnas egenskaper H\u00f6gklassigt material. Lindningar av Grad 2 (2 x emaljerade) koppartr\u00e5d, temperaturklass H\/180 \u00b0C. Lindningarnas isolation av Nomex 410 film [&hellip;]\" \/>\n<meta property=\"og:url\" content=\"https:\/\/www.trafox.fi\/tuotteet\/kuristimet\/sarjakuristimet\/\" \/>\n<meta property=\"og:site_name\" content=\"Trafox\" \/>\n<meta property=\"article:modified_time\" content=\"2024-04-08T07:01:02+00:00\" \/>\n<meta property=\"og:image\" content=\"https:\/\/www.trafox.fi\/wp-content\/uploads\/2015\/02\/3INP_sarjakuristin-e1422972039282-839x1024.png\" \/>\n\t<meta property=\"og:image:width\" content=\"839\" \/>\n\t<meta property=\"og:image:height\" content=\"1024\" \/>\n\t<meta property=\"og:image:type\" content=\"image\/png\" \/>\n<meta name=\"twitter:card\" content=\"summary_large_image\" \/>\n<meta name=\"twitter:label1\" content=\"Ber\u00e4knad l\u00e4stid\" \/>\n\t<meta name=\"twitter:data1\" content=\"1 minut\" \/>\n<script type=\"application\/ld+json\" class=\"yoast-schema-graph\">{\"@context\":\"https:\/\/schema.org\",\"@graph\":[{\"@type\":\"WebPage\",\"@id\":\"https:\/\/www.trafox.fi\/tuotteet\/kuristimet\/sarjakuristimet\/\",\"url\":\"https:\/\/www.trafox.fi\/tuotteet\/kuristimet\/sarjakuristimet\/\",\"name\":\"Seriereaktorer - Trafox\",\"isPartOf\":{\"@id\":\"https:\/\/www.trafox.fi\/#website\"},\"datePublished\":\"2014-06-05T05:57:00+00:00\",\"dateModified\":\"2024-04-08T07:01:02+00:00\",\"breadcrumb\":{\"@id\":\"https:\/\/www.trafox.fi\/tuotteet\/kuristimet\/sarjakuristimet\/#breadcrumb\"},\"inLanguage\":\"sv-SE\",\"potentialAction\":[{\"@type\":\"ReadAction\",\"target\":[\"https:\/\/www.trafox.fi\/tuotteet\/kuristimet\/sarjakuristimet\/\"]}]},{\"@type\":\"BreadcrumbList\",\"@id\":\"https:\/\/www.trafox.fi\/tuotteet\/kuristimet\/sarjakuristimet\/#breadcrumb\",\"itemListElement\":[{\"@type\":\"ListItem\",\"position\":1,\"name\":\"Home\",\"item\":\"https:\/\/www.trafox.fi\/sv\/\"},{\"@type\":\"ListItem\",\"position\":2,\"name\":\"Produkter\",\"item\":\"https:\/\/www.trafox.fi\/sv\/produkter\/\"},{\"@type\":\"ListItem\",\"position\":3,\"name\":\"Reaktorer\",\"item\":\"https:\/\/www.trafox.fi\/tuotteet\/kuristimet\/\"},{\"@type\":\"ListItem\",\"position\":4,\"name\":\"Seriereaktorer\"}]},{\"@type\":\"WebSite\",\"@id\":\"https:\/\/www.trafox.fi\/#website\",\"url\":\"https:\/\/www.trafox.fi\/\",\"name\":\"Trafox\",\"description\":\"Maailmanluokan laatua. Suomalaisella asenteella.\",\"potentialAction\":[{\"@type\":\"SearchAction\",\"target\":{\"@type\":\"EntryPoint\",\"urlTemplate\":\"https:\/\/www.trafox.fi\/?s={search_term_string}\"},\"query-input\":\"required name=search_term_string\"}],\"inLanguage\":\"sv-SE\"}]}<\/script>\n<!-- \/ Yoast SEO plugin. -->","yoast_head_json":{"title":"Seriereaktorer - Trafox","robots":{"index":"index","follow":"follow","max-snippet":"max-snippet:-1","max-image-preview":"max-image-preview:large","max-video-preview":"max-video-preview:-1"},"canonical":"https:\/\/www.trafox.fi\/tuotteet\/kuristimet\/sarjakuristimet\/","og_locale":"sv_SE","og_type":"article","og_title":"Seriereaktorer - Trafox","og_description":"Seriereaktorerna anv\u00e4nds f\u00f6r att d\u00e4mpa harmoniska \u00f6vertoner fr\u00e5n eln\u00e4tet eller belastningen, h\u00f6gfrekventa st\u00f6rningar och sp\u00e4nningsspikar samt minska inkopplingsstr\u00f6mst\u00f6tar och kortslutningsstr\u00f6m. Seriereaktorernas egenskaper, m\u00e5tt, konstruktion och monteringsm\u00f6jligheter kan skr\u00e4ddarsys flexibelt enligt kundernas krav och anv\u00e4ndningsbehov. Drosslarnas egenskaper H\u00f6gklassigt material. Lindningar av Grad 2 (2 x emaljerade) koppartr\u00e5d, temperaturklass H\/180 \u00b0C. Lindningarnas isolation av Nomex 410 film [&hellip;]","og_url":"https:\/\/www.trafox.fi\/tuotteet\/kuristimet\/sarjakuristimet\/","og_site_name":"Trafox","article_modified_time":"2024-04-08T07:01:02+00:00","og_image":[{"width":839,"height":1024,"url":"https:\/\/www.trafox.fi\/wp-content\/uploads\/2015\/02\/3INP_sarjakuristin-e1422972039282-839x1024.png","type":"image\/png"}],"twitter_card":"summary_large_image","twitter_misc":{"Ber\u00e4knad l\u00e4stid":"1 minut"},"schema":{"@context":"https:\/\/schema.org","@graph":[{"@type":"WebPage","@id":"https:\/\/www.trafox.fi\/tuotteet\/kuristimet\/sarjakuristimet\/","url":"https:\/\/www.trafox.fi\/tuotteet\/kuristimet\/sarjakuristimet\/","name":"Seriereaktorer - Trafox","isPartOf":{"@id":"https:\/\/www.trafox.fi\/#website"},"datePublished":"2014-06-05T05:57:00+00:00","dateModified":"2024-04-08T07:01:02+00:00","breadcrumb":{"@id":"https:\/\/www.trafox.fi\/tuotteet\/kuristimet\/sarjakuristimet\/#breadcrumb"},"inLanguage":"sv-SE","potentialAction":[{"@type":"ReadAction","target":["https:\/\/www.trafox.fi\/tuotteet\/kuristimet\/sarjakuristimet\/"]}]},{"@type":"BreadcrumbList","@id":"https:\/\/www.trafox.fi\/tuotteet\/kuristimet\/sarjakuristimet\/#breadcrumb","itemListElement":[{"@type":"ListItem","position":1,"name":"Home","item":"https:\/\/www.trafox.fi\/sv\/"},{"@type":"ListItem","position":2,"name":"Produkter","item":"https:\/\/www.trafox.fi\/sv\/produkter\/"},{"@type":"ListItem","position":3,"name":"Reaktorer","item":"https:\/\/www.trafox.fi\/tuotteet\/kuristimet\/"},{"@type":"ListItem","position":4,"name":"Seriereaktorer"}]},{"@type":"WebSite","@id":"https:\/\/www.trafox.fi\/#website","url":"https:\/\/www.trafox.fi\/","name":"Trafox","description":"Maailmanluokan laatua. Suomalaisella asenteella.","potentialAction":[{"@type":"SearchAction","target":{"@type":"EntryPoint","urlTemplate":"https:\/\/www.trafox.fi\/?s={search_term_string}"},"query-input":"required name=search_term_string"}],"inLanguage":"sv-SE"}]}},"_links":{"self":[{"href":"https:\/\/www.trafox.fi\/sv\/wp-json\/wp\/v2\/pages\/821","targetHints":{"allow":["GET"]}}],"collection":[{"href":"https:\/\/www.trafox.fi\/sv\/wp-json\/wp\/v2\/pages"}],"about":[{"href":"https:\/\/www.trafox.fi\/sv\/wp-json\/wp\/v2\/types\/page"}],"author":[{"embeddable":true,"href":"https:\/\/www.trafox.fi\/sv\/wp-json\/wp\/v2\/users\/1"}],"replies":[{"embeddable":true,"href":"https:\/\/www.trafox.fi\/sv\/wp-json\/wp\/v2\/comments?post=821"}],"version-history":[{"count":8,"href":"https:\/\/www.trafox.fi\/sv\/wp-json\/wp\/v2\/pages\/821\/revisions"}],"predecessor-version":[{"id":4961,"href":"https:\/\/www.trafox.fi\/sv\/wp-json\/wp\/v2\/pages\/821\/revisions\/4961"}],"up":[{"embeddable":true,"href":"https:\/\/www.trafox.fi\/sv\/wp-json\/wp\/v2\/pages\/478"}],"wp:featuredmedia":[{"embeddable":true,"href":"https:\/\/www.trafox.fi\/sv\/wp-json\/wp\/v2\/media\/895"}],"wp:attachment":[{"href":"https:\/\/www.trafox.fi\/sv\/wp-json\/wp\/v2\/media?parent=821"}],"curies":[{"name":"wp","href":"https:\/\/api.w.org\/{rel}","templated":true}]}}