{"id":817,"date":"2014-06-05T08:47:16","date_gmt":"2014-06-05T05:47:16","guid":{"rendered":"https:\/\/www.trafox.fi\/produkter\/filter\/sini-suodattimet\/"},"modified":"2017-08-21T15:56:38","modified_gmt":"2017-08-21T12:56:38","slug":"sinusfilter","status":"publish","type":"page","link":"https:\/\/www.trafox.fi\/sv\/produkter\/filter\/sinusfilter\/","title":{"rendered":"Sinusfilter"},"content":{"rendered":"<p>Sinusfiltren filtrerar h\u00f6gfrekventa st\u00f6rningar fr\u00e5n motorns matningssp\u00e4nning. P\u00e5 s\u00e5 s\u00e4tt \u00e4r sp\u00e4nningen renare sinussp\u00e4nning. H\u00f6gfrekventa st\u00f6rningar utg\u00f6r en stor risk f\u00f6r motorns lindningsisolering och p\u00e5litlighet. Dessa risker kan elimineras med hj\u00e4lp av Trafox sinusfilter. Systemets bullerniv\u00e5 s\u00e4nks vid anv\u00e4ndning av filtret. V\u00e5rt breda produktutbud f\u00f6r olika str\u00f6momr\u00e5den garanterar optimalt val av filter.<\/p>\n<p class=\"p1\"><span class=\"s1\">Filtrens egenskaper, m\u00e5tt, konstruktion och monteringsm\u00f6jligheter kan skr\u00e4ddarsys flexibelt enligt kundernas krav och anv\u00e4ndningsbehov.<\/span><\/p>\n<p class=\"p1\"><span class=\"s1\">Extra information:<br \/>\n<\/span><\/p>\n<p><a href=\"https:\/\/www.trafox.fi\/wp-content\/uploads\/2015\/05\/SineFilters_rev12.pdf\"><img loading=\"lazy\" decoding=\"async\" class=\"alignnone wp-image-1253\" src=\"https:\/\/www.trafox.fi\/wp-content\/uploads\/2015\/04\/SINE-FILTERS-ENG-213x300.jpg\" alt=\"SINE FILTERS ENG\" width=\"100\" height=\"140\" srcset=\"https:\/\/www.trafox.fi\/wp-content\/uploads\/2015\/04\/SINE-FILTERS-ENG-213x300.jpg 213w, https:\/\/www.trafox.fi\/wp-content\/uploads\/2015\/04\/SINE-FILTERS-ENG-728x1024.jpg 728w, https:\/\/www.trafox.fi\/wp-content\/uploads\/2015\/04\/SINE-FILTERS-ENG-99x140.jpg 99w, https:\/\/www.trafox.fi\/wp-content\/uploads\/2015\/04\/SINE-FILTERS-ENG-300x421.jpg 300w\" sizes=\"auto, (max-width: 100px) 100vw, 100px\" \/><span style=\"color: #000000;\">\u00a0<span style=\"text-decoration: underline;\">Sine Filters produktblad, ENG (pdf)<\/span><\/span><\/a><\/p>\n<p>&nbsp;<\/p>\n<p><a href=\"https:\/\/www.trafox.fi\/wp-content\/uploads\/2017\/07\/SineFilters_460-1460A_rev2.pdf\"><img loading=\"lazy\" decoding=\"async\" class=\"alignnone wp-image-2422\" src=\"https:\/\/www.trafox.fi\/wp-content\/uploads\/2017\/07\/SINE-FILTERS-460-1460A.jpg\" alt=\"SINE FILTERS 460 1460A\" width=\"100\" height=\"141\" srcset=\"https:\/\/www.trafox.fi\/wp-content\/uploads\/2017\/07\/SINE-FILTERS-460-1460A.jpg 349w, https:\/\/www.trafox.fi\/wp-content\/uploads\/2017\/07\/SINE-FILTERS-460-1460A-212x300.jpg 212w, https:\/\/www.trafox.fi\/wp-content\/uploads\/2017\/07\/SINE-FILTERS-460-1460A-99x140.jpg 99w, https:\/\/www.trafox.fi\/wp-content\/uploads\/2017\/07\/SINE-FILTERS-460-1460A-300x424.jpg 300w\" sizes=\"auto, (max-width: 100px) 100vw, 100px\" \/><span style=\"color: #000000;\"><u>\u00a0Sine Filters 460-1460A produktblad, ENG (pdf)<\/u><\/span><\/a><\/p>\n<p>&nbsp;<\/p>\n","protected":false},"excerpt":{"rendered":"<p>Sinusfiltren filtrerar h\u00f6gfrekventa st\u00f6rningar fr\u00e5n motorns matningssp\u00e4nning. P\u00e5 s\u00e5 s\u00e4tt \u00e4r sp\u00e4nningen renare sinussp\u00e4nning. H\u00f6gfrekventa st\u00f6rningar utg\u00f6r en stor risk f\u00f6r motorns lindningsisolering och p\u00e5litlighet. Dessa risker kan elimineras med hj\u00e4lp av Trafox sinusfilter. Systemets bullerniv\u00e5 s\u00e4nks vid anv\u00e4ndning av filtret. V\u00e5rt breda produktutbud f\u00f6r olika str\u00f6momr\u00e5den garanterar optimalt val av filter. Filtrens egenskaper, m\u00e5tt, [&hellip;]<\/p>\n","protected":false},"author":1,"featured_media":299,"parent":474,"menu_order":0,"comment_status":"open","ping_status":"open","template":"page-templates\/prods-prod-list.php","meta":{"footnotes":""},"class_list":["post-817","page","type-page","status-publish","has-post-thumbnail","hentry"],"acf":[],"yoast_head":"<!-- This site is optimized with the Yoast SEO plugin v20.10 - https:\/\/yoast.com\/wordpress\/plugins\/seo\/ -->\n<title>Sinusfilter - Trafox<\/title>\n<meta name=\"robots\" content=\"index, follow, max-snippet:-1, max-image-preview:large, max-video-preview:-1\" \/>\n<link rel=\"canonical\" href=\"https:\/\/www.trafox.fi\/tuotteet\/suodattimet\/sini-suodattimet\/\" \/>\n<meta property=\"og:locale\" content=\"sv_SE\" \/>\n<meta property=\"og:type\" content=\"article\" \/>\n<meta property=\"og:title\" content=\"Sinusfilter - Trafox\" \/>\n<meta property=\"og:description\" content=\"Sinusfiltren filtrerar h\u00f6gfrekventa st\u00f6rningar fr\u00e5n motorns matningssp\u00e4nning. P\u00e5 s\u00e5 s\u00e4tt \u00e4r sp\u00e4nningen renare sinussp\u00e4nning. H\u00f6gfrekventa st\u00f6rningar utg\u00f6r en stor risk f\u00f6r motorns lindningsisolering och p\u00e5litlighet. Dessa risker kan elimineras med hj\u00e4lp av Trafox sinusfilter. Systemets bullerniv\u00e5 s\u00e4nks vid anv\u00e4ndning av filtret. V\u00e5rt breda produktutbud f\u00f6r olika str\u00f6momr\u00e5den garanterar optimalt val av filter. Filtrens egenskaper, m\u00e5tt, [&hellip;]\" \/>\n<meta property=\"og:url\" content=\"https:\/\/www.trafox.fi\/tuotteet\/suodattimet\/sini-suodattimet\/\" \/>\n<meta property=\"og:site_name\" content=\"Trafox\" \/>\n<meta property=\"article:modified_time\" content=\"2017-08-21T12:56:38+00:00\" \/>\n<meta property=\"og:image\" content=\"https:\/\/www.trafox.fi\/wp-content\/uploads\/2014\/06\/s1_k1.jpg\" \/>\n\t<meta property=\"og:image:width\" content=\"300\" \/>\n\t<meta property=\"og:image:height\" content=\"352\" \/>\n\t<meta property=\"og:image:type\" content=\"image\/jpeg\" \/>\n<meta name=\"twitter:card\" content=\"summary_large_image\" \/>\n<meta name=\"twitter:label1\" content=\"Ber\u00e4knad l\u00e4stid\" \/>\n\t<meta name=\"twitter:data1\" content=\"1 minut\" \/>\n<script type=\"application\/ld+json\" class=\"yoast-schema-graph\">{\"@context\":\"https:\/\/schema.org\",\"@graph\":[{\"@type\":\"WebPage\",\"@id\":\"https:\/\/www.trafox.fi\/tuotteet\/suodattimet\/sini-suodattimet\/\",\"url\":\"https:\/\/www.trafox.fi\/tuotteet\/suodattimet\/sini-suodattimet\/\",\"name\":\"Sinusfilter - Trafox\",\"isPartOf\":{\"@id\":\"https:\/\/www.trafox.fi\/#website\"},\"datePublished\":\"2014-06-05T05:47:16+00:00\",\"dateModified\":\"2017-08-21T12:56:38+00:00\",\"breadcrumb\":{\"@id\":\"https:\/\/www.trafox.fi\/tuotteet\/suodattimet\/sini-suodattimet\/#breadcrumb\"},\"inLanguage\":\"sv-SE\",\"potentialAction\":[{\"@type\":\"ReadAction\",\"target\":[\"https:\/\/www.trafox.fi\/tuotteet\/suodattimet\/sini-suodattimet\/\"]}]},{\"@type\":\"BreadcrumbList\",\"@id\":\"https:\/\/www.trafox.fi\/tuotteet\/suodattimet\/sini-suodattimet\/#breadcrumb\",\"itemListElement\":[{\"@type\":\"ListItem\",\"position\":1,\"name\":\"Home\",\"item\":\"https:\/\/www.trafox.fi\/sv\/\"},{\"@type\":\"ListItem\",\"position\":2,\"name\":\"Produkter\",\"item\":\"https:\/\/www.trafox.fi\/sv\/produkter\/\"},{\"@type\":\"ListItem\",\"position\":3,\"name\":\"Filter\",\"item\":\"https:\/\/www.trafox.fi\/tuotteet\/suodattimet\/\"},{\"@type\":\"ListItem\",\"position\":4,\"name\":\"Sinusfilter\"}]},{\"@type\":\"WebSite\",\"@id\":\"https:\/\/www.trafox.fi\/#website\",\"url\":\"https:\/\/www.trafox.fi\/\",\"name\":\"Trafox\",\"description\":\"Maailmanluokan laatua. Suomalaisella asenteella.\",\"potentialAction\":[{\"@type\":\"SearchAction\",\"target\":{\"@type\":\"EntryPoint\",\"urlTemplate\":\"https:\/\/www.trafox.fi\/?s={search_term_string}\"},\"query-input\":\"required name=search_term_string\"}],\"inLanguage\":\"sv-SE\"}]}<\/script>\n<!-- \/ Yoast SEO plugin. -->","yoast_head_json":{"title":"Sinusfilter - Trafox","robots":{"index":"index","follow":"follow","max-snippet":"max-snippet:-1","max-image-preview":"max-image-preview:large","max-video-preview":"max-video-preview:-1"},"canonical":"https:\/\/www.trafox.fi\/tuotteet\/suodattimet\/sini-suodattimet\/","og_locale":"sv_SE","og_type":"article","og_title":"Sinusfilter - Trafox","og_description":"Sinusfiltren filtrerar h\u00f6gfrekventa st\u00f6rningar fr\u00e5n motorns matningssp\u00e4nning. P\u00e5 s\u00e5 s\u00e4tt \u00e4r sp\u00e4nningen renare sinussp\u00e4nning. H\u00f6gfrekventa st\u00f6rningar utg\u00f6r en stor risk f\u00f6r motorns lindningsisolering och p\u00e5litlighet. Dessa risker kan elimineras med hj\u00e4lp av Trafox sinusfilter. Systemets bullerniv\u00e5 s\u00e4nks vid anv\u00e4ndning av filtret. V\u00e5rt breda produktutbud f\u00f6r olika str\u00f6momr\u00e5den garanterar optimalt val av filter. Filtrens egenskaper, m\u00e5tt, [&hellip;]","og_url":"https:\/\/www.trafox.fi\/tuotteet\/suodattimet\/sini-suodattimet\/","og_site_name":"Trafox","article_modified_time":"2017-08-21T12:56:38+00:00","og_image":[{"width":300,"height":352,"url":"https:\/\/www.trafox.fi\/wp-content\/uploads\/2014\/06\/s1_k1.jpg","type":"image\/jpeg"}],"twitter_card":"summary_large_image","twitter_misc":{"Ber\u00e4knad l\u00e4stid":"1 minut"},"schema":{"@context":"https:\/\/schema.org","@graph":[{"@type":"WebPage","@id":"https:\/\/www.trafox.fi\/tuotteet\/suodattimet\/sini-suodattimet\/","url":"https:\/\/www.trafox.fi\/tuotteet\/suodattimet\/sini-suodattimet\/","name":"Sinusfilter - Trafox","isPartOf":{"@id":"https:\/\/www.trafox.fi\/#website"},"datePublished":"2014-06-05T05:47:16+00:00","dateModified":"2017-08-21T12:56:38+00:00","breadcrumb":{"@id":"https:\/\/www.trafox.fi\/tuotteet\/suodattimet\/sini-suodattimet\/#breadcrumb"},"inLanguage":"sv-SE","potentialAction":[{"@type":"ReadAction","target":["https:\/\/www.trafox.fi\/tuotteet\/suodattimet\/sini-suodattimet\/"]}]},{"@type":"BreadcrumbList","@id":"https:\/\/www.trafox.fi\/tuotteet\/suodattimet\/sini-suodattimet\/#breadcrumb","itemListElement":[{"@type":"ListItem","position":1,"name":"Home","item":"https:\/\/www.trafox.fi\/sv\/"},{"@type":"ListItem","position":2,"name":"Produkter","item":"https:\/\/www.trafox.fi\/sv\/produkter\/"},{"@type":"ListItem","position":3,"name":"Filter","item":"https:\/\/www.trafox.fi\/tuotteet\/suodattimet\/"},{"@type":"ListItem","position":4,"name":"Sinusfilter"}]},{"@type":"WebSite","@id":"https:\/\/www.trafox.fi\/#website","url":"https:\/\/www.trafox.fi\/","name":"Trafox","description":"Maailmanluokan laatua. Suomalaisella asenteella.","potentialAction":[{"@type":"SearchAction","target":{"@type":"EntryPoint","urlTemplate":"https:\/\/www.trafox.fi\/?s={search_term_string}"},"query-input":"required name=search_term_string"}],"inLanguage":"sv-SE"}]}},"_links":{"self":[{"href":"https:\/\/www.trafox.fi\/sv\/wp-json\/wp\/v2\/pages\/817","targetHints":{"allow":["GET"]}}],"collection":[{"href":"https:\/\/www.trafox.fi\/sv\/wp-json\/wp\/v2\/pages"}],"about":[{"href":"https:\/\/www.trafox.fi\/sv\/wp-json\/wp\/v2\/types\/page"}],"author":[{"embeddable":true,"href":"https:\/\/www.trafox.fi\/sv\/wp-json\/wp\/v2\/users\/1"}],"replies":[{"embeddable":true,"href":"https:\/\/www.trafox.fi\/sv\/wp-json\/wp\/v2\/comments?post=817"}],"version-history":[{"count":9,"href":"https:\/\/www.trafox.fi\/sv\/wp-json\/wp\/v2\/pages\/817\/revisions"}],"predecessor-version":[{"id":2459,"href":"https:\/\/www.trafox.fi\/sv\/wp-json\/wp\/v2\/pages\/817\/revisions\/2459"}],"up":[{"embeddable":true,"href":"https:\/\/www.trafox.fi\/sv\/wp-json\/wp\/v2\/pages\/474"}],"wp:featuredmedia":[{"embeddable":true,"href":"https:\/\/www.trafox.fi\/sv\/wp-json\/wp\/v2\/media\/299"}],"wp:attachment":[{"href":"https:\/\/www.trafox.fi\/sv\/wp-json\/wp\/v2\/media?parent=817"}],"curies":[{"name":"wp","href":"https:\/\/api.w.org\/{rel}","templated":true}]}}