{"id":815,"date":"2014-06-05T08:34:57","date_gmt":"2014-06-05T05:34:57","guid":{"rendered":"https:\/\/www.trafox.fi\/produkter\/filter\/dudt-suodattimet\/"},"modified":"2015-05-19T12:34:23","modified_gmt":"2015-05-19T09:34:23","slug":"dudt-filter","status":"publish","type":"page","link":"https:\/\/www.trafox.fi\/sv\/produkter\/filter\/dudt-filter\/","title":{"rendered":"DU\/dt-filter"},"content":{"rendered":"<p>DU\/dt-filtren filtrerar sp\u00e4nningens \u00f6kningshastighet och spikv\u00e4rden vid motormatning. Med Trafox DU\/dt-filtret n\u00e5s alltid avst\u00e5nd p\u00e5 100 &#8211; 300 m som m\u00f6jligg\u00f6r \u00e4ven de sv\u00e5raste monteringarna. V\u00e5rt breda produktutbud f\u00f6r olika str\u00f6momr\u00e5den garanterar optimalt val av filter.<\/p>\n<p class=\"p1\"><span class=\"s1\">Filtrens egenskaper, m\u00e5tt, konstruktion och monteringsm\u00f6jligheter kan skr\u00e4ddarsys flexibelt enligt kundernas krav och anv\u00e4ndningsbehov.<\/span><\/p>\n<p class=\"p1\"><span class=\"s1\">Extra information: <\/span><\/p>\n<p><a href=\"https:\/\/www.trafox.fi\/wp-content\/uploads\/2015\/05\/DUdtFilters_rev6.pdf\"><img loading=\"lazy\" decoding=\"async\" class=\"alignnone wp-image-1298\" src=\"https:\/\/www.trafox.fi\/wp-content\/uploads\/2015\/04\/DUDT-FILTERS-213x300.jpg\" alt=\"DUDT FILTERS\" width=\"100\" height=\"140\" srcset=\"https:\/\/www.trafox.fi\/wp-content\/uploads\/2015\/04\/DUDT-FILTERS-213x300.jpg 213w, https:\/\/www.trafox.fi\/wp-content\/uploads\/2015\/04\/DUDT-FILTERS-729x1024.jpg 729w, https:\/\/www.trafox.fi\/wp-content\/uploads\/2015\/04\/DUDT-FILTERS-99x140.jpg 99w, https:\/\/www.trafox.fi\/wp-content\/uploads\/2015\/04\/DUDT-FILTERS-300x421.jpg 300w\" sizes=\"auto, (max-width: 100px) 100vw, 100px\" \/><span style=\"color: #000000;\">\u00a0<span style=\"text-decoration: underline;\">DU\/dt Filters broschyr, ENG (pdf)<\/span><\/span><\/a><\/p>\n","protected":false},"excerpt":{"rendered":"<p>DU\/dt-filtren filtrerar sp\u00e4nningens \u00f6kningshastighet och spikv\u00e4rden vid motormatning. Med Trafox DU\/dt-filtret n\u00e5s alltid avst\u00e5nd p\u00e5 100 &#8211; 300 m som m\u00f6jligg\u00f6r \u00e4ven de sv\u00e5raste monteringarna. V\u00e5rt breda produktutbud f\u00f6r olika str\u00f6momr\u00e5den garanterar optimalt val av filter. Filtrens egenskaper, m\u00e5tt, konstruktion och monteringsm\u00f6jligheter kan skr\u00e4ddarsys flexibelt enligt kundernas krav och anv\u00e4ndningsbehov. Extra information: \u00a0DU\/dt Filters broschyr, [&hellip;]<\/p>\n","protected":false},"author":1,"featured_media":1310,"parent":474,"menu_order":0,"comment_status":"closed","ping_status":"closed","template":"page-templates\/prods-prod-list.php","meta":{"footnotes":""},"class_list":["post-815","page","type-page","status-publish","has-post-thumbnail","hentry"],"acf":[],"yoast_head":"<!-- This site is optimized with the Yoast SEO plugin v20.10 - https:\/\/yoast.com\/wordpress\/plugins\/seo\/ -->\n<title>DU\/dt-filter - Trafox<\/title>\n<meta name=\"robots\" content=\"index, follow, max-snippet:-1, max-image-preview:large, max-video-preview:-1\" \/>\n<link rel=\"canonical\" href=\"https:\/\/www.trafox.fi\/tuotteet\/suodattimet\/dudt-suodattimet\/\" \/>\n<meta property=\"og:locale\" content=\"sv_SE\" \/>\n<meta property=\"og:type\" content=\"article\" \/>\n<meta property=\"og:title\" content=\"DU\/dt-filter - Trafox\" \/>\n<meta property=\"og:description\" content=\"DU\/dt-filtren filtrerar sp\u00e4nningens \u00f6kningshastighet och spikv\u00e4rden vid motormatning. Med Trafox DU\/dt-filtret n\u00e5s alltid avst\u00e5nd p\u00e5 100 &#8211; 300 m som m\u00f6jligg\u00f6r \u00e4ven de sv\u00e5raste monteringarna. V\u00e5rt breda produktutbud f\u00f6r olika str\u00f6momr\u00e5den garanterar optimalt val av filter. Filtrens egenskaper, m\u00e5tt, konstruktion och monteringsm\u00f6jligheter kan skr\u00e4ddarsys flexibelt enligt kundernas krav och anv\u00e4ndningsbehov. Extra information: \u00a0DU\/dt Filters broschyr, [&hellip;]\" \/>\n<meta property=\"og:url\" content=\"https:\/\/www.trafox.fi\/tuotteet\/suodattimet\/dudt-suodattimet\/\" \/>\n<meta property=\"og:site_name\" content=\"Trafox\" \/>\n<meta property=\"article:modified_time\" content=\"2015-05-19T09:34:23+00:00\" \/>\n<meta property=\"og:image\" content=\"https:\/\/www.trafox.fi\/wp-content\/uploads\/2015\/04\/DU_dt.jpg\" \/>\n\t<meta property=\"og:image:width\" content=\"3232\" \/>\n\t<meta property=\"og:image:height\" content=\"3744\" \/>\n\t<meta property=\"og:image:type\" content=\"image\/jpeg\" \/>\n<meta name=\"twitter:card\" content=\"summary_large_image\" \/>\n<script type=\"application\/ld+json\" class=\"yoast-schema-graph\">{\"@context\":\"https:\/\/schema.org\",\"@graph\":[{\"@type\":\"WebPage\",\"@id\":\"https:\/\/www.trafox.fi\/tuotteet\/suodattimet\/dudt-suodattimet\/\",\"url\":\"https:\/\/www.trafox.fi\/tuotteet\/suodattimet\/dudt-suodattimet\/\",\"name\":\"DU\/dt-filter - Trafox\",\"isPartOf\":{\"@id\":\"https:\/\/www.trafox.fi\/#website\"},\"datePublished\":\"2014-06-05T05:34:57+00:00\",\"dateModified\":\"2015-05-19T09:34:23+00:00\",\"breadcrumb\":{\"@id\":\"https:\/\/www.trafox.fi\/tuotteet\/suodattimet\/dudt-suodattimet\/#breadcrumb\"},\"inLanguage\":\"sv-SE\",\"potentialAction\":[{\"@type\":\"ReadAction\",\"target\":[\"https:\/\/www.trafox.fi\/tuotteet\/suodattimet\/dudt-suodattimet\/\"]}]},{\"@type\":\"BreadcrumbList\",\"@id\":\"https:\/\/www.trafox.fi\/tuotteet\/suodattimet\/dudt-suodattimet\/#breadcrumb\",\"itemListElement\":[{\"@type\":\"ListItem\",\"position\":1,\"name\":\"Home\",\"item\":\"https:\/\/www.trafox.fi\/sv\/\"},{\"@type\":\"ListItem\",\"position\":2,\"name\":\"Produkter\",\"item\":\"https:\/\/www.trafox.fi\/sv\/produkter\/\"},{\"@type\":\"ListItem\",\"position\":3,\"name\":\"Filter\",\"item\":\"https:\/\/www.trafox.fi\/tuotteet\/suodattimet\/\"},{\"@type\":\"ListItem\",\"position\":4,\"name\":\"DU\/dt-filter\"}]},{\"@type\":\"WebSite\",\"@id\":\"https:\/\/www.trafox.fi\/#website\",\"url\":\"https:\/\/www.trafox.fi\/\",\"name\":\"Trafox\",\"description\":\"Maailmanluokan laatua. Suomalaisella asenteella.\",\"potentialAction\":[{\"@type\":\"SearchAction\",\"target\":{\"@type\":\"EntryPoint\",\"urlTemplate\":\"https:\/\/www.trafox.fi\/?s={search_term_string}\"},\"query-input\":\"required name=search_term_string\"}],\"inLanguage\":\"sv-SE\"}]}<\/script>\n<!-- \/ Yoast SEO plugin. -->","yoast_head_json":{"title":"DU\/dt-filter - Trafox","robots":{"index":"index","follow":"follow","max-snippet":"max-snippet:-1","max-image-preview":"max-image-preview:large","max-video-preview":"max-video-preview:-1"},"canonical":"https:\/\/www.trafox.fi\/tuotteet\/suodattimet\/dudt-suodattimet\/","og_locale":"sv_SE","og_type":"article","og_title":"DU\/dt-filter - Trafox","og_description":"DU\/dt-filtren filtrerar sp\u00e4nningens \u00f6kningshastighet och spikv\u00e4rden vid motormatning. Med Trafox DU\/dt-filtret n\u00e5s alltid avst\u00e5nd p\u00e5 100 &#8211; 300 m som m\u00f6jligg\u00f6r \u00e4ven de sv\u00e5raste monteringarna. V\u00e5rt breda produktutbud f\u00f6r olika str\u00f6momr\u00e5den garanterar optimalt val av filter. Filtrens egenskaper, m\u00e5tt, konstruktion och monteringsm\u00f6jligheter kan skr\u00e4ddarsys flexibelt enligt kundernas krav och anv\u00e4ndningsbehov. Extra information: \u00a0DU\/dt Filters broschyr, [&hellip;]","og_url":"https:\/\/www.trafox.fi\/tuotteet\/suodattimet\/dudt-suodattimet\/","og_site_name":"Trafox","article_modified_time":"2015-05-19T09:34:23+00:00","og_image":[{"width":3232,"height":3744,"url":"https:\/\/www.trafox.fi\/wp-content\/uploads\/2015\/04\/DU_dt.jpg","type":"image\/jpeg"}],"twitter_card":"summary_large_image","schema":{"@context":"https:\/\/schema.org","@graph":[{"@type":"WebPage","@id":"https:\/\/www.trafox.fi\/tuotteet\/suodattimet\/dudt-suodattimet\/","url":"https:\/\/www.trafox.fi\/tuotteet\/suodattimet\/dudt-suodattimet\/","name":"DU\/dt-filter - Trafox","isPartOf":{"@id":"https:\/\/www.trafox.fi\/#website"},"datePublished":"2014-06-05T05:34:57+00:00","dateModified":"2015-05-19T09:34:23+00:00","breadcrumb":{"@id":"https:\/\/www.trafox.fi\/tuotteet\/suodattimet\/dudt-suodattimet\/#breadcrumb"},"inLanguage":"sv-SE","potentialAction":[{"@type":"ReadAction","target":["https:\/\/www.trafox.fi\/tuotteet\/suodattimet\/dudt-suodattimet\/"]}]},{"@type":"BreadcrumbList","@id":"https:\/\/www.trafox.fi\/tuotteet\/suodattimet\/dudt-suodattimet\/#breadcrumb","itemListElement":[{"@type":"ListItem","position":1,"name":"Home","item":"https:\/\/www.trafox.fi\/sv\/"},{"@type":"ListItem","position":2,"name":"Produkter","item":"https:\/\/www.trafox.fi\/sv\/produkter\/"},{"@type":"ListItem","position":3,"name":"Filter","item":"https:\/\/www.trafox.fi\/tuotteet\/suodattimet\/"},{"@type":"ListItem","position":4,"name":"DU\/dt-filter"}]},{"@type":"WebSite","@id":"https:\/\/www.trafox.fi\/#website","url":"https:\/\/www.trafox.fi\/","name":"Trafox","description":"Maailmanluokan laatua. Suomalaisella asenteella.","potentialAction":[{"@type":"SearchAction","target":{"@type":"EntryPoint","urlTemplate":"https:\/\/www.trafox.fi\/?s={search_term_string}"},"query-input":"required name=search_term_string"}],"inLanguage":"sv-SE"}]}},"_links":{"self":[{"href":"https:\/\/www.trafox.fi\/sv\/wp-json\/wp\/v2\/pages\/815","targetHints":{"allow":["GET"]}}],"collection":[{"href":"https:\/\/www.trafox.fi\/sv\/wp-json\/wp\/v2\/pages"}],"about":[{"href":"https:\/\/www.trafox.fi\/sv\/wp-json\/wp\/v2\/types\/page"}],"author":[{"embeddable":true,"href":"https:\/\/www.trafox.fi\/sv\/wp-json\/wp\/v2\/users\/1"}],"replies":[{"embeddable":true,"href":"https:\/\/www.trafox.fi\/sv\/wp-json\/wp\/v2\/comments?post=815"}],"version-history":[{"count":7,"href":"https:\/\/www.trafox.fi\/sv\/wp-json\/wp\/v2\/pages\/815\/revisions"}],"predecessor-version":[{"id":1590,"href":"https:\/\/www.trafox.fi\/sv\/wp-json\/wp\/v2\/pages\/815\/revisions\/1590"}],"up":[{"embeddable":true,"href":"https:\/\/www.trafox.fi\/sv\/wp-json\/wp\/v2\/pages\/474"}],"wp:featuredmedia":[{"embeddable":true,"href":"https:\/\/www.trafox.fi\/sv\/wp-json\/wp\/v2\/media\/1310"}],"wp:attachment":[{"href":"https:\/\/www.trafox.fi\/sv\/wp-json\/wp\/v2\/media?parent=815"}],"curies":[{"name":"wp","href":"https:\/\/api.w.org\/{rel}","templated":true}]}}