{"id":801,"date":"2014-06-04T13:44:31","date_gmt":"2014-06-04T10:44:31","guid":{"rendered":"https:\/\/www.trafox.fi\/produkter\/transformatorer\/kretskortskomponenter\/ferriittikomponentit-ferriittimuuntajat-ja-kuristimet\/"},"modified":"2021-02-09T07:51:49","modified_gmt":"2021-02-09T05:51:49","slug":"ferritkomponenter-ferrittransformatorer-och-drosslar","status":"publish","type":"page","link":"https:\/\/www.trafox.fi\/sv\/produkter\/transformatorer\/kretskortskomponenter\/ferritkomponenter-ferrittransformatorer-och-drosslar\/","title":{"rendered":"Ferritkomponenter | Ferrittransformatorer och -drosslar"},"content":{"rendered":"<p class=\"normal\"><span lang=\"IT\">Vi har specialiserat oss p\u00e5 att linda olika ferritkomponenter. V\u00e5rt breda urval av lindningsmaskiner och v\u00e5r yrkeskunniga personal tillverkar p\u00e5 best\u00e4llning de komponenter som l\u00e4mpar sig just f\u00f6r era behov.<\/span><\/p>\n<p class=\"normal\"><span lang=\"IT\">\u00a0<\/span><span lang=\"IT\">Vi utformar och tillverkar produkter huvudsakligen f\u00f6r industrin och telekommunikationen (kWh-m\u00e4tare, AC\/DC-kraftk\u00e4llor). Produktfamiljen omfattar \u00e4ven en stigande m\u00e4ngd produkter f\u00f6r bilindustrin och sjukhustekniken.<\/span><\/p>\n<p>&nbsp;<\/p>\n<p>&nbsp;<\/p>\n<p>&nbsp;<\/p>\n","protected":false},"excerpt":{"rendered":"<p>Vi har specialiserat oss p\u00e5 att linda olika ferritkomponenter. V\u00e5rt breda urval av lindningsmaskiner och v\u00e5r yrkeskunniga personal tillverkar p\u00e5 best\u00e4llning de komponenter som l\u00e4mpar sig just f\u00f6r era behov. \u00a0Vi utformar och tillverkar produkter huvudsakligen f\u00f6r industrin och telekommunikationen (kWh-m\u00e4tare, AC\/DC-kraftk\u00e4llor). Produktfamiljen omfattar \u00e4ven en stigande m\u00e4ngd produkter f\u00f6r bilindustrin och sjukhustekniken. &nbsp; &nbsp; [&hellip;]<\/p>\n","protected":false},"author":1,"featured_media":378,"parent":797,"menu_order":0,"comment_status":"closed","ping_status":"closed","template":"page-templates\/prods-prod-list.php","meta":{"footnotes":""},"class_list":["post-801","page","type-page","status-publish","has-post-thumbnail","hentry"],"acf":[],"yoast_head":"<!-- This site is optimized with the Yoast SEO plugin v20.10 - https:\/\/yoast.com\/wordpress\/plugins\/seo\/ -->\n<title>Ferritkomponenter | Ferrittransformatorer och -drosslar - Trafox<\/title>\n<meta name=\"robots\" content=\"index, follow, max-snippet:-1, max-image-preview:large, max-video-preview:-1\" \/>\n<link rel=\"canonical\" href=\"https:\/\/www.trafox.fi\/tuotteet\/muuntajat\/piirilevykomponentit\/ferriittikomponentit-ferriittimuuntajat-ja-kuristimet\/\" \/>\n<meta property=\"og:locale\" content=\"sv_SE\" \/>\n<meta property=\"og:type\" content=\"article\" \/>\n<meta property=\"og:title\" content=\"Ferritkomponenter | Ferrittransformatorer och -drosslar - Trafox\" \/>\n<meta property=\"og:description\" content=\"Vi har specialiserat oss p\u00e5 att linda olika ferritkomponenter. V\u00e5rt breda urval av lindningsmaskiner och v\u00e5r yrkeskunniga personal tillverkar p\u00e5 best\u00e4llning de komponenter som l\u00e4mpar sig just f\u00f6r era behov. \u00a0Vi utformar och tillverkar produkter huvudsakligen f\u00f6r industrin och telekommunikationen (kWh-m\u00e4tare, AC\/DC-kraftk\u00e4llor). Produktfamiljen omfattar \u00e4ven en stigande m\u00e4ngd produkter f\u00f6r bilindustrin och sjukhustekniken. &nbsp; &nbsp; [&hellip;]\" \/>\n<meta property=\"og:url\" content=\"https:\/\/www.trafox.fi\/tuotteet\/muuntajat\/piirilevykomponentit\/ferriittikomponentit-ferriittimuuntajat-ja-kuristimet\/\" \/>\n<meta property=\"og:site_name\" content=\"Trafox\" \/>\n<meta property=\"article:modified_time\" content=\"2021-02-09T05:51:49+00:00\" \/>\n<meta property=\"og:image\" content=\"https:\/\/www.trafox.fi\/wp-content\/uploads\/2014\/11\/Ferrite_components-e1415948932903.jpg\" \/>\n\t<meta property=\"og:image:width\" content=\"300\" \/>\n\t<meta property=\"og:image:height\" content=\"256\" \/>\n\t<meta property=\"og:image:type\" content=\"image\/jpeg\" \/>\n<meta name=\"twitter:card\" content=\"summary_large_image\" \/>\n<script type=\"application\/ld+json\" class=\"yoast-schema-graph\">{\"@context\":\"https:\/\/schema.org\",\"@graph\":[{\"@type\":\"WebPage\",\"@id\":\"https:\/\/www.trafox.fi\/tuotteet\/muuntajat\/piirilevykomponentit\/ferriittikomponentit-ferriittimuuntajat-ja-kuristimet\/\",\"url\":\"https:\/\/www.trafox.fi\/tuotteet\/muuntajat\/piirilevykomponentit\/ferriittikomponentit-ferriittimuuntajat-ja-kuristimet\/\",\"name\":\"Ferritkomponenter | Ferrittransformatorer och -drosslar - Trafox\",\"isPartOf\":{\"@id\":\"https:\/\/www.trafox.fi\/#website\"},\"datePublished\":\"2014-06-04T10:44:31+00:00\",\"dateModified\":\"2021-02-09T05:51:49+00:00\",\"breadcrumb\":{\"@id\":\"https:\/\/www.trafox.fi\/tuotteet\/muuntajat\/piirilevykomponentit\/ferriittikomponentit-ferriittimuuntajat-ja-kuristimet\/#breadcrumb\"},\"inLanguage\":\"sv-SE\",\"potentialAction\":[{\"@type\":\"ReadAction\",\"target\":[\"https:\/\/www.trafox.fi\/tuotteet\/muuntajat\/piirilevykomponentit\/ferriittikomponentit-ferriittimuuntajat-ja-kuristimet\/\"]}]},{\"@type\":\"BreadcrumbList\",\"@id\":\"https:\/\/www.trafox.fi\/tuotteet\/muuntajat\/piirilevykomponentit\/ferriittikomponentit-ferriittimuuntajat-ja-kuristimet\/#breadcrumb\",\"itemListElement\":[{\"@type\":\"ListItem\",\"position\":1,\"name\":\"Home\",\"item\":\"https:\/\/www.trafox.fi\/sv\/\"},{\"@type\":\"ListItem\",\"position\":2,\"name\":\"Produkter\",\"item\":\"https:\/\/www.trafox.fi\/sv\/produkter\/\"},{\"@type\":\"ListItem\",\"position\":3,\"name\":\"Transformatorer\",\"item\":\"https:\/\/www.trafox.fi\/sv\/produkter\/transformatorer\/\"},{\"@type\":\"ListItem\",\"position\":4,\"name\":\"Kretskortskomponenter\",\"item\":\"https:\/\/www.trafox.fi\/tuotteet\/muuntajat\/piirilevykomponentit\/\"},{\"@type\":\"ListItem\",\"position\":5,\"name\":\"Ferritkomponenter | Ferrittransformatorer och -drosslar\"}]},{\"@type\":\"WebSite\",\"@id\":\"https:\/\/www.trafox.fi\/#website\",\"url\":\"https:\/\/www.trafox.fi\/\",\"name\":\"Trafox\",\"description\":\"Maailmanluokan laatua. Suomalaisella asenteella.\",\"potentialAction\":[{\"@type\":\"SearchAction\",\"target\":{\"@type\":\"EntryPoint\",\"urlTemplate\":\"https:\/\/www.trafox.fi\/?s={search_term_string}\"},\"query-input\":\"required name=search_term_string\"}],\"inLanguage\":\"sv-SE\"}]}<\/script>\n<!-- \/ Yoast SEO plugin. -->","yoast_head_json":{"title":"Ferritkomponenter | Ferrittransformatorer och -drosslar - Trafox","robots":{"index":"index","follow":"follow","max-snippet":"max-snippet:-1","max-image-preview":"max-image-preview:large","max-video-preview":"max-video-preview:-1"},"canonical":"https:\/\/www.trafox.fi\/tuotteet\/muuntajat\/piirilevykomponentit\/ferriittikomponentit-ferriittimuuntajat-ja-kuristimet\/","og_locale":"sv_SE","og_type":"article","og_title":"Ferritkomponenter | Ferrittransformatorer och -drosslar - Trafox","og_description":"Vi har specialiserat oss p\u00e5 att linda olika ferritkomponenter. V\u00e5rt breda urval av lindningsmaskiner och v\u00e5r yrkeskunniga personal tillverkar p\u00e5 best\u00e4llning de komponenter som l\u00e4mpar sig just f\u00f6r era behov. \u00a0Vi utformar och tillverkar produkter huvudsakligen f\u00f6r industrin och telekommunikationen (kWh-m\u00e4tare, AC\/DC-kraftk\u00e4llor). Produktfamiljen omfattar \u00e4ven en stigande m\u00e4ngd produkter f\u00f6r bilindustrin och sjukhustekniken. &nbsp; &nbsp; [&hellip;]","og_url":"https:\/\/www.trafox.fi\/tuotteet\/muuntajat\/piirilevykomponentit\/ferriittikomponentit-ferriittimuuntajat-ja-kuristimet\/","og_site_name":"Trafox","article_modified_time":"2021-02-09T05:51:49+00:00","og_image":[{"width":300,"height":256,"url":"https:\/\/www.trafox.fi\/wp-content\/uploads\/2014\/11\/Ferrite_components-e1415948932903.jpg","type":"image\/jpeg"}],"twitter_card":"summary_large_image","schema":{"@context":"https:\/\/schema.org","@graph":[{"@type":"WebPage","@id":"https:\/\/www.trafox.fi\/tuotteet\/muuntajat\/piirilevykomponentit\/ferriittikomponentit-ferriittimuuntajat-ja-kuristimet\/","url":"https:\/\/www.trafox.fi\/tuotteet\/muuntajat\/piirilevykomponentit\/ferriittikomponentit-ferriittimuuntajat-ja-kuristimet\/","name":"Ferritkomponenter | Ferrittransformatorer och -drosslar - Trafox","isPartOf":{"@id":"https:\/\/www.trafox.fi\/#website"},"datePublished":"2014-06-04T10:44:31+00:00","dateModified":"2021-02-09T05:51:49+00:00","breadcrumb":{"@id":"https:\/\/www.trafox.fi\/tuotteet\/muuntajat\/piirilevykomponentit\/ferriittikomponentit-ferriittimuuntajat-ja-kuristimet\/#breadcrumb"},"inLanguage":"sv-SE","potentialAction":[{"@type":"ReadAction","target":["https:\/\/www.trafox.fi\/tuotteet\/muuntajat\/piirilevykomponentit\/ferriittikomponentit-ferriittimuuntajat-ja-kuristimet\/"]}]},{"@type":"BreadcrumbList","@id":"https:\/\/www.trafox.fi\/tuotteet\/muuntajat\/piirilevykomponentit\/ferriittikomponentit-ferriittimuuntajat-ja-kuristimet\/#breadcrumb","itemListElement":[{"@type":"ListItem","position":1,"name":"Home","item":"https:\/\/www.trafox.fi\/sv\/"},{"@type":"ListItem","position":2,"name":"Produkter","item":"https:\/\/www.trafox.fi\/sv\/produkter\/"},{"@type":"ListItem","position":3,"name":"Transformatorer","item":"https:\/\/www.trafox.fi\/sv\/produkter\/transformatorer\/"},{"@type":"ListItem","position":4,"name":"Kretskortskomponenter","item":"https:\/\/www.trafox.fi\/tuotteet\/muuntajat\/piirilevykomponentit\/"},{"@type":"ListItem","position":5,"name":"Ferritkomponenter | Ferrittransformatorer och -drosslar"}]},{"@type":"WebSite","@id":"https:\/\/www.trafox.fi\/#website","url":"https:\/\/www.trafox.fi\/","name":"Trafox","description":"Maailmanluokan laatua. Suomalaisella asenteella.","potentialAction":[{"@type":"SearchAction","target":{"@type":"EntryPoint","urlTemplate":"https:\/\/www.trafox.fi\/?s={search_term_string}"},"query-input":"required name=search_term_string"}],"inLanguage":"sv-SE"}]}},"_links":{"self":[{"href":"https:\/\/www.trafox.fi\/sv\/wp-json\/wp\/v2\/pages\/801","targetHints":{"allow":["GET"]}}],"collection":[{"href":"https:\/\/www.trafox.fi\/sv\/wp-json\/wp\/v2\/pages"}],"about":[{"href":"https:\/\/www.trafox.fi\/sv\/wp-json\/wp\/v2\/types\/page"}],"author":[{"embeddable":true,"href":"https:\/\/www.trafox.fi\/sv\/wp-json\/wp\/v2\/users\/1"}],"replies":[{"embeddable":true,"href":"https:\/\/www.trafox.fi\/sv\/wp-json\/wp\/v2\/comments?post=801"}],"version-history":[{"count":8,"href":"https:\/\/www.trafox.fi\/sv\/wp-json\/wp\/v2\/pages\/801\/revisions"}],"predecessor-version":[{"id":3651,"href":"https:\/\/www.trafox.fi\/sv\/wp-json\/wp\/v2\/pages\/801\/revisions\/3651"}],"up":[{"embeddable":true,"href":"https:\/\/www.trafox.fi\/sv\/wp-json\/wp\/v2\/pages\/797"}],"wp:featuredmedia":[{"embeddable":true,"href":"https:\/\/www.trafox.fi\/sv\/wp-json\/wp\/v2\/media\/378"}],"wp:attachment":[{"href":"https:\/\/www.trafox.fi\/sv\/wp-json\/wp\/v2\/media?parent=801"}],"curies":[{"name":"wp","href":"https:\/\/api.w.org\/{rel}","templated":true}]}}