{"id":797,"date":"2014-03-21T13:41:02","date_gmt":"2014-03-21T11:41:02","guid":{"rendered":"https:\/\/www.trafox.fi\/produkter\/transformatorer\/piirilevykomponentit\/"},"modified":"2015-04-01T13:58:42","modified_gmt":"2015-04-01T10:58:42","slug":"kretskortskomponenter","status":"publish","type":"page","link":"https:\/\/www.trafox.fi\/sv\/produkter\/transformatorer\/kretskortskomponenter\/","title":{"rendered":"Kretskortskomponenter"},"content":{"rendered":"<p class=\"p1\">Under n\u00e5gra tiotals \u00e5r har vi gjort ett l\u00e5ngsiktigt utvecklingsarbete av kretskortskomponenterna. Samtidigt har vi fortsatt att utveckla v\u00e5ra egna tillverkningsprocedurer och processer s\u00e5 att vi snabbt kan svara upp mot v\u00e5ra kunders behov \u00e4ven i speciella situationer.<\/p>\n<p class=\"p1\"><span class=\"s1\">V\u00e5rt produktutbud omfattar ferritkomponenter, kretskortstransformatorer, komponenter med luftk\u00e4rna och str\u00f6mtransformatorer. Produkternas egenskaper, m\u00e5tt, konstruktion och monteringsm\u00f6jligheter skr\u00e4ddarsys flexibelt enligt kundernas krav och anv\u00e4ndningsbehov.<\/span><\/p>\n<p class=\"p1\"><span class=\"s1\">Massproduktionen sker i Suzhou, Kina, medan vi kan tillverka de mindre serierna \u00e4ven i fabrikerna i Finland.<\/span><\/p>\n","protected":false},"excerpt":{"rendered":"<p>Under n\u00e5gra tiotals \u00e5r har vi gjort ett l\u00e5ngsiktigt utvecklingsarbete av kretskortskomponenterna. Samtidigt har vi fortsatt att utveckla v\u00e5ra egna tillverkningsprocedurer och processer s\u00e5 att vi snabbt kan svara upp mot v\u00e5ra kunders behov \u00e4ven i speciella situationer. V\u00e5rt produktutbud omfattar ferritkomponenter, kretskortstransformatorer, komponenter med luftk\u00e4rna och str\u00f6mtransformatorer. Produkternas egenskaper, m\u00e5tt, konstruktion och monteringsm\u00f6jligheter skr\u00e4ddarsys [&hellip;]<\/p>\n","protected":false},"author":1,"featured_media":0,"parent":464,"menu_order":3,"comment_status":"open","ping_status":"open","template":"page-templates\/prods-sub-list.php","meta":{"footnotes":""},"class_list":["post-797","page","type-page","status-publish","hentry"],"acf":[],"yoast_head":"<!-- This site is optimized with the Yoast SEO plugin v20.10 - https:\/\/yoast.com\/wordpress\/plugins\/seo\/ -->\n<title>Kretskortskomponenter - Trafox<\/title>\n<meta name=\"robots\" content=\"index, follow, max-snippet:-1, max-image-preview:large, max-video-preview:-1\" \/>\n<link rel=\"canonical\" href=\"https:\/\/www.trafox.fi\/tuotteet\/muuntajat\/piirilevykomponentit\/\" \/>\n<meta property=\"og:locale\" content=\"sv_SE\" \/>\n<meta property=\"og:type\" content=\"article\" \/>\n<meta property=\"og:title\" content=\"Kretskortskomponenter - Trafox\" \/>\n<meta property=\"og:description\" content=\"Under n\u00e5gra tiotals \u00e5r har vi gjort ett l\u00e5ngsiktigt utvecklingsarbete av kretskortskomponenterna. Samtidigt har vi fortsatt att utveckla v\u00e5ra egna tillverkningsprocedurer och processer s\u00e5 att vi snabbt kan svara upp mot v\u00e5ra kunders behov \u00e4ven i speciella situationer. V\u00e5rt produktutbud omfattar ferritkomponenter, kretskortstransformatorer, komponenter med luftk\u00e4rna och str\u00f6mtransformatorer. Produkternas egenskaper, m\u00e5tt, konstruktion och monteringsm\u00f6jligheter skr\u00e4ddarsys [&hellip;]\" \/>\n<meta property=\"og:url\" content=\"https:\/\/www.trafox.fi\/tuotteet\/muuntajat\/piirilevykomponentit\/\" \/>\n<meta property=\"og:site_name\" content=\"Trafox\" \/>\n<meta property=\"article:modified_time\" content=\"2015-04-01T10:58:42+00:00\" \/>\n<meta name=\"twitter:card\" content=\"summary_large_image\" \/>\n<script type=\"application\/ld+json\" class=\"yoast-schema-graph\">{\"@context\":\"https:\/\/schema.org\",\"@graph\":[{\"@type\":\"WebPage\",\"@id\":\"https:\/\/www.trafox.fi\/tuotteet\/muuntajat\/piirilevykomponentit\/\",\"url\":\"https:\/\/www.trafox.fi\/tuotteet\/muuntajat\/piirilevykomponentit\/\",\"name\":\"Kretskortskomponenter - Trafox\",\"isPartOf\":{\"@id\":\"https:\/\/www.trafox.fi\/#website\"},\"datePublished\":\"2014-03-21T11:41:02+00:00\",\"dateModified\":\"2015-04-01T10:58:42+00:00\",\"breadcrumb\":{\"@id\":\"https:\/\/www.trafox.fi\/tuotteet\/muuntajat\/piirilevykomponentit\/#breadcrumb\"},\"inLanguage\":\"sv-SE\",\"potentialAction\":[{\"@type\":\"ReadAction\",\"target\":[\"https:\/\/www.trafox.fi\/tuotteet\/muuntajat\/piirilevykomponentit\/\"]}]},{\"@type\":\"BreadcrumbList\",\"@id\":\"https:\/\/www.trafox.fi\/tuotteet\/muuntajat\/piirilevykomponentit\/#breadcrumb\",\"itemListElement\":[{\"@type\":\"ListItem\",\"position\":1,\"name\":\"Home\",\"item\":\"https:\/\/www.trafox.fi\/sv\/\"},{\"@type\":\"ListItem\",\"position\":2,\"name\":\"Produkter\",\"item\":\"https:\/\/www.trafox.fi\/sv\/produkter\/\"},{\"@type\":\"ListItem\",\"position\":3,\"name\":\"Transformatorer\",\"item\":\"https:\/\/www.trafox.fi\/sv\/produkter\/transformatorer\/\"},{\"@type\":\"ListItem\",\"position\":4,\"name\":\"Kretskortskomponenter\"}]},{\"@type\":\"WebSite\",\"@id\":\"https:\/\/www.trafox.fi\/#website\",\"url\":\"https:\/\/www.trafox.fi\/\",\"name\":\"Trafox\",\"description\":\"Maailmanluokan laatua. Suomalaisella asenteella.\",\"potentialAction\":[{\"@type\":\"SearchAction\",\"target\":{\"@type\":\"EntryPoint\",\"urlTemplate\":\"https:\/\/www.trafox.fi\/?s={search_term_string}\"},\"query-input\":\"required name=search_term_string\"}],\"inLanguage\":\"sv-SE\"}]}<\/script>\n<!-- \/ Yoast SEO plugin. -->","yoast_head_json":{"title":"Kretskortskomponenter - Trafox","robots":{"index":"index","follow":"follow","max-snippet":"max-snippet:-1","max-image-preview":"max-image-preview:large","max-video-preview":"max-video-preview:-1"},"canonical":"https:\/\/www.trafox.fi\/tuotteet\/muuntajat\/piirilevykomponentit\/","og_locale":"sv_SE","og_type":"article","og_title":"Kretskortskomponenter - Trafox","og_description":"Under n\u00e5gra tiotals \u00e5r har vi gjort ett l\u00e5ngsiktigt utvecklingsarbete av kretskortskomponenterna. Samtidigt har vi fortsatt att utveckla v\u00e5ra egna tillverkningsprocedurer och processer s\u00e5 att vi snabbt kan svara upp mot v\u00e5ra kunders behov \u00e4ven i speciella situationer. V\u00e5rt produktutbud omfattar ferritkomponenter, kretskortstransformatorer, komponenter med luftk\u00e4rna och str\u00f6mtransformatorer. Produkternas egenskaper, m\u00e5tt, konstruktion och monteringsm\u00f6jligheter skr\u00e4ddarsys [&hellip;]","og_url":"https:\/\/www.trafox.fi\/tuotteet\/muuntajat\/piirilevykomponentit\/","og_site_name":"Trafox","article_modified_time":"2015-04-01T10:58:42+00:00","twitter_card":"summary_large_image","schema":{"@context":"https:\/\/schema.org","@graph":[{"@type":"WebPage","@id":"https:\/\/www.trafox.fi\/tuotteet\/muuntajat\/piirilevykomponentit\/","url":"https:\/\/www.trafox.fi\/tuotteet\/muuntajat\/piirilevykomponentit\/","name":"Kretskortskomponenter - Trafox","isPartOf":{"@id":"https:\/\/www.trafox.fi\/#website"},"datePublished":"2014-03-21T11:41:02+00:00","dateModified":"2015-04-01T10:58:42+00:00","breadcrumb":{"@id":"https:\/\/www.trafox.fi\/tuotteet\/muuntajat\/piirilevykomponentit\/#breadcrumb"},"inLanguage":"sv-SE","potentialAction":[{"@type":"ReadAction","target":["https:\/\/www.trafox.fi\/tuotteet\/muuntajat\/piirilevykomponentit\/"]}]},{"@type":"BreadcrumbList","@id":"https:\/\/www.trafox.fi\/tuotteet\/muuntajat\/piirilevykomponentit\/#breadcrumb","itemListElement":[{"@type":"ListItem","position":1,"name":"Home","item":"https:\/\/www.trafox.fi\/sv\/"},{"@type":"ListItem","position":2,"name":"Produkter","item":"https:\/\/www.trafox.fi\/sv\/produkter\/"},{"@type":"ListItem","position":3,"name":"Transformatorer","item":"https:\/\/www.trafox.fi\/sv\/produkter\/transformatorer\/"},{"@type":"ListItem","position":4,"name":"Kretskortskomponenter"}]},{"@type":"WebSite","@id":"https:\/\/www.trafox.fi\/#website","url":"https:\/\/www.trafox.fi\/","name":"Trafox","description":"Maailmanluokan laatua. Suomalaisella asenteella.","potentialAction":[{"@type":"SearchAction","target":{"@type":"EntryPoint","urlTemplate":"https:\/\/www.trafox.fi\/?s={search_term_string}"},"query-input":"required name=search_term_string"}],"inLanguage":"sv-SE"}]}},"_links":{"self":[{"href":"https:\/\/www.trafox.fi\/sv\/wp-json\/wp\/v2\/pages\/797","targetHints":{"allow":["GET"]}}],"collection":[{"href":"https:\/\/www.trafox.fi\/sv\/wp-json\/wp\/v2\/pages"}],"about":[{"href":"https:\/\/www.trafox.fi\/sv\/wp-json\/wp\/v2\/types\/page"}],"author":[{"embeddable":true,"href":"https:\/\/www.trafox.fi\/sv\/wp-json\/wp\/v2\/users\/1"}],"replies":[{"embeddable":true,"href":"https:\/\/www.trafox.fi\/sv\/wp-json\/wp\/v2\/comments?post=797"}],"version-history":[{"count":2,"href":"https:\/\/www.trafox.fi\/sv\/wp-json\/wp\/v2\/pages\/797\/revisions"}],"predecessor-version":[{"id":1056,"href":"https:\/\/www.trafox.fi\/sv\/wp-json\/wp\/v2\/pages\/797\/revisions\/1056"}],"up":[{"embeddable":true,"href":"https:\/\/www.trafox.fi\/sv\/wp-json\/wp\/v2\/pages\/464"}],"wp:attachment":[{"href":"https:\/\/www.trafox.fi\/sv\/wp-json\/wp\/v2\/media?parent=797"}],"curies":[{"name":"wp","href":"https:\/\/api.w.org\/{rel}","templated":true}]}}