{"id":789,"date":"2014-06-04T13:03:12","date_gmt":"2014-06-04T10:03:12","guid":{"rendered":"https:\/\/www.trafox.fi\/produkter\/transformatorer\/isolationstransformatorer-for-medicinskt-bruk\/liikuteltava-suojaerotusmuuntaja-klmxsk\/"},"modified":"2021-04-26T09:37:21","modified_gmt":"2021-04-26T06:37:21","slug":"barbar-isolationstransformator-klmxsk","status":"publish","type":"page","link":"https:\/\/www.trafox.fi\/sv\/produkter\/transformatorer\/isolationstransformatorer-for-medicinskt-bruk\/barbar-isolationstransformator-klmxsk\/","title":{"rendered":"B\u00e4rbar isolationstransformator KLMX\/SK"},"content":{"rendered":"<p class=\"normal\"><span lang=\"IT\">Transformatorerna f\u00f6r medicinskt bruk \u00e4r konstruerade utifr\u00e5n toroidtransformatorer. Tack vare den platsbesparande storleken, den l\u00e5ga ljudniv\u00e5n och den snygga och robusta kapslingen kan transformatorn anv\u00e4ndas f\u00f6r en m\u00e4ngd olika anv\u00e4ndningsomr\u00e5den. Kapslingen har ett inbyggt b\u00e4rhandtag s\u00e5 att det \u00e4r l\u00e4tt att transportera transformatorn. Transformatorerna \u00e4r skr\u00e4ddarsydda enligt kundspecifika \u00f6nskem\u00e5l och standarder och har snabb leveranstid.<\/span><\/p>\n<ul>\n<li class=\"p1\"><span class=\"s1\">Isolationstransformator f\u00f6r jordade apparater som anv\u00e4nds i v\u00e5rdutrymmen.<\/span><\/li>\n<li class=\"p1\"><span class=\"s1\">Isolerar och separerar den anslutna apparaten (dator o.s.v.) fr\u00e5n v\u00e5rdutrymmets isolerade n\u00e4t.<\/span><\/li>\n<li class=\"p1\"><span class=\"s1\">Begr\u00e4nsar apparaternas l\u00e4ckstr\u00f6mmar till v\u00e4rden som \u00e4r godk\u00e4nda f\u00f6r medicinsk utrustning.<\/span><\/li>\n<\/ul>\n","protected":false},"excerpt":{"rendered":"<p>Transformatorerna f\u00f6r medicinskt bruk \u00e4r konstruerade utifr\u00e5n toroidtransformatorer. Tack vare den platsbesparande storleken, den l\u00e5ga ljudniv\u00e5n och den snygga och robusta kapslingen kan transformatorn anv\u00e4ndas f\u00f6r en m\u00e4ngd olika anv\u00e4ndningsomr\u00e5den. Kapslingen har ett inbyggt b\u00e4rhandtag s\u00e5 att det \u00e4r l\u00e4tt att transportera transformatorn. Transformatorerna \u00e4r skr\u00e4ddarsydda enligt kundspecifika \u00f6nskem\u00e5l och standarder och har snabb leveranstid. [&hellip;]<\/p>\n","protected":false},"author":1,"featured_media":296,"parent":783,"menu_order":0,"comment_status":"closed","ping_status":"closed","template":"page-templates\/prods-prod-list.php","meta":{"footnotes":""},"class_list":["post-789","page","type-page","status-publish","has-post-thumbnail","hentry"],"acf":[],"yoast_head":"<!-- This site is optimized with the Yoast SEO plugin v20.10 - https:\/\/yoast.com\/wordpress\/plugins\/seo\/ -->\n<title>B\u00e4rbar isolationstransformator KLMX\/SK - Trafox<\/title>\n<meta name=\"robots\" content=\"index, follow, max-snippet:-1, max-image-preview:large, max-video-preview:-1\" \/>\n<link rel=\"canonical\" href=\"https:\/\/www.trafox.fi\/tuotteet\/muuntajat\/laakintasuojaerotusmuuntajat\/liikuteltava-suojaerotusmuuntaja-klmxsk\/\" \/>\n<meta property=\"og:locale\" content=\"sv_SE\" \/>\n<meta property=\"og:type\" content=\"article\" \/>\n<meta property=\"og:title\" content=\"B\u00e4rbar isolationstransformator KLMX\/SK - Trafox\" \/>\n<meta property=\"og:description\" content=\"Transformatorerna f\u00f6r medicinskt bruk \u00e4r konstruerade utifr\u00e5n toroidtransformatorer. Tack vare den platsbesparande storleken, den l\u00e5ga ljudniv\u00e5n och den snygga och robusta kapslingen kan transformatorn anv\u00e4ndas f\u00f6r en m\u00e4ngd olika anv\u00e4ndningsomr\u00e5den. Kapslingen har ett inbyggt b\u00e4rhandtag s\u00e5 att det \u00e4r l\u00e4tt att transportera transformatorn. Transformatorerna \u00e4r skr\u00e4ddarsydda enligt kundspecifika \u00f6nskem\u00e5l och standarder och har snabb leveranstid. [&hellip;]\" \/>\n<meta property=\"og:url\" content=\"https:\/\/www.trafox.fi\/tuotteet\/muuntajat\/laakintasuojaerotusmuuntajat\/liikuteltava-suojaerotusmuuntaja-klmxsk\/\" \/>\n<meta property=\"og:site_name\" content=\"Trafox\" \/>\n<meta property=\"article:modified_time\" content=\"2021-04-26T06:37:21+00:00\" \/>\n<meta property=\"og:image\" content=\"https:\/\/www.trafox.fi\/wp-content\/uploads\/2014\/06\/KLMX_SK.jpg\" \/>\n\t<meta property=\"og:image:width\" content=\"300\" \/>\n\t<meta property=\"og:image:height\" content=\"237\" \/>\n\t<meta property=\"og:image:type\" content=\"image\/jpeg\" \/>\n<meta name=\"twitter:card\" content=\"summary_large_image\" \/>\n<meta name=\"twitter:label1\" content=\"Ber\u00e4knad l\u00e4stid\" \/>\n\t<meta name=\"twitter:data1\" content=\"1 minut\" \/>\n<script type=\"application\/ld+json\" class=\"yoast-schema-graph\">{\"@context\":\"https:\/\/schema.org\",\"@graph\":[{\"@type\":\"WebPage\",\"@id\":\"https:\/\/www.trafox.fi\/tuotteet\/muuntajat\/laakintasuojaerotusmuuntajat\/liikuteltava-suojaerotusmuuntaja-klmxsk\/\",\"url\":\"https:\/\/www.trafox.fi\/tuotteet\/muuntajat\/laakintasuojaerotusmuuntajat\/liikuteltava-suojaerotusmuuntaja-klmxsk\/\",\"name\":\"B\u00e4rbar isolationstransformator KLMX\/SK - Trafox\",\"isPartOf\":{\"@id\":\"https:\/\/www.trafox.fi\/#website\"},\"datePublished\":\"2014-06-04T10:03:12+00:00\",\"dateModified\":\"2021-04-26T06:37:21+00:00\",\"breadcrumb\":{\"@id\":\"https:\/\/www.trafox.fi\/tuotteet\/muuntajat\/laakintasuojaerotusmuuntajat\/liikuteltava-suojaerotusmuuntaja-klmxsk\/#breadcrumb\"},\"inLanguage\":\"sv-SE\",\"potentialAction\":[{\"@type\":\"ReadAction\",\"target\":[\"https:\/\/www.trafox.fi\/tuotteet\/muuntajat\/laakintasuojaerotusmuuntajat\/liikuteltava-suojaerotusmuuntaja-klmxsk\/\"]}]},{\"@type\":\"BreadcrumbList\",\"@id\":\"https:\/\/www.trafox.fi\/tuotteet\/muuntajat\/laakintasuojaerotusmuuntajat\/liikuteltava-suojaerotusmuuntaja-klmxsk\/#breadcrumb\",\"itemListElement\":[{\"@type\":\"ListItem\",\"position\":1,\"name\":\"Home\",\"item\":\"https:\/\/www.trafox.fi\/sv\/\"},{\"@type\":\"ListItem\",\"position\":2,\"name\":\"Produkter\",\"item\":\"https:\/\/www.trafox.fi\/sv\/produkter\/\"},{\"@type\":\"ListItem\",\"position\":3,\"name\":\"Transformatorer\",\"item\":\"https:\/\/www.trafox.fi\/sv\/produkter\/transformatorer\/\"},{\"@type\":\"ListItem\",\"position\":4,\"name\":\"Isolationstransformatorer f\u00f6r medicinskt bruk\",\"item\":\"https:\/\/www.trafox.fi\/tuotteet\/muuntajat\/laakintasuojaerotusmuuntajat\/\"},{\"@type\":\"ListItem\",\"position\":5,\"name\":\"B\u00e4rbar isolationstransformator KLMX\/SK\"}]},{\"@type\":\"WebSite\",\"@id\":\"https:\/\/www.trafox.fi\/#website\",\"url\":\"https:\/\/www.trafox.fi\/\",\"name\":\"Trafox\",\"description\":\"Maailmanluokan laatua. Suomalaisella asenteella.\",\"potentialAction\":[{\"@type\":\"SearchAction\",\"target\":{\"@type\":\"EntryPoint\",\"urlTemplate\":\"https:\/\/www.trafox.fi\/?s={search_term_string}\"},\"query-input\":\"required name=search_term_string\"}],\"inLanguage\":\"sv-SE\"}]}<\/script>\n<!-- \/ Yoast SEO plugin. -->","yoast_head_json":{"title":"B\u00e4rbar isolationstransformator KLMX\/SK - Trafox","robots":{"index":"index","follow":"follow","max-snippet":"max-snippet:-1","max-image-preview":"max-image-preview:large","max-video-preview":"max-video-preview:-1"},"canonical":"https:\/\/www.trafox.fi\/tuotteet\/muuntajat\/laakintasuojaerotusmuuntajat\/liikuteltava-suojaerotusmuuntaja-klmxsk\/","og_locale":"sv_SE","og_type":"article","og_title":"B\u00e4rbar isolationstransformator KLMX\/SK - Trafox","og_description":"Transformatorerna f\u00f6r medicinskt bruk \u00e4r konstruerade utifr\u00e5n toroidtransformatorer. Tack vare den platsbesparande storleken, den l\u00e5ga ljudniv\u00e5n och den snygga och robusta kapslingen kan transformatorn anv\u00e4ndas f\u00f6r en m\u00e4ngd olika anv\u00e4ndningsomr\u00e5den. Kapslingen har ett inbyggt b\u00e4rhandtag s\u00e5 att det \u00e4r l\u00e4tt att transportera transformatorn. Transformatorerna \u00e4r skr\u00e4ddarsydda enligt kundspecifika \u00f6nskem\u00e5l och standarder och har snabb leveranstid. [&hellip;]","og_url":"https:\/\/www.trafox.fi\/tuotteet\/muuntajat\/laakintasuojaerotusmuuntajat\/liikuteltava-suojaerotusmuuntaja-klmxsk\/","og_site_name":"Trafox","article_modified_time":"2021-04-26T06:37:21+00:00","og_image":[{"width":300,"height":237,"url":"https:\/\/www.trafox.fi\/wp-content\/uploads\/2014\/06\/KLMX_SK.jpg","type":"image\/jpeg"}],"twitter_card":"summary_large_image","twitter_misc":{"Ber\u00e4knad l\u00e4stid":"1 minut"},"schema":{"@context":"https:\/\/schema.org","@graph":[{"@type":"WebPage","@id":"https:\/\/www.trafox.fi\/tuotteet\/muuntajat\/laakintasuojaerotusmuuntajat\/liikuteltava-suojaerotusmuuntaja-klmxsk\/","url":"https:\/\/www.trafox.fi\/tuotteet\/muuntajat\/laakintasuojaerotusmuuntajat\/liikuteltava-suojaerotusmuuntaja-klmxsk\/","name":"B\u00e4rbar isolationstransformator KLMX\/SK - Trafox","isPartOf":{"@id":"https:\/\/www.trafox.fi\/#website"},"datePublished":"2014-06-04T10:03:12+00:00","dateModified":"2021-04-26T06:37:21+00:00","breadcrumb":{"@id":"https:\/\/www.trafox.fi\/tuotteet\/muuntajat\/laakintasuojaerotusmuuntajat\/liikuteltava-suojaerotusmuuntaja-klmxsk\/#breadcrumb"},"inLanguage":"sv-SE","potentialAction":[{"@type":"ReadAction","target":["https:\/\/www.trafox.fi\/tuotteet\/muuntajat\/laakintasuojaerotusmuuntajat\/liikuteltava-suojaerotusmuuntaja-klmxsk\/"]}]},{"@type":"BreadcrumbList","@id":"https:\/\/www.trafox.fi\/tuotteet\/muuntajat\/laakintasuojaerotusmuuntajat\/liikuteltava-suojaerotusmuuntaja-klmxsk\/#breadcrumb","itemListElement":[{"@type":"ListItem","position":1,"name":"Home","item":"https:\/\/www.trafox.fi\/sv\/"},{"@type":"ListItem","position":2,"name":"Produkter","item":"https:\/\/www.trafox.fi\/sv\/produkter\/"},{"@type":"ListItem","position":3,"name":"Transformatorer","item":"https:\/\/www.trafox.fi\/sv\/produkter\/transformatorer\/"},{"@type":"ListItem","position":4,"name":"Isolationstransformatorer f\u00f6r medicinskt bruk","item":"https:\/\/www.trafox.fi\/tuotteet\/muuntajat\/laakintasuojaerotusmuuntajat\/"},{"@type":"ListItem","position":5,"name":"B\u00e4rbar isolationstransformator KLMX\/SK"}]},{"@type":"WebSite","@id":"https:\/\/www.trafox.fi\/#website","url":"https:\/\/www.trafox.fi\/","name":"Trafox","description":"Maailmanluokan laatua. Suomalaisella asenteella.","potentialAction":[{"@type":"SearchAction","target":{"@type":"EntryPoint","urlTemplate":"https:\/\/www.trafox.fi\/?s={search_term_string}"},"query-input":"required name=search_term_string"}],"inLanguage":"sv-SE"}]}},"_links":{"self":[{"href":"https:\/\/www.trafox.fi\/sv\/wp-json\/wp\/v2\/pages\/789","targetHints":{"allow":["GET"]}}],"collection":[{"href":"https:\/\/www.trafox.fi\/sv\/wp-json\/wp\/v2\/pages"}],"about":[{"href":"https:\/\/www.trafox.fi\/sv\/wp-json\/wp\/v2\/types\/page"}],"author":[{"embeddable":true,"href":"https:\/\/www.trafox.fi\/sv\/wp-json\/wp\/v2\/users\/1"}],"replies":[{"embeddable":true,"href":"https:\/\/www.trafox.fi\/sv\/wp-json\/wp\/v2\/comments?post=789"}],"version-history":[{"count":7,"href":"https:\/\/www.trafox.fi\/sv\/wp-json\/wp\/v2\/pages\/789\/revisions"}],"predecessor-version":[{"id":3793,"href":"https:\/\/www.trafox.fi\/sv\/wp-json\/wp\/v2\/pages\/789\/revisions\/3793"}],"up":[{"embeddable":true,"href":"https:\/\/www.trafox.fi\/sv\/wp-json\/wp\/v2\/pages\/783"}],"wp:featuredmedia":[{"embeddable":true,"href":"https:\/\/www.trafox.fi\/sv\/wp-json\/wp\/v2\/media\/296"}],"wp:attachment":[{"href":"https:\/\/www.trafox.fi\/sv\/wp-json\/wp\/v2\/media?parent=789"}],"curies":[{"name":"wp","href":"https:\/\/api.w.org\/{rel}","templated":true}]}}