{"id":767,"date":"2014-03-21T13:37:19","date_gmt":"2014-03-21T11:37:19","guid":{"rendered":"https:\/\/www.trafox.fi\/produkter\/transformatorer\/suojaerotusmuuntajat\/"},"modified":"2021-02-11T06:41:30","modified_gmt":"2021-02-11T04:41:30","slug":"isolationstransformatorer","status":"publish","type":"page","link":"https:\/\/www.trafox.fi\/sv\/produkter\/transformatorer\/isolationstransformatorer\/","title":{"rendered":"Isolationstransformatorer"},"content":{"rendered":"<p class=\"normal\"><span lang=\"IT\">Transformatorerna anv\u00e4nds som isolationstransformatorer. Isolationstransformatorn \u00e4r en transformator som galvaniskt skiljer apparaten p\u00e5 sekund\u00e4rsidan fr\u00e5n eln\u00e4tet och f\u00f6rhindrar i praktiken elst\u00f6tar mellan jord och fas.<\/span><\/p>\n","protected":false},"excerpt":{"rendered":"<p>Transformatorerna anv\u00e4nds som isolationstransformatorer. Isolationstransformatorn \u00e4r en transformator som galvaniskt skiljer apparaten p\u00e5 sekund\u00e4rsidan fr\u00e5n eln\u00e4tet och f\u00f6rhindrar i praktiken elst\u00f6tar mellan jord och fas.<\/p>\n","protected":false},"author":1,"featured_media":0,"parent":464,"menu_order":3,"comment_status":"closed","ping_status":"closed","template":"page-templates\/prods-sub-list.php","meta":{"footnotes":""},"class_list":["post-767","page","type-page","status-publish","hentry"],"acf":[],"yoast_head":"<!-- This site is optimized with the Yoast SEO plugin v20.10 - https:\/\/yoast.com\/wordpress\/plugins\/seo\/ -->\n<title>Isolationstransformatorer - Trafox<\/title>\n<meta name=\"robots\" content=\"index, follow, max-snippet:-1, max-image-preview:large, max-video-preview:-1\" \/>\n<link rel=\"canonical\" href=\"https:\/\/www.trafox.fi\/tuotteet\/muuntajat\/suojaerotusmuuntajat\/\" \/>\n<meta property=\"og:locale\" content=\"sv_SE\" \/>\n<meta property=\"og:type\" content=\"article\" \/>\n<meta property=\"og:title\" content=\"Isolationstransformatorer - Trafox\" \/>\n<meta property=\"og:description\" content=\"Transformatorerna anv\u00e4nds som isolationstransformatorer. Isolationstransformatorn \u00e4r en transformator som galvaniskt skiljer apparaten p\u00e5 sekund\u00e4rsidan fr\u00e5n eln\u00e4tet och f\u00f6rhindrar i praktiken elst\u00f6tar mellan jord och fas.\" \/>\n<meta property=\"og:url\" content=\"https:\/\/www.trafox.fi\/tuotteet\/muuntajat\/suojaerotusmuuntajat\/\" \/>\n<meta property=\"og:site_name\" content=\"Trafox\" \/>\n<meta property=\"article:modified_time\" content=\"2021-02-11T04:41:30+00:00\" \/>\n<meta name=\"twitter:card\" content=\"summary_large_image\" \/>\n<script type=\"application\/ld+json\" class=\"yoast-schema-graph\">{\"@context\":\"https:\/\/schema.org\",\"@graph\":[{\"@type\":\"WebPage\",\"@id\":\"https:\/\/www.trafox.fi\/tuotteet\/muuntajat\/suojaerotusmuuntajat\/\",\"url\":\"https:\/\/www.trafox.fi\/tuotteet\/muuntajat\/suojaerotusmuuntajat\/\",\"name\":\"Isolationstransformatorer - Trafox\",\"isPartOf\":{\"@id\":\"https:\/\/www.trafox.fi\/#website\"},\"datePublished\":\"2014-03-21T11:37:19+00:00\",\"dateModified\":\"2021-02-11T04:41:30+00:00\",\"breadcrumb\":{\"@id\":\"https:\/\/www.trafox.fi\/tuotteet\/muuntajat\/suojaerotusmuuntajat\/#breadcrumb\"},\"inLanguage\":\"sv-SE\",\"potentialAction\":[{\"@type\":\"ReadAction\",\"target\":[\"https:\/\/www.trafox.fi\/tuotteet\/muuntajat\/suojaerotusmuuntajat\/\"]}]},{\"@type\":\"BreadcrumbList\",\"@id\":\"https:\/\/www.trafox.fi\/tuotteet\/muuntajat\/suojaerotusmuuntajat\/#breadcrumb\",\"itemListElement\":[{\"@type\":\"ListItem\",\"position\":1,\"name\":\"Home\",\"item\":\"https:\/\/www.trafox.fi\/sv\/\"},{\"@type\":\"ListItem\",\"position\":2,\"name\":\"Produkter\",\"item\":\"https:\/\/www.trafox.fi\/sv\/produkter\/\"},{\"@type\":\"ListItem\",\"position\":3,\"name\":\"Transformatorer\",\"item\":\"https:\/\/www.trafox.fi\/sv\/produkter\/transformatorer\/\"},{\"@type\":\"ListItem\",\"position\":4,\"name\":\"Isolationstransformatorer\"}]},{\"@type\":\"WebSite\",\"@id\":\"https:\/\/www.trafox.fi\/#website\",\"url\":\"https:\/\/www.trafox.fi\/\",\"name\":\"Trafox\",\"description\":\"Maailmanluokan laatua. Suomalaisella asenteella.\",\"potentialAction\":[{\"@type\":\"SearchAction\",\"target\":{\"@type\":\"EntryPoint\",\"urlTemplate\":\"https:\/\/www.trafox.fi\/?s={search_term_string}\"},\"query-input\":\"required name=search_term_string\"}],\"inLanguage\":\"sv-SE\"}]}<\/script>\n<!-- \/ Yoast SEO plugin. -->","yoast_head_json":{"title":"Isolationstransformatorer - Trafox","robots":{"index":"index","follow":"follow","max-snippet":"max-snippet:-1","max-image-preview":"max-image-preview:large","max-video-preview":"max-video-preview:-1"},"canonical":"https:\/\/www.trafox.fi\/tuotteet\/muuntajat\/suojaerotusmuuntajat\/","og_locale":"sv_SE","og_type":"article","og_title":"Isolationstransformatorer - Trafox","og_description":"Transformatorerna anv\u00e4nds som isolationstransformatorer. Isolationstransformatorn \u00e4r en transformator som galvaniskt skiljer apparaten p\u00e5 sekund\u00e4rsidan fr\u00e5n eln\u00e4tet och f\u00f6rhindrar i praktiken elst\u00f6tar mellan jord och fas.","og_url":"https:\/\/www.trafox.fi\/tuotteet\/muuntajat\/suojaerotusmuuntajat\/","og_site_name":"Trafox","article_modified_time":"2021-02-11T04:41:30+00:00","twitter_card":"summary_large_image","schema":{"@context":"https:\/\/schema.org","@graph":[{"@type":"WebPage","@id":"https:\/\/www.trafox.fi\/tuotteet\/muuntajat\/suojaerotusmuuntajat\/","url":"https:\/\/www.trafox.fi\/tuotteet\/muuntajat\/suojaerotusmuuntajat\/","name":"Isolationstransformatorer - Trafox","isPartOf":{"@id":"https:\/\/www.trafox.fi\/#website"},"datePublished":"2014-03-21T11:37:19+00:00","dateModified":"2021-02-11T04:41:30+00:00","breadcrumb":{"@id":"https:\/\/www.trafox.fi\/tuotteet\/muuntajat\/suojaerotusmuuntajat\/#breadcrumb"},"inLanguage":"sv-SE","potentialAction":[{"@type":"ReadAction","target":["https:\/\/www.trafox.fi\/tuotteet\/muuntajat\/suojaerotusmuuntajat\/"]}]},{"@type":"BreadcrumbList","@id":"https:\/\/www.trafox.fi\/tuotteet\/muuntajat\/suojaerotusmuuntajat\/#breadcrumb","itemListElement":[{"@type":"ListItem","position":1,"name":"Home","item":"https:\/\/www.trafox.fi\/sv\/"},{"@type":"ListItem","position":2,"name":"Produkter","item":"https:\/\/www.trafox.fi\/sv\/produkter\/"},{"@type":"ListItem","position":3,"name":"Transformatorer","item":"https:\/\/www.trafox.fi\/sv\/produkter\/transformatorer\/"},{"@type":"ListItem","position":4,"name":"Isolationstransformatorer"}]},{"@type":"WebSite","@id":"https:\/\/www.trafox.fi\/#website","url":"https:\/\/www.trafox.fi\/","name":"Trafox","description":"Maailmanluokan laatua. Suomalaisella asenteella.","potentialAction":[{"@type":"SearchAction","target":{"@type":"EntryPoint","urlTemplate":"https:\/\/www.trafox.fi\/?s={search_term_string}"},"query-input":"required name=search_term_string"}],"inLanguage":"sv-SE"}]}},"_links":{"self":[{"href":"https:\/\/www.trafox.fi\/sv\/wp-json\/wp\/v2\/pages\/767","targetHints":{"allow":["GET"]}}],"collection":[{"href":"https:\/\/www.trafox.fi\/sv\/wp-json\/wp\/v2\/pages"}],"about":[{"href":"https:\/\/www.trafox.fi\/sv\/wp-json\/wp\/v2\/types\/page"}],"author":[{"embeddable":true,"href":"https:\/\/www.trafox.fi\/sv\/wp-json\/wp\/v2\/users\/1"}],"replies":[{"embeddable":true,"href":"https:\/\/www.trafox.fi\/sv\/wp-json\/wp\/v2\/comments?post=767"}],"version-history":[{"count":2,"href":"https:\/\/www.trafox.fi\/sv\/wp-json\/wp\/v2\/pages\/767\/revisions"}],"predecessor-version":[{"id":3728,"href":"https:\/\/www.trafox.fi\/sv\/wp-json\/wp\/v2\/pages\/767\/revisions\/3728"}],"up":[{"embeddable":true,"href":"https:\/\/www.trafox.fi\/sv\/wp-json\/wp\/v2\/pages\/464"}],"wp:attachment":[{"href":"https:\/\/www.trafox.fi\/sv\/wp-json\/wp\/v2\/media?parent=767"}],"curies":[{"name":"wp","href":"https:\/\/api.w.org\/{rel}","templated":true}]}}