{"id":482,"date":"2014-03-21T13:44:31","date_gmt":"2014-03-21T11:44:31","guid":{"rendered":"https:\/\/www.trafox.fi\/?page_id=482"},"modified":"2015-04-09T14:15:13","modified_gmt":"2015-04-09T11:15:13","slug":"trafox-superintend","status":"publish","type":"page","link":"https:\/\/www.trafox.fi\/sv\/produkter\/trafox-superintend\/","title":{"rendered":"Trafox Superintend\u00ae"},"content":{"rendered":"<p class=\"p1\"><span class=\"s1\">V\u00e5ra innovativa \u00f6vervakningsanordningar f\u00f6r isolationsniv\u00e5 och felstr\u00f6m har utformats f\u00f6r anv\u00e4ndningsomr\u00e5den inom industri, f\u00f6rnybar energi, skeppsvarv, l\u00e4kemedelsindustri, byggnadsindustri och tung industri.<\/span><\/p>\n<p class=\"p1\"><span class=\"s1\">V\u00e5r l\u00e5nga erfarenhet vid utformningen av \u00f6vervakningsanordningarna, kontinuerlig utveckling och anv\u00e4ndning av spetsteknik garanterar v\u00e5ra kunder optimala produkter som passar just deras behov. Vi l\u00e4gger stor vikt vid p\u00e5litlighet och drifts\u00e4kerhet vid utformningen och tillverkningen av v\u00e5ra apparater samt m\u00f6jligheten att g\u00f6ra \u00f6vervakningsomgivningen \u00e4n mer kostnadseffektiv oberoende av anv\u00e4ndningsomr\u00e5det<\/span><\/p>\n","protected":false},"excerpt":{"rendered":"<p>V\u00e5ra innovativa \u00f6vervakningsanordningar f\u00f6r isolationsniv\u00e5 och felstr\u00f6m har utformats f\u00f6r anv\u00e4ndningsomr\u00e5den inom industri, f\u00f6rnybar energi, skeppsvarv, l\u00e4kemedelsindustri, byggnadsindustri och tung industri. V\u00e5r l\u00e5nga erfarenhet vid utformningen av \u00f6vervakningsanordningarna, kontinuerlig utveckling och anv\u00e4ndning av spetsteknik garanterar v\u00e5ra kunder optimala produkter som passar just deras behov. Vi l\u00e4gger stor vikt vid p\u00e5litlighet och drifts\u00e4kerhet vid utformningen och [&hellip;]<\/p>\n","protected":false},"author":1,"featured_media":1449,"parent":444,"menu_order":2,"comment_status":"closed","ping_status":"closed","template":"page-templates\/prods-main-list.php","meta":{"footnotes":""},"class_list":["post-482","page","type-page","status-publish","has-post-thumbnail","hentry"],"acf":[],"yoast_head":"<!-- This site is optimized with the Yoast SEO plugin v20.10 - https:\/\/yoast.com\/wordpress\/plugins\/seo\/ -->\n<title>Trafox Superintend\u00ae - Trafox<\/title>\n<meta name=\"robots\" content=\"index, follow, max-snippet:-1, max-image-preview:large, max-video-preview:-1\" \/>\n<link rel=\"canonical\" href=\"https:\/\/www.trafox.fi\/tuotteet\/trafox-superintend\/\" \/>\n<meta property=\"og:locale\" content=\"sv_SE\" \/>\n<meta property=\"og:type\" content=\"article\" \/>\n<meta property=\"og:title\" content=\"Trafox Superintend\u00ae - Trafox\" \/>\n<meta property=\"og:description\" content=\"V\u00e5ra innovativa \u00f6vervakningsanordningar f\u00f6r isolationsniv\u00e5 och felstr\u00f6m har utformats f\u00f6r anv\u00e4ndningsomr\u00e5den inom industri, f\u00f6rnybar energi, skeppsvarv, l\u00e4kemedelsindustri, byggnadsindustri och tung industri. V\u00e5r l\u00e5nga erfarenhet vid utformningen av \u00f6vervakningsanordningarna, kontinuerlig utveckling och anv\u00e4ndning av spetsteknik garanterar v\u00e5ra kunder optimala produkter som passar just deras behov. Vi l\u00e4gger stor vikt vid p\u00e5litlighet och drifts\u00e4kerhet vid utformningen och [&hellip;]\" \/>\n<meta property=\"og:url\" content=\"https:\/\/www.trafox.fi\/tuotteet\/trafox-superintend\/\" \/>\n<meta property=\"og:site_name\" content=\"Trafox\" \/>\n<meta property=\"article:modified_time\" content=\"2015-04-09T11:15:13+00:00\" \/>\n<meta property=\"og:image\" content=\"https:\/\/www.trafox.fi\/wp-content\/uploads\/2015\/04\/IM-01_etu_bl.jpg\" \/>\n\t<meta property=\"og:image:width\" content=\"3216\" \/>\n\t<meta property=\"og:image:height\" content=\"2992\" \/>\n\t<meta property=\"og:image:type\" content=\"image\/jpeg\" \/>\n<meta name=\"twitter:card\" content=\"summary_large_image\" \/>\n<script type=\"application\/ld+json\" class=\"yoast-schema-graph\">{\"@context\":\"https:\/\/schema.org\",\"@graph\":[{\"@type\":\"WebPage\",\"@id\":\"https:\/\/www.trafox.fi\/tuotteet\/trafox-superintend\/\",\"url\":\"https:\/\/www.trafox.fi\/tuotteet\/trafox-superintend\/\",\"name\":\"Trafox Superintend\u00ae - Trafox\",\"isPartOf\":{\"@id\":\"https:\/\/www.trafox.fi\/#website\"},\"datePublished\":\"2014-03-21T11:44:31+00:00\",\"dateModified\":\"2015-04-09T11:15:13+00:00\",\"breadcrumb\":{\"@id\":\"https:\/\/www.trafox.fi\/tuotteet\/trafox-superintend\/#breadcrumb\"},\"inLanguage\":\"sv-SE\",\"potentialAction\":[{\"@type\":\"ReadAction\",\"target\":[\"https:\/\/www.trafox.fi\/tuotteet\/trafox-superintend\/\"]}]},{\"@type\":\"BreadcrumbList\",\"@id\":\"https:\/\/www.trafox.fi\/tuotteet\/trafox-superintend\/#breadcrumb\",\"itemListElement\":[{\"@type\":\"ListItem\",\"position\":1,\"name\":\"Home\",\"item\":\"https:\/\/www.trafox.fi\/sv\/\"},{\"@type\":\"ListItem\",\"position\":2,\"name\":\"Produkter\",\"item\":\"https:\/\/www.trafox.fi\/sv\/produkter\/\"},{\"@type\":\"ListItem\",\"position\":3,\"name\":\"Trafox Superintend\u00ae\"}]},{\"@type\":\"WebSite\",\"@id\":\"https:\/\/www.trafox.fi\/#website\",\"url\":\"https:\/\/www.trafox.fi\/\",\"name\":\"Trafox\",\"description\":\"Maailmanluokan laatua. Suomalaisella asenteella.\",\"potentialAction\":[{\"@type\":\"SearchAction\",\"target\":{\"@type\":\"EntryPoint\",\"urlTemplate\":\"https:\/\/www.trafox.fi\/?s={search_term_string}\"},\"query-input\":\"required name=search_term_string\"}],\"inLanguage\":\"sv-SE\"}]}<\/script>\n<!-- \/ Yoast SEO plugin. -->","yoast_head_json":{"title":"Trafox Superintend\u00ae - Trafox","robots":{"index":"index","follow":"follow","max-snippet":"max-snippet:-1","max-image-preview":"max-image-preview:large","max-video-preview":"max-video-preview:-1"},"canonical":"https:\/\/www.trafox.fi\/tuotteet\/trafox-superintend\/","og_locale":"sv_SE","og_type":"article","og_title":"Trafox Superintend\u00ae - Trafox","og_description":"V\u00e5ra innovativa \u00f6vervakningsanordningar f\u00f6r isolationsniv\u00e5 och felstr\u00f6m har utformats f\u00f6r anv\u00e4ndningsomr\u00e5den inom industri, f\u00f6rnybar energi, skeppsvarv, l\u00e4kemedelsindustri, byggnadsindustri och tung industri. V\u00e5r l\u00e5nga erfarenhet vid utformningen av \u00f6vervakningsanordningarna, kontinuerlig utveckling och anv\u00e4ndning av spetsteknik garanterar v\u00e5ra kunder optimala produkter som passar just deras behov. Vi l\u00e4gger stor vikt vid p\u00e5litlighet och drifts\u00e4kerhet vid utformningen och [&hellip;]","og_url":"https:\/\/www.trafox.fi\/tuotteet\/trafox-superintend\/","og_site_name":"Trafox","article_modified_time":"2015-04-09T11:15:13+00:00","og_image":[{"width":3216,"height":2992,"url":"https:\/\/www.trafox.fi\/wp-content\/uploads\/2015\/04\/IM-01_etu_bl.jpg","type":"image\/jpeg"}],"twitter_card":"summary_large_image","schema":{"@context":"https:\/\/schema.org","@graph":[{"@type":"WebPage","@id":"https:\/\/www.trafox.fi\/tuotteet\/trafox-superintend\/","url":"https:\/\/www.trafox.fi\/tuotteet\/trafox-superintend\/","name":"Trafox Superintend\u00ae - Trafox","isPartOf":{"@id":"https:\/\/www.trafox.fi\/#website"},"datePublished":"2014-03-21T11:44:31+00:00","dateModified":"2015-04-09T11:15:13+00:00","breadcrumb":{"@id":"https:\/\/www.trafox.fi\/tuotteet\/trafox-superintend\/#breadcrumb"},"inLanguage":"sv-SE","potentialAction":[{"@type":"ReadAction","target":["https:\/\/www.trafox.fi\/tuotteet\/trafox-superintend\/"]}]},{"@type":"BreadcrumbList","@id":"https:\/\/www.trafox.fi\/tuotteet\/trafox-superintend\/#breadcrumb","itemListElement":[{"@type":"ListItem","position":1,"name":"Home","item":"https:\/\/www.trafox.fi\/sv\/"},{"@type":"ListItem","position":2,"name":"Produkter","item":"https:\/\/www.trafox.fi\/sv\/produkter\/"},{"@type":"ListItem","position":3,"name":"Trafox Superintend\u00ae"}]},{"@type":"WebSite","@id":"https:\/\/www.trafox.fi\/#website","url":"https:\/\/www.trafox.fi\/","name":"Trafox","description":"Maailmanluokan laatua. Suomalaisella asenteella.","potentialAction":[{"@type":"SearchAction","target":{"@type":"EntryPoint","urlTemplate":"https:\/\/www.trafox.fi\/?s={search_term_string}"},"query-input":"required name=search_term_string"}],"inLanguage":"sv-SE"}]}},"_links":{"self":[{"href":"https:\/\/www.trafox.fi\/sv\/wp-json\/wp\/v2\/pages\/482","targetHints":{"allow":["GET"]}}],"collection":[{"href":"https:\/\/www.trafox.fi\/sv\/wp-json\/wp\/v2\/pages"}],"about":[{"href":"https:\/\/www.trafox.fi\/sv\/wp-json\/wp\/v2\/types\/page"}],"author":[{"embeddable":true,"href":"https:\/\/www.trafox.fi\/sv\/wp-json\/wp\/v2\/users\/1"}],"replies":[{"embeddable":true,"href":"https:\/\/www.trafox.fi\/sv\/wp-json\/wp\/v2\/comments?post=482"}],"version-history":[{"count":5,"href":"https:\/\/www.trafox.fi\/sv\/wp-json\/wp\/v2\/pages\/482\/revisions"}],"predecessor-version":[{"id":1055,"href":"https:\/\/www.trafox.fi\/sv\/wp-json\/wp\/v2\/pages\/482\/revisions\/1055"}],"up":[{"embeddable":true,"href":"https:\/\/www.trafox.fi\/sv\/wp-json\/wp\/v2\/pages\/444"}],"wp:featuredmedia":[{"embeddable":true,"href":"https:\/\/www.trafox.fi\/sv\/wp-json\/wp\/v2\/media\/1449"}],"wp:attachment":[{"href":"https:\/\/www.trafox.fi\/sv\/wp-json\/wp\/v2\/media?parent=482"}],"curies":[{"name":"wp","href":"https:\/\/api.w.org\/{rel}","templated":true}]}}