{"id":478,"date":"2014-03-21T13:44:00","date_gmt":"2014-03-21T11:44:00","guid":{"rendered":"https:\/\/www.trafox.fi\/?page_id=478"},"modified":"2021-02-09T09:05:24","modified_gmt":"2021-02-09T07:05:24","slug":"reaktorer","status":"publish","type":"page","link":"https:\/\/www.trafox.fi\/sv\/produkter\/reaktorer\/","title":{"rendered":"Reaktorer"},"content":{"rendered":"<p class=\"normal\"><span lang=\"IT\">Drosslar anv\u00e4nds f\u00f6r d\u00e4mpning av str\u00f6mspikar och harmoniska \u00f6vertoner och skydd mot \u00f6versp\u00e4nningar. Vi tillverkar b\u00e5de sm\u00e5 och stora drosslar av j\u00e4rn-, ferrit- och luftk\u00e4rnor. De st\u00f6rre komponenterna \u00e4r avsedda f\u00f6r behov inom tung industri. Trafox drosslarna (bl.a. drosslar f\u00f6r frekvensomvandlare, filterdrosslar, seriereaktorer och vattenkylda drosslar) har utformats f\u00f6r att garantera p\u00e5litlighet och l\u00e5g energif\u00f6rlust. Anv\u00e4ndningsomr\u00e5dena \u00e4r industri, byggbransch, energiteknik och skeppsvarv samt olika applikationer s\u00e5som frekvensomvandlare, elfordon, effektk\u00e4llor eller elmotorer.<\/span><\/p>\n<p class=\"normal\"><span lang=\"IT\">Drosslarnas egenskaper, m\u00e5tt, konstruktion och monteringsm\u00f6jligheter kan skr\u00e4ddarsys flexibelt enligt kundernas krav och anv\u00e4ndningsbehov. Vi utvecklar kontinuerligt egna utformnings-, kontroll- och tillverkningsprocesser f\u00f6r att m\u00f6ta upp de allt h\u00f6gre kraven.<\/span><\/p>\n","protected":false},"excerpt":{"rendered":"<p>Drosslar anv\u00e4nds f\u00f6r d\u00e4mpning av str\u00f6mspikar och harmoniska \u00f6vertoner och skydd mot \u00f6versp\u00e4nningar. Vi tillverkar b\u00e5de sm\u00e5 och stora drosslar av j\u00e4rn-, ferrit- och luftk\u00e4rnor. De st\u00f6rre komponenterna \u00e4r avsedda f\u00f6r behov inom tung industri. Trafox drosslarna (bl.a. drosslar f\u00f6r frekvensomvandlare, filterdrosslar, seriereaktorer och vattenkylda drosslar) har utformats f\u00f6r att garantera p\u00e5litlighet och l\u00e5g energif\u00f6rlust. [&hellip;]<\/p>\n","protected":false},"author":1,"featured_media":325,"parent":444,"menu_order":2,"comment_status":"closed","ping_status":"closed","template":"page-templates\/prods-main-list.php","meta":{"footnotes":""},"class_list":["post-478","page","type-page","status-publish","has-post-thumbnail","hentry"],"acf":[],"yoast_head":"<!-- This site is optimized with the Yoast SEO plugin v20.10 - https:\/\/yoast.com\/wordpress\/plugins\/seo\/ -->\n<title>Reaktorer - Trafox<\/title>\n<meta name=\"robots\" content=\"index, follow, max-snippet:-1, max-image-preview:large, max-video-preview:-1\" \/>\n<link rel=\"canonical\" href=\"https:\/\/www.trafox.fi\/tuotteet\/kuristimet\/\" \/>\n<meta property=\"og:locale\" content=\"sv_SE\" \/>\n<meta property=\"og:type\" content=\"article\" \/>\n<meta property=\"og:title\" content=\"Reaktorer - Trafox\" \/>\n<meta property=\"og:description\" content=\"Drosslar anv\u00e4nds f\u00f6r d\u00e4mpning av str\u00f6mspikar och harmoniska \u00f6vertoner och skydd mot \u00f6versp\u00e4nningar. Vi tillverkar b\u00e5de sm\u00e5 och stora drosslar av j\u00e4rn-, ferrit- och luftk\u00e4rnor. De st\u00f6rre komponenterna \u00e4r avsedda f\u00f6r behov inom tung industri. Trafox drosslarna (bl.a. drosslar f\u00f6r frekvensomvandlare, filterdrosslar, seriereaktorer och vattenkylda drosslar) har utformats f\u00f6r att garantera p\u00e5litlighet och l\u00e5g energif\u00f6rlust. [&hellip;]\" \/>\n<meta property=\"og:url\" content=\"https:\/\/www.trafox.fi\/tuotteet\/kuristimet\/\" \/>\n<meta property=\"og:site_name\" content=\"Trafox\" \/>\n<meta property=\"article:modified_time\" content=\"2021-02-09T07:05:24+00:00\" \/>\n<meta property=\"og:image\" content=\"https:\/\/www.trafox.fi\/wp-content\/uploads\/2014\/08\/3INPP-e1408623942137.jpg\" \/>\n\t<meta property=\"og:image:width\" content=\"300\" \/>\n\t<meta property=\"og:image:height\" content=\"297\" \/>\n\t<meta property=\"og:image:type\" content=\"image\/jpeg\" \/>\n<meta name=\"twitter:card\" content=\"summary_large_image\" \/>\n<meta name=\"twitter:label1\" content=\"Ber\u00e4knad l\u00e4stid\" \/>\n\t<meta name=\"twitter:data1\" content=\"1 minut\" \/>\n<script type=\"application\/ld+json\" class=\"yoast-schema-graph\">{\"@context\":\"https:\/\/schema.org\",\"@graph\":[{\"@type\":\"WebPage\",\"@id\":\"https:\/\/www.trafox.fi\/tuotteet\/kuristimet\/\",\"url\":\"https:\/\/www.trafox.fi\/tuotteet\/kuristimet\/\",\"name\":\"Reaktorer - Trafox\",\"isPartOf\":{\"@id\":\"https:\/\/www.trafox.fi\/#website\"},\"datePublished\":\"2014-03-21T11:44:00+00:00\",\"dateModified\":\"2021-02-09T07:05:24+00:00\",\"breadcrumb\":{\"@id\":\"https:\/\/www.trafox.fi\/tuotteet\/kuristimet\/#breadcrumb\"},\"inLanguage\":\"sv-SE\",\"potentialAction\":[{\"@type\":\"ReadAction\",\"target\":[\"https:\/\/www.trafox.fi\/tuotteet\/kuristimet\/\"]}]},{\"@type\":\"BreadcrumbList\",\"@id\":\"https:\/\/www.trafox.fi\/tuotteet\/kuristimet\/#breadcrumb\",\"itemListElement\":[{\"@type\":\"ListItem\",\"position\":1,\"name\":\"Home\",\"item\":\"https:\/\/www.trafox.fi\/sv\/\"},{\"@type\":\"ListItem\",\"position\":2,\"name\":\"Produkter\",\"item\":\"https:\/\/www.trafox.fi\/sv\/produkter\/\"},{\"@type\":\"ListItem\",\"position\":3,\"name\":\"Reaktorer\"}]},{\"@type\":\"WebSite\",\"@id\":\"https:\/\/www.trafox.fi\/#website\",\"url\":\"https:\/\/www.trafox.fi\/\",\"name\":\"Trafox\",\"description\":\"Maailmanluokan laatua. Suomalaisella asenteella.\",\"potentialAction\":[{\"@type\":\"SearchAction\",\"target\":{\"@type\":\"EntryPoint\",\"urlTemplate\":\"https:\/\/www.trafox.fi\/?s={search_term_string}\"},\"query-input\":\"required name=search_term_string\"}],\"inLanguage\":\"sv-SE\"}]}<\/script>\n<!-- \/ Yoast SEO plugin. -->","yoast_head_json":{"title":"Reaktorer - Trafox","robots":{"index":"index","follow":"follow","max-snippet":"max-snippet:-1","max-image-preview":"max-image-preview:large","max-video-preview":"max-video-preview:-1"},"canonical":"https:\/\/www.trafox.fi\/tuotteet\/kuristimet\/","og_locale":"sv_SE","og_type":"article","og_title":"Reaktorer - Trafox","og_description":"Drosslar anv\u00e4nds f\u00f6r d\u00e4mpning av str\u00f6mspikar och harmoniska \u00f6vertoner och skydd mot \u00f6versp\u00e4nningar. Vi tillverkar b\u00e5de sm\u00e5 och stora drosslar av j\u00e4rn-, ferrit- och luftk\u00e4rnor. De st\u00f6rre komponenterna \u00e4r avsedda f\u00f6r behov inom tung industri. Trafox drosslarna (bl.a. drosslar f\u00f6r frekvensomvandlare, filterdrosslar, seriereaktorer och vattenkylda drosslar) har utformats f\u00f6r att garantera p\u00e5litlighet och l\u00e5g energif\u00f6rlust. [&hellip;]","og_url":"https:\/\/www.trafox.fi\/tuotteet\/kuristimet\/","og_site_name":"Trafox","article_modified_time":"2021-02-09T07:05:24+00:00","og_image":[{"width":300,"height":297,"url":"https:\/\/www.trafox.fi\/wp-content\/uploads\/2014\/08\/3INPP-e1408623942137.jpg","type":"image\/jpeg"}],"twitter_card":"summary_large_image","twitter_misc":{"Ber\u00e4knad l\u00e4stid":"1 minut"},"schema":{"@context":"https:\/\/schema.org","@graph":[{"@type":"WebPage","@id":"https:\/\/www.trafox.fi\/tuotteet\/kuristimet\/","url":"https:\/\/www.trafox.fi\/tuotteet\/kuristimet\/","name":"Reaktorer - Trafox","isPartOf":{"@id":"https:\/\/www.trafox.fi\/#website"},"datePublished":"2014-03-21T11:44:00+00:00","dateModified":"2021-02-09T07:05:24+00:00","breadcrumb":{"@id":"https:\/\/www.trafox.fi\/tuotteet\/kuristimet\/#breadcrumb"},"inLanguage":"sv-SE","potentialAction":[{"@type":"ReadAction","target":["https:\/\/www.trafox.fi\/tuotteet\/kuristimet\/"]}]},{"@type":"BreadcrumbList","@id":"https:\/\/www.trafox.fi\/tuotteet\/kuristimet\/#breadcrumb","itemListElement":[{"@type":"ListItem","position":1,"name":"Home","item":"https:\/\/www.trafox.fi\/sv\/"},{"@type":"ListItem","position":2,"name":"Produkter","item":"https:\/\/www.trafox.fi\/sv\/produkter\/"},{"@type":"ListItem","position":3,"name":"Reaktorer"}]},{"@type":"WebSite","@id":"https:\/\/www.trafox.fi\/#website","url":"https:\/\/www.trafox.fi\/","name":"Trafox","description":"Maailmanluokan laatua. Suomalaisella asenteella.","potentialAction":[{"@type":"SearchAction","target":{"@type":"EntryPoint","urlTemplate":"https:\/\/www.trafox.fi\/?s={search_term_string}"},"query-input":"required name=search_term_string"}],"inLanguage":"sv-SE"}]}},"_links":{"self":[{"href":"https:\/\/www.trafox.fi\/sv\/wp-json\/wp\/v2\/pages\/478","targetHints":{"allow":["GET"]}}],"collection":[{"href":"https:\/\/www.trafox.fi\/sv\/wp-json\/wp\/v2\/pages"}],"about":[{"href":"https:\/\/www.trafox.fi\/sv\/wp-json\/wp\/v2\/types\/page"}],"author":[{"embeddable":true,"href":"https:\/\/www.trafox.fi\/sv\/wp-json\/wp\/v2\/users\/1"}],"replies":[{"embeddable":true,"href":"https:\/\/www.trafox.fi\/sv\/wp-json\/wp\/v2\/comments?post=478"}],"version-history":[{"count":6,"href":"https:\/\/www.trafox.fi\/sv\/wp-json\/wp\/v2\/pages\/478\/revisions"}],"predecessor-version":[{"id":3668,"href":"https:\/\/www.trafox.fi\/sv\/wp-json\/wp\/v2\/pages\/478\/revisions\/3668"}],"up":[{"embeddable":true,"href":"https:\/\/www.trafox.fi\/sv\/wp-json\/wp\/v2\/pages\/444"}],"wp:featuredmedia":[{"embeddable":true,"href":"https:\/\/www.trafox.fi\/sv\/wp-json\/wp\/v2\/media\/325"}],"wp:attachment":[{"href":"https:\/\/www.trafox.fi\/sv\/wp-json\/wp\/v2\/media?parent=478"}],"curies":[{"name":"wp","href":"https:\/\/api.w.org\/{rel}","templated":true}]}}