{"id":474,"date":"2014-03-21T13:43:41","date_gmt":"2014-03-21T11:43:41","guid":{"rendered":"https:\/\/www.trafox.fi\/?page_id=474"},"modified":"2021-02-09T08:33:13","modified_gmt":"2021-02-09T06:33:13","slug":"filter","status":"publish","type":"page","link":"https:\/\/www.trafox.fi\/sv\/produkter\/filter\/","title":{"rendered":"Filter"},"content":{"rendered":"<p>Filtren beh\u00f6vs f\u00f6r filtrering av motorns matningssp\u00e4nning vid anv\u00e4ndning av frekvensomvandlare. Filtreringen garanterar l\u00e4ngre livsl\u00e4ngd f\u00f6r motorn, l\u00e4gre temperatur och b\u00e4ttre drifts\u00e4kerhet. Anv\u00e4ndningsomr\u00e5dena \u00e4r industri, byggbransch, energiteknik och skeppsvarv samt olika applikationer s\u00e5som elmotorer, kompressorer eller kylsystem.<\/p>\n<p>V\u00e5rd produktutbud omfattar DU\/dt- och sinusfilter. Filtrens egenskaper, m\u00e5tt, konstruktion och monteringsm\u00f6jligheter kan skr\u00e4ddarsys flexibelt enligt kundernas krav och anv\u00e4ndningsbehov. Vi utvecklar kontinuerligt egna utformnings-, kontroll- och tillverkningsprocesser f\u00f6r att m\u00f6ta upp de allt h\u00f6gre kraven.<\/p>\n","protected":false},"excerpt":{"rendered":"<p>Filtren beh\u00f6vs f\u00f6r filtrering av motorns matningssp\u00e4nning vid anv\u00e4ndning av frekvensomvandlare. Filtreringen garanterar l\u00e4ngre livsl\u00e4ngd f\u00f6r motorn, l\u00e4gre temperatur och b\u00e4ttre drifts\u00e4kerhet. Anv\u00e4ndningsomr\u00e5dena \u00e4r industri, byggbransch, energiteknik och skeppsvarv samt olika applikationer s\u00e5som elmotorer, kompressorer eller kylsystem. V\u00e5rd produktutbud omfattar DU\/dt- och sinusfilter. Filtrens egenskaper, m\u00e5tt, konstruktion och monteringsm\u00f6jligheter kan skr\u00e4ddarsys flexibelt enligt kundernas krav [&hellip;]<\/p>\n","protected":false},"author":1,"featured_media":1310,"parent":444,"menu_order":2,"comment_status":"closed","ping_status":"closed","template":"page-templates\/prods-main-list.php","meta":{"footnotes":""},"class_list":["post-474","page","type-page","status-publish","has-post-thumbnail","hentry"],"acf":[],"yoast_head":"<!-- This site is optimized with the Yoast SEO plugin v20.10 - https:\/\/yoast.com\/wordpress\/plugins\/seo\/ -->\n<title>Filter - Trafox<\/title>\n<meta name=\"robots\" content=\"index, follow, max-snippet:-1, max-image-preview:large, max-video-preview:-1\" \/>\n<link rel=\"canonical\" href=\"https:\/\/www.trafox.fi\/tuotteet\/suodattimet\/\" \/>\n<meta property=\"og:locale\" content=\"sv_SE\" \/>\n<meta property=\"og:type\" content=\"article\" \/>\n<meta property=\"og:title\" content=\"Filter - Trafox\" \/>\n<meta property=\"og:description\" content=\"Filtren beh\u00f6vs f\u00f6r filtrering av motorns matningssp\u00e4nning vid anv\u00e4ndning av frekvensomvandlare. Filtreringen garanterar l\u00e4ngre livsl\u00e4ngd f\u00f6r motorn, l\u00e4gre temperatur och b\u00e4ttre drifts\u00e4kerhet. Anv\u00e4ndningsomr\u00e5dena \u00e4r industri, byggbransch, energiteknik och skeppsvarv samt olika applikationer s\u00e5som elmotorer, kompressorer eller kylsystem. V\u00e5rd produktutbud omfattar DU\/dt- och sinusfilter. Filtrens egenskaper, m\u00e5tt, konstruktion och monteringsm\u00f6jligheter kan skr\u00e4ddarsys flexibelt enligt kundernas krav [&hellip;]\" \/>\n<meta property=\"og:url\" content=\"https:\/\/www.trafox.fi\/tuotteet\/suodattimet\/\" \/>\n<meta property=\"og:site_name\" content=\"Trafox\" \/>\n<meta property=\"article:modified_time\" content=\"2021-02-09T06:33:13+00:00\" \/>\n<meta property=\"og:image\" content=\"https:\/\/www.trafox.fi\/wp-content\/uploads\/2015\/04\/DU_dt.jpg\" \/>\n\t<meta property=\"og:image:width\" content=\"3232\" \/>\n\t<meta property=\"og:image:height\" content=\"3744\" \/>\n\t<meta property=\"og:image:type\" content=\"image\/jpeg\" \/>\n<meta name=\"twitter:card\" content=\"summary_large_image\" \/>\n<script type=\"application\/ld+json\" class=\"yoast-schema-graph\">{\"@context\":\"https:\/\/schema.org\",\"@graph\":[{\"@type\":\"WebPage\",\"@id\":\"https:\/\/www.trafox.fi\/tuotteet\/suodattimet\/\",\"url\":\"https:\/\/www.trafox.fi\/tuotteet\/suodattimet\/\",\"name\":\"Filter - Trafox\",\"isPartOf\":{\"@id\":\"https:\/\/www.trafox.fi\/#website\"},\"datePublished\":\"2014-03-21T11:43:41+00:00\",\"dateModified\":\"2021-02-09T06:33:13+00:00\",\"breadcrumb\":{\"@id\":\"https:\/\/www.trafox.fi\/tuotteet\/suodattimet\/#breadcrumb\"},\"inLanguage\":\"sv-SE\",\"potentialAction\":[{\"@type\":\"ReadAction\",\"target\":[\"https:\/\/www.trafox.fi\/tuotteet\/suodattimet\/\"]}]},{\"@type\":\"BreadcrumbList\",\"@id\":\"https:\/\/www.trafox.fi\/tuotteet\/suodattimet\/#breadcrumb\",\"itemListElement\":[{\"@type\":\"ListItem\",\"position\":1,\"name\":\"Home\",\"item\":\"https:\/\/www.trafox.fi\/sv\/\"},{\"@type\":\"ListItem\",\"position\":2,\"name\":\"Produkter\",\"item\":\"https:\/\/www.trafox.fi\/sv\/produkter\/\"},{\"@type\":\"ListItem\",\"position\":3,\"name\":\"Filter\"}]},{\"@type\":\"WebSite\",\"@id\":\"https:\/\/www.trafox.fi\/#website\",\"url\":\"https:\/\/www.trafox.fi\/\",\"name\":\"Trafox\",\"description\":\"Maailmanluokan laatua. Suomalaisella asenteella.\",\"potentialAction\":[{\"@type\":\"SearchAction\",\"target\":{\"@type\":\"EntryPoint\",\"urlTemplate\":\"https:\/\/www.trafox.fi\/?s={search_term_string}\"},\"query-input\":\"required name=search_term_string\"}],\"inLanguage\":\"sv-SE\"}]}<\/script>\n<!-- \/ Yoast SEO plugin. -->","yoast_head_json":{"title":"Filter - Trafox","robots":{"index":"index","follow":"follow","max-snippet":"max-snippet:-1","max-image-preview":"max-image-preview:large","max-video-preview":"max-video-preview:-1"},"canonical":"https:\/\/www.trafox.fi\/tuotteet\/suodattimet\/","og_locale":"sv_SE","og_type":"article","og_title":"Filter - Trafox","og_description":"Filtren beh\u00f6vs f\u00f6r filtrering av motorns matningssp\u00e4nning vid anv\u00e4ndning av frekvensomvandlare. Filtreringen garanterar l\u00e4ngre livsl\u00e4ngd f\u00f6r motorn, l\u00e4gre temperatur och b\u00e4ttre drifts\u00e4kerhet. Anv\u00e4ndningsomr\u00e5dena \u00e4r industri, byggbransch, energiteknik och skeppsvarv samt olika applikationer s\u00e5som elmotorer, kompressorer eller kylsystem. V\u00e5rd produktutbud omfattar DU\/dt- och sinusfilter. Filtrens egenskaper, m\u00e5tt, konstruktion och monteringsm\u00f6jligheter kan skr\u00e4ddarsys flexibelt enligt kundernas krav [&hellip;]","og_url":"https:\/\/www.trafox.fi\/tuotteet\/suodattimet\/","og_site_name":"Trafox","article_modified_time":"2021-02-09T06:33:13+00:00","og_image":[{"width":3232,"height":3744,"url":"https:\/\/www.trafox.fi\/wp-content\/uploads\/2015\/04\/DU_dt.jpg","type":"image\/jpeg"}],"twitter_card":"summary_large_image","schema":{"@context":"https:\/\/schema.org","@graph":[{"@type":"WebPage","@id":"https:\/\/www.trafox.fi\/tuotteet\/suodattimet\/","url":"https:\/\/www.trafox.fi\/tuotteet\/suodattimet\/","name":"Filter - Trafox","isPartOf":{"@id":"https:\/\/www.trafox.fi\/#website"},"datePublished":"2014-03-21T11:43:41+00:00","dateModified":"2021-02-09T06:33:13+00:00","breadcrumb":{"@id":"https:\/\/www.trafox.fi\/tuotteet\/suodattimet\/#breadcrumb"},"inLanguage":"sv-SE","potentialAction":[{"@type":"ReadAction","target":["https:\/\/www.trafox.fi\/tuotteet\/suodattimet\/"]}]},{"@type":"BreadcrumbList","@id":"https:\/\/www.trafox.fi\/tuotteet\/suodattimet\/#breadcrumb","itemListElement":[{"@type":"ListItem","position":1,"name":"Home","item":"https:\/\/www.trafox.fi\/sv\/"},{"@type":"ListItem","position":2,"name":"Produkter","item":"https:\/\/www.trafox.fi\/sv\/produkter\/"},{"@type":"ListItem","position":3,"name":"Filter"}]},{"@type":"WebSite","@id":"https:\/\/www.trafox.fi\/#website","url":"https:\/\/www.trafox.fi\/","name":"Trafox","description":"Maailmanluokan laatua. Suomalaisella asenteella.","potentialAction":[{"@type":"SearchAction","target":{"@type":"EntryPoint","urlTemplate":"https:\/\/www.trafox.fi\/?s={search_term_string}"},"query-input":"required name=search_term_string"}],"inLanguage":"sv-SE"}]}},"_links":{"self":[{"href":"https:\/\/www.trafox.fi\/sv\/wp-json\/wp\/v2\/pages\/474","targetHints":{"allow":["GET"]}}],"collection":[{"href":"https:\/\/www.trafox.fi\/sv\/wp-json\/wp\/v2\/pages"}],"about":[{"href":"https:\/\/www.trafox.fi\/sv\/wp-json\/wp\/v2\/types\/page"}],"author":[{"embeddable":true,"href":"https:\/\/www.trafox.fi\/sv\/wp-json\/wp\/v2\/users\/1"}],"replies":[{"embeddable":true,"href":"https:\/\/www.trafox.fi\/sv\/wp-json\/wp\/v2\/comments?post=474"}],"version-history":[{"count":6,"href":"https:\/\/www.trafox.fi\/sv\/wp-json\/wp\/v2\/pages\/474\/revisions"}],"predecessor-version":[{"id":3666,"href":"https:\/\/www.trafox.fi\/sv\/wp-json\/wp\/v2\/pages\/474\/revisions\/3666"}],"up":[{"embeddable":true,"href":"https:\/\/www.trafox.fi\/sv\/wp-json\/wp\/v2\/pages\/444"}],"wp:featuredmedia":[{"embeddable":true,"href":"https:\/\/www.trafox.fi\/sv\/wp-json\/wp\/v2\/media\/1310"}],"wp:attachment":[{"href":"https:\/\/www.trafox.fi\/sv\/wp-json\/wp\/v2\/media?parent=474"}],"curies":[{"name":"wp","href":"https:\/\/api.w.org\/{rel}","templated":true}]}}