{"id":464,"date":"2014-03-19T09:36:08","date_gmt":"2014-03-19T07:36:08","guid":{"rendered":"https:\/\/www.trafox.fi\/?page_id=464"},"modified":"2021-02-09T09:35:46","modified_gmt":"2021-02-09T07:35:46","slug":"transformatorer","status":"publish","type":"page","link":"https:\/\/www.trafox.fi\/sv\/produkter\/transformatorer\/","title":{"rendered":"Transformatorer"},"content":{"rendered":"<p>Under n\u00e5gra tiotals \u00e5r har vi gjort ett l\u00e5ngsiktigt utvecklingsarbete av transformatorerna, b\u00e5de tillsammans med v\u00e5ra kunder och branschens arbetsgrupp som tar fram de internationella standarderna. Samtidigt har vi fortsatt att utveckla v\u00e5ra egna tillverkningsprocedurer och processer s\u00e5 att vi snabbt kan svara upp mot v\u00e5ra kunders behov \u00e4ven\u00a0 i speciella situationer.<\/p>\n<p>V\u00e5rt produktutbud omfattar lindade sm\u00e5komponenter till isolationstransformatorer f\u00f6r medicinskt bruk. Transformatorernas egenskaper, m\u00e5tt, konstruktion och monteringsm\u00f6jligheter skr\u00e4ddarsys flexibelt enligt kundernas krav och anv\u00e4ndningsbehov.<\/p>\n","protected":false},"excerpt":{"rendered":"<p>Under n\u00e5gra tiotals \u00e5r har vi gjort ett l\u00e5ngsiktigt utvecklingsarbete av transformatorerna, b\u00e5de tillsammans med v\u00e5ra kunder och branschens arbetsgrupp som tar fram de internationella standarderna. Samtidigt har vi fortsatt att utveckla v\u00e5ra egna tillverkningsprocedurer och processer s\u00e5 att vi snabbt kan svara upp mot v\u00e5ra kunders behov \u00e4ven\u00a0 i speciella situationer. V\u00e5rt produktutbud omfattar [&hellip;]<\/p>\n","protected":false},"author":1,"featured_media":336,"parent":444,"menu_order":0,"comment_status":"closed","ping_status":"closed","template":"page-templates\/prods-main-list.php","meta":{"footnotes":""},"class_list":["post-464","page","type-page","status-publish","has-post-thumbnail","hentry"],"acf":[],"yoast_head":"<!-- This site is optimized with the Yoast SEO plugin v20.10 - https:\/\/yoast.com\/wordpress\/plugins\/seo\/ -->\n<title>Transformatorer - Trafox<\/title>\n<meta name=\"robots\" content=\"index, follow, max-snippet:-1, max-image-preview:large, max-video-preview:-1\" \/>\n<link rel=\"canonical\" href=\"https:\/\/www.trafox.fi\/sv\/produkter\/transformatorer\/\" \/>\n<meta property=\"og:locale\" content=\"sv_SE\" \/>\n<meta property=\"og:type\" content=\"article\" \/>\n<meta property=\"og:title\" content=\"Transformatorer - Trafox\" \/>\n<meta property=\"og:description\" content=\"Under n\u00e5gra tiotals \u00e5r har vi gjort ett l\u00e5ngsiktigt utvecklingsarbete av transformatorerna, b\u00e5de tillsammans med v\u00e5ra kunder och branschens arbetsgrupp som tar fram de internationella standarderna. Samtidigt har vi fortsatt att utveckla v\u00e5ra egna tillverkningsprocedurer och processer s\u00e5 att vi snabbt kan svara upp mot v\u00e5ra kunders behov \u00e4ven\u00a0 i speciella situationer. V\u00e5rt produktutbud omfattar [&hellip;]\" \/>\n<meta property=\"og:url\" content=\"https:\/\/www.trafox.fi\/sv\/produkter\/transformatorer\/\" \/>\n<meta property=\"og:site_name\" content=\"Trafox\" \/>\n<meta property=\"article:modified_time\" content=\"2021-02-09T07:35:46+00:00\" \/>\n<meta property=\"og:image\" content=\"https:\/\/www.trafox.fi\/wp-content\/uploads\/2014\/08\/LH_ohjausjannitemuuntaja-e1408633039191.jpg\" \/>\n\t<meta property=\"og:image:width\" content=\"4504\" \/>\n\t<meta property=\"og:image:height\" content=\"4848\" \/>\n\t<meta property=\"og:image:type\" content=\"image\/jpeg\" \/>\n<meta name=\"twitter:card\" content=\"summary_large_image\" \/>\n<script type=\"application\/ld+json\" class=\"yoast-schema-graph\">{\"@context\":\"https:\/\/schema.org\",\"@graph\":[{\"@type\":\"WebPage\",\"@id\":\"https:\/\/www.trafox.fi\/sv\/produkter\/transformatorer\/\",\"url\":\"https:\/\/www.trafox.fi\/sv\/produkter\/transformatorer\/\",\"name\":\"Transformatorer - Trafox\",\"isPartOf\":{\"@id\":\"https:\/\/www.trafox.fi\/#website\"},\"datePublished\":\"2014-03-19T07:36:08+00:00\",\"dateModified\":\"2021-02-09T07:35:46+00:00\",\"breadcrumb\":{\"@id\":\"https:\/\/www.trafox.fi\/sv\/produkter\/transformatorer\/#breadcrumb\"},\"inLanguage\":\"sv-SE\",\"potentialAction\":[{\"@type\":\"ReadAction\",\"target\":[\"https:\/\/www.trafox.fi\/sv\/produkter\/transformatorer\/\"]}]},{\"@type\":\"BreadcrumbList\",\"@id\":\"https:\/\/www.trafox.fi\/sv\/produkter\/transformatorer\/#breadcrumb\",\"itemListElement\":[{\"@type\":\"ListItem\",\"position\":1,\"name\":\"Home\",\"item\":\"https:\/\/www.trafox.fi\/sv\/\"},{\"@type\":\"ListItem\",\"position\":2,\"name\":\"Produkter\",\"item\":\"https:\/\/www.trafox.fi\/sv\/produkter\/\"},{\"@type\":\"ListItem\",\"position\":3,\"name\":\"Transformatorer\"}]},{\"@type\":\"WebSite\",\"@id\":\"https:\/\/www.trafox.fi\/#website\",\"url\":\"https:\/\/www.trafox.fi\/\",\"name\":\"Trafox\",\"description\":\"Maailmanluokan laatua. Suomalaisella asenteella.\",\"potentialAction\":[{\"@type\":\"SearchAction\",\"target\":{\"@type\":\"EntryPoint\",\"urlTemplate\":\"https:\/\/www.trafox.fi\/?s={search_term_string}\"},\"query-input\":\"required name=search_term_string\"}],\"inLanguage\":\"sv-SE\"}]}<\/script>\n<!-- \/ Yoast SEO plugin. -->","yoast_head_json":{"title":"Transformatorer - Trafox","robots":{"index":"index","follow":"follow","max-snippet":"max-snippet:-1","max-image-preview":"max-image-preview:large","max-video-preview":"max-video-preview:-1"},"canonical":"https:\/\/www.trafox.fi\/sv\/produkter\/transformatorer\/","og_locale":"sv_SE","og_type":"article","og_title":"Transformatorer - Trafox","og_description":"Under n\u00e5gra tiotals \u00e5r har vi gjort ett l\u00e5ngsiktigt utvecklingsarbete av transformatorerna, b\u00e5de tillsammans med v\u00e5ra kunder och branschens arbetsgrupp som tar fram de internationella standarderna. Samtidigt har vi fortsatt att utveckla v\u00e5ra egna tillverkningsprocedurer och processer s\u00e5 att vi snabbt kan svara upp mot v\u00e5ra kunders behov \u00e4ven\u00a0 i speciella situationer. V\u00e5rt produktutbud omfattar [&hellip;]","og_url":"https:\/\/www.trafox.fi\/sv\/produkter\/transformatorer\/","og_site_name":"Trafox","article_modified_time":"2021-02-09T07:35:46+00:00","og_image":[{"width":4504,"height":4848,"url":"https:\/\/www.trafox.fi\/wp-content\/uploads\/2014\/08\/LH_ohjausjannitemuuntaja-e1408633039191.jpg","type":"image\/jpeg"}],"twitter_card":"summary_large_image","schema":{"@context":"https:\/\/schema.org","@graph":[{"@type":"WebPage","@id":"https:\/\/www.trafox.fi\/sv\/produkter\/transformatorer\/","url":"https:\/\/www.trafox.fi\/sv\/produkter\/transformatorer\/","name":"Transformatorer - Trafox","isPartOf":{"@id":"https:\/\/www.trafox.fi\/#website"},"datePublished":"2014-03-19T07:36:08+00:00","dateModified":"2021-02-09T07:35:46+00:00","breadcrumb":{"@id":"https:\/\/www.trafox.fi\/sv\/produkter\/transformatorer\/#breadcrumb"},"inLanguage":"sv-SE","potentialAction":[{"@type":"ReadAction","target":["https:\/\/www.trafox.fi\/sv\/produkter\/transformatorer\/"]}]},{"@type":"BreadcrumbList","@id":"https:\/\/www.trafox.fi\/sv\/produkter\/transformatorer\/#breadcrumb","itemListElement":[{"@type":"ListItem","position":1,"name":"Home","item":"https:\/\/www.trafox.fi\/sv\/"},{"@type":"ListItem","position":2,"name":"Produkter","item":"https:\/\/www.trafox.fi\/sv\/produkter\/"},{"@type":"ListItem","position":3,"name":"Transformatorer"}]},{"@type":"WebSite","@id":"https:\/\/www.trafox.fi\/#website","url":"https:\/\/www.trafox.fi\/","name":"Trafox","description":"Maailmanluokan laatua. Suomalaisella asenteella.","potentialAction":[{"@type":"SearchAction","target":{"@type":"EntryPoint","urlTemplate":"https:\/\/www.trafox.fi\/?s={search_term_string}"},"query-input":"required name=search_term_string"}],"inLanguage":"sv-SE"}]}},"_links":{"self":[{"href":"https:\/\/www.trafox.fi\/sv\/wp-json\/wp\/v2\/pages\/464","targetHints":{"allow":["GET"]}}],"collection":[{"href":"https:\/\/www.trafox.fi\/sv\/wp-json\/wp\/v2\/pages"}],"about":[{"href":"https:\/\/www.trafox.fi\/sv\/wp-json\/wp\/v2\/types\/page"}],"author":[{"embeddable":true,"href":"https:\/\/www.trafox.fi\/sv\/wp-json\/wp\/v2\/users\/1"}],"replies":[{"embeddable":true,"href":"https:\/\/www.trafox.fi\/sv\/wp-json\/wp\/v2\/comments?post=464"}],"version-history":[{"count":7,"href":"https:\/\/www.trafox.fi\/sv\/wp-json\/wp\/v2\/pages\/464\/revisions"}],"predecessor-version":[{"id":3680,"href":"https:\/\/www.trafox.fi\/sv\/wp-json\/wp\/v2\/pages\/464\/revisions\/3680"}],"up":[{"embeddable":true,"href":"https:\/\/www.trafox.fi\/sv\/wp-json\/wp\/v2\/pages\/444"}],"wp:featuredmedia":[{"embeddable":true,"href":"https:\/\/www.trafox.fi\/sv\/wp-json\/wp\/v2\/media\/336"}],"wp:attachment":[{"href":"https:\/\/www.trafox.fi\/sv\/wp-json\/wp\/v2\/media?parent=464"}],"curies":[{"name":"wp","href":"https:\/\/api.w.org\/{rel}","templated":true}]}}