{"id":452,"date":"2014-12-11T14:33:29","date_gmt":"2014-12-11T12:33:29","guid":{"rendered":"https:\/\/www.trafox.fi\/?page_id=452"},"modified":"2026-01-14T14:55:26","modified_gmt":"2026-01-14T12:55:26","slug":"kontaktuppgifter","status":"publish","type":"page","link":"https:\/\/www.trafox.fi\/sv\/kontaktuppgifter\/","title":{"rendered":"Kontaktuppgifter"},"content":{"rendered":"<h2>MUUNTOS\u00c4HK\u00d6 OY \u2013 TRAFOX (HUVUDKONTOR)<\/h2>\n<p>\u00c4ngsskogsstigen 4, PB 10<br \/>\nFI-00621 Helsingfors<\/p>\n<p>Tfn +358 207 933 700 (v\u00e4xel)<br \/>\nFax +358 207 933 746<\/p>\n<h4><span class=\"HwtZe\" lang=\"sv\"><span class=\"jCAhz ChMk0b\"><span class=\"ryNqvb\">Fakturering<\/span><\/span><\/span><\/h4>\n<table style=\"width: 96.1296%;\">\n<tbody>\n<tr>\n<td style=\"width: 52.8889%;\"><span class=\"HwtZe\" lang=\"sv\"><span class=\"jCAhz ChMk0b\"><span class=\"ryNqvb\">Faktureringsadress online <\/span><\/span><\/span><\/td>\n<td style=\"width: 46.2183%;\">TE003701118553<\/td>\n<\/tr>\n<tr>\n<td style=\"width: 52.8889%;\"><span class=\"HwtZe\" lang=\"sv\"><span class=\"jCAhz ChMk0b\"><span class=\"ryNqvb\">F\u00f6retagsnummer <\/span><\/span><\/span><\/td>\n<td style=\"width: 46.2183%;\">0111855-3<\/td>\n<\/tr>\n<tr>\n<td style=\"width: 52.8889%;\"><span class=\"HwtZe\" lang=\"sv\"><span class=\"jCAhz ChMk0b\"><span class=\"ryNqvb\">Faktureringsoperat\u00f6r online <\/span><\/span><\/span><\/td>\n<td style=\"width: 46.2183%;\">Tietoevry Oyj<\/td>\n<\/tr>\n<tr>\n<td style=\"width: 52.8889%;\"><span class=\"HwtZe\" lang=\"sv\"><span class=\"jCAhz ChMk0b\"><span class=\"ryNqvb\">F\u00f6rmedlare-ID<\/span><\/span><\/span><\/td>\n<td style=\"width: 46.2183%;\">003701011385<\/td>\n<\/tr>\n<tr>\n<td style=\"width: 52.8889%;\"><span class=\"HwtZe\" lang=\"sv\"><span class=\"jCAhz ChMk0b\"><span class=\"ryNqvb\">Faktureringsadress e-postadress <\/span><\/span><\/span><\/td>\n<td style=\"width: 46.2183%;\">tieto_pl2561(at)xbs-salo.com<\/td>\n<\/tr>\n<tr>\n<td style=\"width: 52.8889%;\"><span class=\"HwtZe\" lang=\"sv\"><span class=\"jCAhz ChMk0b\"><span class=\"ryNqvb\">Peppol-ID<\/span><\/span><\/span><\/td>\n<td style=\"width: 46.2183%;\">0216:003701118553<\/td>\n<\/tr>\n<tr>\n<td style=\"width: 52.8889%;\"><span class=\"HwtZe\" lang=\"sv\"><span class=\"jCAhz ChMk0b\"><span class=\"ryNqvb\">Momsregistreringsnumme<\/span><\/span><\/span><\/td>\n<td style=\"width: 46.2183%;\">FI01118553<\/td>\n<\/tr>\n<\/tbody>\n<\/table>\n<p><span class=\"HwtZe\" lang=\"sv\"><span class=\"jCAhz ChMk0b\"><span class=\"ryNqvb\">Pappersfakturor:<\/span><\/span><\/span><br \/>\nMuuntos\u00e4hk\u00f6 Oy<br \/>\nPL 2561<br \/>\n02066 DOCUSCAN<\/p>\n<p>finance(at)trafox.fi<\/p>\n<h3><strong>Muuntos\u00e4hk\u00f6 Oy &#8211; Trafox<\/strong><\/h3>\n<p>Pamilonkatu 3<br \/>\nFI-80100 Joensuu<br \/>\nFinland<\/p>\n<p>Tfn +358 207 933 700\u00a0(v\u00e4xel)<br \/>\nFax +358 207 933 746<\/p>\n<h3><strong>Trafox Eesti O\u00fc<\/strong><\/h3>\n<p>Reinu Tee 44<br \/>\nEE-71020 Viljandi<br \/>\nEstonia<\/p>\n<h3><strong>Suzhou Trafox Electronics Co. Ltd.<\/strong><\/h3>\n<p>Dongfu Road 42, Building 2<br \/>\nSuzhou Industrial Park<br \/>\n215123, P.R.China<\/p>\n<h3>KONTAKTER I FINLAND<\/h3>\n<p>Verkst\u00e4llande direkt\u00f6r<br \/>\n<strong>Jyri Taskinen<\/strong><br \/>\nTfn +358 207 933 700<br \/>\njyri.taskinen(at)trafox.fi<\/p>\n<p>Spedition<br \/>\n<strong>Olga Rots-H\u00e4rk\u00f6nen<\/strong><br \/>\nTfn +358 44 755 2471<br \/>\nolga.rots-harkonen(at)trafox.fi<\/p>\n<p>F\u00f6rs\u00e4ljning<br \/>\nsales(at)trafox.fi<\/p>\n<p>F\u00f6rs\u00e4ljningschef<br \/>\n<strong>Jyri Taskinen<br \/>\n<\/strong>Tfn +358 207 933 700<\/p>\n<h3>REPRESENTANTER I SVERIGE<\/h3>\n<p><strong>UNITRAFO-ELECTRIC AB<\/strong><br \/>\nAskims Industriv\u00e4g 1 A<br \/>\nSE-436 34 ASKIM<br \/>\nTfn +46 31 685 620<br \/>\nFax +46 31 685811<br \/>\ninfo@unitrafo.se<br \/>\nstaffan@unitrafo.se<br \/>\nthomas@unitrafo.se<br \/>\n<a href=\"http:\/\/unitrafo.se\/\">www.unitrafo.se<\/a><\/p>\n<p><strong>GUNNAR BECKMAN AB<\/strong><br \/>\nArvid M\u00f6rnes V\u00e4g 24<br \/>\nSE-168\u00a046\u00a0BROMMA<br \/>\nTfn +46 86462555<br \/>\nFax +46 86467355<br \/>\ninfo@gunnarbeckman.se<\/p>\n","protected":false},"excerpt":{"rendered":"<p>MUUNTOS\u00c4HK\u00d6 OY \u2013 TRAFOX (HUVUDKONTOR) \u00c4ngsskogsstigen 4, PB 10 FI-00621 Helsingfors Tfn +358 207 933 700 (v\u00e4xel) Fax +358 207 933 746 Fakturering Faktureringsadress online TE003701118553 F\u00f6retagsnummer 0111855-3 Faktureringsoperat\u00f6r online Tietoevry Oyj F\u00f6rmedlare-ID 003701011385 Faktureringsadress e-postadress tieto_pl2561(at)xbs-salo.com Peppol-ID 0216:003701118553 Momsregistreringsnumme FI01118553 Pappersfakturor: Muuntos\u00e4hk\u00f6 Oy PL 2561 02066 DOCUSCAN finance(at)trafox.fi Muuntos\u00e4hk\u00f6 Oy &#8211; Trafox Pamilonkatu 3 [&hellip;]<\/p>\n","protected":false},"author":1,"featured_media":0,"parent":0,"menu_order":0,"comment_status":"closed","ping_status":"closed","template":"","meta":{"footnotes":""},"class_list":["post-452","page","type-page","status-publish","hentry"],"acf":[],"yoast_head":"<!-- This site is optimized with the Yoast SEO plugin v20.10 - https:\/\/yoast.com\/wordpress\/plugins\/seo\/ -->\n<title>Kontaktuppgifter - Trafox<\/title>\n<meta name=\"robots\" content=\"index, follow, max-snippet:-1, max-image-preview:large, max-video-preview:-1\" \/>\n<link rel=\"canonical\" href=\"https:\/\/www.trafox.fi\/yhteystiedot\/\" \/>\n<meta property=\"og:locale\" content=\"sv_SE\" \/>\n<meta property=\"og:type\" content=\"article\" \/>\n<meta property=\"og:title\" content=\"Kontaktuppgifter - Trafox\" \/>\n<meta property=\"og:description\" content=\"MUUNTOS\u00c4HK\u00d6 OY \u2013 TRAFOX (HUVUDKONTOR) \u00c4ngsskogsstigen 4, PB 10 FI-00621 Helsingfors Tfn +358 207 933 700 (v\u00e4xel) Fax +358 207 933 746 Fakturering Faktureringsadress online TE003701118553 F\u00f6retagsnummer 0111855-3 Faktureringsoperat\u00f6r online Tietoevry Oyj F\u00f6rmedlare-ID 003701011385 Faktureringsadress e-postadress tieto_pl2561(at)xbs-salo.com Peppol-ID 0216:003701118553 Momsregistreringsnumme FI01118553 Pappersfakturor: Muuntos\u00e4hk\u00f6 Oy PL 2561 02066 DOCUSCAN finance(at)trafox.fi Muuntos\u00e4hk\u00f6 Oy &#8211; Trafox Pamilonkatu 3 [&hellip;]\" \/>\n<meta property=\"og:url\" content=\"https:\/\/www.trafox.fi\/yhteystiedot\/\" \/>\n<meta property=\"og:site_name\" content=\"Trafox\" \/>\n<meta property=\"article:modified_time\" content=\"2026-01-14T12:55:26+00:00\" \/>\n<meta name=\"twitter:card\" content=\"summary_large_image\" \/>\n<meta name=\"twitter:label1\" content=\"Ber\u00e4knad l\u00e4stid\" \/>\n\t<meta name=\"twitter:data1\" content=\"1 minut\" \/>\n<script type=\"application\/ld+json\" class=\"yoast-schema-graph\">{\"@context\":\"https:\/\/schema.org\",\"@graph\":[{\"@type\":\"WebPage\",\"@id\":\"https:\/\/www.trafox.fi\/yhteystiedot\/\",\"url\":\"https:\/\/www.trafox.fi\/yhteystiedot\/\",\"name\":\"Kontaktuppgifter - Trafox\",\"isPartOf\":{\"@id\":\"https:\/\/www.trafox.fi\/#website\"},\"datePublished\":\"2014-12-11T12:33:29+00:00\",\"dateModified\":\"2026-01-14T12:55:26+00:00\",\"breadcrumb\":{\"@id\":\"https:\/\/www.trafox.fi\/yhteystiedot\/#breadcrumb\"},\"inLanguage\":\"sv-SE\",\"potentialAction\":[{\"@type\":\"ReadAction\",\"target\":[\"https:\/\/www.trafox.fi\/yhteystiedot\/\"]}]},{\"@type\":\"BreadcrumbList\",\"@id\":\"https:\/\/www.trafox.fi\/yhteystiedot\/#breadcrumb\",\"itemListElement\":[{\"@type\":\"ListItem\",\"position\":1,\"name\":\"Home\",\"item\":\"https:\/\/www.trafox.fi\/sv\/\"},{\"@type\":\"ListItem\",\"position\":2,\"name\":\"Kontaktuppgifter\"}]},{\"@type\":\"WebSite\",\"@id\":\"https:\/\/www.trafox.fi\/#website\",\"url\":\"https:\/\/www.trafox.fi\/\",\"name\":\"Trafox\",\"description\":\"Maailmanluokan laatua. Suomalaisella asenteella.\",\"potentialAction\":[{\"@type\":\"SearchAction\",\"target\":{\"@type\":\"EntryPoint\",\"urlTemplate\":\"https:\/\/www.trafox.fi\/?s={search_term_string}\"},\"query-input\":\"required name=search_term_string\"}],\"inLanguage\":\"sv-SE\"}]}<\/script>\n<!-- \/ Yoast SEO plugin. -->","yoast_head_json":{"title":"Kontaktuppgifter - Trafox","robots":{"index":"index","follow":"follow","max-snippet":"max-snippet:-1","max-image-preview":"max-image-preview:large","max-video-preview":"max-video-preview:-1"},"canonical":"https:\/\/www.trafox.fi\/yhteystiedot\/","og_locale":"sv_SE","og_type":"article","og_title":"Kontaktuppgifter - Trafox","og_description":"MUUNTOS\u00c4HK\u00d6 OY \u2013 TRAFOX (HUVUDKONTOR) \u00c4ngsskogsstigen 4, PB 10 FI-00621 Helsingfors Tfn +358 207 933 700 (v\u00e4xel) Fax +358 207 933 746 Fakturering Faktureringsadress online TE003701118553 F\u00f6retagsnummer 0111855-3 Faktureringsoperat\u00f6r online Tietoevry Oyj F\u00f6rmedlare-ID 003701011385 Faktureringsadress e-postadress tieto_pl2561(at)xbs-salo.com Peppol-ID 0216:003701118553 Momsregistreringsnumme FI01118553 Pappersfakturor: Muuntos\u00e4hk\u00f6 Oy PL 2561 02066 DOCUSCAN finance(at)trafox.fi Muuntos\u00e4hk\u00f6 Oy &#8211; Trafox Pamilonkatu 3 [&hellip;]","og_url":"https:\/\/www.trafox.fi\/yhteystiedot\/","og_site_name":"Trafox","article_modified_time":"2026-01-14T12:55:26+00:00","twitter_card":"summary_large_image","twitter_misc":{"Ber\u00e4knad l\u00e4stid":"1 minut"},"schema":{"@context":"https:\/\/schema.org","@graph":[{"@type":"WebPage","@id":"https:\/\/www.trafox.fi\/yhteystiedot\/","url":"https:\/\/www.trafox.fi\/yhteystiedot\/","name":"Kontaktuppgifter - Trafox","isPartOf":{"@id":"https:\/\/www.trafox.fi\/#website"},"datePublished":"2014-12-11T12:33:29+00:00","dateModified":"2026-01-14T12:55:26+00:00","breadcrumb":{"@id":"https:\/\/www.trafox.fi\/yhteystiedot\/#breadcrumb"},"inLanguage":"sv-SE","potentialAction":[{"@type":"ReadAction","target":["https:\/\/www.trafox.fi\/yhteystiedot\/"]}]},{"@type":"BreadcrumbList","@id":"https:\/\/www.trafox.fi\/yhteystiedot\/#breadcrumb","itemListElement":[{"@type":"ListItem","position":1,"name":"Home","item":"https:\/\/www.trafox.fi\/sv\/"},{"@type":"ListItem","position":2,"name":"Kontaktuppgifter"}]},{"@type":"WebSite","@id":"https:\/\/www.trafox.fi\/#website","url":"https:\/\/www.trafox.fi\/","name":"Trafox","description":"Maailmanluokan laatua. Suomalaisella asenteella.","potentialAction":[{"@type":"SearchAction","target":{"@type":"EntryPoint","urlTemplate":"https:\/\/www.trafox.fi\/?s={search_term_string}"},"query-input":"required name=search_term_string"}],"inLanguage":"sv-SE"}]}},"_links":{"self":[{"href":"https:\/\/www.trafox.fi\/sv\/wp-json\/wp\/v2\/pages\/452","targetHints":{"allow":["GET"]}}],"collection":[{"href":"https:\/\/www.trafox.fi\/sv\/wp-json\/wp\/v2\/pages"}],"about":[{"href":"https:\/\/www.trafox.fi\/sv\/wp-json\/wp\/v2\/types\/page"}],"author":[{"embeddable":true,"href":"https:\/\/www.trafox.fi\/sv\/wp-json\/wp\/v2\/users\/1"}],"replies":[{"embeddable":true,"href":"https:\/\/www.trafox.fi\/sv\/wp-json\/wp\/v2\/comments?post=452"}],"version-history":[{"count":26,"href":"https:\/\/www.trafox.fi\/sv\/wp-json\/wp\/v2\/pages\/452\/revisions"}],"predecessor-version":[{"id":5530,"href":"https:\/\/www.trafox.fi\/sv\/wp-json\/wp\/v2\/pages\/452\/revisions\/5530"}],"wp:attachment":[{"href":"https:\/\/www.trafox.fi\/sv\/wp-json\/wp\/v2\/media?parent=452"}],"curies":[{"name":"wp","href":"https:\/\/api.w.org\/{rel}","templated":true}]}}