{"id":448,"date":"2014-12-11T14:32:28","date_gmt":"2014-12-11T12:32:28","guid":{"rendered":"https:\/\/www.trafox.fi\/?page_id=448"},"modified":"2021-11-22T14:36:28","modified_gmt":"2021-11-22T12:36:28","slug":"anvandningsomraden","status":"publish","type":"page","link":"https:\/\/www.trafox.fi\/sv\/anvandningsomraden\/","title":{"rendered":"Anv\u00e4ndningsomr\u00e5den"},"content":{"rendered":"<h3>Industri<\/h3>\n<p>Vi skapar nya m\u00f6jligheter till framg\u00e5ng\u00a0 |\u00a0 Varje \u00e5r levererar vi hundra tusentals Trafox-l\u00f6sningar runt om i v\u00e4rlden, bl.a. till frekvensomriktare samt till maskin- och automationsindustrin. Genom ett n\u00e4ra samarbete med v\u00e5ra kunder \u00e4r vi kapabla att svara flexibelt p\u00e5 v\u00e5ra kunders utvecklingsarbete och p\u00e5litligt leverera de l\u00f6sningar som beh\u00f6vs \u00e4ven under sn\u00e4va tidsramar.<\/p>\n<h3>F\u00f6rnybar energi<\/h3>\n<p>Vi hj\u00e4lper v\u00e5ra kunder att f\u00f6r\u00e4ndra v\u00e4rlden\u00a0 |\u00a0 Trafox-l\u00f6sningar anv\u00e4nds inom tusentals anv\u00e4ndningsomr\u00e5den inom f\u00f6rnybar energi runt om i v\u00e4rlden. F\u00f6r oss \u00e4r v\u00e5ra kunders framstegsv\u00e4nliga innovationer en outsinlig k\u00e4lla till inspiration, och de utmaningar som \u00e4r f\u00f6rknippade med dessa ger oss m\u00f6jlighet att skapa en b\u00e4ttre framtid med hj\u00e4lp av v\u00e5r expertis.<\/p>\n<h3>Medicinsk teknik<\/h3>\n<p>Vi s\u00f6ker l\u00f6sningar f\u00f6r att trygga v\u00e4lf\u00e4rden\u00a0 |\u00a0 Under \u00e5rtionden har vi f\u00e5tt delta i utvecklingen av h\u00e4lso- och sjukv\u00e5rden. V\u00e5rt gedigna samarbete med f\u00f6retag som \u00e4r f\u00f6reg\u00e5ngare i branschen syns i form av tiotusentals Trafox-l\u00f6sningar i belysningar p\u00e5 sjukhus, v\u00e5rdcentraler och l\u00e4karcentraler, i den utrustning som anv\u00e4nds vid ingrepp samt vid \u00f6vervakning av els\u00e4kerheten.<\/p>\n<h3>Byggande<\/h3>\n<p>Vi bidrar till gr\u00f6nt byggande\u00a0 |\u00a0 V\u00e5rt l\u00e5nga samarbete med innovat\u00f6rer som tar byggbranschen fram\u00e5t g\u00e5r \u00e4nda tillbaka till 1950-talet. Id\u00e9er som st\u00e4ndigt utvecklas och tar sikte p\u00e5 allt b\u00e4ttre energieffektivitet inom byggnaders eldistribution utmanar \u00e4ven oss att st\u00e4ndigt skapa nya l\u00f6sningar.<\/p>\n<h3>B\u00e5tindustri<\/h3>\n<p>Vi utvecklar l\u00f6sningar f\u00f6r s\u00e4ker sj\u00f6fart\u00a0 |\u00a0 Resultaten av v\u00e5r produktutveckling har i \u00e5rtionden anv\u00e4nts p\u00e5 v\u00e4rldshaven i allt fr\u00e5n oceang\u00e5ende fartyg och handelsfartyg till marinfartyg och isbrytare. Vi vet vad som kr\u00e4vs av de transformatorer, reaktorer och \u00f6vervakningsanordningar som vi levererar och att de anv\u00e4nds av fartyg under speciella f\u00f6rh\u00e5llanden. Vi vet ocks\u00e5 att storleken p\u00e5 v\u00e5ra l\u00f6sningar, deras energieffektivitet samt p\u00e5litlighet spelar en roll.<\/p>\n","protected":false},"excerpt":{"rendered":"<p>Industri Vi skapar nya m\u00f6jligheter till framg\u00e5ng\u00a0 |\u00a0 Varje \u00e5r levererar vi hundra tusentals Trafox-l\u00f6sningar runt om i v\u00e4rlden, bl.a. till frekvensomriktare samt till maskin- och automationsindustrin. Genom ett n\u00e4ra samarbete med v\u00e5ra kunder \u00e4r vi kapabla att svara flexibelt p\u00e5 v\u00e5ra kunders utvecklingsarbete och p\u00e5litligt leverera de l\u00f6sningar som beh\u00f6vs \u00e4ven under sn\u00e4va tidsramar. [&hellip;]<\/p>\n","protected":false},"author":1,"featured_media":0,"parent":0,"menu_order":0,"comment_status":"closed","ping_status":"closed","template":"","meta":{"footnotes":""},"class_list":["post-448","page","type-page","status-publish","hentry"],"acf":[],"yoast_head":"<!-- This site is optimized with the Yoast SEO plugin v20.10 - https:\/\/yoast.com\/wordpress\/plugins\/seo\/ -->\n<title>Anv\u00e4ndningsomr\u00e5den - Trafox<\/title>\n<meta name=\"robots\" content=\"index, follow, max-snippet:-1, max-image-preview:large, max-video-preview:-1\" \/>\n<link rel=\"canonical\" href=\"https:\/\/www.trafox.fi\/kayttokohteet\/\" \/>\n<meta property=\"og:locale\" content=\"sv_SE\" \/>\n<meta property=\"og:type\" content=\"article\" \/>\n<meta property=\"og:title\" content=\"Anv\u00e4ndningsomr\u00e5den - Trafox\" \/>\n<meta property=\"og:description\" content=\"Industri Vi skapar nya m\u00f6jligheter till framg\u00e5ng\u00a0 |\u00a0 Varje \u00e5r levererar vi hundra tusentals Trafox-l\u00f6sningar runt om i v\u00e4rlden, bl.a. till frekvensomriktare samt till maskin- och automationsindustrin. Genom ett n\u00e4ra samarbete med v\u00e5ra kunder \u00e4r vi kapabla att svara flexibelt p\u00e5 v\u00e5ra kunders utvecklingsarbete och p\u00e5litligt leverera de l\u00f6sningar som beh\u00f6vs \u00e4ven under sn\u00e4va tidsramar. [&hellip;]\" \/>\n<meta property=\"og:url\" content=\"https:\/\/www.trafox.fi\/kayttokohteet\/\" \/>\n<meta property=\"og:site_name\" content=\"Trafox\" \/>\n<meta property=\"article:modified_time\" content=\"2021-11-22T12:36:28+00:00\" \/>\n<meta name=\"twitter:card\" content=\"summary_large_image\" \/>\n<meta name=\"twitter:label1\" content=\"Ber\u00e4knad l\u00e4stid\" \/>\n\t<meta name=\"twitter:data1\" content=\"2 minuter\" \/>\n<script type=\"application\/ld+json\" class=\"yoast-schema-graph\">{\"@context\":\"https:\/\/schema.org\",\"@graph\":[{\"@type\":\"WebPage\",\"@id\":\"https:\/\/www.trafox.fi\/kayttokohteet\/\",\"url\":\"https:\/\/www.trafox.fi\/kayttokohteet\/\",\"name\":\"Anv\u00e4ndningsomr\u00e5den - Trafox\",\"isPartOf\":{\"@id\":\"https:\/\/www.trafox.fi\/#website\"},\"datePublished\":\"2014-12-11T12:32:28+00:00\",\"dateModified\":\"2021-11-22T12:36:28+00:00\",\"breadcrumb\":{\"@id\":\"https:\/\/www.trafox.fi\/kayttokohteet\/#breadcrumb\"},\"inLanguage\":\"sv-SE\",\"potentialAction\":[{\"@type\":\"ReadAction\",\"target\":[\"https:\/\/www.trafox.fi\/kayttokohteet\/\"]}]},{\"@type\":\"BreadcrumbList\",\"@id\":\"https:\/\/www.trafox.fi\/kayttokohteet\/#breadcrumb\",\"itemListElement\":[{\"@type\":\"ListItem\",\"position\":1,\"name\":\"Home\",\"item\":\"https:\/\/www.trafox.fi\/sv\/\"},{\"@type\":\"ListItem\",\"position\":2,\"name\":\"Anv\u00e4ndningsomr\u00e5den\"}]},{\"@type\":\"WebSite\",\"@id\":\"https:\/\/www.trafox.fi\/#website\",\"url\":\"https:\/\/www.trafox.fi\/\",\"name\":\"Trafox\",\"description\":\"Maailmanluokan laatua. Suomalaisella asenteella.\",\"potentialAction\":[{\"@type\":\"SearchAction\",\"target\":{\"@type\":\"EntryPoint\",\"urlTemplate\":\"https:\/\/www.trafox.fi\/?s={search_term_string}\"},\"query-input\":\"required name=search_term_string\"}],\"inLanguage\":\"sv-SE\"}]}<\/script>\n<!-- \/ Yoast SEO plugin. -->","yoast_head_json":{"title":"Anv\u00e4ndningsomr\u00e5den - Trafox","robots":{"index":"index","follow":"follow","max-snippet":"max-snippet:-1","max-image-preview":"max-image-preview:large","max-video-preview":"max-video-preview:-1"},"canonical":"https:\/\/www.trafox.fi\/kayttokohteet\/","og_locale":"sv_SE","og_type":"article","og_title":"Anv\u00e4ndningsomr\u00e5den - Trafox","og_description":"Industri Vi skapar nya m\u00f6jligheter till framg\u00e5ng\u00a0 |\u00a0 Varje \u00e5r levererar vi hundra tusentals Trafox-l\u00f6sningar runt om i v\u00e4rlden, bl.a. till frekvensomriktare samt till maskin- och automationsindustrin. Genom ett n\u00e4ra samarbete med v\u00e5ra kunder \u00e4r vi kapabla att svara flexibelt p\u00e5 v\u00e5ra kunders utvecklingsarbete och p\u00e5litligt leverera de l\u00f6sningar som beh\u00f6vs \u00e4ven under sn\u00e4va tidsramar. [&hellip;]","og_url":"https:\/\/www.trafox.fi\/kayttokohteet\/","og_site_name":"Trafox","article_modified_time":"2021-11-22T12:36:28+00:00","twitter_card":"summary_large_image","twitter_misc":{"Ber\u00e4knad l\u00e4stid":"2 minuter"},"schema":{"@context":"https:\/\/schema.org","@graph":[{"@type":"WebPage","@id":"https:\/\/www.trafox.fi\/kayttokohteet\/","url":"https:\/\/www.trafox.fi\/kayttokohteet\/","name":"Anv\u00e4ndningsomr\u00e5den - Trafox","isPartOf":{"@id":"https:\/\/www.trafox.fi\/#website"},"datePublished":"2014-12-11T12:32:28+00:00","dateModified":"2021-11-22T12:36:28+00:00","breadcrumb":{"@id":"https:\/\/www.trafox.fi\/kayttokohteet\/#breadcrumb"},"inLanguage":"sv-SE","potentialAction":[{"@type":"ReadAction","target":["https:\/\/www.trafox.fi\/kayttokohteet\/"]}]},{"@type":"BreadcrumbList","@id":"https:\/\/www.trafox.fi\/kayttokohteet\/#breadcrumb","itemListElement":[{"@type":"ListItem","position":1,"name":"Home","item":"https:\/\/www.trafox.fi\/sv\/"},{"@type":"ListItem","position":2,"name":"Anv\u00e4ndningsomr\u00e5den"}]},{"@type":"WebSite","@id":"https:\/\/www.trafox.fi\/#website","url":"https:\/\/www.trafox.fi\/","name":"Trafox","description":"Maailmanluokan laatua. Suomalaisella asenteella.","potentialAction":[{"@type":"SearchAction","target":{"@type":"EntryPoint","urlTemplate":"https:\/\/www.trafox.fi\/?s={search_term_string}"},"query-input":"required name=search_term_string"}],"inLanguage":"sv-SE"}]}},"_links":{"self":[{"href":"https:\/\/www.trafox.fi\/sv\/wp-json\/wp\/v2\/pages\/448","targetHints":{"allow":["GET"]}}],"collection":[{"href":"https:\/\/www.trafox.fi\/sv\/wp-json\/wp\/v2\/pages"}],"about":[{"href":"https:\/\/www.trafox.fi\/sv\/wp-json\/wp\/v2\/types\/page"}],"author":[{"embeddable":true,"href":"https:\/\/www.trafox.fi\/sv\/wp-json\/wp\/v2\/users\/1"}],"replies":[{"embeddable":true,"href":"https:\/\/www.trafox.fi\/sv\/wp-json\/wp\/v2\/comments?post=448"}],"version-history":[{"count":4,"href":"https:\/\/www.trafox.fi\/sv\/wp-json\/wp\/v2\/pages\/448\/revisions"}],"predecessor-version":[{"id":4123,"href":"https:\/\/www.trafox.fi\/sv\/wp-json\/wp\/v2\/pages\/448\/revisions\/4123"}],"wp:attachment":[{"href":"https:\/\/www.trafox.fi\/sv\/wp-json\/wp\/v2\/media?parent=448"}],"curies":[{"name":"wp","href":"https:\/\/api.w.org\/{rel}","templated":true}]}}