{"id":446,"date":"2014-12-11T14:32:01","date_gmt":"2014-12-11T12:32:01","guid":{"rendered":"https:\/\/www.trafox.fi\/?page_id=446"},"modified":"2021-01-21T09:21:18","modified_gmt":"2021-01-21T07:21:18","slug":"vart-foretag","status":"publish","type":"page","link":"https:\/\/www.trafox.fi\/sv\/vart-foretag\/","title":{"rendered":"V\u00e5rt f\u00f6retag"},"content":{"rendered":"<p class=\"p1\"><span class=\"s1\">Muuntos\u00e4hk\u00f6 Oy &#8211; Trafox<\/span><\/p>\n<p class=\"p1\"><span class=\"s1\">Trafox \u00e4r ett varum\u00e4rke inom Muuntos\u00e4hk\u00f6 Oy, under vilket vi utvecklar, tillverkar och skr\u00e4ddarsyr f\u00f6rstklassiga transformatorer, reaktorer, filter samt Trafox Superintend\u00ae-\u00f6vervakningsanordningar. V\u00e5ra produkter anv\u00e4nds f\u00f6r de mest varierande \u00e4ndam\u00e5l inom allt fr\u00e5n tung industri till medicinsk teknik.<\/span><\/p>\n<p class=\"p1\"><span class=\"s1\">V\u00e5r \u00f6ver 70-\u00e5riga erfarenhet hj\u00e4lper oss att f\u00f6rst\u00e5 v\u00e5ra kunders individuella och branschspecifika krav och att skapa l\u00f6sningar som ger \u00e4kta merv\u00e4rde. Utg\u00e5ngspunkten f\u00f6r Trafox produktutveckling \u00e4r att ta fram allround-l\u00f6sningar som p\u00e5 ett helt\u00e4ckande s\u00e4tt uppfyller internationella standarder och tillgodoser kundspecifika behov.<\/span><\/p>\n<p class=\"p1\"><span class=\"s1\">F\u00f6retaget som grundades 1947, har sina r\u00f6tter i Finland, men v\u00e5r verksamhet \u00e4r internationell. F\u00f6rutom p\u00e5 v\u00e5r hemmamarknad i Finland betj\u00e4nar vi v\u00e5ra kunder \u00e4ven i Nord- och Mellaneuropa, Asien och USA. V\u00e5rt huvudkontor ligger i Helsingfors och v\u00e5ra produktionsanl\u00e4ggningar finns i Helsingfors och Joensuu (Finland), Viljandi (Estland) och Suzhou (China).<\/span><\/p>\n","protected":false},"excerpt":{"rendered":"<p>Muuntos\u00e4hk\u00f6 Oy &#8211; Trafox Trafox \u00e4r ett varum\u00e4rke inom Muuntos\u00e4hk\u00f6 Oy, under vilket vi utvecklar, tillverkar och skr\u00e4ddarsyr f\u00f6rstklassiga transformatorer, reaktorer, filter samt Trafox Superintend\u00ae-\u00f6vervakningsanordningar. V\u00e5ra produkter anv\u00e4nds f\u00f6r de mest varierande \u00e4ndam\u00e5l inom allt fr\u00e5n tung industri till medicinsk teknik. V\u00e5r \u00f6ver 70-\u00e5riga erfarenhet hj\u00e4lper oss att f\u00f6rst\u00e5 v\u00e5ra kunders individuella och branschspecifika krav [&hellip;]<\/p>\n","protected":false},"author":1,"featured_media":0,"parent":0,"menu_order":0,"comment_status":"closed","ping_status":"closed","template":"","meta":{"footnotes":""},"class_list":["post-446","page","type-page","status-publish","hentry"],"acf":[],"yoast_head":"<!-- This site is optimized with the Yoast SEO plugin v20.10 - https:\/\/yoast.com\/wordpress\/plugins\/seo\/ -->\n<title>V\u00e5rt f\u00f6retag - Trafox<\/title>\n<meta name=\"robots\" content=\"index, follow, max-snippet:-1, max-image-preview:large, max-video-preview:-1\" \/>\n<link rel=\"canonical\" href=\"https:\/\/www.trafox.fi\/yrityksemme\/\" \/>\n<meta property=\"og:locale\" content=\"sv_SE\" \/>\n<meta property=\"og:type\" content=\"article\" \/>\n<meta property=\"og:title\" content=\"V\u00e5rt f\u00f6retag - Trafox\" \/>\n<meta property=\"og:description\" content=\"Muuntos\u00e4hk\u00f6 Oy &#8211; Trafox Trafox \u00e4r ett varum\u00e4rke inom Muuntos\u00e4hk\u00f6 Oy, under vilket vi utvecklar, tillverkar och skr\u00e4ddarsyr f\u00f6rstklassiga transformatorer, reaktorer, filter samt Trafox Superintend\u00ae-\u00f6vervakningsanordningar. V\u00e5ra produkter anv\u00e4nds f\u00f6r de mest varierande \u00e4ndam\u00e5l inom allt fr\u00e5n tung industri till medicinsk teknik. V\u00e5r \u00f6ver 70-\u00e5riga erfarenhet hj\u00e4lper oss att f\u00f6rst\u00e5 v\u00e5ra kunders individuella och branschspecifika krav [&hellip;]\" \/>\n<meta property=\"og:url\" content=\"https:\/\/www.trafox.fi\/yrityksemme\/\" \/>\n<meta property=\"og:site_name\" content=\"Trafox\" \/>\n<meta property=\"article:modified_time\" content=\"2021-01-21T07:21:18+00:00\" \/>\n<meta name=\"twitter:card\" content=\"summary_large_image\" \/>\n<meta name=\"twitter:label1\" content=\"Ber\u00e4knad l\u00e4stid\" \/>\n\t<meta name=\"twitter:data1\" content=\"1 minut\" \/>\n<script type=\"application\/ld+json\" class=\"yoast-schema-graph\">{\"@context\":\"https:\/\/schema.org\",\"@graph\":[{\"@type\":\"WebPage\",\"@id\":\"https:\/\/www.trafox.fi\/yrityksemme\/\",\"url\":\"https:\/\/www.trafox.fi\/yrityksemme\/\",\"name\":\"V\u00e5rt f\u00f6retag - Trafox\",\"isPartOf\":{\"@id\":\"https:\/\/www.trafox.fi\/#website\"},\"datePublished\":\"2014-12-11T12:32:01+00:00\",\"dateModified\":\"2021-01-21T07:21:18+00:00\",\"breadcrumb\":{\"@id\":\"https:\/\/www.trafox.fi\/yrityksemme\/#breadcrumb\"},\"inLanguage\":\"sv-SE\",\"potentialAction\":[{\"@type\":\"ReadAction\",\"target\":[\"https:\/\/www.trafox.fi\/yrityksemme\/\"]}]},{\"@type\":\"BreadcrumbList\",\"@id\":\"https:\/\/www.trafox.fi\/yrityksemme\/#breadcrumb\",\"itemListElement\":[{\"@type\":\"ListItem\",\"position\":1,\"name\":\"Home\",\"item\":\"https:\/\/www.trafox.fi\/sv\/\"},{\"@type\":\"ListItem\",\"position\":2,\"name\":\"V\u00e5rt f\u00f6retag\"}]},{\"@type\":\"WebSite\",\"@id\":\"https:\/\/www.trafox.fi\/#website\",\"url\":\"https:\/\/www.trafox.fi\/\",\"name\":\"Trafox\",\"description\":\"Maailmanluokan laatua. Suomalaisella asenteella.\",\"potentialAction\":[{\"@type\":\"SearchAction\",\"target\":{\"@type\":\"EntryPoint\",\"urlTemplate\":\"https:\/\/www.trafox.fi\/?s={search_term_string}\"},\"query-input\":\"required name=search_term_string\"}],\"inLanguage\":\"sv-SE\"}]}<\/script>\n<!-- \/ Yoast SEO plugin. -->","yoast_head_json":{"title":"V\u00e5rt f\u00f6retag - Trafox","robots":{"index":"index","follow":"follow","max-snippet":"max-snippet:-1","max-image-preview":"max-image-preview:large","max-video-preview":"max-video-preview:-1"},"canonical":"https:\/\/www.trafox.fi\/yrityksemme\/","og_locale":"sv_SE","og_type":"article","og_title":"V\u00e5rt f\u00f6retag - Trafox","og_description":"Muuntos\u00e4hk\u00f6 Oy &#8211; Trafox Trafox \u00e4r ett varum\u00e4rke inom Muuntos\u00e4hk\u00f6 Oy, under vilket vi utvecklar, tillverkar och skr\u00e4ddarsyr f\u00f6rstklassiga transformatorer, reaktorer, filter samt Trafox Superintend\u00ae-\u00f6vervakningsanordningar. V\u00e5ra produkter anv\u00e4nds f\u00f6r de mest varierande \u00e4ndam\u00e5l inom allt fr\u00e5n tung industri till medicinsk teknik. V\u00e5r \u00f6ver 70-\u00e5riga erfarenhet hj\u00e4lper oss att f\u00f6rst\u00e5 v\u00e5ra kunders individuella och branschspecifika krav [&hellip;]","og_url":"https:\/\/www.trafox.fi\/yrityksemme\/","og_site_name":"Trafox","article_modified_time":"2021-01-21T07:21:18+00:00","twitter_card":"summary_large_image","twitter_misc":{"Ber\u00e4knad l\u00e4stid":"1 minut"},"schema":{"@context":"https:\/\/schema.org","@graph":[{"@type":"WebPage","@id":"https:\/\/www.trafox.fi\/yrityksemme\/","url":"https:\/\/www.trafox.fi\/yrityksemme\/","name":"V\u00e5rt f\u00f6retag - Trafox","isPartOf":{"@id":"https:\/\/www.trafox.fi\/#website"},"datePublished":"2014-12-11T12:32:01+00:00","dateModified":"2021-01-21T07:21:18+00:00","breadcrumb":{"@id":"https:\/\/www.trafox.fi\/yrityksemme\/#breadcrumb"},"inLanguage":"sv-SE","potentialAction":[{"@type":"ReadAction","target":["https:\/\/www.trafox.fi\/yrityksemme\/"]}]},{"@type":"BreadcrumbList","@id":"https:\/\/www.trafox.fi\/yrityksemme\/#breadcrumb","itemListElement":[{"@type":"ListItem","position":1,"name":"Home","item":"https:\/\/www.trafox.fi\/sv\/"},{"@type":"ListItem","position":2,"name":"V\u00e5rt f\u00f6retag"}]},{"@type":"WebSite","@id":"https:\/\/www.trafox.fi\/#website","url":"https:\/\/www.trafox.fi\/","name":"Trafox","description":"Maailmanluokan laatua. Suomalaisella asenteella.","potentialAction":[{"@type":"SearchAction","target":{"@type":"EntryPoint","urlTemplate":"https:\/\/www.trafox.fi\/?s={search_term_string}"},"query-input":"required name=search_term_string"}],"inLanguage":"sv-SE"}]}},"_links":{"self":[{"href":"https:\/\/www.trafox.fi\/sv\/wp-json\/wp\/v2\/pages\/446","targetHints":{"allow":["GET"]}}],"collection":[{"href":"https:\/\/www.trafox.fi\/sv\/wp-json\/wp\/v2\/pages"}],"about":[{"href":"https:\/\/www.trafox.fi\/sv\/wp-json\/wp\/v2\/types\/page"}],"author":[{"embeddable":true,"href":"https:\/\/www.trafox.fi\/sv\/wp-json\/wp\/v2\/users\/1"}],"replies":[{"embeddable":true,"href":"https:\/\/www.trafox.fi\/sv\/wp-json\/wp\/v2\/comments?post=446"}],"version-history":[{"count":7,"href":"https:\/\/www.trafox.fi\/sv\/wp-json\/wp\/v2\/pages\/446\/revisions"}],"predecessor-version":[{"id":3598,"href":"https:\/\/www.trafox.fi\/sv\/wp-json\/wp\/v2\/pages\/446\/revisions\/3598"}],"wp:attachment":[{"href":"https:\/\/www.trafox.fi\/sv\/wp-json\/wp\/v2\/media?parent=446"}],"curies":[{"name":"wp","href":"https:\/\/api.w.org\/{rel}","templated":true}]}}