{"id":840,"date":"2014-06-05T09:09:27","date_gmt":"2014-06-05T06:09:27","guid":{"rendered":"https:\/\/www.trafox.fi\/produkte\/trafox-superintend\/trafox-superintend-lim\/"},"modified":"2022-10-07T12:11:05","modified_gmt":"2022-10-07T09:11:05","slug":"trafox-superintend-lim","status":"publish","type":"page","link":"https:\/\/www.trafox.fi\/de\/produkte\/trafox-superintend\/trafox-superintend-lim\/","title":{"rendered":"IMD Isolations\u00fcberwachungs-System"},"content":{"rendered":"<p>Neuigkeit, Trafox Superintend\u00ae IMD \u2013 \u00dcberwachung des Isolationsniveaus!<\/p>\n<p class=\"p1\"><span class=\"s1\">Wir haben das Vergn\u00fcgen, unsere neue \u00dcberwachungsger\u00e4tefamilie vorzustellen, die Isolationsniveau-\u00dcberwachungsger\u00e4te f\u00fcr ungeerdete Netze! Diese Produkte sind der j\u00fcngste F\u00e4higkeitsnachweis unserer finnischen Ingenieure!<\/span><\/p>\n<p class=\"p1\"><span class=\"s1\">Die Produktfamilie erf\u00fcllt die IEC-Messanforderungen beim Einsatz im Gesundheitswesen und in der Industrie. Die Ger\u00e4te sind bez\u00fcglich EMC und elektrischer Sicherheit so getestet und zertifiziert, dass unsere Kunden die Inbetriebnahme unbesorgt ohne Sicherheitsrisiken planen k\u00f6nnen. Die innovative Messtechnologie erlaubt auch die \u00dcberwachung von DC-Netzen!<\/span><\/p>\n<p class=\"p1\">\n","protected":false},"excerpt":{"rendered":"<p>Neuigkeit, Trafox Superintend\u00ae IMD \u2013 \u00dcberwachung des Isolationsniveaus! Wir haben das Vergn\u00fcgen, unsere neue \u00dcberwachungsger\u00e4tefamilie vorzustellen, die Isolationsniveau-\u00dcberwachungsger\u00e4te f\u00fcr ungeerdete Netze! Diese Produkte sind der j\u00fcngste F\u00e4higkeitsnachweis unserer finnischen Ingenieure! Die Produktfamilie erf\u00fcllt die IEC-Messanforderungen beim Einsatz im Gesundheitswesen und in der Industrie. Die Ger\u00e4te sind bez\u00fcglich EMC und elektrischer Sicherheit so getestet und zertifiziert, [&hellip;]<\/p>\n","protected":false},"author":1,"featured_media":1449,"parent":556,"menu_order":0,"comment_status":"closed","ping_status":"closed","template":"page-templates\/prods-prod-list.php","meta":{"footnotes":""},"class_list":["post-840","page","type-page","status-publish","has-post-thumbnail","hentry"],"acf":[],"yoast_head":"<!-- This site is optimized with the Yoast SEO plugin v20.10 - https:\/\/yoast.com\/wordpress\/plugins\/seo\/ -->\n<title>IMD Isolations\u00fcberwachungs-System - Trafox<\/title>\n<meta name=\"description\" content=\"Isolations\u00fcberwachungs-Systeme f\u00fcr medizinische Systeme und industrielle Anwendungen.\" \/>\n<meta name=\"robots\" content=\"index, follow, max-snippet:-1, max-image-preview:large, max-video-preview:-1\" \/>\n<link rel=\"canonical\" href=\"https:\/\/www.trafox.fi\/tuotteet\/trafox-superintend\/trafox-superintend-lim\/\" \/>\n<meta property=\"og:locale\" content=\"de_DE\" \/>\n<meta property=\"og:type\" content=\"article\" \/>\n<meta property=\"og:title\" content=\"IMD Isolations\u00fcberwachungs-System - Trafox\" \/>\n<meta property=\"og:description\" content=\"Isolations\u00fcberwachungs-Systeme f\u00fcr medizinische Systeme und industrielle Anwendungen.\" \/>\n<meta property=\"og:url\" content=\"https:\/\/www.trafox.fi\/tuotteet\/trafox-superintend\/trafox-superintend-lim\/\" \/>\n<meta property=\"og:site_name\" content=\"Trafox\" \/>\n<meta property=\"article:modified_time\" content=\"2022-10-07T09:11:05+00:00\" \/>\n<meta property=\"og:image\" content=\"https:\/\/www.trafox.fi\/wp-content\/uploads\/2015\/04\/IM-01_etu_bl.jpg\" \/>\n\t<meta property=\"og:image:width\" content=\"3216\" \/>\n\t<meta property=\"og:image:height\" content=\"2992\" \/>\n\t<meta property=\"og:image:type\" content=\"image\/jpeg\" \/>\n<meta name=\"twitter:card\" content=\"summary_large_image\" \/>\n<script type=\"application\/ld+json\" class=\"yoast-schema-graph\">{\"@context\":\"https:\/\/schema.org\",\"@graph\":[{\"@type\":\"WebPage\",\"@id\":\"https:\/\/www.trafox.fi\/tuotteet\/trafox-superintend\/trafox-superintend-lim\/\",\"url\":\"https:\/\/www.trafox.fi\/tuotteet\/trafox-superintend\/trafox-superintend-lim\/\",\"name\":\"IMD Isolations\u00fcberwachungs-System - Trafox\",\"isPartOf\":{\"@id\":\"https:\/\/www.trafox.fi\/#website\"},\"datePublished\":\"2014-06-05T06:09:27+00:00\",\"dateModified\":\"2022-10-07T09:11:05+00:00\",\"description\":\"Isolations\u00fcberwachungs-Systeme f\u00fcr medizinische Systeme und industrielle Anwendungen.\",\"breadcrumb\":{\"@id\":\"https:\/\/www.trafox.fi\/tuotteet\/trafox-superintend\/trafox-superintend-lim\/#breadcrumb\"},\"inLanguage\":\"de\",\"potentialAction\":[{\"@type\":\"ReadAction\",\"target\":[\"https:\/\/www.trafox.fi\/tuotteet\/trafox-superintend\/trafox-superintend-lim\/\"]}]},{\"@type\":\"BreadcrumbList\",\"@id\":\"https:\/\/www.trafox.fi\/tuotteet\/trafox-superintend\/trafox-superintend-lim\/#breadcrumb\",\"itemListElement\":[{\"@type\":\"ListItem\",\"position\":1,\"name\":\"Home\",\"item\":\"https:\/\/www.trafox.fi\/de\/\"},{\"@type\":\"ListItem\",\"position\":2,\"name\":\"Produkte\",\"item\":\"https:\/\/www.trafox.fi\/tuotteet\/\"},{\"@type\":\"ListItem\",\"position\":3,\"name\":\"Trafox Superintend\u00ae\",\"item\":\"https:\/\/www.trafox.fi\/tuotteet\/trafox-superintend\/\"},{\"@type\":\"ListItem\",\"position\":4,\"name\":\"IMD Isolations\u00fcberwachungs-System\"}]},{\"@type\":\"WebSite\",\"@id\":\"https:\/\/www.trafox.fi\/#website\",\"url\":\"https:\/\/www.trafox.fi\/\",\"name\":\"Trafox\",\"description\":\"Maailmanluokan laatua. Suomalaisella asenteella.\",\"potentialAction\":[{\"@type\":\"SearchAction\",\"target\":{\"@type\":\"EntryPoint\",\"urlTemplate\":\"https:\/\/www.trafox.fi\/?s={search_term_string}\"},\"query-input\":\"required name=search_term_string\"}],\"inLanguage\":\"de\"}]}<\/script>\n<!-- \/ Yoast SEO plugin. -->","yoast_head_json":{"title":"IMD Isolations\u00fcberwachungs-System - Trafox","description":"Isolations\u00fcberwachungs-Systeme f\u00fcr medizinische Systeme und industrielle Anwendungen.","robots":{"index":"index","follow":"follow","max-snippet":"max-snippet:-1","max-image-preview":"max-image-preview:large","max-video-preview":"max-video-preview:-1"},"canonical":"https:\/\/www.trafox.fi\/tuotteet\/trafox-superintend\/trafox-superintend-lim\/","og_locale":"de_DE","og_type":"article","og_title":"IMD Isolations\u00fcberwachungs-System - Trafox","og_description":"Isolations\u00fcberwachungs-Systeme f\u00fcr medizinische Systeme und industrielle Anwendungen.","og_url":"https:\/\/www.trafox.fi\/tuotteet\/trafox-superintend\/trafox-superintend-lim\/","og_site_name":"Trafox","article_modified_time":"2022-10-07T09:11:05+00:00","og_image":[{"width":3216,"height":2992,"url":"https:\/\/www.trafox.fi\/wp-content\/uploads\/2015\/04\/IM-01_etu_bl.jpg","type":"image\/jpeg"}],"twitter_card":"summary_large_image","schema":{"@context":"https:\/\/schema.org","@graph":[{"@type":"WebPage","@id":"https:\/\/www.trafox.fi\/tuotteet\/trafox-superintend\/trafox-superintend-lim\/","url":"https:\/\/www.trafox.fi\/tuotteet\/trafox-superintend\/trafox-superintend-lim\/","name":"IMD Isolations\u00fcberwachungs-System - Trafox","isPartOf":{"@id":"https:\/\/www.trafox.fi\/#website"},"datePublished":"2014-06-05T06:09:27+00:00","dateModified":"2022-10-07T09:11:05+00:00","description":"Isolations\u00fcberwachungs-Systeme f\u00fcr medizinische Systeme und industrielle Anwendungen.","breadcrumb":{"@id":"https:\/\/www.trafox.fi\/tuotteet\/trafox-superintend\/trafox-superintend-lim\/#breadcrumb"},"inLanguage":"de","potentialAction":[{"@type":"ReadAction","target":["https:\/\/www.trafox.fi\/tuotteet\/trafox-superintend\/trafox-superintend-lim\/"]}]},{"@type":"BreadcrumbList","@id":"https:\/\/www.trafox.fi\/tuotteet\/trafox-superintend\/trafox-superintend-lim\/#breadcrumb","itemListElement":[{"@type":"ListItem","position":1,"name":"Home","item":"https:\/\/www.trafox.fi\/de\/"},{"@type":"ListItem","position":2,"name":"Produkte","item":"https:\/\/www.trafox.fi\/tuotteet\/"},{"@type":"ListItem","position":3,"name":"Trafox Superintend\u00ae","item":"https:\/\/www.trafox.fi\/tuotteet\/trafox-superintend\/"},{"@type":"ListItem","position":4,"name":"IMD Isolations\u00fcberwachungs-System"}]},{"@type":"WebSite","@id":"https:\/\/www.trafox.fi\/#website","url":"https:\/\/www.trafox.fi\/","name":"Trafox","description":"Maailmanluokan laatua. Suomalaisella asenteella.","potentialAction":[{"@type":"SearchAction","target":{"@type":"EntryPoint","urlTemplate":"https:\/\/www.trafox.fi\/?s={search_term_string}"},"query-input":"required name=search_term_string"}],"inLanguage":"de"}]}},"_links":{"self":[{"href":"https:\/\/www.trafox.fi\/de\/wp-json\/wp\/v2\/pages\/840","targetHints":{"allow":["GET"]}}],"collection":[{"href":"https:\/\/www.trafox.fi\/de\/wp-json\/wp\/v2\/pages"}],"about":[{"href":"https:\/\/www.trafox.fi\/de\/wp-json\/wp\/v2\/types\/page"}],"author":[{"embeddable":true,"href":"https:\/\/www.trafox.fi\/de\/wp-json\/wp\/v2\/users\/1"}],"replies":[{"embeddable":true,"href":"https:\/\/www.trafox.fi\/de\/wp-json\/wp\/v2\/comments?post=840"}],"version-history":[{"count":52,"href":"https:\/\/www.trafox.fi\/de\/wp-json\/wp\/v2\/pages\/840\/revisions"}],"predecessor-version":[{"id":4393,"href":"https:\/\/www.trafox.fi\/de\/wp-json\/wp\/v2\/pages\/840\/revisions\/4393"}],"up":[{"embeddable":true,"href":"https:\/\/www.trafox.fi\/de\/wp-json\/wp\/v2\/pages\/556"}],"wp:featuredmedia":[{"embeddable":true,"href":"https:\/\/www.trafox.fi\/de\/wp-json\/wp\/v2\/media\/1449"}],"wp:attachment":[{"href":"https:\/\/www.trafox.fi\/de\/wp-json\/wp\/v2\/media?parent=840"}],"curies":[{"name":"wp","href":"https:\/\/api.w.org\/{rel}","templated":true}]}}