{"id":829,"date":"2014-06-05T08:59:50","date_gmt":"2014-06-05T05:59:50","guid":{"rendered":"https:\/\/www.trafox.fi\/produkte\/drosseln\/vesijaahdytteiset-kuristimet\/"},"modified":"2021-02-09T09:30:23","modified_gmt":"2021-02-09T07:30:23","slug":"wassergekuhlte-drosseln","status":"publish","type":"page","link":"https:\/\/www.trafox.fi\/de\/produkte\/drosseln\/wassergekuhlte-drosseln\/","title":{"rendered":"Wassergek\u00fchlte Drosseln"},"content":{"rendered":"<p>Wassergek\u00fchlte 1- und 3-phasige Drosseln werden in speziellen Anwendungen bei erneuerbarer Energie, in der Schiffsindustrie sowie in der sonstigen Industrie eingesetzt. Wir stellen Drosseln bis max. 8000\u00a0A her. Die Drosseln werden f\u00fcr Anwendungen vom Netzfrequenzbereich bis zu Hochfrequenzen hergestellt. Als Kernmaterialien werden u.\u00a0a. verlustarme FE-Bahnen, Ferrite oder amorphe Materialien eingesetzt.<\/p>\n<p class=\"p1\">Bei wassergek\u00fchlten Drosseln wird der gr\u00f6\u00dfte Teil der Drosselverluste direkt ins Wasser geleitet, ohne dass die Umwelt durch zus\u00e4tzliche W\u00e4rme belastet wird. Die Drosseln sind kleiner und leichter als die luftgek\u00fchlten Drosseln. Bei der Entwicklung der Drossel wurde besonders auf die Haltbarkeit des Produkts geachtet. Die geplante Betriebsdauer betr\u00e4gt 20 Jahre. Die Eigenschaften, Ma\u00dfe, die Konstruktion und Befestigungsart der von uns hergestellten wassergek\u00fchlten Drosseln k\u00f6nnen flexibel den W\u00fcnschen und Einsatzbed\u00fcrfnissen des Kunden angepasst werden.<\/p>\n<p class=\"p1\"><span class=\"s1\">Zus\u00e4tzliche Informationen: <a href=\"https:\/\/www.trafox.fi\/wp-content\/uploads\/2014\/11\/water_cooled_reactors_rev7.pdf\">Brosch\u00fcre Water Cooled Reactors, ENG (pdf)<\/a><\/span><\/p>\n","protected":false},"excerpt":{"rendered":"<p>Wassergek\u00fchlte 1- und 3-phasige Drosseln werden in speziellen Anwendungen bei erneuerbarer Energie, in der Schiffsindustrie sowie in der sonstigen Industrie eingesetzt. Wir stellen Drosseln bis max. 8000\u00a0A her. Die Drosseln werden f\u00fcr Anwendungen vom Netzfrequenzbereich bis zu Hochfrequenzen hergestellt. Als Kernmaterialien werden u.\u00a0a. verlustarme FE-Bahnen, Ferrite oder amorphe Materialien eingesetzt. Bei wassergek\u00fchlten Drosseln wird der [&hellip;]<\/p>\n","protected":false},"author":1,"featured_media":326,"parent":552,"menu_order":0,"comment_status":"closed","ping_status":"closed","template":"page-templates\/prods-prod-list.php","meta":{"footnotes":""},"class_list":["post-829","page","type-page","status-publish","has-post-thumbnail","hentry"],"acf":[],"yoast_head":"<!-- This site is optimized with the Yoast SEO plugin v20.10 - https:\/\/yoast.com\/wordpress\/plugins\/seo\/ -->\n<title>Wassergek\u00fchlte Drosseln - Trafox<\/title>\n<meta name=\"robots\" content=\"index, follow, max-snippet:-1, max-image-preview:large, max-video-preview:-1\" \/>\n<link rel=\"canonical\" href=\"https:\/\/www.trafox.fi\/tuotteet\/kuristimet\/vesijaahdytteiset-kuristimet\/\" \/>\n<meta property=\"og:locale\" content=\"de_DE\" \/>\n<meta property=\"og:type\" content=\"article\" \/>\n<meta property=\"og:title\" content=\"Wassergek\u00fchlte Drosseln - Trafox\" \/>\n<meta property=\"og:description\" content=\"Wassergek\u00fchlte 1- und 3-phasige Drosseln werden in speziellen Anwendungen bei erneuerbarer Energie, in der Schiffsindustrie sowie in der sonstigen Industrie eingesetzt. Wir stellen Drosseln bis max. 8000\u00a0A her. Die Drosseln werden f\u00fcr Anwendungen vom Netzfrequenzbereich bis zu Hochfrequenzen hergestellt. Als Kernmaterialien werden u.\u00a0a. verlustarme FE-Bahnen, Ferrite oder amorphe Materialien eingesetzt. Bei wassergek\u00fchlten Drosseln wird der [&hellip;]\" \/>\n<meta property=\"og:url\" content=\"https:\/\/www.trafox.fi\/tuotteet\/kuristimet\/vesijaahdytteiset-kuristimet\/\" \/>\n<meta property=\"og:site_name\" content=\"Trafox\" \/>\n<meta property=\"article:modified_time\" content=\"2021-02-09T07:30:23+00:00\" \/>\n<meta property=\"og:image\" content=\"https:\/\/www.trafox.fi\/wp-content\/uploads\/2014\/08\/vesijaahdytteinen-e1408626943267.jpg\" \/>\n\t<meta property=\"og:image:width\" content=\"300\" \/>\n\t<meta property=\"og:image:height\" content=\"335\" \/>\n\t<meta property=\"og:image:type\" content=\"image\/jpeg\" \/>\n<meta name=\"twitter:card\" content=\"summary_large_image\" \/>\n<meta name=\"twitter:label1\" content=\"Gesch\u00e4tzte Lesezeit\" \/>\n\t<meta name=\"twitter:data1\" content=\"1\u00a0Minute\" \/>\n<script type=\"application\/ld+json\" class=\"yoast-schema-graph\">{\"@context\":\"https:\/\/schema.org\",\"@graph\":[{\"@type\":\"WebPage\",\"@id\":\"https:\/\/www.trafox.fi\/tuotteet\/kuristimet\/vesijaahdytteiset-kuristimet\/\",\"url\":\"https:\/\/www.trafox.fi\/tuotteet\/kuristimet\/vesijaahdytteiset-kuristimet\/\",\"name\":\"Wassergek\u00fchlte Drosseln - Trafox\",\"isPartOf\":{\"@id\":\"https:\/\/www.trafox.fi\/#website\"},\"datePublished\":\"2014-06-05T05:59:50+00:00\",\"dateModified\":\"2021-02-09T07:30:23+00:00\",\"breadcrumb\":{\"@id\":\"https:\/\/www.trafox.fi\/tuotteet\/kuristimet\/vesijaahdytteiset-kuristimet\/#breadcrumb\"},\"inLanguage\":\"de\",\"potentialAction\":[{\"@type\":\"ReadAction\",\"target\":[\"https:\/\/www.trafox.fi\/tuotteet\/kuristimet\/vesijaahdytteiset-kuristimet\/\"]}]},{\"@type\":\"BreadcrumbList\",\"@id\":\"https:\/\/www.trafox.fi\/tuotteet\/kuristimet\/vesijaahdytteiset-kuristimet\/#breadcrumb\",\"itemListElement\":[{\"@type\":\"ListItem\",\"position\":1,\"name\":\"Home\",\"item\":\"https:\/\/www.trafox.fi\/de\/\"},{\"@type\":\"ListItem\",\"position\":2,\"name\":\"Produkte\",\"item\":\"https:\/\/www.trafox.fi\/tuotteet\/\"},{\"@type\":\"ListItem\",\"position\":3,\"name\":\"Drosseln\",\"item\":\"https:\/\/www.trafox.fi\/tuotteet\/kuristimet\/\"},{\"@type\":\"ListItem\",\"position\":4,\"name\":\"Wassergek\u00fchlte Drosseln\"}]},{\"@type\":\"WebSite\",\"@id\":\"https:\/\/www.trafox.fi\/#website\",\"url\":\"https:\/\/www.trafox.fi\/\",\"name\":\"Trafox\",\"description\":\"Maailmanluokan laatua. Suomalaisella asenteella.\",\"potentialAction\":[{\"@type\":\"SearchAction\",\"target\":{\"@type\":\"EntryPoint\",\"urlTemplate\":\"https:\/\/www.trafox.fi\/?s={search_term_string}\"},\"query-input\":\"required name=search_term_string\"}],\"inLanguage\":\"de\"}]}<\/script>\n<!-- \/ Yoast SEO plugin. -->","yoast_head_json":{"title":"Wassergek\u00fchlte Drosseln - Trafox","robots":{"index":"index","follow":"follow","max-snippet":"max-snippet:-1","max-image-preview":"max-image-preview:large","max-video-preview":"max-video-preview:-1"},"canonical":"https:\/\/www.trafox.fi\/tuotteet\/kuristimet\/vesijaahdytteiset-kuristimet\/","og_locale":"de_DE","og_type":"article","og_title":"Wassergek\u00fchlte Drosseln - Trafox","og_description":"Wassergek\u00fchlte 1- und 3-phasige Drosseln werden in speziellen Anwendungen bei erneuerbarer Energie, in der Schiffsindustrie sowie in der sonstigen Industrie eingesetzt. Wir stellen Drosseln bis max. 8000\u00a0A her. Die Drosseln werden f\u00fcr Anwendungen vom Netzfrequenzbereich bis zu Hochfrequenzen hergestellt. Als Kernmaterialien werden u.\u00a0a. verlustarme FE-Bahnen, Ferrite oder amorphe Materialien eingesetzt. Bei wassergek\u00fchlten Drosseln wird der [&hellip;]","og_url":"https:\/\/www.trafox.fi\/tuotteet\/kuristimet\/vesijaahdytteiset-kuristimet\/","og_site_name":"Trafox","article_modified_time":"2021-02-09T07:30:23+00:00","og_image":[{"width":300,"height":335,"url":"https:\/\/www.trafox.fi\/wp-content\/uploads\/2014\/08\/vesijaahdytteinen-e1408626943267.jpg","type":"image\/jpeg"}],"twitter_card":"summary_large_image","twitter_misc":{"Gesch\u00e4tzte Lesezeit":"1\u00a0Minute"},"schema":{"@context":"https:\/\/schema.org","@graph":[{"@type":"WebPage","@id":"https:\/\/www.trafox.fi\/tuotteet\/kuristimet\/vesijaahdytteiset-kuristimet\/","url":"https:\/\/www.trafox.fi\/tuotteet\/kuristimet\/vesijaahdytteiset-kuristimet\/","name":"Wassergek\u00fchlte Drosseln - Trafox","isPartOf":{"@id":"https:\/\/www.trafox.fi\/#website"},"datePublished":"2014-06-05T05:59:50+00:00","dateModified":"2021-02-09T07:30:23+00:00","breadcrumb":{"@id":"https:\/\/www.trafox.fi\/tuotteet\/kuristimet\/vesijaahdytteiset-kuristimet\/#breadcrumb"},"inLanguage":"de","potentialAction":[{"@type":"ReadAction","target":["https:\/\/www.trafox.fi\/tuotteet\/kuristimet\/vesijaahdytteiset-kuristimet\/"]}]},{"@type":"BreadcrumbList","@id":"https:\/\/www.trafox.fi\/tuotteet\/kuristimet\/vesijaahdytteiset-kuristimet\/#breadcrumb","itemListElement":[{"@type":"ListItem","position":1,"name":"Home","item":"https:\/\/www.trafox.fi\/de\/"},{"@type":"ListItem","position":2,"name":"Produkte","item":"https:\/\/www.trafox.fi\/tuotteet\/"},{"@type":"ListItem","position":3,"name":"Drosseln","item":"https:\/\/www.trafox.fi\/tuotteet\/kuristimet\/"},{"@type":"ListItem","position":4,"name":"Wassergek\u00fchlte Drosseln"}]},{"@type":"WebSite","@id":"https:\/\/www.trafox.fi\/#website","url":"https:\/\/www.trafox.fi\/","name":"Trafox","description":"Maailmanluokan laatua. Suomalaisella asenteella.","potentialAction":[{"@type":"SearchAction","target":{"@type":"EntryPoint","urlTemplate":"https:\/\/www.trafox.fi\/?s={search_term_string}"},"query-input":"required name=search_term_string"}],"inLanguage":"de"}]}},"_links":{"self":[{"href":"https:\/\/www.trafox.fi\/de\/wp-json\/wp\/v2\/pages\/829","targetHints":{"allow":["GET"]}}],"collection":[{"href":"https:\/\/www.trafox.fi\/de\/wp-json\/wp\/v2\/pages"}],"about":[{"href":"https:\/\/www.trafox.fi\/de\/wp-json\/wp\/v2\/types\/page"}],"author":[{"embeddable":true,"href":"https:\/\/www.trafox.fi\/de\/wp-json\/wp\/v2\/users\/1"}],"replies":[{"embeddable":true,"href":"https:\/\/www.trafox.fi\/de\/wp-json\/wp\/v2\/comments?post=829"}],"version-history":[{"count":2,"href":"https:\/\/www.trafox.fi\/de\/wp-json\/wp\/v2\/pages\/829\/revisions"}],"predecessor-version":[{"id":3677,"href":"https:\/\/www.trafox.fi\/de\/wp-json\/wp\/v2\/pages\/829\/revisions\/3677"}],"up":[{"embeddable":true,"href":"https:\/\/www.trafox.fi\/de\/wp-json\/wp\/v2\/pages\/552"}],"wp:featuredmedia":[{"embeddable":true,"href":"https:\/\/www.trafox.fi\/de\/wp-json\/wp\/v2\/media\/326"}],"wp:attachment":[{"href":"https:\/\/www.trafox.fi\/de\/wp-json\/wp\/v2\/media?parent=829"}],"curies":[{"name":"wp","href":"https:\/\/api.w.org\/{rel}","templated":true}]}}