{"id":755,"date":"2014-06-05T09:05:38","date_gmt":"2014-06-05T06:05:38","guid":{"rendered":"https:\/\/www.trafox.fi\/produkte\/trafox-superintend\/trafox-superintend-rcm\/"},"modified":"2022-10-07T12:15:03","modified_gmt":"2022-10-07T09:15:03","slug":"trafox-superintend-rcm","status":"publish","type":"page","link":"https:\/\/www.trafox.fi\/de\/produkte\/trafox-superintend\/trafox-superintend-rcm\/","title":{"rendered":"RCM Fehlerstrom\u00fcberwachungssystem"},"content":{"rendered":"<p>Ein Fehlerstrom-\u00dcberwachungssystem f\u00fcr Objekte, deren elektrische Versorgung besondere Zuverl\u00e4ssigkeit erfordert. Trafox Superintend\u00ae RCM \u00fcberwacht ununterbrochen das Fehlerstromniveau des elektrischen Systems und reagiert sofort auf einen Anstieg des Fehlerstroms.<\/p>\n<p>Das Fehlerstrom-\u00dcberwachungssystem bietet die M\u00f6glichkeit, den Anstieg des Fehlerstromniveaus festzustellen, bevor die Schutzeinrichtung ausl\u00f6st. Dies ist besonders bei Objekten n\u00fctzlich, bei denen eine unvorhergesehene Unterbrechung der Stromzufuhr gro\u00dfe Kosten verursacht. Die Alarmgrenze f\u00fcr den Fehlerstromalarm und die Verz\u00f6gerung k\u00f6nnen entsprechend den Forderungen des Objekts eingestellt werden.<\/p>\n<p>Die Produktfamilie Trafox Superintend\u00ae RCM stellt Fehlerstrom-\u00dcberwachungsger\u00e4te zur Auswahl, die \u00fcber 1, 8, 16, 32 oder 64 Messpunkte (Kan\u00e4le) verf\u00fcgen. Die mehrkanaligen Ger\u00e4te speichern auch die Minimal- und Maximalwerte sowie die Fehlerstrom-Alarmhistorie, die von jedem Punkt aus \u00fcber das Netz mit einem WWW-Browser ausgelesen werden k\u00f6nnen.<\/p>\n<p>Vorteile des \u00dcberwachungssystems Trafox Superintend\u00ae RCM:<\/p>\n<ul>\n<li class=\"p1\"><span class=\"s1\">Dank der ununterbrochenen \u00dcberwachung des Fehlerstroms bessere Brand- und Personensicherheit<\/span><\/li>\n<li class=\"p1\"><span class=\"s1\">Vorhersagbarkeit von Isolationsfehlern<\/span><\/li>\n<li class=\"p1\"><span class=\"s1\">M\u00f6glichkeit der genaueren Lokalisierung der Isolierungsfehler durch mehrkanalige Fehlerstrom-\u00dcberwachungsger\u00e4te<\/span><\/li>\n<li class=\"p1\"><span class=\"s1\">Schnelle Lokalisierung der die Stromqualit\u00e4t schw\u00e4chenden Fehlerstr\u00f6me <\/span><\/li>\n<li class=\"p1\"><span class=\"s1\">Zuverl\u00e4ssigeres elektrisches System durch Minimierung der Unterbrechungen bei der Spannung Versorgung<\/span><\/li>\n<li class=\"p1\"><span class=\"s1\">M\u00f6glichkeit, auch die Str\u00f6me in den Null- und Phasenleitungen zu \u00fcberwachen und m\u00f6gliche \u00dcberlastungen rechtzeitig zu erkennen<\/span><\/li>\n<li class=\"p1\"><span class=\"s1\">M\u00f6glichkeit, mit einem WWW-Browser auf einem Bildschirm maximal 2048 Messpunkte zu \u00fcberwachen<\/span><\/li>\n<\/ul>\n","protected":false},"excerpt":{"rendered":"<p>Ein Fehlerstrom-\u00dcberwachungssystem f\u00fcr Objekte, deren elektrische Versorgung besondere Zuverl\u00e4ssigkeit erfordert. Trafox Superintend\u00ae RCM \u00fcberwacht ununterbrochen das Fehlerstromniveau des elektrischen Systems und reagiert sofort auf einen Anstieg des Fehlerstroms. Das Fehlerstrom-\u00dcberwachungssystem bietet die M\u00f6glichkeit, den Anstieg des Fehlerstromniveaus festzustellen, bevor die Schutzeinrichtung ausl\u00f6st. Dies ist besonders bei Objekten n\u00fctzlich, bei denen eine unvorhergesehene Unterbrechung der Stromzufuhr [&hellip;]<\/p>\n","protected":false},"author":1,"featured_media":890,"parent":556,"menu_order":0,"comment_status":"closed","ping_status":"closed","template":"page-templates\/prods-prod-list.php","meta":{"footnotes":""},"class_list":["post-755","page","type-page","status-publish","has-post-thumbnail","hentry"],"acf":[],"yoast_head":"<!-- This site is optimized with the Yoast SEO plugin v20.10 - https:\/\/yoast.com\/wordpress\/plugins\/seo\/ -->\n<title>RCM Fehlerstrom\u00fcberwachungssystem - Trafox<\/title>\n<meta name=\"robots\" content=\"index, follow, max-snippet:-1, max-image-preview:large, max-video-preview:-1\" \/>\n<link rel=\"canonical\" href=\"https:\/\/www.trafox.fi\/tuotteet\/trafox-superintend\/trafox-superintend-rcm\/\" \/>\n<meta property=\"og:locale\" content=\"de_DE\" \/>\n<meta property=\"og:type\" content=\"article\" \/>\n<meta property=\"og:title\" content=\"RCM Fehlerstrom\u00fcberwachungssystem - Trafox\" \/>\n<meta property=\"og:description\" content=\"Ein Fehlerstrom-\u00dcberwachungssystem f\u00fcr Objekte, deren elektrische Versorgung besondere Zuverl\u00e4ssigkeit erfordert. Trafox Superintend\u00ae RCM \u00fcberwacht ununterbrochen das Fehlerstromniveau des elektrischen Systems und reagiert sofort auf einen Anstieg des Fehlerstroms. Das Fehlerstrom-\u00dcberwachungssystem bietet die M\u00f6glichkeit, den Anstieg des Fehlerstromniveaus festzustellen, bevor die Schutzeinrichtung ausl\u00f6st. Dies ist besonders bei Objekten n\u00fctzlich, bei denen eine unvorhergesehene Unterbrechung der Stromzufuhr [&hellip;]\" \/>\n<meta property=\"og:url\" content=\"https:\/\/www.trafox.fi\/tuotteet\/trafox-superintend\/trafox-superintend-rcm\/\" \/>\n<meta property=\"og:site_name\" content=\"Trafox\" \/>\n<meta property=\"article:modified_time\" content=\"2022-10-07T09:15:03+00:00\" \/>\n<meta property=\"og:image\" content=\"https:\/\/www.trafox.fi\/wp-content\/uploads\/2015\/02\/rcm-testi7-e1428419217620.png\" \/>\n\t<meta property=\"og:image:width\" content=\"5400\" \/>\n\t<meta property=\"og:image:height\" content=\"4504\" \/>\n\t<meta property=\"og:image:type\" content=\"image\/png\" \/>\n<meta name=\"twitter:card\" content=\"summary_large_image\" \/>\n<meta name=\"twitter:label1\" content=\"Gesch\u00e4tzte Lesezeit\" \/>\n\t<meta name=\"twitter:data1\" content=\"1\u00a0Minute\" \/>\n<script type=\"application\/ld+json\" class=\"yoast-schema-graph\">{\"@context\":\"https:\/\/schema.org\",\"@graph\":[{\"@type\":\"WebPage\",\"@id\":\"https:\/\/www.trafox.fi\/tuotteet\/trafox-superintend\/trafox-superintend-rcm\/\",\"url\":\"https:\/\/www.trafox.fi\/tuotteet\/trafox-superintend\/trafox-superintend-rcm\/\",\"name\":\"RCM Fehlerstrom\u00fcberwachungssystem - Trafox\",\"isPartOf\":{\"@id\":\"https:\/\/www.trafox.fi\/#website\"},\"datePublished\":\"2014-06-05T06:05:38+00:00\",\"dateModified\":\"2022-10-07T09:15:03+00:00\",\"breadcrumb\":{\"@id\":\"https:\/\/www.trafox.fi\/tuotteet\/trafox-superintend\/trafox-superintend-rcm\/#breadcrumb\"},\"inLanguage\":\"de\",\"potentialAction\":[{\"@type\":\"ReadAction\",\"target\":[\"https:\/\/www.trafox.fi\/tuotteet\/trafox-superintend\/trafox-superintend-rcm\/\"]}]},{\"@type\":\"BreadcrumbList\",\"@id\":\"https:\/\/www.trafox.fi\/tuotteet\/trafox-superintend\/trafox-superintend-rcm\/#breadcrumb\",\"itemListElement\":[{\"@type\":\"ListItem\",\"position\":1,\"name\":\"Home\",\"item\":\"https:\/\/www.trafox.fi\/de\/\"},{\"@type\":\"ListItem\",\"position\":2,\"name\":\"Produkte\",\"item\":\"https:\/\/www.trafox.fi\/tuotteet\/\"},{\"@type\":\"ListItem\",\"position\":3,\"name\":\"Trafox Superintend\u00ae\",\"item\":\"https:\/\/www.trafox.fi\/tuotteet\/trafox-superintend\/\"},{\"@type\":\"ListItem\",\"position\":4,\"name\":\"RCM Fehlerstrom\u00fcberwachungssystem\"}]},{\"@type\":\"WebSite\",\"@id\":\"https:\/\/www.trafox.fi\/#website\",\"url\":\"https:\/\/www.trafox.fi\/\",\"name\":\"Trafox\",\"description\":\"Maailmanluokan laatua. Suomalaisella asenteella.\",\"potentialAction\":[{\"@type\":\"SearchAction\",\"target\":{\"@type\":\"EntryPoint\",\"urlTemplate\":\"https:\/\/www.trafox.fi\/?s={search_term_string}\"},\"query-input\":\"required name=search_term_string\"}],\"inLanguage\":\"de\"}]}<\/script>\n<!-- \/ Yoast SEO plugin. -->","yoast_head_json":{"title":"RCM Fehlerstrom\u00fcberwachungssystem - Trafox","robots":{"index":"index","follow":"follow","max-snippet":"max-snippet:-1","max-image-preview":"max-image-preview:large","max-video-preview":"max-video-preview:-1"},"canonical":"https:\/\/www.trafox.fi\/tuotteet\/trafox-superintend\/trafox-superintend-rcm\/","og_locale":"de_DE","og_type":"article","og_title":"RCM Fehlerstrom\u00fcberwachungssystem - Trafox","og_description":"Ein Fehlerstrom-\u00dcberwachungssystem f\u00fcr Objekte, deren elektrische Versorgung besondere Zuverl\u00e4ssigkeit erfordert. Trafox Superintend\u00ae RCM \u00fcberwacht ununterbrochen das Fehlerstromniveau des elektrischen Systems und reagiert sofort auf einen Anstieg des Fehlerstroms. Das Fehlerstrom-\u00dcberwachungssystem bietet die M\u00f6glichkeit, den Anstieg des Fehlerstromniveaus festzustellen, bevor die Schutzeinrichtung ausl\u00f6st. Dies ist besonders bei Objekten n\u00fctzlich, bei denen eine unvorhergesehene Unterbrechung der Stromzufuhr [&hellip;]","og_url":"https:\/\/www.trafox.fi\/tuotteet\/trafox-superintend\/trafox-superintend-rcm\/","og_site_name":"Trafox","article_modified_time":"2022-10-07T09:15:03+00:00","og_image":[{"width":5400,"height":4504,"url":"https:\/\/www.trafox.fi\/wp-content\/uploads\/2015\/02\/rcm-testi7-e1428419217620.png","type":"image\/png"}],"twitter_card":"summary_large_image","twitter_misc":{"Gesch\u00e4tzte Lesezeit":"1\u00a0Minute"},"schema":{"@context":"https:\/\/schema.org","@graph":[{"@type":"WebPage","@id":"https:\/\/www.trafox.fi\/tuotteet\/trafox-superintend\/trafox-superintend-rcm\/","url":"https:\/\/www.trafox.fi\/tuotteet\/trafox-superintend\/trafox-superintend-rcm\/","name":"RCM Fehlerstrom\u00fcberwachungssystem - Trafox","isPartOf":{"@id":"https:\/\/www.trafox.fi\/#website"},"datePublished":"2014-06-05T06:05:38+00:00","dateModified":"2022-10-07T09:15:03+00:00","breadcrumb":{"@id":"https:\/\/www.trafox.fi\/tuotteet\/trafox-superintend\/trafox-superintend-rcm\/#breadcrumb"},"inLanguage":"de","potentialAction":[{"@type":"ReadAction","target":["https:\/\/www.trafox.fi\/tuotteet\/trafox-superintend\/trafox-superintend-rcm\/"]}]},{"@type":"BreadcrumbList","@id":"https:\/\/www.trafox.fi\/tuotteet\/trafox-superintend\/trafox-superintend-rcm\/#breadcrumb","itemListElement":[{"@type":"ListItem","position":1,"name":"Home","item":"https:\/\/www.trafox.fi\/de\/"},{"@type":"ListItem","position":2,"name":"Produkte","item":"https:\/\/www.trafox.fi\/tuotteet\/"},{"@type":"ListItem","position":3,"name":"Trafox Superintend\u00ae","item":"https:\/\/www.trafox.fi\/tuotteet\/trafox-superintend\/"},{"@type":"ListItem","position":4,"name":"RCM Fehlerstrom\u00fcberwachungssystem"}]},{"@type":"WebSite","@id":"https:\/\/www.trafox.fi\/#website","url":"https:\/\/www.trafox.fi\/","name":"Trafox","description":"Maailmanluokan laatua. Suomalaisella asenteella.","potentialAction":[{"@type":"SearchAction","target":{"@type":"EntryPoint","urlTemplate":"https:\/\/www.trafox.fi\/?s={search_term_string}"},"query-input":"required name=search_term_string"}],"inLanguage":"de"}]}},"_links":{"self":[{"href":"https:\/\/www.trafox.fi\/de\/wp-json\/wp\/v2\/pages\/755","targetHints":{"allow":["GET"]}}],"collection":[{"href":"https:\/\/www.trafox.fi\/de\/wp-json\/wp\/v2\/pages"}],"about":[{"href":"https:\/\/www.trafox.fi\/de\/wp-json\/wp\/v2\/types\/page"}],"author":[{"embeddable":true,"href":"https:\/\/www.trafox.fi\/de\/wp-json\/wp\/v2\/users\/1"}],"replies":[{"embeddable":true,"href":"https:\/\/www.trafox.fi\/de\/wp-json\/wp\/v2\/comments?post=755"}],"version-history":[{"count":32,"href":"https:\/\/www.trafox.fi\/de\/wp-json\/wp\/v2\/pages\/755\/revisions"}],"predecessor-version":[{"id":4396,"href":"https:\/\/www.trafox.fi\/de\/wp-json\/wp\/v2\/pages\/755\/revisions\/4396"}],"up":[{"embeddable":true,"href":"https:\/\/www.trafox.fi\/de\/wp-json\/wp\/v2\/pages\/556"}],"wp:featuredmedia":[{"embeddable":true,"href":"https:\/\/www.trafox.fi\/de\/wp-json\/wp\/v2\/media\/890"}],"wp:attachment":[{"href":"https:\/\/www.trafox.fi\/de\/wp-json\/wp\/v2\/media?parent=755"}],"curies":[{"name":"wp","href":"https:\/\/api.w.org\/{rel}","templated":true}]}}