{"id":749,"date":"2014-06-05T08:57:00","date_gmt":"2014-06-05T05:57:00","guid":{"rendered":"https:\/\/www.trafox.fi\/produkte\/drosseln\/sarjakuristimet\/"},"modified":"2024-04-08T10:00:40","modified_gmt":"2024-04-08T07:00:40","slug":"seriendrosseln","status":"publish","type":"page","link":"https:\/\/www.trafox.fi\/de\/produkte\/drosseln\/seriendrosseln\/","title":{"rendered":"Seriendrosseln"},"content":{"rendered":"<p class=\"p1\">Seriendrosseln werden eingesetzt um aus dem Netz oder der Last kommende harmonische Oberschwingungen, hochfrequente St\u00f6rungen und Spannungsspitzen zu d\u00e4mpfen sowie Einschaltstromst\u00f6\u00dfe und den Kurzschlussstrom zu verringern. Die Eigenschaften, Ma\u00dfe, die Konstruktion und Befestigungsart der Seriendrosseln k\u00f6nnen flexibel den W\u00fcnschen und Einsatzbed\u00fcrfnissen des Kunden angepasst werden.<\/p>\n<p class=\"p1\"><span class=\"s1\">Eigenschaften der Drosseln<\/span><\/p>\n<p class=\"p1\"><span class=\"s1\">Hochwertige Materialien.<br \/>\n<\/span>Wicklung Grad 2 (2 x emailliert) Kupferdraht, W\u00e4rmeklasse H\/180\u00a0\u00b0C.<br \/>\nWicklungsisolierungen Nomex-410-Folie oder Vergleichbares, W\u00e4rmeklasse H\/180 \u00b0C.<br \/>\nWicklungsst\u00fctzen Glasfaser, W\u00e4rmeklasse F\/155\u00a0\u00b0C oder H\/180\u00a0\u00b0C.<\/p>\n<p class=\"p1\"><span class=\"s1\">Standard Tauchlackierung oder Vakuum-\/Drucklackierung.<br \/>\n<\/span>Sichere, geringe Brandlast.<\/p>\n<p class=\"p1\"><span class=\"s1\">CE, UL\/ur<\/span><\/p>\n<p class=\"p1\"><a href=\"https:\/\/www.trafox.fi\/wp-content\/uploads\/2014\/06\/fp5b_saksa.jpg\"><img loading=\"lazy\" decoding=\"async\" class=\"alignnone size-full wp-image-863\" src=\"https:\/\/www.trafox.fi\/wp-content\/uploads\/2014\/06\/fp5b_saksa.jpg\" alt=\"fp5b_saksa\" width=\"170\" height=\"100\" srcset=\"https:\/\/www.trafox.fi\/wp-content\/uploads\/2014\/06\/fp5b_saksa.jpg 170w, https:\/\/www.trafox.fi\/wp-content\/uploads\/2014\/06\/fp5b_saksa-140x82.jpg 140w\" sizes=\"auto, (max-width: 170px) 100vw, 170px\" \/><\/a><\/p>\n<p class=\"p1\"><span class=\"s1\">Seriendrossel:<\/span><\/p>\n<p class=\"p1\"><span class=\"s1\">&#8211; d\u00e4mpft Einschaltstromsto\u00df<br \/>\n<\/span>&#8211; verringert Motorger\u00e4usch und Temperatur<br \/>\n&#8211; verl\u00e4ngert Haltbarkeit der Halbleiter<\/p>\n<p class=\"p1\"><a href=\"https:\/\/www.trafox.fi\/wp-content\/uploads\/2014\/06\/fp6b_saksa.jpg\"><img loading=\"lazy\" decoding=\"async\" class=\"alignnone size-full wp-image-861\" src=\"https:\/\/www.trafox.fi\/wp-content\/uploads\/2014\/06\/fp6b_saksa.jpg\" alt=\"fp6b_saksa\" width=\"170\" height=\"100\" srcset=\"https:\/\/www.trafox.fi\/wp-content\/uploads\/2014\/06\/fp6b_saksa.jpg 170w, https:\/\/www.trafox.fi\/wp-content\/uploads\/2014\/06\/fp6b_saksa-140x82.jpg 140w\" sizes=\"auto, (max-width: 170px) 100vw, 170px\" \/><\/a><\/p>\n<p class=\"p1\"><span class=\"s1\">Seriendrossel:<\/span><\/p>\n<p class=\"p1\"><span class=\"s1\">&#8211; d\u00e4mpft vom Netz kommende hochfrequente St\u00f6rungen und Spannungsspitzen<br \/>\n<\/span>&#8211; d\u00e4mpft harmonische Oberschwingungen<br \/>\n&#8211; verringert Einschaltstromsto\u00df<br \/>\n&#8211; verl\u00e4ngert Haltbarkeit der Halbleiter<\/p>\n<p class=\"p1\"><a href=\"https:\/\/www.trafox.fi\/wp-content\/uploads\/2014\/06\/fp7b_saksa.jpg\"><img loading=\"lazy\" decoding=\"async\" class=\"alignnone size-full wp-image-862\" src=\"https:\/\/www.trafox.fi\/wp-content\/uploads\/2014\/06\/fp7b_saksa.jpg\" alt=\"fp7b_saksa\" width=\"170\" height=\"100\" srcset=\"https:\/\/www.trafox.fi\/wp-content\/uploads\/2014\/06\/fp7b_saksa.jpg 170w, https:\/\/www.trafox.fi\/wp-content\/uploads\/2014\/06\/fp7b_saksa-140x82.jpg 140w\" sizes=\"auto, (max-width: 170px) 100vw, 170px\" \/><\/a><\/p>\n<p class=\"p1\"><span class=\"s1\">Seriendrossel:<\/span><\/p>\n<p class=\"p1\"><span class=\"s1\">&#8211; d\u00e4mpft aus dem Netz oder von der Last kommende St\u00f6rungen<br \/>\n<\/span>&#8211; d\u00e4mpft harmonische Oberschwingungen<br \/>\n&#8211; verringert Einschaltstromsto\u00df<\/p>\n","protected":false},"excerpt":{"rendered":"<p>Seriendrosseln werden eingesetzt um aus dem Netz oder der Last kommende harmonische Oberschwingungen, hochfrequente St\u00f6rungen und Spannungsspitzen zu d\u00e4mpfen sowie Einschaltstromst\u00f6\u00dfe und den Kurzschlussstrom zu verringern. Die Eigenschaften, Ma\u00dfe, die Konstruktion und Befestigungsart der Seriendrosseln k\u00f6nnen flexibel den W\u00fcnschen und Einsatzbed\u00fcrfnissen des Kunden angepasst werden. Eigenschaften der Drosseln Hochwertige Materialien. Wicklung Grad 2 (2 x [&hellip;]<\/p>\n","protected":false},"author":1,"featured_media":895,"parent":552,"menu_order":0,"comment_status":"closed","ping_status":"closed","template":"page-templates\/prods-prod-list.php","meta":{"footnotes":""},"class_list":["post-749","page","type-page","status-publish","has-post-thumbnail","hentry"],"acf":[],"yoast_head":"<!-- This site is optimized with the Yoast SEO plugin v20.10 - https:\/\/yoast.com\/wordpress\/plugins\/seo\/ -->\n<title>Seriendrosseln - Trafox<\/title>\n<meta name=\"robots\" content=\"index, follow, max-snippet:-1, max-image-preview:large, max-video-preview:-1\" \/>\n<link rel=\"canonical\" href=\"https:\/\/www.trafox.fi\/tuotteet\/kuristimet\/sarjakuristimet\/\" \/>\n<meta property=\"og:locale\" content=\"de_DE\" \/>\n<meta property=\"og:type\" content=\"article\" \/>\n<meta property=\"og:title\" content=\"Seriendrosseln - Trafox\" \/>\n<meta property=\"og:description\" content=\"Seriendrosseln werden eingesetzt um aus dem Netz oder der Last kommende harmonische Oberschwingungen, hochfrequente St\u00f6rungen und Spannungsspitzen zu d\u00e4mpfen sowie Einschaltstromst\u00f6\u00dfe und den Kurzschlussstrom zu verringern. Die Eigenschaften, Ma\u00dfe, die Konstruktion und Befestigungsart der Seriendrosseln k\u00f6nnen flexibel den W\u00fcnschen und Einsatzbed\u00fcrfnissen des Kunden angepasst werden. Eigenschaften der Drosseln Hochwertige Materialien. Wicklung Grad 2 (2 x [&hellip;]\" \/>\n<meta property=\"og:url\" content=\"https:\/\/www.trafox.fi\/tuotteet\/kuristimet\/sarjakuristimet\/\" \/>\n<meta property=\"og:site_name\" content=\"Trafox\" \/>\n<meta property=\"article:modified_time\" content=\"2024-04-08T07:00:40+00:00\" \/>\n<meta property=\"og:image\" content=\"https:\/\/www.trafox.fi\/wp-content\/uploads\/2015\/02\/3INP_sarjakuristin-e1422972039282-839x1024.png\" \/>\n\t<meta property=\"og:image:width\" content=\"839\" \/>\n\t<meta property=\"og:image:height\" content=\"1024\" \/>\n\t<meta property=\"og:image:type\" content=\"image\/png\" \/>\n<meta name=\"twitter:card\" content=\"summary_large_image\" \/>\n<meta name=\"twitter:label1\" content=\"Gesch\u00e4tzte Lesezeit\" \/>\n\t<meta name=\"twitter:data1\" content=\"1\u00a0Minute\" \/>\n<script type=\"application\/ld+json\" class=\"yoast-schema-graph\">{\"@context\":\"https:\/\/schema.org\",\"@graph\":[{\"@type\":\"WebPage\",\"@id\":\"https:\/\/www.trafox.fi\/tuotteet\/kuristimet\/sarjakuristimet\/\",\"url\":\"https:\/\/www.trafox.fi\/tuotteet\/kuristimet\/sarjakuristimet\/\",\"name\":\"Seriendrosseln - Trafox\",\"isPartOf\":{\"@id\":\"https:\/\/www.trafox.fi\/#website\"},\"datePublished\":\"2014-06-05T05:57:00+00:00\",\"dateModified\":\"2024-04-08T07:00:40+00:00\",\"breadcrumb\":{\"@id\":\"https:\/\/www.trafox.fi\/tuotteet\/kuristimet\/sarjakuristimet\/#breadcrumb\"},\"inLanguage\":\"de\",\"potentialAction\":[{\"@type\":\"ReadAction\",\"target\":[\"https:\/\/www.trafox.fi\/tuotteet\/kuristimet\/sarjakuristimet\/\"]}]},{\"@type\":\"BreadcrumbList\",\"@id\":\"https:\/\/www.trafox.fi\/tuotteet\/kuristimet\/sarjakuristimet\/#breadcrumb\",\"itemListElement\":[{\"@type\":\"ListItem\",\"position\":1,\"name\":\"Home\",\"item\":\"https:\/\/www.trafox.fi\/de\/\"},{\"@type\":\"ListItem\",\"position\":2,\"name\":\"Produkte\",\"item\":\"https:\/\/www.trafox.fi\/tuotteet\/\"},{\"@type\":\"ListItem\",\"position\":3,\"name\":\"Drosseln\",\"item\":\"https:\/\/www.trafox.fi\/tuotteet\/kuristimet\/\"},{\"@type\":\"ListItem\",\"position\":4,\"name\":\"Seriendrosseln\"}]},{\"@type\":\"WebSite\",\"@id\":\"https:\/\/www.trafox.fi\/#website\",\"url\":\"https:\/\/www.trafox.fi\/\",\"name\":\"Trafox\",\"description\":\"Maailmanluokan laatua. Suomalaisella asenteella.\",\"potentialAction\":[{\"@type\":\"SearchAction\",\"target\":{\"@type\":\"EntryPoint\",\"urlTemplate\":\"https:\/\/www.trafox.fi\/?s={search_term_string}\"},\"query-input\":\"required name=search_term_string\"}],\"inLanguage\":\"de\"}]}<\/script>\n<!-- \/ Yoast SEO plugin. -->","yoast_head_json":{"title":"Seriendrosseln - Trafox","robots":{"index":"index","follow":"follow","max-snippet":"max-snippet:-1","max-image-preview":"max-image-preview:large","max-video-preview":"max-video-preview:-1"},"canonical":"https:\/\/www.trafox.fi\/tuotteet\/kuristimet\/sarjakuristimet\/","og_locale":"de_DE","og_type":"article","og_title":"Seriendrosseln - Trafox","og_description":"Seriendrosseln werden eingesetzt um aus dem Netz oder der Last kommende harmonische Oberschwingungen, hochfrequente St\u00f6rungen und Spannungsspitzen zu d\u00e4mpfen sowie Einschaltstromst\u00f6\u00dfe und den Kurzschlussstrom zu verringern. Die Eigenschaften, Ma\u00dfe, die Konstruktion und Befestigungsart der Seriendrosseln k\u00f6nnen flexibel den W\u00fcnschen und Einsatzbed\u00fcrfnissen des Kunden angepasst werden. Eigenschaften der Drosseln Hochwertige Materialien. Wicklung Grad 2 (2 x [&hellip;]","og_url":"https:\/\/www.trafox.fi\/tuotteet\/kuristimet\/sarjakuristimet\/","og_site_name":"Trafox","article_modified_time":"2024-04-08T07:00:40+00:00","og_image":[{"width":839,"height":1024,"url":"https:\/\/www.trafox.fi\/wp-content\/uploads\/2015\/02\/3INP_sarjakuristin-e1422972039282-839x1024.png","type":"image\/png"}],"twitter_card":"summary_large_image","twitter_misc":{"Gesch\u00e4tzte Lesezeit":"1\u00a0Minute"},"schema":{"@context":"https:\/\/schema.org","@graph":[{"@type":"WebPage","@id":"https:\/\/www.trafox.fi\/tuotteet\/kuristimet\/sarjakuristimet\/","url":"https:\/\/www.trafox.fi\/tuotteet\/kuristimet\/sarjakuristimet\/","name":"Seriendrosseln - Trafox","isPartOf":{"@id":"https:\/\/www.trafox.fi\/#website"},"datePublished":"2014-06-05T05:57:00+00:00","dateModified":"2024-04-08T07:00:40+00:00","breadcrumb":{"@id":"https:\/\/www.trafox.fi\/tuotteet\/kuristimet\/sarjakuristimet\/#breadcrumb"},"inLanguage":"de","potentialAction":[{"@type":"ReadAction","target":["https:\/\/www.trafox.fi\/tuotteet\/kuristimet\/sarjakuristimet\/"]}]},{"@type":"BreadcrumbList","@id":"https:\/\/www.trafox.fi\/tuotteet\/kuristimet\/sarjakuristimet\/#breadcrumb","itemListElement":[{"@type":"ListItem","position":1,"name":"Home","item":"https:\/\/www.trafox.fi\/de\/"},{"@type":"ListItem","position":2,"name":"Produkte","item":"https:\/\/www.trafox.fi\/tuotteet\/"},{"@type":"ListItem","position":3,"name":"Drosseln","item":"https:\/\/www.trafox.fi\/tuotteet\/kuristimet\/"},{"@type":"ListItem","position":4,"name":"Seriendrosseln"}]},{"@type":"WebSite","@id":"https:\/\/www.trafox.fi\/#website","url":"https:\/\/www.trafox.fi\/","name":"Trafox","description":"Maailmanluokan laatua. Suomalaisella asenteella.","potentialAction":[{"@type":"SearchAction","target":{"@type":"EntryPoint","urlTemplate":"https:\/\/www.trafox.fi\/?s={search_term_string}"},"query-input":"required name=search_term_string"}],"inLanguage":"de"}]}},"_links":{"self":[{"href":"https:\/\/www.trafox.fi\/de\/wp-json\/wp\/v2\/pages\/749","targetHints":{"allow":["GET"]}}],"collection":[{"href":"https:\/\/www.trafox.fi\/de\/wp-json\/wp\/v2\/pages"}],"about":[{"href":"https:\/\/www.trafox.fi\/de\/wp-json\/wp\/v2\/types\/page"}],"author":[{"embeddable":true,"href":"https:\/\/www.trafox.fi\/de\/wp-json\/wp\/v2\/users\/1"}],"replies":[{"embeddable":true,"href":"https:\/\/www.trafox.fi\/de\/wp-json\/wp\/v2\/comments?post=749"}],"version-history":[{"count":10,"href":"https:\/\/www.trafox.fi\/de\/wp-json\/wp\/v2\/pages\/749\/revisions"}],"predecessor-version":[{"id":4960,"href":"https:\/\/www.trafox.fi\/de\/wp-json\/wp\/v2\/pages\/749\/revisions\/4960"}],"up":[{"embeddable":true,"href":"https:\/\/www.trafox.fi\/de\/wp-json\/wp\/v2\/pages\/552"}],"wp:featuredmedia":[{"embeddable":true,"href":"https:\/\/www.trafox.fi\/de\/wp-json\/wp\/v2\/media\/895"}],"wp:attachment":[{"href":"https:\/\/www.trafox.fi\/de\/wp-json\/wp\/v2\/media?parent=749"}],"curies":[{"name":"wp","href":"https:\/\/api.w.org\/{rel}","templated":true}]}}