{"id":746,"date":"2014-06-05T08:52:17","date_gmt":"2014-06-05T05:52:17","guid":{"rendered":"https:\/\/www.trafox.fi\/produkte\/drosseln\/estokelakuristimet\/"},"modified":"2024-10-02T09:13:12","modified_gmt":"2024-10-02T06:13:12","slug":"estokelakuristimet","status":"publish","type":"page","link":"https:\/\/www.trafox.fi\/de\/produkte\/drosseln\/estokelakuristimet\/","title":{"rendered":"Kompensationsdrosseln"},"content":{"rendered":"<p>Die Kompensationsdrosseln von Trafox werden zur Kompensation der Blindleistung eingesetzt. Die Drosseln der Kompensationsreihe sind f\u00fcr m\u00f6glichst geringe Verluste ausgelegt und sind klein, weshalb sie montagefreundlich sind und wenig W\u00e4rme an die Umgebung abgeben.<\/p>\n<p>Die Eigenschaften, Ma\u00dfe, die Konstruktion und Befestigungsart der Drosseln werden flexibel den W\u00fcnschen und Einsatzbed\u00fcrfnissen des Kunden angepasst.<\/p>\n","protected":false},"excerpt":{"rendered":"<p>Die Kompensationsdrosseln von Trafox werden zur Kompensation der Blindleistung eingesetzt. Die Drosseln der Kompensationsreihe sind f\u00fcr m\u00f6glichst geringe Verluste ausgelegt und sind klein, weshalb sie montagefreundlich sind und wenig W\u00e4rme an die Umgebung abgeben. Die Eigenschaften, Ma\u00dfe, die Konstruktion und Befestigungsart der Drosseln werden flexibel den W\u00fcnschen und Einsatzbed\u00fcrfnissen des Kunden angepasst.<\/p>\n","protected":false},"author":1,"featured_media":325,"parent":552,"menu_order":0,"comment_status":"closed","ping_status":"closed","template":"page-templates\/prods-prod-list.php","meta":{"footnotes":""},"class_list":["post-746","page","type-page","status-publish","has-post-thumbnail","hentry"],"acf":[],"yoast_head":"<!-- This site is optimized with the Yoast SEO plugin v20.10 - https:\/\/yoast.com\/wordpress\/plugins\/seo\/ -->\n<title>Kompensationsdrosseln - Trafox<\/title>\n<meta name=\"robots\" content=\"index, follow, max-snippet:-1, max-image-preview:large, max-video-preview:-1\" \/>\n<link rel=\"canonical\" href=\"https:\/\/www.trafox.fi\/tuotteet\/kuristimet\/estokelakuristimet\/\" \/>\n<meta property=\"og:locale\" content=\"de_DE\" \/>\n<meta property=\"og:type\" content=\"article\" \/>\n<meta property=\"og:title\" content=\"Kompensationsdrosseln - Trafox\" \/>\n<meta property=\"og:description\" content=\"Die Kompensationsdrosseln von Trafox werden zur Kompensation der Blindleistung eingesetzt. Die Drosseln der Kompensationsreihe sind f\u00fcr m\u00f6glichst geringe Verluste ausgelegt und sind klein, weshalb sie montagefreundlich sind und wenig W\u00e4rme an die Umgebung abgeben. Die Eigenschaften, Ma\u00dfe, die Konstruktion und Befestigungsart der Drosseln werden flexibel den W\u00fcnschen und Einsatzbed\u00fcrfnissen des Kunden angepasst.\" \/>\n<meta property=\"og:url\" content=\"https:\/\/www.trafox.fi\/tuotteet\/kuristimet\/estokelakuristimet\/\" \/>\n<meta property=\"og:site_name\" content=\"Trafox\" \/>\n<meta property=\"article:modified_time\" content=\"2024-10-02T06:13:12+00:00\" \/>\n<meta property=\"og:image\" content=\"https:\/\/www.trafox.fi\/wp-content\/uploads\/2014\/08\/3INPP-e1408623942137.jpg\" \/>\n\t<meta property=\"og:image:width\" content=\"300\" \/>\n\t<meta property=\"og:image:height\" content=\"297\" \/>\n\t<meta property=\"og:image:type\" content=\"image\/jpeg\" \/>\n<meta name=\"twitter:card\" content=\"summary_large_image\" \/>\n<script type=\"application\/ld+json\" class=\"yoast-schema-graph\">{\"@context\":\"https:\/\/schema.org\",\"@graph\":[{\"@type\":\"WebPage\",\"@id\":\"https:\/\/www.trafox.fi\/tuotteet\/kuristimet\/estokelakuristimet\/\",\"url\":\"https:\/\/www.trafox.fi\/tuotteet\/kuristimet\/estokelakuristimet\/\",\"name\":\"Kompensationsdrosseln - Trafox\",\"isPartOf\":{\"@id\":\"https:\/\/www.trafox.fi\/#website\"},\"datePublished\":\"2014-06-05T05:52:17+00:00\",\"dateModified\":\"2024-10-02T06:13:12+00:00\",\"breadcrumb\":{\"@id\":\"https:\/\/www.trafox.fi\/tuotteet\/kuristimet\/estokelakuristimet\/#breadcrumb\"},\"inLanguage\":\"de\",\"potentialAction\":[{\"@type\":\"ReadAction\",\"target\":[\"https:\/\/www.trafox.fi\/tuotteet\/kuristimet\/estokelakuristimet\/\"]}]},{\"@type\":\"BreadcrumbList\",\"@id\":\"https:\/\/www.trafox.fi\/tuotteet\/kuristimet\/estokelakuristimet\/#breadcrumb\",\"itemListElement\":[{\"@type\":\"ListItem\",\"position\":1,\"name\":\"Home\",\"item\":\"https:\/\/www.trafox.fi\/de\/\"},{\"@type\":\"ListItem\",\"position\":2,\"name\":\"Produkte\",\"item\":\"https:\/\/www.trafox.fi\/tuotteet\/\"},{\"@type\":\"ListItem\",\"position\":3,\"name\":\"Drosseln\",\"item\":\"https:\/\/www.trafox.fi\/tuotteet\/kuristimet\/\"},{\"@type\":\"ListItem\",\"position\":4,\"name\":\"Kompensationsdrosseln\"}]},{\"@type\":\"WebSite\",\"@id\":\"https:\/\/www.trafox.fi\/#website\",\"url\":\"https:\/\/www.trafox.fi\/\",\"name\":\"Trafox\",\"description\":\"Maailmanluokan laatua. Suomalaisella asenteella.\",\"potentialAction\":[{\"@type\":\"SearchAction\",\"target\":{\"@type\":\"EntryPoint\",\"urlTemplate\":\"https:\/\/www.trafox.fi\/?s={search_term_string}\"},\"query-input\":\"required name=search_term_string\"}],\"inLanguage\":\"de\"}]}<\/script>\n<!-- \/ Yoast SEO plugin. -->","yoast_head_json":{"title":"Kompensationsdrosseln - Trafox","robots":{"index":"index","follow":"follow","max-snippet":"max-snippet:-1","max-image-preview":"max-image-preview:large","max-video-preview":"max-video-preview:-1"},"canonical":"https:\/\/www.trafox.fi\/tuotteet\/kuristimet\/estokelakuristimet\/","og_locale":"de_DE","og_type":"article","og_title":"Kompensationsdrosseln - Trafox","og_description":"Die Kompensationsdrosseln von Trafox werden zur Kompensation der Blindleistung eingesetzt. Die Drosseln der Kompensationsreihe sind f\u00fcr m\u00f6glichst geringe Verluste ausgelegt und sind klein, weshalb sie montagefreundlich sind und wenig W\u00e4rme an die Umgebung abgeben. Die Eigenschaften, Ma\u00dfe, die Konstruktion und Befestigungsart der Drosseln werden flexibel den W\u00fcnschen und Einsatzbed\u00fcrfnissen des Kunden angepasst.","og_url":"https:\/\/www.trafox.fi\/tuotteet\/kuristimet\/estokelakuristimet\/","og_site_name":"Trafox","article_modified_time":"2024-10-02T06:13:12+00:00","og_image":[{"width":300,"height":297,"url":"https:\/\/www.trafox.fi\/wp-content\/uploads\/2014\/08\/3INPP-e1408623942137.jpg","type":"image\/jpeg"}],"twitter_card":"summary_large_image","schema":{"@context":"https:\/\/schema.org","@graph":[{"@type":"WebPage","@id":"https:\/\/www.trafox.fi\/tuotteet\/kuristimet\/estokelakuristimet\/","url":"https:\/\/www.trafox.fi\/tuotteet\/kuristimet\/estokelakuristimet\/","name":"Kompensationsdrosseln - Trafox","isPartOf":{"@id":"https:\/\/www.trafox.fi\/#website"},"datePublished":"2014-06-05T05:52:17+00:00","dateModified":"2024-10-02T06:13:12+00:00","breadcrumb":{"@id":"https:\/\/www.trafox.fi\/tuotteet\/kuristimet\/estokelakuristimet\/#breadcrumb"},"inLanguage":"de","potentialAction":[{"@type":"ReadAction","target":["https:\/\/www.trafox.fi\/tuotteet\/kuristimet\/estokelakuristimet\/"]}]},{"@type":"BreadcrumbList","@id":"https:\/\/www.trafox.fi\/tuotteet\/kuristimet\/estokelakuristimet\/#breadcrumb","itemListElement":[{"@type":"ListItem","position":1,"name":"Home","item":"https:\/\/www.trafox.fi\/de\/"},{"@type":"ListItem","position":2,"name":"Produkte","item":"https:\/\/www.trafox.fi\/tuotteet\/"},{"@type":"ListItem","position":3,"name":"Drosseln","item":"https:\/\/www.trafox.fi\/tuotteet\/kuristimet\/"},{"@type":"ListItem","position":4,"name":"Kompensationsdrosseln"}]},{"@type":"WebSite","@id":"https:\/\/www.trafox.fi\/#website","url":"https:\/\/www.trafox.fi\/","name":"Trafox","description":"Maailmanluokan laatua. Suomalaisella asenteella.","potentialAction":[{"@type":"SearchAction","target":{"@type":"EntryPoint","urlTemplate":"https:\/\/www.trafox.fi\/?s={search_term_string}"},"query-input":"required name=search_term_string"}],"inLanguage":"de"}]}},"_links":{"self":[{"href":"https:\/\/www.trafox.fi\/de\/wp-json\/wp\/v2\/pages\/746","targetHints":{"allow":["GET"]}}],"collection":[{"href":"https:\/\/www.trafox.fi\/de\/wp-json\/wp\/v2\/pages"}],"about":[{"href":"https:\/\/www.trafox.fi\/de\/wp-json\/wp\/v2\/types\/page"}],"author":[{"embeddable":true,"href":"https:\/\/www.trafox.fi\/de\/wp-json\/wp\/v2\/users\/1"}],"replies":[{"embeddable":true,"href":"https:\/\/www.trafox.fi\/de\/wp-json\/wp\/v2\/comments?post=746"}],"version-history":[{"count":16,"href":"https:\/\/www.trafox.fi\/de\/wp-json\/wp\/v2\/pages\/746\/revisions"}],"predecessor-version":[{"id":5148,"href":"https:\/\/www.trafox.fi\/de\/wp-json\/wp\/v2\/pages\/746\/revisions\/5148"}],"up":[{"embeddable":true,"href":"https:\/\/www.trafox.fi\/de\/wp-json\/wp\/v2\/pages\/552"}],"wp:featuredmedia":[{"embeddable":true,"href":"https:\/\/www.trafox.fi\/de\/wp-json\/wp\/v2\/media\/325"}],"wp:attachment":[{"href":"https:\/\/www.trafox.fi\/de\/wp-json\/wp\/v2\/media?parent=746"}],"curies":[{"name":"wp","href":"https:\/\/api.w.org\/{rel}","templated":true}]}}