{"id":736,"date":"2014-06-04T15:03:41","date_gmt":"2014-06-04T12:03:41","guid":{"rendered":"https:\/\/www.trafox.fi\/produkte\/leistungstransformatoren\/3-vaiheiset-tehomuuntajat-tehosarja-ekosarja-saastokytketyt-ja-hairionvaimennusmuuntajat\/"},"modified":"2025-02-04T14:51:38","modified_gmt":"2025-02-04T12:51:38","slug":"3-phasige-leistungstransformatoren","status":"publish","type":"page","link":"https:\/\/www.trafox.fi\/de\/produkte\/leistungstransformatoren\/3-phasige-leistungstransformatoren\/","title":{"rendered":"3-phasige Leistungstransformatoren"},"content":{"rendered":"<p>Wir stellen 3-phasige Leistungstransformatoren mit Leistungen von 6,3\u00a0kVA bis 2\u00a0MVA her. Zu unserer Produktpalette geh\u00f6ren Leistungs- und \u00d6koreihen sowie Entst\u00f6rtransformatoren. Die Transformatoren der Leistungsreihe sind kosteneffizient und die der \u00d6koreihe sehr verlustarm ausgelegt.<\/p>\n<p>Der Standardaufbau ist offenes IP00, aber kann bis IP65 geliefert werden. Die Leistungstransformatoren verf\u00fcgen \u00fcber getrennte Prim\u00e4r- und Sekund\u00e4rwicklungen und sie bilden ein schutzgetrenntes Netz.<\/p>\n<p>Die Transformatoren sind f\u00fcr Objekte gedacht, wo eine Anhebung oder Absenkung der Spannung ben\u00f6tigt wird oder der Transformator als Trenntransformator dient. Wenn die Spannungswandlung keine Schutztrennung erfordert, kann die L\u00f6sung ein Spartransformator sein, der kleiner und kosteneffizienter ist. Die Einsatzstellen sind die verschiedensten Anwendungen in der Industrie, Bauindustrie, Energietechnik und Schiffsindustrie, wie Elektromotoren, Kompressoren, K\u00fchlsysteme oder die Realisierung eines IT-\/TN-S-Netzes. Der Transformator kann auf Bestellung mit anderen Spannungen und Frequenzen hergestellt und zum Beispiel mit statischem Schutz zwischen Prim\u00e4r- und Sekund\u00e4rwicklung, verschiedenen Einstellungen, zus\u00e4tzlichen Anzapfungen, R\u00e4dern oder andere vom Kunden verlangte Option ausgestattet werden.<\/p>\n","protected":false},"excerpt":{"rendered":"<p>Wir stellen 3-phasige Leistungstransformatoren mit Leistungen von 6,3\u00a0kVA bis 2\u00a0MVA her. Zu unserer Produktpalette geh\u00f6ren Leistungs- und \u00d6koreihen sowie Entst\u00f6rtransformatoren. Die Transformatoren der Leistungsreihe sind kosteneffizient und die der \u00d6koreihe sehr verlustarm ausgelegt. Der Standardaufbau ist offenes IP00, aber kann bis IP65 geliefert werden. Die Leistungstransformatoren verf\u00fcgen \u00fcber getrennte Prim\u00e4r- und Sekund\u00e4rwicklungen und sie bilden [&hellip;]<\/p>\n","protected":false},"author":1,"featured_media":328,"parent":544,"menu_order":0,"comment_status":"closed","ping_status":"closed","template":"page-templates\/prods-prod-list.php","meta":{"footnotes":""},"class_list":["post-736","page","type-page","status-publish","has-post-thumbnail","hentry"],"acf":[],"yoast_head":"<!-- This site is optimized with the Yoast SEO plugin v20.10 - https:\/\/yoast.com\/wordpress\/plugins\/seo\/ -->\n<title>3-phasige Leistungstransformatoren - Trafox<\/title>\n<meta name=\"robots\" content=\"index, follow, max-snippet:-1, max-image-preview:large, max-video-preview:-1\" \/>\n<link rel=\"canonical\" href=\"https:\/\/www.trafox.fi\/tuotteet\/tehomuuntajat\/3-vaiheiset-tehomuuntajat-tehosarja-ekosarja-saastokytketyt-ja-hairionvaimennusmuuntajat\/\" \/>\n<meta property=\"og:locale\" content=\"de_DE\" \/>\n<meta property=\"og:type\" content=\"article\" \/>\n<meta property=\"og:title\" content=\"3-phasige Leistungstransformatoren - Trafox\" \/>\n<meta property=\"og:description\" content=\"Wir stellen 3-phasige Leistungstransformatoren mit Leistungen von 6,3\u00a0kVA bis 2\u00a0MVA her. Zu unserer Produktpalette geh\u00f6ren Leistungs- und \u00d6koreihen sowie Entst\u00f6rtransformatoren. Die Transformatoren der Leistungsreihe sind kosteneffizient und die der \u00d6koreihe sehr verlustarm ausgelegt. Der Standardaufbau ist offenes IP00, aber kann bis IP65 geliefert werden. Die Leistungstransformatoren verf\u00fcgen \u00fcber getrennte Prim\u00e4r- und Sekund\u00e4rwicklungen und sie bilden [&hellip;]\" \/>\n<meta property=\"og:url\" content=\"https:\/\/www.trafox.fi\/tuotteet\/tehomuuntajat\/3-vaiheiset-tehomuuntajat-tehosarja-ekosarja-saastokytketyt-ja-hairionvaimennusmuuntajat\/\" \/>\n<meta property=\"og:site_name\" content=\"Trafox\" \/>\n<meta property=\"article:modified_time\" content=\"2025-02-04T12:51:38+00:00\" \/>\n<meta property=\"og:image\" content=\"https:\/\/www.trafox.fi\/wp-content\/uploads\/2014\/08\/3-vaihe_tehomuuntaja-e1408629595112.jpg\" \/>\n\t<meta property=\"og:image:width\" content=\"4528\" \/>\n\t<meta property=\"og:image:height\" content=\"5216\" \/>\n\t<meta property=\"og:image:type\" content=\"image\/jpeg\" \/>\n<meta name=\"twitter:card\" content=\"summary_large_image\" \/>\n<meta name=\"twitter:label1\" content=\"Gesch\u00e4tzte Lesezeit\" \/>\n\t<meta name=\"twitter:data1\" content=\"1\u00a0Minute\" \/>\n<script type=\"application\/ld+json\" class=\"yoast-schema-graph\">{\"@context\":\"https:\/\/schema.org\",\"@graph\":[{\"@type\":\"WebPage\",\"@id\":\"https:\/\/www.trafox.fi\/tuotteet\/tehomuuntajat\/3-vaiheiset-tehomuuntajat-tehosarja-ekosarja-saastokytketyt-ja-hairionvaimennusmuuntajat\/\",\"url\":\"https:\/\/www.trafox.fi\/tuotteet\/tehomuuntajat\/3-vaiheiset-tehomuuntajat-tehosarja-ekosarja-saastokytketyt-ja-hairionvaimennusmuuntajat\/\",\"name\":\"3-phasige Leistungstransformatoren - Trafox\",\"isPartOf\":{\"@id\":\"https:\/\/www.trafox.fi\/#website\"},\"datePublished\":\"2014-06-04T12:03:41+00:00\",\"dateModified\":\"2025-02-04T12:51:38+00:00\",\"breadcrumb\":{\"@id\":\"https:\/\/www.trafox.fi\/tuotteet\/tehomuuntajat\/3-vaiheiset-tehomuuntajat-tehosarja-ekosarja-saastokytketyt-ja-hairionvaimennusmuuntajat\/#breadcrumb\"},\"inLanguage\":\"de\",\"potentialAction\":[{\"@type\":\"ReadAction\",\"target\":[\"https:\/\/www.trafox.fi\/tuotteet\/tehomuuntajat\/3-vaiheiset-tehomuuntajat-tehosarja-ekosarja-saastokytketyt-ja-hairionvaimennusmuuntajat\/\"]}]},{\"@type\":\"BreadcrumbList\",\"@id\":\"https:\/\/www.trafox.fi\/tuotteet\/tehomuuntajat\/3-vaiheiset-tehomuuntajat-tehosarja-ekosarja-saastokytketyt-ja-hairionvaimennusmuuntajat\/#breadcrumb\",\"itemListElement\":[{\"@type\":\"ListItem\",\"position\":1,\"name\":\"Home\",\"item\":\"https:\/\/www.trafox.fi\/de\/\"},{\"@type\":\"ListItem\",\"position\":2,\"name\":\"Produkte\",\"item\":\"https:\/\/www.trafox.fi\/tuotteet\/\"},{\"@type\":\"ListItem\",\"position\":3,\"name\":\"Leistungstransformatoren\",\"item\":\"https:\/\/www.trafox.fi\/tuotteet\/tehomuuntajat\/\"},{\"@type\":\"ListItem\",\"position\":4,\"name\":\"3-phasige Leistungstransformatoren\"}]},{\"@type\":\"WebSite\",\"@id\":\"https:\/\/www.trafox.fi\/#website\",\"url\":\"https:\/\/www.trafox.fi\/\",\"name\":\"Trafox\",\"description\":\"Maailmanluokan laatua. Suomalaisella asenteella.\",\"potentialAction\":[{\"@type\":\"SearchAction\",\"target\":{\"@type\":\"EntryPoint\",\"urlTemplate\":\"https:\/\/www.trafox.fi\/?s={search_term_string}\"},\"query-input\":\"required name=search_term_string\"}],\"inLanguage\":\"de\"}]}<\/script>\n<!-- \/ Yoast SEO plugin. -->","yoast_head_json":{"title":"3-phasige Leistungstransformatoren - Trafox","robots":{"index":"index","follow":"follow","max-snippet":"max-snippet:-1","max-image-preview":"max-image-preview:large","max-video-preview":"max-video-preview:-1"},"canonical":"https:\/\/www.trafox.fi\/tuotteet\/tehomuuntajat\/3-vaiheiset-tehomuuntajat-tehosarja-ekosarja-saastokytketyt-ja-hairionvaimennusmuuntajat\/","og_locale":"de_DE","og_type":"article","og_title":"3-phasige Leistungstransformatoren - Trafox","og_description":"Wir stellen 3-phasige Leistungstransformatoren mit Leistungen von 6,3\u00a0kVA bis 2\u00a0MVA her. Zu unserer Produktpalette geh\u00f6ren Leistungs- und \u00d6koreihen sowie Entst\u00f6rtransformatoren. Die Transformatoren der Leistungsreihe sind kosteneffizient und die der \u00d6koreihe sehr verlustarm ausgelegt. Der Standardaufbau ist offenes IP00, aber kann bis IP65 geliefert werden. Die Leistungstransformatoren verf\u00fcgen \u00fcber getrennte Prim\u00e4r- und Sekund\u00e4rwicklungen und sie bilden [&hellip;]","og_url":"https:\/\/www.trafox.fi\/tuotteet\/tehomuuntajat\/3-vaiheiset-tehomuuntajat-tehosarja-ekosarja-saastokytketyt-ja-hairionvaimennusmuuntajat\/","og_site_name":"Trafox","article_modified_time":"2025-02-04T12:51:38+00:00","og_image":[{"width":4528,"height":5216,"url":"https:\/\/www.trafox.fi\/wp-content\/uploads\/2014\/08\/3-vaihe_tehomuuntaja-e1408629595112.jpg","type":"image\/jpeg"}],"twitter_card":"summary_large_image","twitter_misc":{"Gesch\u00e4tzte Lesezeit":"1\u00a0Minute"},"schema":{"@context":"https:\/\/schema.org","@graph":[{"@type":"WebPage","@id":"https:\/\/www.trafox.fi\/tuotteet\/tehomuuntajat\/3-vaiheiset-tehomuuntajat-tehosarja-ekosarja-saastokytketyt-ja-hairionvaimennusmuuntajat\/","url":"https:\/\/www.trafox.fi\/tuotteet\/tehomuuntajat\/3-vaiheiset-tehomuuntajat-tehosarja-ekosarja-saastokytketyt-ja-hairionvaimennusmuuntajat\/","name":"3-phasige Leistungstransformatoren - Trafox","isPartOf":{"@id":"https:\/\/www.trafox.fi\/#website"},"datePublished":"2014-06-04T12:03:41+00:00","dateModified":"2025-02-04T12:51:38+00:00","breadcrumb":{"@id":"https:\/\/www.trafox.fi\/tuotteet\/tehomuuntajat\/3-vaiheiset-tehomuuntajat-tehosarja-ekosarja-saastokytketyt-ja-hairionvaimennusmuuntajat\/#breadcrumb"},"inLanguage":"de","potentialAction":[{"@type":"ReadAction","target":["https:\/\/www.trafox.fi\/tuotteet\/tehomuuntajat\/3-vaiheiset-tehomuuntajat-tehosarja-ekosarja-saastokytketyt-ja-hairionvaimennusmuuntajat\/"]}]},{"@type":"BreadcrumbList","@id":"https:\/\/www.trafox.fi\/tuotteet\/tehomuuntajat\/3-vaiheiset-tehomuuntajat-tehosarja-ekosarja-saastokytketyt-ja-hairionvaimennusmuuntajat\/#breadcrumb","itemListElement":[{"@type":"ListItem","position":1,"name":"Home","item":"https:\/\/www.trafox.fi\/de\/"},{"@type":"ListItem","position":2,"name":"Produkte","item":"https:\/\/www.trafox.fi\/tuotteet\/"},{"@type":"ListItem","position":3,"name":"Leistungstransformatoren","item":"https:\/\/www.trafox.fi\/tuotteet\/tehomuuntajat\/"},{"@type":"ListItem","position":4,"name":"3-phasige Leistungstransformatoren"}]},{"@type":"WebSite","@id":"https:\/\/www.trafox.fi\/#website","url":"https:\/\/www.trafox.fi\/","name":"Trafox","description":"Maailmanluokan laatua. Suomalaisella asenteella.","potentialAction":[{"@type":"SearchAction","target":{"@type":"EntryPoint","urlTemplate":"https:\/\/www.trafox.fi\/?s={search_term_string}"},"query-input":"required name=search_term_string"}],"inLanguage":"de"}]}},"_links":{"self":[{"href":"https:\/\/www.trafox.fi\/de\/wp-json\/wp\/v2\/pages\/736","targetHints":{"allow":["GET"]}}],"collection":[{"href":"https:\/\/www.trafox.fi\/de\/wp-json\/wp\/v2\/pages"}],"about":[{"href":"https:\/\/www.trafox.fi\/de\/wp-json\/wp\/v2\/types\/page"}],"author":[{"embeddable":true,"href":"https:\/\/www.trafox.fi\/de\/wp-json\/wp\/v2\/users\/1"}],"replies":[{"embeddable":true,"href":"https:\/\/www.trafox.fi\/de\/wp-json\/wp\/v2\/comments?post=736"}],"version-history":[{"count":9,"href":"https:\/\/www.trafox.fi\/de\/wp-json\/wp\/v2\/pages\/736\/revisions"}],"predecessor-version":[{"id":5223,"href":"https:\/\/www.trafox.fi\/de\/wp-json\/wp\/v2\/pages\/736\/revisions\/5223"}],"up":[{"embeddable":true,"href":"https:\/\/www.trafox.fi\/de\/wp-json\/wp\/v2\/pages\/544"}],"wp:featuredmedia":[{"embeddable":true,"href":"https:\/\/www.trafox.fi\/de\/wp-json\/wp\/v2\/media\/328"}],"wp:attachment":[{"href":"https:\/\/www.trafox.fi\/de\/wp-json\/wp\/v2\/media?parent=736"}],"curies":[{"name":"wp","href":"https:\/\/api.w.org\/{rel}","templated":true}]}}