{"id":724,"date":"2014-06-04T13:44:31","date_gmt":"2014-06-04T10:44:31","guid":{"rendered":"https:\/\/www.trafox.fi\/produkte\/transformatoren\/leiterplattenkomponenten\/ferriittikomponentit-ferriittimuuntajat-ja-kuristimet\/"},"modified":"2021-02-09T07:40:32","modified_gmt":"2021-02-09T05:40:32","slug":"ferritkomponenten-ferritkern-transformatoren-und-drosseln","status":"publish","type":"page","link":"https:\/\/www.trafox.fi\/de\/produkte\/transformatoren\/leiterplattenkomponenten\/ferritkomponenten-ferritkern-transformatoren-und-drosseln\/","title":{"rendered":"Ferritkomponenten | Ferritkern-Transformatoren und -Drosseln"},"content":{"rendered":"<p class=\"p1\">Wir sind auf das Wickeln von verschiedensten Ferritkomponenten spezialisiert. Unser umfangreicher Wickelmaschinenbestand sowie unsere kompetenten Wickler stellen auf Bestellung gerade die zu Ihren Bed\u00fcrfnissen passenden Komponenten her.<\/p>\n<p class=\"p1\"><span class=\"s1\">Wir entwerfen und produzieren die Produkte in erster Linie f\u00fcr die Industrie und Datenverkehrtechnik (Stromz\u00e4hler, AC\/DC-Stromversorgungen), aber zu unserer Produktfamilie geh\u00f6ren auch in zunehmendem Ma\u00dfe Produkte f\u00fcr die Autoindustrie und die Medizintechnik.<\/span><\/p>\n<p>&nbsp;<\/p>\n","protected":false},"excerpt":{"rendered":"<p>Wir sind auf das Wickeln von verschiedensten Ferritkomponenten spezialisiert. Unser umfangreicher Wickelmaschinenbestand sowie unsere kompetenten Wickler stellen auf Bestellung gerade die zu Ihren Bed\u00fcrfnissen passenden Komponenten her. Wir entwerfen und produzieren die Produkte in erster Linie f\u00fcr die Industrie und Datenverkehrtechnik (Stromz\u00e4hler, AC\/DC-Stromversorgungen), aber zu unserer Produktfamilie geh\u00f6ren auch in zunehmendem Ma\u00dfe Produkte f\u00fcr die [&hellip;]<\/p>\n","protected":false},"author":1,"featured_media":378,"parent":720,"menu_order":0,"comment_status":"closed","ping_status":"closed","template":"page-templates\/prods-prod-list.php","meta":{"footnotes":""},"class_list":["post-724","page","type-page","status-publish","has-post-thumbnail","hentry"],"acf":[],"yoast_head":"<!-- This site is optimized with the Yoast SEO plugin v20.10 - https:\/\/yoast.com\/wordpress\/plugins\/seo\/ -->\n<title>Ferritkomponenten | Ferritkern-Transformatoren und -Drosseln - Trafox<\/title>\n<meta name=\"robots\" content=\"index, follow, max-snippet:-1, max-image-preview:large, max-video-preview:-1\" \/>\n<link rel=\"canonical\" href=\"https:\/\/www.trafox.fi\/tuotteet\/muuntajat\/piirilevykomponentit\/ferriittikomponentit-ferriittimuuntajat-ja-kuristimet\/\" \/>\n<meta property=\"og:locale\" content=\"de_DE\" \/>\n<meta property=\"og:type\" content=\"article\" \/>\n<meta property=\"og:title\" content=\"Ferritkomponenten | Ferritkern-Transformatoren und -Drosseln - Trafox\" \/>\n<meta property=\"og:description\" content=\"Wir sind auf das Wickeln von verschiedensten Ferritkomponenten spezialisiert. Unser umfangreicher Wickelmaschinenbestand sowie unsere kompetenten Wickler stellen auf Bestellung gerade die zu Ihren Bed\u00fcrfnissen passenden Komponenten her. Wir entwerfen und produzieren die Produkte in erster Linie f\u00fcr die Industrie und Datenverkehrtechnik (Stromz\u00e4hler, AC\/DC-Stromversorgungen), aber zu unserer Produktfamilie geh\u00f6ren auch in zunehmendem Ma\u00dfe Produkte f\u00fcr die [&hellip;]\" \/>\n<meta property=\"og:url\" content=\"https:\/\/www.trafox.fi\/tuotteet\/muuntajat\/piirilevykomponentit\/ferriittikomponentit-ferriittimuuntajat-ja-kuristimet\/\" \/>\n<meta property=\"og:site_name\" content=\"Trafox\" \/>\n<meta property=\"article:modified_time\" content=\"2021-02-09T05:40:32+00:00\" \/>\n<meta property=\"og:image\" content=\"https:\/\/www.trafox.fi\/wp-content\/uploads\/2014\/11\/Ferrite_components-e1415948932903.jpg\" \/>\n\t<meta property=\"og:image:width\" content=\"300\" \/>\n\t<meta property=\"og:image:height\" content=\"256\" \/>\n\t<meta property=\"og:image:type\" content=\"image\/jpeg\" \/>\n<meta name=\"twitter:card\" content=\"summary_large_image\" \/>\n<script type=\"application\/ld+json\" class=\"yoast-schema-graph\">{\"@context\":\"https:\/\/schema.org\",\"@graph\":[{\"@type\":\"WebPage\",\"@id\":\"https:\/\/www.trafox.fi\/tuotteet\/muuntajat\/piirilevykomponentit\/ferriittikomponentit-ferriittimuuntajat-ja-kuristimet\/\",\"url\":\"https:\/\/www.trafox.fi\/tuotteet\/muuntajat\/piirilevykomponentit\/ferriittikomponentit-ferriittimuuntajat-ja-kuristimet\/\",\"name\":\"Ferritkomponenten | Ferritkern-Transformatoren und -Drosseln - Trafox\",\"isPartOf\":{\"@id\":\"https:\/\/www.trafox.fi\/#website\"},\"datePublished\":\"2014-06-04T10:44:31+00:00\",\"dateModified\":\"2021-02-09T05:40:32+00:00\",\"breadcrumb\":{\"@id\":\"https:\/\/www.trafox.fi\/tuotteet\/muuntajat\/piirilevykomponentit\/ferriittikomponentit-ferriittimuuntajat-ja-kuristimet\/#breadcrumb\"},\"inLanguage\":\"de\",\"potentialAction\":[{\"@type\":\"ReadAction\",\"target\":[\"https:\/\/www.trafox.fi\/tuotteet\/muuntajat\/piirilevykomponentit\/ferriittikomponentit-ferriittimuuntajat-ja-kuristimet\/\"]}]},{\"@type\":\"BreadcrumbList\",\"@id\":\"https:\/\/www.trafox.fi\/tuotteet\/muuntajat\/piirilevykomponentit\/ferriittikomponentit-ferriittimuuntajat-ja-kuristimet\/#breadcrumb\",\"itemListElement\":[{\"@type\":\"ListItem\",\"position\":1,\"name\":\"Home\",\"item\":\"https:\/\/www.trafox.fi\/de\/\"},{\"@type\":\"ListItem\",\"position\":2,\"name\":\"Produkte\",\"item\":\"https:\/\/www.trafox.fi\/tuotteet\/\"},{\"@type\":\"ListItem\",\"position\":3,\"name\":\"Transformatoren\",\"item\":\"https:\/\/www.trafox.fi\/tuotteet\/muuntajat\/\"},{\"@type\":\"ListItem\",\"position\":4,\"name\":\"Leiterplattenkomponenten\",\"item\":\"https:\/\/www.trafox.fi\/tuotteet\/muuntajat\/piirilevykomponentit\/\"},{\"@type\":\"ListItem\",\"position\":5,\"name\":\"Ferritkomponenten | Ferritkern-Transformatoren und -Drosseln\"}]},{\"@type\":\"WebSite\",\"@id\":\"https:\/\/www.trafox.fi\/#website\",\"url\":\"https:\/\/www.trafox.fi\/\",\"name\":\"Trafox\",\"description\":\"Maailmanluokan laatua. Suomalaisella asenteella.\",\"potentialAction\":[{\"@type\":\"SearchAction\",\"target\":{\"@type\":\"EntryPoint\",\"urlTemplate\":\"https:\/\/www.trafox.fi\/?s={search_term_string}\"},\"query-input\":\"required name=search_term_string\"}],\"inLanguage\":\"de\"}]}<\/script>\n<!-- \/ Yoast SEO plugin. -->","yoast_head_json":{"title":"Ferritkomponenten | Ferritkern-Transformatoren und -Drosseln - Trafox","robots":{"index":"index","follow":"follow","max-snippet":"max-snippet:-1","max-image-preview":"max-image-preview:large","max-video-preview":"max-video-preview:-1"},"canonical":"https:\/\/www.trafox.fi\/tuotteet\/muuntajat\/piirilevykomponentit\/ferriittikomponentit-ferriittimuuntajat-ja-kuristimet\/","og_locale":"de_DE","og_type":"article","og_title":"Ferritkomponenten | Ferritkern-Transformatoren und -Drosseln - Trafox","og_description":"Wir sind auf das Wickeln von verschiedensten Ferritkomponenten spezialisiert. Unser umfangreicher Wickelmaschinenbestand sowie unsere kompetenten Wickler stellen auf Bestellung gerade die zu Ihren Bed\u00fcrfnissen passenden Komponenten her. Wir entwerfen und produzieren die Produkte in erster Linie f\u00fcr die Industrie und Datenverkehrtechnik (Stromz\u00e4hler, AC\/DC-Stromversorgungen), aber zu unserer Produktfamilie geh\u00f6ren auch in zunehmendem Ma\u00dfe Produkte f\u00fcr die [&hellip;]","og_url":"https:\/\/www.trafox.fi\/tuotteet\/muuntajat\/piirilevykomponentit\/ferriittikomponentit-ferriittimuuntajat-ja-kuristimet\/","og_site_name":"Trafox","article_modified_time":"2021-02-09T05:40:32+00:00","og_image":[{"width":300,"height":256,"url":"https:\/\/www.trafox.fi\/wp-content\/uploads\/2014\/11\/Ferrite_components-e1415948932903.jpg","type":"image\/jpeg"}],"twitter_card":"summary_large_image","schema":{"@context":"https:\/\/schema.org","@graph":[{"@type":"WebPage","@id":"https:\/\/www.trafox.fi\/tuotteet\/muuntajat\/piirilevykomponentit\/ferriittikomponentit-ferriittimuuntajat-ja-kuristimet\/","url":"https:\/\/www.trafox.fi\/tuotteet\/muuntajat\/piirilevykomponentit\/ferriittikomponentit-ferriittimuuntajat-ja-kuristimet\/","name":"Ferritkomponenten | Ferritkern-Transformatoren und -Drosseln - Trafox","isPartOf":{"@id":"https:\/\/www.trafox.fi\/#website"},"datePublished":"2014-06-04T10:44:31+00:00","dateModified":"2021-02-09T05:40:32+00:00","breadcrumb":{"@id":"https:\/\/www.trafox.fi\/tuotteet\/muuntajat\/piirilevykomponentit\/ferriittikomponentit-ferriittimuuntajat-ja-kuristimet\/#breadcrumb"},"inLanguage":"de","potentialAction":[{"@type":"ReadAction","target":["https:\/\/www.trafox.fi\/tuotteet\/muuntajat\/piirilevykomponentit\/ferriittikomponentit-ferriittimuuntajat-ja-kuristimet\/"]}]},{"@type":"BreadcrumbList","@id":"https:\/\/www.trafox.fi\/tuotteet\/muuntajat\/piirilevykomponentit\/ferriittikomponentit-ferriittimuuntajat-ja-kuristimet\/#breadcrumb","itemListElement":[{"@type":"ListItem","position":1,"name":"Home","item":"https:\/\/www.trafox.fi\/de\/"},{"@type":"ListItem","position":2,"name":"Produkte","item":"https:\/\/www.trafox.fi\/tuotteet\/"},{"@type":"ListItem","position":3,"name":"Transformatoren","item":"https:\/\/www.trafox.fi\/tuotteet\/muuntajat\/"},{"@type":"ListItem","position":4,"name":"Leiterplattenkomponenten","item":"https:\/\/www.trafox.fi\/tuotteet\/muuntajat\/piirilevykomponentit\/"},{"@type":"ListItem","position":5,"name":"Ferritkomponenten | Ferritkern-Transformatoren und -Drosseln"}]},{"@type":"WebSite","@id":"https:\/\/www.trafox.fi\/#website","url":"https:\/\/www.trafox.fi\/","name":"Trafox","description":"Maailmanluokan laatua. Suomalaisella asenteella.","potentialAction":[{"@type":"SearchAction","target":{"@type":"EntryPoint","urlTemplate":"https:\/\/www.trafox.fi\/?s={search_term_string}"},"query-input":"required name=search_term_string"}],"inLanguage":"de"}]}},"_links":{"self":[{"href":"https:\/\/www.trafox.fi\/de\/wp-json\/wp\/v2\/pages\/724","targetHints":{"allow":["GET"]}}],"collection":[{"href":"https:\/\/www.trafox.fi\/de\/wp-json\/wp\/v2\/pages"}],"about":[{"href":"https:\/\/www.trafox.fi\/de\/wp-json\/wp\/v2\/types\/page"}],"author":[{"embeddable":true,"href":"https:\/\/www.trafox.fi\/de\/wp-json\/wp\/v2\/users\/1"}],"replies":[{"embeddable":true,"href":"https:\/\/www.trafox.fi\/de\/wp-json\/wp\/v2\/comments?post=724"}],"version-history":[{"count":10,"href":"https:\/\/www.trafox.fi\/de\/wp-json\/wp\/v2\/pages\/724\/revisions"}],"predecessor-version":[{"id":3648,"href":"https:\/\/www.trafox.fi\/de\/wp-json\/wp\/v2\/pages\/724\/revisions\/3648"}],"up":[{"embeddable":true,"href":"https:\/\/www.trafox.fi\/de\/wp-json\/wp\/v2\/pages\/720"}],"wp:featuredmedia":[{"embeddable":true,"href":"https:\/\/www.trafox.fi\/de\/wp-json\/wp\/v2\/media\/378"}],"wp:attachment":[{"href":"https:\/\/www.trafox.fi\/de\/wp-json\/wp\/v2\/media?parent=724"}],"curies":[{"name":"wp","href":"https:\/\/api.w.org\/{rel}","templated":true}]}}