{"id":720,"date":"2014-03-21T13:41:02","date_gmt":"2014-03-21T11:41:02","guid":{"rendered":"https:\/\/www.trafox.fi\/produkte\/transformatoren\/piirilevykomponentit\/"},"modified":"2014-12-23T09:38:45","modified_gmt":"2014-12-23T07:38:45","slug":"leiterplattenkomponenten","status":"publish","type":"page","link":"https:\/\/www.trafox.fi\/de\/produkte\/transformatoren\/leiterplattenkomponenten\/","title":{"rendered":"Leiterplattenkomponenten"},"content":{"rendered":"<p class=\"p1\">Wir haben Jahrzehnte lang geduldig die Entwicklung von Leiterplattenkomponenten vorangetrieben. Gleichzeitig haben wir st\u00e4ndig unsere eigenen Herstellungsverfahren und Prozesse weiterentwickelt, um die Bed\u00fcrfnisse unserer Kunden auch in au\u00dfergew\u00f6hnlichen Situationen flexibel befriedigen zu k\u00f6nnen.<\/p>\n<p class=\"p1\"><span class=\"s1\">Zu unserem Portfolio geh\u00f6ren Ferritkomponenten, Leiterplattentransformatoren, eisenkernlose Komponenten und Stromwandler. Die Eigenschaften, Ma\u00dfe, die Konstruktion und Befestigungsart der Produkte werden flexibel den W\u00fcnschen und Einsatzbed\u00fcrfnissen des Kunden angepasst.<\/span><\/p>\n<p class=\"p1\"><span class=\"s1\">Unsere Massenfertigung befindet sich in Suzhou in China, aber die kleinen Serien k\u00f6nnen in unseren Werken in Finnland hergestellt werden.<\/span><\/p>\n","protected":false},"excerpt":{"rendered":"<p>Wir haben Jahrzehnte lang geduldig die Entwicklung von Leiterplattenkomponenten vorangetrieben. Gleichzeitig haben wir st\u00e4ndig unsere eigenen Herstellungsverfahren und Prozesse weiterentwickelt, um die Bed\u00fcrfnisse unserer Kunden auch in au\u00dfergew\u00f6hnlichen Situationen flexibel befriedigen zu k\u00f6nnen. Zu unserem Portfolio geh\u00f6ren Ferritkomponenten, Leiterplattentransformatoren, eisenkernlose Komponenten und Stromwandler. Die Eigenschaften, Ma\u00dfe, die Konstruktion und Befestigungsart der Produkte werden flexibel den [&hellip;]<\/p>\n","protected":false},"author":1,"featured_media":0,"parent":540,"menu_order":3,"comment_status":"open","ping_status":"open","template":"page-templates\/prods-sub-list.php","meta":{"footnotes":""},"class_list":["post-720","page","type-page","status-publish","hentry"],"acf":[],"yoast_head":"<!-- This site is optimized with the Yoast SEO plugin v20.10 - https:\/\/yoast.com\/wordpress\/plugins\/seo\/ -->\n<title>Leiterplattenkomponenten - Trafox<\/title>\n<meta name=\"robots\" content=\"index, follow, max-snippet:-1, max-image-preview:large, max-video-preview:-1\" \/>\n<link rel=\"canonical\" href=\"https:\/\/www.trafox.fi\/tuotteet\/muuntajat\/piirilevykomponentit\/\" \/>\n<meta property=\"og:locale\" content=\"de_DE\" \/>\n<meta property=\"og:type\" content=\"article\" \/>\n<meta property=\"og:title\" content=\"Leiterplattenkomponenten - Trafox\" \/>\n<meta property=\"og:description\" content=\"Wir haben Jahrzehnte lang geduldig die Entwicklung von Leiterplattenkomponenten vorangetrieben. Gleichzeitig haben wir st\u00e4ndig unsere eigenen Herstellungsverfahren und Prozesse weiterentwickelt, um die Bed\u00fcrfnisse unserer Kunden auch in au\u00dfergew\u00f6hnlichen Situationen flexibel befriedigen zu k\u00f6nnen. Zu unserem Portfolio geh\u00f6ren Ferritkomponenten, Leiterplattentransformatoren, eisenkernlose Komponenten und Stromwandler. Die Eigenschaften, Ma\u00dfe, die Konstruktion und Befestigungsart der Produkte werden flexibel den [&hellip;]\" \/>\n<meta property=\"og:url\" content=\"https:\/\/www.trafox.fi\/tuotteet\/muuntajat\/piirilevykomponentit\/\" \/>\n<meta property=\"og:site_name\" content=\"Trafox\" \/>\n<meta property=\"article:modified_time\" content=\"2014-12-23T07:38:45+00:00\" \/>\n<meta name=\"twitter:card\" content=\"summary_large_image\" \/>\n<script type=\"application\/ld+json\" class=\"yoast-schema-graph\">{\"@context\":\"https:\/\/schema.org\",\"@graph\":[{\"@type\":\"WebPage\",\"@id\":\"https:\/\/www.trafox.fi\/tuotteet\/muuntajat\/piirilevykomponentit\/\",\"url\":\"https:\/\/www.trafox.fi\/tuotteet\/muuntajat\/piirilevykomponentit\/\",\"name\":\"Leiterplattenkomponenten - Trafox\",\"isPartOf\":{\"@id\":\"https:\/\/www.trafox.fi\/#website\"},\"datePublished\":\"2014-03-21T11:41:02+00:00\",\"dateModified\":\"2014-12-23T07:38:45+00:00\",\"breadcrumb\":{\"@id\":\"https:\/\/www.trafox.fi\/tuotteet\/muuntajat\/piirilevykomponentit\/#breadcrumb\"},\"inLanguage\":\"de\",\"potentialAction\":[{\"@type\":\"ReadAction\",\"target\":[\"https:\/\/www.trafox.fi\/tuotteet\/muuntajat\/piirilevykomponentit\/\"]}]},{\"@type\":\"BreadcrumbList\",\"@id\":\"https:\/\/www.trafox.fi\/tuotteet\/muuntajat\/piirilevykomponentit\/#breadcrumb\",\"itemListElement\":[{\"@type\":\"ListItem\",\"position\":1,\"name\":\"Home\",\"item\":\"https:\/\/www.trafox.fi\/de\/\"},{\"@type\":\"ListItem\",\"position\":2,\"name\":\"Produkte\",\"item\":\"https:\/\/www.trafox.fi\/tuotteet\/\"},{\"@type\":\"ListItem\",\"position\":3,\"name\":\"Transformatoren\",\"item\":\"https:\/\/www.trafox.fi\/tuotteet\/muuntajat\/\"},{\"@type\":\"ListItem\",\"position\":4,\"name\":\"Leiterplattenkomponenten\"}]},{\"@type\":\"WebSite\",\"@id\":\"https:\/\/www.trafox.fi\/#website\",\"url\":\"https:\/\/www.trafox.fi\/\",\"name\":\"Trafox\",\"description\":\"Maailmanluokan laatua. Suomalaisella asenteella.\",\"potentialAction\":[{\"@type\":\"SearchAction\",\"target\":{\"@type\":\"EntryPoint\",\"urlTemplate\":\"https:\/\/www.trafox.fi\/?s={search_term_string}\"},\"query-input\":\"required name=search_term_string\"}],\"inLanguage\":\"de\"}]}<\/script>\n<!-- \/ Yoast SEO plugin. -->","yoast_head_json":{"title":"Leiterplattenkomponenten - Trafox","robots":{"index":"index","follow":"follow","max-snippet":"max-snippet:-1","max-image-preview":"max-image-preview:large","max-video-preview":"max-video-preview:-1"},"canonical":"https:\/\/www.trafox.fi\/tuotteet\/muuntajat\/piirilevykomponentit\/","og_locale":"de_DE","og_type":"article","og_title":"Leiterplattenkomponenten - Trafox","og_description":"Wir haben Jahrzehnte lang geduldig die Entwicklung von Leiterplattenkomponenten vorangetrieben. Gleichzeitig haben wir st\u00e4ndig unsere eigenen Herstellungsverfahren und Prozesse weiterentwickelt, um die Bed\u00fcrfnisse unserer Kunden auch in au\u00dfergew\u00f6hnlichen Situationen flexibel befriedigen zu k\u00f6nnen. Zu unserem Portfolio geh\u00f6ren Ferritkomponenten, Leiterplattentransformatoren, eisenkernlose Komponenten und Stromwandler. Die Eigenschaften, Ma\u00dfe, die Konstruktion und Befestigungsart der Produkte werden flexibel den [&hellip;]","og_url":"https:\/\/www.trafox.fi\/tuotteet\/muuntajat\/piirilevykomponentit\/","og_site_name":"Trafox","article_modified_time":"2014-12-23T07:38:45+00:00","twitter_card":"summary_large_image","schema":{"@context":"https:\/\/schema.org","@graph":[{"@type":"WebPage","@id":"https:\/\/www.trafox.fi\/tuotteet\/muuntajat\/piirilevykomponentit\/","url":"https:\/\/www.trafox.fi\/tuotteet\/muuntajat\/piirilevykomponentit\/","name":"Leiterplattenkomponenten - Trafox","isPartOf":{"@id":"https:\/\/www.trafox.fi\/#website"},"datePublished":"2014-03-21T11:41:02+00:00","dateModified":"2014-12-23T07:38:45+00:00","breadcrumb":{"@id":"https:\/\/www.trafox.fi\/tuotteet\/muuntajat\/piirilevykomponentit\/#breadcrumb"},"inLanguage":"de","potentialAction":[{"@type":"ReadAction","target":["https:\/\/www.trafox.fi\/tuotteet\/muuntajat\/piirilevykomponentit\/"]}]},{"@type":"BreadcrumbList","@id":"https:\/\/www.trafox.fi\/tuotteet\/muuntajat\/piirilevykomponentit\/#breadcrumb","itemListElement":[{"@type":"ListItem","position":1,"name":"Home","item":"https:\/\/www.trafox.fi\/de\/"},{"@type":"ListItem","position":2,"name":"Produkte","item":"https:\/\/www.trafox.fi\/tuotteet\/"},{"@type":"ListItem","position":3,"name":"Transformatoren","item":"https:\/\/www.trafox.fi\/tuotteet\/muuntajat\/"},{"@type":"ListItem","position":4,"name":"Leiterplattenkomponenten"}]},{"@type":"WebSite","@id":"https:\/\/www.trafox.fi\/#website","url":"https:\/\/www.trafox.fi\/","name":"Trafox","description":"Maailmanluokan laatua. Suomalaisella asenteella.","potentialAction":[{"@type":"SearchAction","target":{"@type":"EntryPoint","urlTemplate":"https:\/\/www.trafox.fi\/?s={search_term_string}"},"query-input":"required name=search_term_string"}],"inLanguage":"de"}]}},"_links":{"self":[{"href":"https:\/\/www.trafox.fi\/de\/wp-json\/wp\/v2\/pages\/720","targetHints":{"allow":["GET"]}}],"collection":[{"href":"https:\/\/www.trafox.fi\/de\/wp-json\/wp\/v2\/pages"}],"about":[{"href":"https:\/\/www.trafox.fi\/de\/wp-json\/wp\/v2\/types\/page"}],"author":[{"embeddable":true,"href":"https:\/\/www.trafox.fi\/de\/wp-json\/wp\/v2\/users\/1"}],"replies":[{"embeddable":true,"href":"https:\/\/www.trafox.fi\/de\/wp-json\/wp\/v2\/comments?post=720"}],"version-history":[{"count":1,"href":"https:\/\/www.trafox.fi\/de\/wp-json\/wp\/v2\/pages\/720\/revisions"}],"predecessor-version":[{"id":721,"href":"https:\/\/www.trafox.fi\/de\/wp-json\/wp\/v2\/pages\/720\/revisions\/721"}],"up":[{"embeddable":true,"href":"https:\/\/www.trafox.fi\/de\/wp-json\/wp\/v2\/pages\/540"}],"wp:attachment":[{"href":"https:\/\/www.trafox.fi\/de\/wp-json\/wp\/v2\/media?parent=720"}],"curies":[{"name":"wp","href":"https:\/\/api.w.org\/{rel}","templated":true}]}}