{"id":714,"date":"2014-06-04T13:13:47","date_gmt":"2014-06-04T10:13:47","guid":{"rendered":"https:\/\/www.trafox.fi\/produkte\/transformatoren\/ringkerntransformatoren\/te-mallit\/"},"modified":"2021-02-09T16:22:45","modified_gmt":"2021-02-09T14:22:45","slug":"te-modelle","status":"publish","type":"page","link":"https:\/\/www.trafox.fi\/de\/produkte\/transformatoren\/ringkerntransformatoren\/te-modelle\/","title":{"rendered":"TE-Modelle"},"content":{"rendered":"<p>Wir stellen die Ringkerntransformatoren der TE-Reihe standardm\u00e4\u00dfig bis zu einer Leistung von 7500\u00a0VA her. In angepasster schneller Lieferzeit auch entsprechend den W\u00fcnschen und gew\u00fcnschten Normen des Kunden. Die gr\u00f6\u00dfte von uns hergestellte Transformatorleistung betr\u00e4gt 20.000\u00a0VA.<\/p>\n<p class=\"p1\"><span class=\"s1\">Zus\u00e4tzliche Informationen:<br \/>\n<\/span><\/p>\n<p><a href=\"https:\/\/www.trafox.fi\/wp-content\/uploads\/2014\/06\/Toroidal_Transformers_EN_DE_rev3.pdf\"><img loading=\"lazy\" decoding=\"async\" class=\"alignnone wp-image-1177\" src=\"https:\/\/www.trafox.fi\/wp-content\/uploads\/2015\/04\/TOROIDAL-TRANSFORMERS-214x300.jpg\" alt=\"TOROIDAL TRANSFORMERS\" width=\"100\" height=\"140\" srcset=\"https:\/\/www.trafox.fi\/wp-content\/uploads\/2015\/04\/TOROIDAL-TRANSFORMERS-214x300.jpg 214w, https:\/\/www.trafox.fi\/wp-content\/uploads\/2015\/04\/TOROIDAL-TRANSFORMERS-730x1024.jpg 730w, https:\/\/www.trafox.fi\/wp-content\/uploads\/2015\/04\/TOROIDAL-TRANSFORMERS-99x140.jpg 99w, https:\/\/www.trafox.fi\/wp-content\/uploads\/2015\/04\/TOROIDAL-TRANSFORMERS-300x420.jpg 300w\" sizes=\"auto, (max-width: 100px) 100vw, 100px\" \/><\/a><span style=\"color: #000000;\">\u00a0<a style=\"color: #000000;\" href=\"https:\/\/www.trafox.fi\/wp-content\/uploads\/2014\/06\/Toroidal_Transformers_EN_DE_rev3.pdf\"><span style=\"text-decoration: underline;\">Brosch\u00fcre Ringkerntransformatoren, ENG\/DE\u00a0(pdf)<\/span><\/a><\/span><\/p>\n","protected":false},"excerpt":{"rendered":"<p>Wir stellen die Ringkerntransformatoren der TE-Reihe standardm\u00e4\u00dfig bis zu einer Leistung von 7500\u00a0VA her. In angepasster schneller Lieferzeit auch entsprechend den W\u00fcnschen und gew\u00fcnschten Normen des Kunden. Die gr\u00f6\u00dfte von uns hergestellte Transformatorleistung betr\u00e4gt 20.000\u00a0VA. Zus\u00e4tzliche Informationen: \u00a0Brosch\u00fcre Ringkerntransformatoren, ENG\/DE\u00a0(pdf)<\/p>\n","protected":false},"author":1,"featured_media":343,"parent":712,"menu_order":0,"comment_status":"closed","ping_status":"closed","template":"page-templates\/prods-prod-list.php","meta":{"footnotes":""},"class_list":["post-714","page","type-page","status-publish","has-post-thumbnail","hentry"],"acf":[],"yoast_head":"<!-- This site is optimized with the Yoast SEO plugin v20.10 - https:\/\/yoast.com\/wordpress\/plugins\/seo\/ -->\n<title>TE-Modelle - Trafox<\/title>\n<meta name=\"robots\" content=\"index, follow, max-snippet:-1, max-image-preview:large, max-video-preview:-1\" \/>\n<link rel=\"canonical\" href=\"https:\/\/www.trafox.fi\/tuotteet\/muuntajat\/rengassydanmuuntajat\/te-mallit\/\" \/>\n<meta property=\"og:locale\" content=\"de_DE\" \/>\n<meta property=\"og:type\" content=\"article\" \/>\n<meta property=\"og:title\" content=\"TE-Modelle - Trafox\" \/>\n<meta property=\"og:description\" content=\"Wir stellen die Ringkerntransformatoren der TE-Reihe standardm\u00e4\u00dfig bis zu einer Leistung von 7500\u00a0VA her. In angepasster schneller Lieferzeit auch entsprechend den W\u00fcnschen und gew\u00fcnschten Normen des Kunden. Die gr\u00f6\u00dfte von uns hergestellte Transformatorleistung betr\u00e4gt 20.000\u00a0VA. Zus\u00e4tzliche Informationen: \u00a0Brosch\u00fcre Ringkerntransformatoren, ENG\/DE\u00a0(pdf)\" \/>\n<meta property=\"og:url\" content=\"https:\/\/www.trafox.fi\/tuotteet\/muuntajat\/rengassydanmuuntajat\/te-mallit\/\" \/>\n<meta property=\"og:site_name\" content=\"Trafox\" \/>\n<meta property=\"article:modified_time\" content=\"2021-02-09T14:22:45+00:00\" \/>\n<meta property=\"og:image\" content=\"https:\/\/www.trafox.fi\/wp-content\/uploads\/2014\/03\/Toroidimuuntajat-TE150.jpg\" \/>\n\t<meta property=\"og:image:width\" content=\"2486\" \/>\n\t<meta property=\"og:image:height\" content=\"1534\" \/>\n\t<meta property=\"og:image:type\" content=\"image\/jpeg\" \/>\n<meta name=\"twitter:card\" content=\"summary_large_image\" \/>\n<script type=\"application\/ld+json\" class=\"yoast-schema-graph\">{\"@context\":\"https:\/\/schema.org\",\"@graph\":[{\"@type\":\"WebPage\",\"@id\":\"https:\/\/www.trafox.fi\/tuotteet\/muuntajat\/rengassydanmuuntajat\/te-mallit\/\",\"url\":\"https:\/\/www.trafox.fi\/tuotteet\/muuntajat\/rengassydanmuuntajat\/te-mallit\/\",\"name\":\"TE-Modelle - Trafox\",\"isPartOf\":{\"@id\":\"https:\/\/www.trafox.fi\/#website\"},\"datePublished\":\"2014-06-04T10:13:47+00:00\",\"dateModified\":\"2021-02-09T14:22:45+00:00\",\"breadcrumb\":{\"@id\":\"https:\/\/www.trafox.fi\/tuotteet\/muuntajat\/rengassydanmuuntajat\/te-mallit\/#breadcrumb\"},\"inLanguage\":\"de\",\"potentialAction\":[{\"@type\":\"ReadAction\",\"target\":[\"https:\/\/www.trafox.fi\/tuotteet\/muuntajat\/rengassydanmuuntajat\/te-mallit\/\"]}]},{\"@type\":\"BreadcrumbList\",\"@id\":\"https:\/\/www.trafox.fi\/tuotteet\/muuntajat\/rengassydanmuuntajat\/te-mallit\/#breadcrumb\",\"itemListElement\":[{\"@type\":\"ListItem\",\"position\":1,\"name\":\"Home\",\"item\":\"https:\/\/www.trafox.fi\/de\/\"},{\"@type\":\"ListItem\",\"position\":2,\"name\":\"Produkte\",\"item\":\"https:\/\/www.trafox.fi\/tuotteet\/\"},{\"@type\":\"ListItem\",\"position\":3,\"name\":\"Transformatoren\",\"item\":\"https:\/\/www.trafox.fi\/tuotteet\/muuntajat\/\"},{\"@type\":\"ListItem\",\"position\":4,\"name\":\"Ringkerntransformatoren\",\"item\":\"https:\/\/www.trafox.fi\/tuotteet\/muuntajat\/rengassydanmuuntajat\/\"},{\"@type\":\"ListItem\",\"position\":5,\"name\":\"TE-Modelle\"}]},{\"@type\":\"WebSite\",\"@id\":\"https:\/\/www.trafox.fi\/#website\",\"url\":\"https:\/\/www.trafox.fi\/\",\"name\":\"Trafox\",\"description\":\"Maailmanluokan laatua. Suomalaisella asenteella.\",\"potentialAction\":[{\"@type\":\"SearchAction\",\"target\":{\"@type\":\"EntryPoint\",\"urlTemplate\":\"https:\/\/www.trafox.fi\/?s={search_term_string}\"},\"query-input\":\"required name=search_term_string\"}],\"inLanguage\":\"de\"}]}<\/script>\n<!-- \/ Yoast SEO plugin. -->","yoast_head_json":{"title":"TE-Modelle - Trafox","robots":{"index":"index","follow":"follow","max-snippet":"max-snippet:-1","max-image-preview":"max-image-preview:large","max-video-preview":"max-video-preview:-1"},"canonical":"https:\/\/www.trafox.fi\/tuotteet\/muuntajat\/rengassydanmuuntajat\/te-mallit\/","og_locale":"de_DE","og_type":"article","og_title":"TE-Modelle - Trafox","og_description":"Wir stellen die Ringkerntransformatoren der TE-Reihe standardm\u00e4\u00dfig bis zu einer Leistung von 7500\u00a0VA her. In angepasster schneller Lieferzeit auch entsprechend den W\u00fcnschen und gew\u00fcnschten Normen des Kunden. Die gr\u00f6\u00dfte von uns hergestellte Transformatorleistung betr\u00e4gt 20.000\u00a0VA. Zus\u00e4tzliche Informationen: \u00a0Brosch\u00fcre Ringkerntransformatoren, ENG\/DE\u00a0(pdf)","og_url":"https:\/\/www.trafox.fi\/tuotteet\/muuntajat\/rengassydanmuuntajat\/te-mallit\/","og_site_name":"Trafox","article_modified_time":"2021-02-09T14:22:45+00:00","og_image":[{"width":2486,"height":1534,"url":"https:\/\/www.trafox.fi\/wp-content\/uploads\/2014\/03\/Toroidimuuntajat-TE150.jpg","type":"image\/jpeg"}],"twitter_card":"summary_large_image","schema":{"@context":"https:\/\/schema.org","@graph":[{"@type":"WebPage","@id":"https:\/\/www.trafox.fi\/tuotteet\/muuntajat\/rengassydanmuuntajat\/te-mallit\/","url":"https:\/\/www.trafox.fi\/tuotteet\/muuntajat\/rengassydanmuuntajat\/te-mallit\/","name":"TE-Modelle - Trafox","isPartOf":{"@id":"https:\/\/www.trafox.fi\/#website"},"datePublished":"2014-06-04T10:13:47+00:00","dateModified":"2021-02-09T14:22:45+00:00","breadcrumb":{"@id":"https:\/\/www.trafox.fi\/tuotteet\/muuntajat\/rengassydanmuuntajat\/te-mallit\/#breadcrumb"},"inLanguage":"de","potentialAction":[{"@type":"ReadAction","target":["https:\/\/www.trafox.fi\/tuotteet\/muuntajat\/rengassydanmuuntajat\/te-mallit\/"]}]},{"@type":"BreadcrumbList","@id":"https:\/\/www.trafox.fi\/tuotteet\/muuntajat\/rengassydanmuuntajat\/te-mallit\/#breadcrumb","itemListElement":[{"@type":"ListItem","position":1,"name":"Home","item":"https:\/\/www.trafox.fi\/de\/"},{"@type":"ListItem","position":2,"name":"Produkte","item":"https:\/\/www.trafox.fi\/tuotteet\/"},{"@type":"ListItem","position":3,"name":"Transformatoren","item":"https:\/\/www.trafox.fi\/tuotteet\/muuntajat\/"},{"@type":"ListItem","position":4,"name":"Ringkerntransformatoren","item":"https:\/\/www.trafox.fi\/tuotteet\/muuntajat\/rengassydanmuuntajat\/"},{"@type":"ListItem","position":5,"name":"TE-Modelle"}]},{"@type":"WebSite","@id":"https:\/\/www.trafox.fi\/#website","url":"https:\/\/www.trafox.fi\/","name":"Trafox","description":"Maailmanluokan laatua. Suomalaisella asenteella.","potentialAction":[{"@type":"SearchAction","target":{"@type":"EntryPoint","urlTemplate":"https:\/\/www.trafox.fi\/?s={search_term_string}"},"query-input":"required name=search_term_string"}],"inLanguage":"de"}]}},"_links":{"self":[{"href":"https:\/\/www.trafox.fi\/de\/wp-json\/wp\/v2\/pages\/714","targetHints":{"allow":["GET"]}}],"collection":[{"href":"https:\/\/www.trafox.fi\/de\/wp-json\/wp\/v2\/pages"}],"about":[{"href":"https:\/\/www.trafox.fi\/de\/wp-json\/wp\/v2\/types\/page"}],"author":[{"embeddable":true,"href":"https:\/\/www.trafox.fi\/de\/wp-json\/wp\/v2\/users\/1"}],"replies":[{"embeddable":true,"href":"https:\/\/www.trafox.fi\/de\/wp-json\/wp\/v2\/comments?post=714"}],"version-history":[{"count":7,"href":"https:\/\/www.trafox.fi\/de\/wp-json\/wp\/v2\/pages\/714\/revisions"}],"predecessor-version":[{"id":3701,"href":"https:\/\/www.trafox.fi\/de\/wp-json\/wp\/v2\/pages\/714\/revisions\/3701"}],"up":[{"embeddable":true,"href":"https:\/\/www.trafox.fi\/de\/wp-json\/wp\/v2\/pages\/712"}],"wp:featuredmedia":[{"embeddable":true,"href":"https:\/\/www.trafox.fi\/de\/wp-json\/wp\/v2\/media\/343"}],"wp:attachment":[{"href":"https:\/\/www.trafox.fi\/de\/wp-json\/wp\/v2\/media?parent=714"}],"curies":[{"name":"wp","href":"https:\/\/api.w.org\/{rel}","templated":true}]}}