{"id":702,"date":"2014-03-21T13:40:29","date_gmt":"2014-03-21T11:40:29","guid":{"rendered":"https:\/\/www.trafox.fi\/produkte\/transformatoren\/laakintasuojaerotusmuuntajat\/"},"modified":"2014-12-23T09:28:48","modified_gmt":"2014-12-23T07:28:48","slug":"medizinische-trenntransformatoren","status":"publish","type":"page","link":"https:\/\/www.trafox.fi\/de\/produkte\/transformatoren\/medizinische-trenntransformatoren\/","title":{"rendered":"Medizinische Trenntransformatoren"},"content":{"rendered":"<p class=\"p1\">Medizinische Trenntransformatoren sind Trenntransformatoren f\u00fcr zu erdende, in medizinischen R\u00e4umen eingesetzte Ger\u00e4te. Die Transformatoren isolieren und trennen die an ihnen angeschlossene Ger\u00e4te vom isolierten Netz in den medizinischen R\u00e4umen. Die Transformatoren begrenzen auch den Kriechstrom der Ger\u00e4te auf den bei medizinischen Ger\u00e4ten erlaubten Wert.<\/p>\n","protected":false},"excerpt":{"rendered":"<p>Medizinische Trenntransformatoren sind Trenntransformatoren f\u00fcr zu erdende, in medizinischen R\u00e4umen eingesetzte Ger\u00e4te. Die Transformatoren isolieren und trennen die an ihnen angeschlossene Ger\u00e4te vom isolierten Netz in den medizinischen R\u00e4umen. Die Transformatoren begrenzen auch den Kriechstrom der Ger\u00e4te auf den bei medizinischen Ger\u00e4ten erlaubten Wert.<\/p>\n","protected":false},"author":1,"featured_media":0,"parent":540,"menu_order":3,"comment_status":"open","ping_status":"open","template":"page-templates\/prods-sub-list.php","meta":{"footnotes":""},"class_list":["post-702","page","type-page","status-publish","hentry"],"acf":[],"yoast_head":"<!-- This site is optimized with the Yoast SEO plugin v20.10 - https:\/\/yoast.com\/wordpress\/plugins\/seo\/ -->\n<title>Medizinische Trenntransformatoren - Trafox<\/title>\n<meta name=\"robots\" content=\"index, follow, max-snippet:-1, max-image-preview:large, max-video-preview:-1\" \/>\n<link rel=\"canonical\" href=\"https:\/\/www.trafox.fi\/tuotteet\/muuntajat\/laakintasuojaerotusmuuntajat\/\" \/>\n<meta property=\"og:locale\" content=\"de_DE\" \/>\n<meta property=\"og:type\" content=\"article\" \/>\n<meta property=\"og:title\" content=\"Medizinische Trenntransformatoren - Trafox\" \/>\n<meta property=\"og:description\" content=\"Medizinische Trenntransformatoren sind Trenntransformatoren f\u00fcr zu erdende, in medizinischen R\u00e4umen eingesetzte Ger\u00e4te. Die Transformatoren isolieren und trennen die an ihnen angeschlossene Ger\u00e4te vom isolierten Netz in den medizinischen R\u00e4umen. Die Transformatoren begrenzen auch den Kriechstrom der Ger\u00e4te auf den bei medizinischen Ger\u00e4ten erlaubten Wert.\" \/>\n<meta property=\"og:url\" content=\"https:\/\/www.trafox.fi\/tuotteet\/muuntajat\/laakintasuojaerotusmuuntajat\/\" \/>\n<meta property=\"og:site_name\" content=\"Trafox\" \/>\n<meta property=\"article:modified_time\" content=\"2014-12-23T07:28:48+00:00\" \/>\n<meta name=\"twitter:card\" content=\"summary_large_image\" \/>\n<script type=\"application\/ld+json\" class=\"yoast-schema-graph\">{\"@context\":\"https:\/\/schema.org\",\"@graph\":[{\"@type\":\"WebPage\",\"@id\":\"https:\/\/www.trafox.fi\/tuotteet\/muuntajat\/laakintasuojaerotusmuuntajat\/\",\"url\":\"https:\/\/www.trafox.fi\/tuotteet\/muuntajat\/laakintasuojaerotusmuuntajat\/\",\"name\":\"Medizinische Trenntransformatoren - Trafox\",\"isPartOf\":{\"@id\":\"https:\/\/www.trafox.fi\/#website\"},\"datePublished\":\"2014-03-21T11:40:29+00:00\",\"dateModified\":\"2014-12-23T07:28:48+00:00\",\"breadcrumb\":{\"@id\":\"https:\/\/www.trafox.fi\/tuotteet\/muuntajat\/laakintasuojaerotusmuuntajat\/#breadcrumb\"},\"inLanguage\":\"de\",\"potentialAction\":[{\"@type\":\"ReadAction\",\"target\":[\"https:\/\/www.trafox.fi\/tuotteet\/muuntajat\/laakintasuojaerotusmuuntajat\/\"]}]},{\"@type\":\"BreadcrumbList\",\"@id\":\"https:\/\/www.trafox.fi\/tuotteet\/muuntajat\/laakintasuojaerotusmuuntajat\/#breadcrumb\",\"itemListElement\":[{\"@type\":\"ListItem\",\"position\":1,\"name\":\"Home\",\"item\":\"https:\/\/www.trafox.fi\/de\/\"},{\"@type\":\"ListItem\",\"position\":2,\"name\":\"Produkte\",\"item\":\"https:\/\/www.trafox.fi\/tuotteet\/\"},{\"@type\":\"ListItem\",\"position\":3,\"name\":\"Transformatoren\",\"item\":\"https:\/\/www.trafox.fi\/tuotteet\/muuntajat\/\"},{\"@type\":\"ListItem\",\"position\":4,\"name\":\"Medizinische Trenntransformatoren\"}]},{\"@type\":\"WebSite\",\"@id\":\"https:\/\/www.trafox.fi\/#website\",\"url\":\"https:\/\/www.trafox.fi\/\",\"name\":\"Trafox\",\"description\":\"Maailmanluokan laatua. Suomalaisella asenteella.\",\"potentialAction\":[{\"@type\":\"SearchAction\",\"target\":{\"@type\":\"EntryPoint\",\"urlTemplate\":\"https:\/\/www.trafox.fi\/?s={search_term_string}\"},\"query-input\":\"required name=search_term_string\"}],\"inLanguage\":\"de\"}]}<\/script>\n<!-- \/ Yoast SEO plugin. -->","yoast_head_json":{"title":"Medizinische Trenntransformatoren - Trafox","robots":{"index":"index","follow":"follow","max-snippet":"max-snippet:-1","max-image-preview":"max-image-preview:large","max-video-preview":"max-video-preview:-1"},"canonical":"https:\/\/www.trafox.fi\/tuotteet\/muuntajat\/laakintasuojaerotusmuuntajat\/","og_locale":"de_DE","og_type":"article","og_title":"Medizinische Trenntransformatoren - Trafox","og_description":"Medizinische Trenntransformatoren sind Trenntransformatoren f\u00fcr zu erdende, in medizinischen R\u00e4umen eingesetzte Ger\u00e4te. Die Transformatoren isolieren und trennen die an ihnen angeschlossene Ger\u00e4te vom isolierten Netz in den medizinischen R\u00e4umen. Die Transformatoren begrenzen auch den Kriechstrom der Ger\u00e4te auf den bei medizinischen Ger\u00e4ten erlaubten Wert.","og_url":"https:\/\/www.trafox.fi\/tuotteet\/muuntajat\/laakintasuojaerotusmuuntajat\/","og_site_name":"Trafox","article_modified_time":"2014-12-23T07:28:48+00:00","twitter_card":"summary_large_image","schema":{"@context":"https:\/\/schema.org","@graph":[{"@type":"WebPage","@id":"https:\/\/www.trafox.fi\/tuotteet\/muuntajat\/laakintasuojaerotusmuuntajat\/","url":"https:\/\/www.trafox.fi\/tuotteet\/muuntajat\/laakintasuojaerotusmuuntajat\/","name":"Medizinische Trenntransformatoren - Trafox","isPartOf":{"@id":"https:\/\/www.trafox.fi\/#website"},"datePublished":"2014-03-21T11:40:29+00:00","dateModified":"2014-12-23T07:28:48+00:00","breadcrumb":{"@id":"https:\/\/www.trafox.fi\/tuotteet\/muuntajat\/laakintasuojaerotusmuuntajat\/#breadcrumb"},"inLanguage":"de","potentialAction":[{"@type":"ReadAction","target":["https:\/\/www.trafox.fi\/tuotteet\/muuntajat\/laakintasuojaerotusmuuntajat\/"]}]},{"@type":"BreadcrumbList","@id":"https:\/\/www.trafox.fi\/tuotteet\/muuntajat\/laakintasuojaerotusmuuntajat\/#breadcrumb","itemListElement":[{"@type":"ListItem","position":1,"name":"Home","item":"https:\/\/www.trafox.fi\/de\/"},{"@type":"ListItem","position":2,"name":"Produkte","item":"https:\/\/www.trafox.fi\/tuotteet\/"},{"@type":"ListItem","position":3,"name":"Transformatoren","item":"https:\/\/www.trafox.fi\/tuotteet\/muuntajat\/"},{"@type":"ListItem","position":4,"name":"Medizinische Trenntransformatoren"}]},{"@type":"WebSite","@id":"https:\/\/www.trafox.fi\/#website","url":"https:\/\/www.trafox.fi\/","name":"Trafox","description":"Maailmanluokan laatua. Suomalaisella asenteella.","potentialAction":[{"@type":"SearchAction","target":{"@type":"EntryPoint","urlTemplate":"https:\/\/www.trafox.fi\/?s={search_term_string}"},"query-input":"required name=search_term_string"}],"inLanguage":"de"}]}},"_links":{"self":[{"href":"https:\/\/www.trafox.fi\/de\/wp-json\/wp\/v2\/pages\/702","targetHints":{"allow":["GET"]}}],"collection":[{"href":"https:\/\/www.trafox.fi\/de\/wp-json\/wp\/v2\/pages"}],"about":[{"href":"https:\/\/www.trafox.fi\/de\/wp-json\/wp\/v2\/types\/page"}],"author":[{"embeddable":true,"href":"https:\/\/www.trafox.fi\/de\/wp-json\/wp\/v2\/users\/1"}],"replies":[{"embeddable":true,"href":"https:\/\/www.trafox.fi\/de\/wp-json\/wp\/v2\/comments?post=702"}],"version-history":[{"count":1,"href":"https:\/\/www.trafox.fi\/de\/wp-json\/wp\/v2\/pages\/702\/revisions"}],"predecessor-version":[{"id":703,"href":"https:\/\/www.trafox.fi\/de\/wp-json\/wp\/v2\/pages\/702\/revisions\/703"}],"up":[{"embeddable":true,"href":"https:\/\/www.trafox.fi\/de\/wp-json\/wp\/v2\/pages\/540"}],"wp:attachment":[{"href":"https:\/\/www.trafox.fi\/de\/wp-json\/wp\/v2\/media?parent=702"}],"curies":[{"name":"wp","href":"https:\/\/api.w.org\/{rel}","templated":true}]}}