{"id":556,"date":"2014-03-21T13:44:31","date_gmt":"2014-03-21T11:44:31","guid":{"rendered":"https:\/\/www.trafox.fi\/?page_id=556"},"modified":"2015-04-13T12:17:20","modified_gmt":"2015-04-13T09:17:20","slug":"trafox-superintend","status":"publish","type":"page","link":"https:\/\/www.trafox.fi\/de\/produkte\/trafox-superintend\/","title":{"rendered":"Trafox Superintend\u00ae"},"content":{"rendered":"<p class=\"p1\"><span class=\"s1\">Unsere innovativen Fehlerstrom- und\u00a0Isolations\u00fcberwachungsger\u00e4t sind sowohl f\u00fcr die Bed\u00fcrfnisse der Industrie als auch f\u00fcr Einsatzf\u00e4lle in der erneuerbaren Energie, Schiffs-, medizinische, Bau- und Schwerindustrie ausgelegt.<\/span><\/p>\n<p class=\"p1\"><span class=\"s1\">Unsere langj\u00e4hrige Erfahrung bei der Planung, die ununterbrochene Entwicklungsarbeit und der Nutzung der neuesten Technologie garantieren unseren Kunden die geeignetsten Produkte f\u00fcr ihre Bed\u00fcrfnisse. Wir legen beim Entwurf und der Herstellung unserer Anlagen auf Sicherheit, Funktionssicherheit und die Option wert, das \u00dcberwachungsumfeld weiterhin kosteneffizient und unabh\u00e4ngig vom Einsatzobjekt zu erweitern.<\/span><\/p>\n","protected":false},"excerpt":{"rendered":"<p>Unsere innovativen Fehlerstrom- und\u00a0Isolations\u00fcberwachungsger\u00e4t sind sowohl f\u00fcr die Bed\u00fcrfnisse der Industrie als auch f\u00fcr Einsatzf\u00e4lle in der erneuerbaren Energie, Schiffs-, medizinische, Bau- und Schwerindustrie ausgelegt. Unsere langj\u00e4hrige Erfahrung bei der Planung, die ununterbrochene Entwicklungsarbeit und der Nutzung der neuesten Technologie garantieren unseren Kunden die geeignetsten Produkte f\u00fcr ihre Bed\u00fcrfnisse. Wir legen beim Entwurf und der [&hellip;]<\/p>\n","protected":false},"author":1,"featured_media":1449,"parent":508,"menu_order":2,"comment_status":"closed","ping_status":"closed","template":"page-templates\/prods-main-list.php","meta":{"footnotes":""},"class_list":["post-556","page","type-page","status-publish","has-post-thumbnail","hentry"],"acf":[],"yoast_head":"<!-- This site is optimized with the Yoast SEO plugin v20.10 - https:\/\/yoast.com\/wordpress\/plugins\/seo\/ -->\n<title>Trafox Superintend\u00ae - Trafox<\/title>\n<meta name=\"robots\" content=\"index, follow, max-snippet:-1, max-image-preview:large, max-video-preview:-1\" \/>\n<link rel=\"canonical\" href=\"https:\/\/www.trafox.fi\/tuotteet\/trafox-superintend\/\" \/>\n<meta property=\"og:locale\" content=\"de_DE\" \/>\n<meta property=\"og:type\" content=\"article\" \/>\n<meta property=\"og:title\" content=\"Trafox Superintend\u00ae - Trafox\" \/>\n<meta property=\"og:description\" content=\"Unsere innovativen Fehlerstrom- und\u00a0Isolations\u00fcberwachungsger\u00e4t sind sowohl f\u00fcr die Bed\u00fcrfnisse der Industrie als auch f\u00fcr Einsatzf\u00e4lle in der erneuerbaren Energie, Schiffs-, medizinische, Bau- und Schwerindustrie ausgelegt. Unsere langj\u00e4hrige Erfahrung bei der Planung, die ununterbrochene Entwicklungsarbeit und der Nutzung der neuesten Technologie garantieren unseren Kunden die geeignetsten Produkte f\u00fcr ihre Bed\u00fcrfnisse. Wir legen beim Entwurf und der [&hellip;]\" \/>\n<meta property=\"og:url\" content=\"https:\/\/www.trafox.fi\/tuotteet\/trafox-superintend\/\" \/>\n<meta property=\"og:site_name\" content=\"Trafox\" \/>\n<meta property=\"article:modified_time\" content=\"2015-04-13T09:17:20+00:00\" \/>\n<meta property=\"og:image\" content=\"https:\/\/www.trafox.fi\/wp-content\/uploads\/2015\/04\/IM-01_etu_bl.jpg\" \/>\n\t<meta property=\"og:image:width\" content=\"3216\" \/>\n\t<meta property=\"og:image:height\" content=\"2992\" \/>\n\t<meta property=\"og:image:type\" content=\"image\/jpeg\" \/>\n<meta name=\"twitter:card\" content=\"summary_large_image\" \/>\n<script type=\"application\/ld+json\" class=\"yoast-schema-graph\">{\"@context\":\"https:\/\/schema.org\",\"@graph\":[{\"@type\":\"WebPage\",\"@id\":\"https:\/\/www.trafox.fi\/tuotteet\/trafox-superintend\/\",\"url\":\"https:\/\/www.trafox.fi\/tuotteet\/trafox-superintend\/\",\"name\":\"Trafox Superintend\u00ae - Trafox\",\"isPartOf\":{\"@id\":\"https:\/\/www.trafox.fi\/#website\"},\"datePublished\":\"2014-03-21T11:44:31+00:00\",\"dateModified\":\"2015-04-13T09:17:20+00:00\",\"breadcrumb\":{\"@id\":\"https:\/\/www.trafox.fi\/tuotteet\/trafox-superintend\/#breadcrumb\"},\"inLanguage\":\"de\",\"potentialAction\":[{\"@type\":\"ReadAction\",\"target\":[\"https:\/\/www.trafox.fi\/tuotteet\/trafox-superintend\/\"]}]},{\"@type\":\"BreadcrumbList\",\"@id\":\"https:\/\/www.trafox.fi\/tuotteet\/trafox-superintend\/#breadcrumb\",\"itemListElement\":[{\"@type\":\"ListItem\",\"position\":1,\"name\":\"Home\",\"item\":\"https:\/\/www.trafox.fi\/de\/\"},{\"@type\":\"ListItem\",\"position\":2,\"name\":\"Produkte\",\"item\":\"https:\/\/www.trafox.fi\/tuotteet\/\"},{\"@type\":\"ListItem\",\"position\":3,\"name\":\"Trafox Superintend\u00ae\"}]},{\"@type\":\"WebSite\",\"@id\":\"https:\/\/www.trafox.fi\/#website\",\"url\":\"https:\/\/www.trafox.fi\/\",\"name\":\"Trafox\",\"description\":\"Maailmanluokan laatua. Suomalaisella asenteella.\",\"potentialAction\":[{\"@type\":\"SearchAction\",\"target\":{\"@type\":\"EntryPoint\",\"urlTemplate\":\"https:\/\/www.trafox.fi\/?s={search_term_string}\"},\"query-input\":\"required name=search_term_string\"}],\"inLanguage\":\"de\"}]}<\/script>\n<!-- \/ Yoast SEO plugin. -->","yoast_head_json":{"title":"Trafox Superintend\u00ae - Trafox","robots":{"index":"index","follow":"follow","max-snippet":"max-snippet:-1","max-image-preview":"max-image-preview:large","max-video-preview":"max-video-preview:-1"},"canonical":"https:\/\/www.trafox.fi\/tuotteet\/trafox-superintend\/","og_locale":"de_DE","og_type":"article","og_title":"Trafox Superintend\u00ae - Trafox","og_description":"Unsere innovativen Fehlerstrom- und\u00a0Isolations\u00fcberwachungsger\u00e4t sind sowohl f\u00fcr die Bed\u00fcrfnisse der Industrie als auch f\u00fcr Einsatzf\u00e4lle in der erneuerbaren Energie, Schiffs-, medizinische, Bau- und Schwerindustrie ausgelegt. Unsere langj\u00e4hrige Erfahrung bei der Planung, die ununterbrochene Entwicklungsarbeit und der Nutzung der neuesten Technologie garantieren unseren Kunden die geeignetsten Produkte f\u00fcr ihre Bed\u00fcrfnisse. Wir legen beim Entwurf und der [&hellip;]","og_url":"https:\/\/www.trafox.fi\/tuotteet\/trafox-superintend\/","og_site_name":"Trafox","article_modified_time":"2015-04-13T09:17:20+00:00","og_image":[{"width":3216,"height":2992,"url":"https:\/\/www.trafox.fi\/wp-content\/uploads\/2015\/04\/IM-01_etu_bl.jpg","type":"image\/jpeg"}],"twitter_card":"summary_large_image","schema":{"@context":"https:\/\/schema.org","@graph":[{"@type":"WebPage","@id":"https:\/\/www.trafox.fi\/tuotteet\/trafox-superintend\/","url":"https:\/\/www.trafox.fi\/tuotteet\/trafox-superintend\/","name":"Trafox Superintend\u00ae - Trafox","isPartOf":{"@id":"https:\/\/www.trafox.fi\/#website"},"datePublished":"2014-03-21T11:44:31+00:00","dateModified":"2015-04-13T09:17:20+00:00","breadcrumb":{"@id":"https:\/\/www.trafox.fi\/tuotteet\/trafox-superintend\/#breadcrumb"},"inLanguage":"de","potentialAction":[{"@type":"ReadAction","target":["https:\/\/www.trafox.fi\/tuotteet\/trafox-superintend\/"]}]},{"@type":"BreadcrumbList","@id":"https:\/\/www.trafox.fi\/tuotteet\/trafox-superintend\/#breadcrumb","itemListElement":[{"@type":"ListItem","position":1,"name":"Home","item":"https:\/\/www.trafox.fi\/de\/"},{"@type":"ListItem","position":2,"name":"Produkte","item":"https:\/\/www.trafox.fi\/tuotteet\/"},{"@type":"ListItem","position":3,"name":"Trafox Superintend\u00ae"}]},{"@type":"WebSite","@id":"https:\/\/www.trafox.fi\/#website","url":"https:\/\/www.trafox.fi\/","name":"Trafox","description":"Maailmanluokan laatua. Suomalaisella asenteella.","potentialAction":[{"@type":"SearchAction","target":{"@type":"EntryPoint","urlTemplate":"https:\/\/www.trafox.fi\/?s={search_term_string}"},"query-input":"required name=search_term_string"}],"inLanguage":"de"}]}},"_links":{"self":[{"href":"https:\/\/www.trafox.fi\/de\/wp-json\/wp\/v2\/pages\/556","targetHints":{"allow":["GET"]}}],"collection":[{"href":"https:\/\/www.trafox.fi\/de\/wp-json\/wp\/v2\/pages"}],"about":[{"href":"https:\/\/www.trafox.fi\/de\/wp-json\/wp\/v2\/types\/page"}],"author":[{"embeddable":true,"href":"https:\/\/www.trafox.fi\/de\/wp-json\/wp\/v2\/users\/1"}],"replies":[{"embeddable":true,"href":"https:\/\/www.trafox.fi\/de\/wp-json\/wp\/v2\/comments?post=556"}],"version-history":[{"count":6,"href":"https:\/\/www.trafox.fi\/de\/wp-json\/wp\/v2\/pages\/556\/revisions"}],"predecessor-version":[{"id":1482,"href":"https:\/\/www.trafox.fi\/de\/wp-json\/wp\/v2\/pages\/556\/revisions\/1482"}],"up":[{"embeddable":true,"href":"https:\/\/www.trafox.fi\/de\/wp-json\/wp\/v2\/pages\/508"}],"wp:featuredmedia":[{"embeddable":true,"href":"https:\/\/www.trafox.fi\/de\/wp-json\/wp\/v2\/media\/1449"}],"wp:attachment":[{"href":"https:\/\/www.trafox.fi\/de\/wp-json\/wp\/v2\/media?parent=556"}],"curies":[{"name":"wp","href":"https:\/\/api.w.org\/{rel}","templated":true}]}}