{"id":552,"date":"2014-03-21T13:44:00","date_gmt":"2014-03-21T11:44:00","guid":{"rendered":"https:\/\/www.trafox.fi\/?page_id=552"},"modified":"2021-02-09T09:08:06","modified_gmt":"2021-02-09T07:08:06","slug":"drosseln","status":"publish","type":"page","link":"https:\/\/www.trafox.fi\/de\/produkte\/drosseln\/","title":{"rendered":"Drosseln"},"content":{"rendered":"<p>Drosseln werden zur D\u00e4mpfung von Stromspitzen bei Elektroantrieben und harmonischen Str\u00f6men und zum Schutz vor \u00dcberspannungen ben\u00f6tigt. Wir stellen Eisen-, Ferrit- und eisenkernfreie Drosseln von den kleinsten Komponenten bis zu gro\u00dfen f\u00fcr die Bed\u00fcrfnisse der Schwerindustrie her. Die Trafox-Drosseln, u.\u00a0a. Frequenzumrichter-, Resonanzfrequenz-Kompensations-, Serien- und wassergek\u00fchlte Drosseln sind auf Zuverl\u00e4ssigkeit und verlustarm ausgelegt. Die Einsatzstellen sind die verschiedensten Anwendungen in der Industrie, Bauindustrie, Energietechnik und Schiffsindustrie, wie Frequenzumrichter, Elektrofahrzeuge, Stromversorgungen oder Elektromotoren.<\/p>\n<p>Die Eigenschaften, Ma\u00dfe, die Konstruktion und Befestigungsart der Drosseln k\u00f6nnen flexibel den W\u00fcnschen und Einsatzbed\u00fcrfnissen des Kunden angepasst werden. Wir haben st\u00e4ndig unsere eigenen Entwurfs-, Dokumentations- und Herstellungsverfahren weiterentwickelt, um den immer gr\u00f6\u00dferen Herausforderungen zu begegnen.<\/p>\n","protected":false},"excerpt":{"rendered":"<p>Drosseln werden zur D\u00e4mpfung von Stromspitzen bei Elektroantrieben und harmonischen Str\u00f6men und zum Schutz vor \u00dcberspannungen ben\u00f6tigt. Wir stellen Eisen-, Ferrit- und eisenkernfreie Drosseln von den kleinsten Komponenten bis zu gro\u00dfen f\u00fcr die Bed\u00fcrfnisse der Schwerindustrie her. Die Trafox-Drosseln, u.\u00a0a. Frequenzumrichter-, Resonanzfrequenz-Kompensations-, Serien- und wassergek\u00fchlte Drosseln sind auf Zuverl\u00e4ssigkeit und verlustarm ausgelegt. Die Einsatzstellen sind [&hellip;]<\/p>\n","protected":false},"author":1,"featured_media":325,"parent":508,"menu_order":2,"comment_status":"closed","ping_status":"closed","template":"page-templates\/prods-main-list.php","meta":{"footnotes":""},"class_list":["post-552","page","type-page","status-publish","has-post-thumbnail","hentry"],"acf":[],"yoast_head":"<!-- This site is optimized with the Yoast SEO plugin v20.10 - https:\/\/yoast.com\/wordpress\/plugins\/seo\/ -->\n<title>Drosseln - Trafox<\/title>\n<meta name=\"robots\" content=\"index, follow, max-snippet:-1, max-image-preview:large, max-video-preview:-1\" \/>\n<link rel=\"canonical\" href=\"https:\/\/www.trafox.fi\/tuotteet\/kuristimet\/\" \/>\n<meta property=\"og:locale\" content=\"de_DE\" \/>\n<meta property=\"og:type\" content=\"article\" \/>\n<meta property=\"og:title\" content=\"Drosseln - Trafox\" \/>\n<meta property=\"og:description\" content=\"Drosseln werden zur D\u00e4mpfung von Stromspitzen bei Elektroantrieben und harmonischen Str\u00f6men und zum Schutz vor \u00dcberspannungen ben\u00f6tigt. Wir stellen Eisen-, Ferrit- und eisenkernfreie Drosseln von den kleinsten Komponenten bis zu gro\u00dfen f\u00fcr die Bed\u00fcrfnisse der Schwerindustrie her. Die Trafox-Drosseln, u.\u00a0a. Frequenzumrichter-, Resonanzfrequenz-Kompensations-, Serien- und wassergek\u00fchlte Drosseln sind auf Zuverl\u00e4ssigkeit und verlustarm ausgelegt. Die Einsatzstellen sind [&hellip;]\" \/>\n<meta property=\"og:url\" content=\"https:\/\/www.trafox.fi\/tuotteet\/kuristimet\/\" \/>\n<meta property=\"og:site_name\" content=\"Trafox\" \/>\n<meta property=\"article:modified_time\" content=\"2021-02-09T07:08:06+00:00\" \/>\n<meta property=\"og:image\" content=\"https:\/\/www.trafox.fi\/wp-content\/uploads\/2014\/08\/3INPP-e1408623942137.jpg\" \/>\n\t<meta property=\"og:image:width\" content=\"300\" \/>\n\t<meta property=\"og:image:height\" content=\"297\" \/>\n\t<meta property=\"og:image:type\" content=\"image\/jpeg\" \/>\n<meta name=\"twitter:card\" content=\"summary_large_image\" \/>\n<meta name=\"twitter:label1\" content=\"Gesch\u00e4tzte Lesezeit\" \/>\n\t<meta name=\"twitter:data1\" content=\"1\u00a0Minute\" \/>\n<script type=\"application\/ld+json\" class=\"yoast-schema-graph\">{\"@context\":\"https:\/\/schema.org\",\"@graph\":[{\"@type\":\"WebPage\",\"@id\":\"https:\/\/www.trafox.fi\/tuotteet\/kuristimet\/\",\"url\":\"https:\/\/www.trafox.fi\/tuotteet\/kuristimet\/\",\"name\":\"Drosseln - Trafox\",\"isPartOf\":{\"@id\":\"https:\/\/www.trafox.fi\/#website\"},\"datePublished\":\"2014-03-21T11:44:00+00:00\",\"dateModified\":\"2021-02-09T07:08:06+00:00\",\"breadcrumb\":{\"@id\":\"https:\/\/www.trafox.fi\/tuotteet\/kuristimet\/#breadcrumb\"},\"inLanguage\":\"de\",\"potentialAction\":[{\"@type\":\"ReadAction\",\"target\":[\"https:\/\/www.trafox.fi\/tuotteet\/kuristimet\/\"]}]},{\"@type\":\"BreadcrumbList\",\"@id\":\"https:\/\/www.trafox.fi\/tuotteet\/kuristimet\/#breadcrumb\",\"itemListElement\":[{\"@type\":\"ListItem\",\"position\":1,\"name\":\"Home\",\"item\":\"https:\/\/www.trafox.fi\/de\/\"},{\"@type\":\"ListItem\",\"position\":2,\"name\":\"Produkte\",\"item\":\"https:\/\/www.trafox.fi\/tuotteet\/\"},{\"@type\":\"ListItem\",\"position\":3,\"name\":\"Drosseln\"}]},{\"@type\":\"WebSite\",\"@id\":\"https:\/\/www.trafox.fi\/#website\",\"url\":\"https:\/\/www.trafox.fi\/\",\"name\":\"Trafox\",\"description\":\"Maailmanluokan laatua. Suomalaisella asenteella.\",\"potentialAction\":[{\"@type\":\"SearchAction\",\"target\":{\"@type\":\"EntryPoint\",\"urlTemplate\":\"https:\/\/www.trafox.fi\/?s={search_term_string}\"},\"query-input\":\"required name=search_term_string\"}],\"inLanguage\":\"de\"}]}<\/script>\n<!-- \/ Yoast SEO plugin. -->","yoast_head_json":{"title":"Drosseln - Trafox","robots":{"index":"index","follow":"follow","max-snippet":"max-snippet:-1","max-image-preview":"max-image-preview:large","max-video-preview":"max-video-preview:-1"},"canonical":"https:\/\/www.trafox.fi\/tuotteet\/kuristimet\/","og_locale":"de_DE","og_type":"article","og_title":"Drosseln - Trafox","og_description":"Drosseln werden zur D\u00e4mpfung von Stromspitzen bei Elektroantrieben und harmonischen Str\u00f6men und zum Schutz vor \u00dcberspannungen ben\u00f6tigt. Wir stellen Eisen-, Ferrit- und eisenkernfreie Drosseln von den kleinsten Komponenten bis zu gro\u00dfen f\u00fcr die Bed\u00fcrfnisse der Schwerindustrie her. Die Trafox-Drosseln, u.\u00a0a. Frequenzumrichter-, Resonanzfrequenz-Kompensations-, Serien- und wassergek\u00fchlte Drosseln sind auf Zuverl\u00e4ssigkeit und verlustarm ausgelegt. Die Einsatzstellen sind [&hellip;]","og_url":"https:\/\/www.trafox.fi\/tuotteet\/kuristimet\/","og_site_name":"Trafox","article_modified_time":"2021-02-09T07:08:06+00:00","og_image":[{"width":300,"height":297,"url":"https:\/\/www.trafox.fi\/wp-content\/uploads\/2014\/08\/3INPP-e1408623942137.jpg","type":"image\/jpeg"}],"twitter_card":"summary_large_image","twitter_misc":{"Gesch\u00e4tzte Lesezeit":"1\u00a0Minute"},"schema":{"@context":"https:\/\/schema.org","@graph":[{"@type":"WebPage","@id":"https:\/\/www.trafox.fi\/tuotteet\/kuristimet\/","url":"https:\/\/www.trafox.fi\/tuotteet\/kuristimet\/","name":"Drosseln - Trafox","isPartOf":{"@id":"https:\/\/www.trafox.fi\/#website"},"datePublished":"2014-03-21T11:44:00+00:00","dateModified":"2021-02-09T07:08:06+00:00","breadcrumb":{"@id":"https:\/\/www.trafox.fi\/tuotteet\/kuristimet\/#breadcrumb"},"inLanguage":"de","potentialAction":[{"@type":"ReadAction","target":["https:\/\/www.trafox.fi\/tuotteet\/kuristimet\/"]}]},{"@type":"BreadcrumbList","@id":"https:\/\/www.trafox.fi\/tuotteet\/kuristimet\/#breadcrumb","itemListElement":[{"@type":"ListItem","position":1,"name":"Home","item":"https:\/\/www.trafox.fi\/de\/"},{"@type":"ListItem","position":2,"name":"Produkte","item":"https:\/\/www.trafox.fi\/tuotteet\/"},{"@type":"ListItem","position":3,"name":"Drosseln"}]},{"@type":"WebSite","@id":"https:\/\/www.trafox.fi\/#website","url":"https:\/\/www.trafox.fi\/","name":"Trafox","description":"Maailmanluokan laatua. Suomalaisella asenteella.","potentialAction":[{"@type":"SearchAction","target":{"@type":"EntryPoint","urlTemplate":"https:\/\/www.trafox.fi\/?s={search_term_string}"},"query-input":"required name=search_term_string"}],"inLanguage":"de"}]}},"_links":{"self":[{"href":"https:\/\/www.trafox.fi\/de\/wp-json\/wp\/v2\/pages\/552","targetHints":{"allow":["GET"]}}],"collection":[{"href":"https:\/\/www.trafox.fi\/de\/wp-json\/wp\/v2\/pages"}],"about":[{"href":"https:\/\/www.trafox.fi\/de\/wp-json\/wp\/v2\/types\/page"}],"author":[{"embeddable":true,"href":"https:\/\/www.trafox.fi\/de\/wp-json\/wp\/v2\/users\/1"}],"replies":[{"embeddable":true,"href":"https:\/\/www.trafox.fi\/de\/wp-json\/wp\/v2\/comments?post=552"}],"version-history":[{"count":6,"href":"https:\/\/www.trafox.fi\/de\/wp-json\/wp\/v2\/pages\/552\/revisions"}],"predecessor-version":[{"id":3670,"href":"https:\/\/www.trafox.fi\/de\/wp-json\/wp\/v2\/pages\/552\/revisions\/3670"}],"up":[{"embeddable":true,"href":"https:\/\/www.trafox.fi\/de\/wp-json\/wp\/v2\/pages\/508"}],"wp:featuredmedia":[{"embeddable":true,"href":"https:\/\/www.trafox.fi\/de\/wp-json\/wp\/v2\/media\/325"}],"wp:attachment":[{"href":"https:\/\/www.trafox.fi\/de\/wp-json\/wp\/v2\/media?parent=552"}],"curies":[{"name":"wp","href":"https:\/\/api.w.org\/{rel}","templated":true}]}}