{"id":548,"date":"2014-03-21T13:43:41","date_gmt":"2014-03-21T11:43:41","guid":{"rendered":"https:\/\/www.trafox.fi\/?page_id=548"},"modified":"2021-02-09T08:32:06","modified_gmt":"2021-02-09T06:32:06","slug":"filter","status":"publish","type":"page","link":"https:\/\/www.trafox.fi\/de\/produkte\/filter\/","title":{"rendered":"Filter"},"content":{"rendered":"<p>Filter werden beim Einsatz von Frequenzumrichtern zum Filtern der Versorgungsspannung f\u00fcr Motoren ben\u00f6tigt. Durch Filtern wird bei den Motoren eine l\u00e4ngere Standzeit, niedrigere Temperatur und bessere Funktionssicherheit erreicht. Die Einsatzstellen sind die verschiedensten Anwendungen in der Industrie, Bauindustrie, Energietechnik und Schiffsindustrie, wie Elektromotoren, Kompressoren oder K\u00fchlsysteme.<\/p>\n<p>Zu unserer Produktpalette geh\u00f6ren dU\/dt- und Sinusfilter. Die Eigenschaften, Ma\u00dfe, die Konstruktion und Befestigungsart der Filter k\u00f6nnen flexibel den W\u00fcnschen und Einsatzbed\u00fcrfnissen des Kunden angepasst werden. Wir haben st\u00e4ndig unsere eigenen Entwurfs-, Dokumentations- und Herstellungsverfahren weiterentwickelt, um den immer gr\u00f6\u00dferen Herausforderungen zu begegnen.<\/p>\n","protected":false},"excerpt":{"rendered":"<p>Filter werden beim Einsatz von Frequenzumrichtern zum Filtern der Versorgungsspannung f\u00fcr Motoren ben\u00f6tigt. Durch Filtern wird bei den Motoren eine l\u00e4ngere Standzeit, niedrigere Temperatur und bessere Funktionssicherheit erreicht. Die Einsatzstellen sind die verschiedensten Anwendungen in der Industrie, Bauindustrie, Energietechnik und Schiffsindustrie, wie Elektromotoren, Kompressoren oder K\u00fchlsysteme. Zu unserer Produktpalette geh\u00f6ren dU\/dt- und Sinusfilter. Die Eigenschaften, [&hellip;]<\/p>\n","protected":false},"author":1,"featured_media":1310,"parent":508,"menu_order":2,"comment_status":"closed","ping_status":"closed","template":"page-templates\/prods-main-list.php","meta":{"footnotes":""},"class_list":["post-548","page","type-page","status-publish","has-post-thumbnail","hentry"],"acf":[],"yoast_head":"<!-- This site is optimized with the Yoast SEO plugin v20.10 - https:\/\/yoast.com\/wordpress\/plugins\/seo\/ -->\n<title>Filter - Trafox<\/title>\n<meta name=\"robots\" content=\"index, follow, max-snippet:-1, max-image-preview:large, max-video-preview:-1\" \/>\n<link rel=\"canonical\" href=\"https:\/\/www.trafox.fi\/tuotteet\/suodattimet\/\" \/>\n<meta property=\"og:locale\" content=\"de_DE\" \/>\n<meta property=\"og:type\" content=\"article\" \/>\n<meta property=\"og:title\" content=\"Filter - Trafox\" \/>\n<meta property=\"og:description\" content=\"Filter werden beim Einsatz von Frequenzumrichtern zum Filtern der Versorgungsspannung f\u00fcr Motoren ben\u00f6tigt. Durch Filtern wird bei den Motoren eine l\u00e4ngere Standzeit, niedrigere Temperatur und bessere Funktionssicherheit erreicht. Die Einsatzstellen sind die verschiedensten Anwendungen in der Industrie, Bauindustrie, Energietechnik und Schiffsindustrie, wie Elektromotoren, Kompressoren oder K\u00fchlsysteme. Zu unserer Produktpalette geh\u00f6ren dU\/dt- und Sinusfilter. Die Eigenschaften, [&hellip;]\" \/>\n<meta property=\"og:url\" content=\"https:\/\/www.trafox.fi\/tuotteet\/suodattimet\/\" \/>\n<meta property=\"og:site_name\" content=\"Trafox\" \/>\n<meta property=\"article:modified_time\" content=\"2021-02-09T06:32:06+00:00\" \/>\n<meta property=\"og:image\" content=\"https:\/\/www.trafox.fi\/wp-content\/uploads\/2015\/04\/DU_dt.jpg\" \/>\n\t<meta property=\"og:image:width\" content=\"3232\" \/>\n\t<meta property=\"og:image:height\" content=\"3744\" \/>\n\t<meta property=\"og:image:type\" content=\"image\/jpeg\" \/>\n<meta name=\"twitter:card\" content=\"summary_large_image\" \/>\n<meta name=\"twitter:label1\" content=\"Gesch\u00e4tzte Lesezeit\" \/>\n\t<meta name=\"twitter:data1\" content=\"1\u00a0Minute\" \/>\n<script type=\"application\/ld+json\" class=\"yoast-schema-graph\">{\"@context\":\"https:\/\/schema.org\",\"@graph\":[{\"@type\":\"WebPage\",\"@id\":\"https:\/\/www.trafox.fi\/tuotteet\/suodattimet\/\",\"url\":\"https:\/\/www.trafox.fi\/tuotteet\/suodattimet\/\",\"name\":\"Filter - Trafox\",\"isPartOf\":{\"@id\":\"https:\/\/www.trafox.fi\/#website\"},\"datePublished\":\"2014-03-21T11:43:41+00:00\",\"dateModified\":\"2021-02-09T06:32:06+00:00\",\"breadcrumb\":{\"@id\":\"https:\/\/www.trafox.fi\/tuotteet\/suodattimet\/#breadcrumb\"},\"inLanguage\":\"de\",\"potentialAction\":[{\"@type\":\"ReadAction\",\"target\":[\"https:\/\/www.trafox.fi\/tuotteet\/suodattimet\/\"]}]},{\"@type\":\"BreadcrumbList\",\"@id\":\"https:\/\/www.trafox.fi\/tuotteet\/suodattimet\/#breadcrumb\",\"itemListElement\":[{\"@type\":\"ListItem\",\"position\":1,\"name\":\"Home\",\"item\":\"https:\/\/www.trafox.fi\/de\/\"},{\"@type\":\"ListItem\",\"position\":2,\"name\":\"Produkte\",\"item\":\"https:\/\/www.trafox.fi\/tuotteet\/\"},{\"@type\":\"ListItem\",\"position\":3,\"name\":\"Filter\"}]},{\"@type\":\"WebSite\",\"@id\":\"https:\/\/www.trafox.fi\/#website\",\"url\":\"https:\/\/www.trafox.fi\/\",\"name\":\"Trafox\",\"description\":\"Maailmanluokan laatua. Suomalaisella asenteella.\",\"potentialAction\":[{\"@type\":\"SearchAction\",\"target\":{\"@type\":\"EntryPoint\",\"urlTemplate\":\"https:\/\/www.trafox.fi\/?s={search_term_string}\"},\"query-input\":\"required name=search_term_string\"}],\"inLanguage\":\"de\"}]}<\/script>\n<!-- \/ Yoast SEO plugin. -->","yoast_head_json":{"title":"Filter - Trafox","robots":{"index":"index","follow":"follow","max-snippet":"max-snippet:-1","max-image-preview":"max-image-preview:large","max-video-preview":"max-video-preview:-1"},"canonical":"https:\/\/www.trafox.fi\/tuotteet\/suodattimet\/","og_locale":"de_DE","og_type":"article","og_title":"Filter - Trafox","og_description":"Filter werden beim Einsatz von Frequenzumrichtern zum Filtern der Versorgungsspannung f\u00fcr Motoren ben\u00f6tigt. Durch Filtern wird bei den Motoren eine l\u00e4ngere Standzeit, niedrigere Temperatur und bessere Funktionssicherheit erreicht. Die Einsatzstellen sind die verschiedensten Anwendungen in der Industrie, Bauindustrie, Energietechnik und Schiffsindustrie, wie Elektromotoren, Kompressoren oder K\u00fchlsysteme. Zu unserer Produktpalette geh\u00f6ren dU\/dt- und Sinusfilter. Die Eigenschaften, [&hellip;]","og_url":"https:\/\/www.trafox.fi\/tuotteet\/suodattimet\/","og_site_name":"Trafox","article_modified_time":"2021-02-09T06:32:06+00:00","og_image":[{"width":3232,"height":3744,"url":"https:\/\/www.trafox.fi\/wp-content\/uploads\/2015\/04\/DU_dt.jpg","type":"image\/jpeg"}],"twitter_card":"summary_large_image","twitter_misc":{"Gesch\u00e4tzte Lesezeit":"1\u00a0Minute"},"schema":{"@context":"https:\/\/schema.org","@graph":[{"@type":"WebPage","@id":"https:\/\/www.trafox.fi\/tuotteet\/suodattimet\/","url":"https:\/\/www.trafox.fi\/tuotteet\/suodattimet\/","name":"Filter - Trafox","isPartOf":{"@id":"https:\/\/www.trafox.fi\/#website"},"datePublished":"2014-03-21T11:43:41+00:00","dateModified":"2021-02-09T06:32:06+00:00","breadcrumb":{"@id":"https:\/\/www.trafox.fi\/tuotteet\/suodattimet\/#breadcrumb"},"inLanguage":"de","potentialAction":[{"@type":"ReadAction","target":["https:\/\/www.trafox.fi\/tuotteet\/suodattimet\/"]}]},{"@type":"BreadcrumbList","@id":"https:\/\/www.trafox.fi\/tuotteet\/suodattimet\/#breadcrumb","itemListElement":[{"@type":"ListItem","position":1,"name":"Home","item":"https:\/\/www.trafox.fi\/de\/"},{"@type":"ListItem","position":2,"name":"Produkte","item":"https:\/\/www.trafox.fi\/tuotteet\/"},{"@type":"ListItem","position":3,"name":"Filter"}]},{"@type":"WebSite","@id":"https:\/\/www.trafox.fi\/#website","url":"https:\/\/www.trafox.fi\/","name":"Trafox","description":"Maailmanluokan laatua. Suomalaisella asenteella.","potentialAction":[{"@type":"SearchAction","target":{"@type":"EntryPoint","urlTemplate":"https:\/\/www.trafox.fi\/?s={search_term_string}"},"query-input":"required name=search_term_string"}],"inLanguage":"de"}]}},"_links":{"self":[{"href":"https:\/\/www.trafox.fi\/de\/wp-json\/wp\/v2\/pages\/548","targetHints":{"allow":["GET"]}}],"collection":[{"href":"https:\/\/www.trafox.fi\/de\/wp-json\/wp\/v2\/pages"}],"about":[{"href":"https:\/\/www.trafox.fi\/de\/wp-json\/wp\/v2\/types\/page"}],"author":[{"embeddable":true,"href":"https:\/\/www.trafox.fi\/de\/wp-json\/wp\/v2\/users\/1"}],"replies":[{"embeddable":true,"href":"https:\/\/www.trafox.fi\/de\/wp-json\/wp\/v2\/comments?post=548"}],"version-history":[{"count":7,"href":"https:\/\/www.trafox.fi\/de\/wp-json\/wp\/v2\/pages\/548\/revisions"}],"predecessor-version":[{"id":3665,"href":"https:\/\/www.trafox.fi\/de\/wp-json\/wp\/v2\/pages\/548\/revisions\/3665"}],"up":[{"embeddable":true,"href":"https:\/\/www.trafox.fi\/de\/wp-json\/wp\/v2\/pages\/508"}],"wp:featuredmedia":[{"embeddable":true,"href":"https:\/\/www.trafox.fi\/de\/wp-json\/wp\/v2\/media\/1310"}],"wp:attachment":[{"href":"https:\/\/www.trafox.fi\/de\/wp-json\/wp\/v2\/media?parent=548"}],"curies":[{"name":"wp","href":"https:\/\/api.w.org\/{rel}","templated":true}]}}