{"id":544,"date":"2014-03-21T13:43:24","date_gmt":"2014-03-21T11:43:24","guid":{"rendered":"https:\/\/www.trafox.fi\/?page_id=544"},"modified":"2015-03-11T10:27:44","modified_gmt":"2015-03-11T08:27:44","slug":"leistungstransformatoren","status":"publish","type":"page","link":"https:\/\/www.trafox.fi\/de\/produkte\/leistungstransformatoren\/","title":{"rendered":"Leistungstransformatoren"},"content":{"rendered":"<p class=\"p1\">Wir haben Jahrzehnte lang sowohl mit unseren Kunden als auch in internationalen, Normen vorbereitenden Arbeitsgruppen geduldige Entwicklungsarbeit an den Transformatoren geleistet. Gleichzeitig haben wir st\u00e4ndig unsere eigenen Herstellungsverfahren und Prozesse weiterentwickelt, um die Bed\u00fcrfnisse unserer Kunden auch in au\u00dfergew\u00f6hnlichen Situationen flexibel befriedigen zu k\u00f6nnen.<\/p>\n<p class=\"p1\"><span class=\"s1\">Zu unserer Produktpalette geh\u00f6ren 1- und 3-phasige, trockenisolierte Leistungstransformatoren sowie Entst\u00f6rtransformatoren f\u00fcr die Industrie, die Streitkr\u00e4fte, Krankenh\u00e4user und die Schiffsindustrie. Die Eigenschaften, Ma\u00dfe, die Konstruktion und Befestigungsart der Transformatoren werden flexibel den W\u00fcnschen und Einsatzbed\u00fcrfnissen des Kunden angepasst.<\/span><\/p>\n","protected":false},"excerpt":{"rendered":"<p>Wir haben Jahrzehnte lang sowohl mit unseren Kunden als auch in internationalen, Normen vorbereitenden Arbeitsgruppen geduldige Entwicklungsarbeit an den Transformatoren geleistet. Gleichzeitig haben wir st\u00e4ndig unsere eigenen Herstellungsverfahren und Prozesse weiterentwickelt, um die Bed\u00fcrfnisse unserer Kunden auch in au\u00dfergew\u00f6hnlichen Situationen flexibel befriedigen zu k\u00f6nnen. Zu unserer Produktpalette geh\u00f6ren 1- und 3-phasige, trockenisolierte Leistungstransformatoren sowie Entst\u00f6rtransformatoren [&hellip;]<\/p>\n","protected":false},"author":1,"featured_media":328,"parent":508,"menu_order":2,"comment_status":"closed","ping_status":"closed","template":"page-templates\/prods-main-list.php","meta":{"footnotes":""},"class_list":["post-544","page","type-page","status-publish","has-post-thumbnail","hentry"],"acf":[],"yoast_head":"<!-- This site is optimized with the Yoast SEO plugin v20.10 - https:\/\/yoast.com\/wordpress\/plugins\/seo\/ -->\n<title>Leistungstransformatoren - Trafox<\/title>\n<meta name=\"robots\" content=\"index, follow, max-snippet:-1, max-image-preview:large, max-video-preview:-1\" \/>\n<link rel=\"canonical\" href=\"https:\/\/www.trafox.fi\/tuotteet\/tehomuuntajat\/\" \/>\n<meta property=\"og:locale\" content=\"de_DE\" \/>\n<meta property=\"og:type\" content=\"article\" \/>\n<meta property=\"og:title\" content=\"Leistungstransformatoren - Trafox\" \/>\n<meta property=\"og:description\" content=\"Wir haben Jahrzehnte lang sowohl mit unseren Kunden als auch in internationalen, Normen vorbereitenden Arbeitsgruppen geduldige Entwicklungsarbeit an den Transformatoren geleistet. Gleichzeitig haben wir st\u00e4ndig unsere eigenen Herstellungsverfahren und Prozesse weiterentwickelt, um die Bed\u00fcrfnisse unserer Kunden auch in au\u00dfergew\u00f6hnlichen Situationen flexibel befriedigen zu k\u00f6nnen. Zu unserer Produktpalette geh\u00f6ren 1- und 3-phasige, trockenisolierte Leistungstransformatoren sowie Entst\u00f6rtransformatoren [&hellip;]\" \/>\n<meta property=\"og:url\" content=\"https:\/\/www.trafox.fi\/tuotteet\/tehomuuntajat\/\" \/>\n<meta property=\"og:site_name\" content=\"Trafox\" \/>\n<meta property=\"article:modified_time\" content=\"2015-03-11T08:27:44+00:00\" \/>\n<meta property=\"og:image\" content=\"https:\/\/www.trafox.fi\/wp-content\/uploads\/2014\/08\/3-vaihe_tehomuuntaja-e1408629595112.jpg\" \/>\n\t<meta property=\"og:image:width\" content=\"4528\" \/>\n\t<meta property=\"og:image:height\" content=\"5216\" \/>\n\t<meta property=\"og:image:type\" content=\"image\/jpeg\" \/>\n<meta name=\"twitter:card\" content=\"summary_large_image\" \/>\n<script type=\"application\/ld+json\" class=\"yoast-schema-graph\">{\"@context\":\"https:\/\/schema.org\",\"@graph\":[{\"@type\":\"WebPage\",\"@id\":\"https:\/\/www.trafox.fi\/tuotteet\/tehomuuntajat\/\",\"url\":\"https:\/\/www.trafox.fi\/tuotteet\/tehomuuntajat\/\",\"name\":\"Leistungstransformatoren - Trafox\",\"isPartOf\":{\"@id\":\"https:\/\/www.trafox.fi\/#website\"},\"datePublished\":\"2014-03-21T11:43:24+00:00\",\"dateModified\":\"2015-03-11T08:27:44+00:00\",\"breadcrumb\":{\"@id\":\"https:\/\/www.trafox.fi\/tuotteet\/tehomuuntajat\/#breadcrumb\"},\"inLanguage\":\"de\",\"potentialAction\":[{\"@type\":\"ReadAction\",\"target\":[\"https:\/\/www.trafox.fi\/tuotteet\/tehomuuntajat\/\"]}]},{\"@type\":\"BreadcrumbList\",\"@id\":\"https:\/\/www.trafox.fi\/tuotteet\/tehomuuntajat\/#breadcrumb\",\"itemListElement\":[{\"@type\":\"ListItem\",\"position\":1,\"name\":\"Home\",\"item\":\"https:\/\/www.trafox.fi\/de\/\"},{\"@type\":\"ListItem\",\"position\":2,\"name\":\"Produkte\",\"item\":\"https:\/\/www.trafox.fi\/tuotteet\/\"},{\"@type\":\"ListItem\",\"position\":3,\"name\":\"Leistungstransformatoren\"}]},{\"@type\":\"WebSite\",\"@id\":\"https:\/\/www.trafox.fi\/#website\",\"url\":\"https:\/\/www.trafox.fi\/\",\"name\":\"Trafox\",\"description\":\"Maailmanluokan laatua. Suomalaisella asenteella.\",\"potentialAction\":[{\"@type\":\"SearchAction\",\"target\":{\"@type\":\"EntryPoint\",\"urlTemplate\":\"https:\/\/www.trafox.fi\/?s={search_term_string}\"},\"query-input\":\"required name=search_term_string\"}],\"inLanguage\":\"de\"}]}<\/script>\n<!-- \/ Yoast SEO plugin. -->","yoast_head_json":{"title":"Leistungstransformatoren - Trafox","robots":{"index":"index","follow":"follow","max-snippet":"max-snippet:-1","max-image-preview":"max-image-preview:large","max-video-preview":"max-video-preview:-1"},"canonical":"https:\/\/www.trafox.fi\/tuotteet\/tehomuuntajat\/","og_locale":"de_DE","og_type":"article","og_title":"Leistungstransformatoren - Trafox","og_description":"Wir haben Jahrzehnte lang sowohl mit unseren Kunden als auch in internationalen, Normen vorbereitenden Arbeitsgruppen geduldige Entwicklungsarbeit an den Transformatoren geleistet. Gleichzeitig haben wir st\u00e4ndig unsere eigenen Herstellungsverfahren und Prozesse weiterentwickelt, um die Bed\u00fcrfnisse unserer Kunden auch in au\u00dfergew\u00f6hnlichen Situationen flexibel befriedigen zu k\u00f6nnen. Zu unserer Produktpalette geh\u00f6ren 1- und 3-phasige, trockenisolierte Leistungstransformatoren sowie Entst\u00f6rtransformatoren [&hellip;]","og_url":"https:\/\/www.trafox.fi\/tuotteet\/tehomuuntajat\/","og_site_name":"Trafox","article_modified_time":"2015-03-11T08:27:44+00:00","og_image":[{"width":4528,"height":5216,"url":"https:\/\/www.trafox.fi\/wp-content\/uploads\/2014\/08\/3-vaihe_tehomuuntaja-e1408629595112.jpg","type":"image\/jpeg"}],"twitter_card":"summary_large_image","schema":{"@context":"https:\/\/schema.org","@graph":[{"@type":"WebPage","@id":"https:\/\/www.trafox.fi\/tuotteet\/tehomuuntajat\/","url":"https:\/\/www.trafox.fi\/tuotteet\/tehomuuntajat\/","name":"Leistungstransformatoren - Trafox","isPartOf":{"@id":"https:\/\/www.trafox.fi\/#website"},"datePublished":"2014-03-21T11:43:24+00:00","dateModified":"2015-03-11T08:27:44+00:00","breadcrumb":{"@id":"https:\/\/www.trafox.fi\/tuotteet\/tehomuuntajat\/#breadcrumb"},"inLanguage":"de","potentialAction":[{"@type":"ReadAction","target":["https:\/\/www.trafox.fi\/tuotteet\/tehomuuntajat\/"]}]},{"@type":"BreadcrumbList","@id":"https:\/\/www.trafox.fi\/tuotteet\/tehomuuntajat\/#breadcrumb","itemListElement":[{"@type":"ListItem","position":1,"name":"Home","item":"https:\/\/www.trafox.fi\/de\/"},{"@type":"ListItem","position":2,"name":"Produkte","item":"https:\/\/www.trafox.fi\/tuotteet\/"},{"@type":"ListItem","position":3,"name":"Leistungstransformatoren"}]},{"@type":"WebSite","@id":"https:\/\/www.trafox.fi\/#website","url":"https:\/\/www.trafox.fi\/","name":"Trafox","description":"Maailmanluokan laatua. Suomalaisella asenteella.","potentialAction":[{"@type":"SearchAction","target":{"@type":"EntryPoint","urlTemplate":"https:\/\/www.trafox.fi\/?s={search_term_string}"},"query-input":"required name=search_term_string"}],"inLanguage":"de"}]}},"_links":{"self":[{"href":"https:\/\/www.trafox.fi\/de\/wp-json\/wp\/v2\/pages\/544","targetHints":{"allow":["GET"]}}],"collection":[{"href":"https:\/\/www.trafox.fi\/de\/wp-json\/wp\/v2\/pages"}],"about":[{"href":"https:\/\/www.trafox.fi\/de\/wp-json\/wp\/v2\/types\/page"}],"author":[{"embeddable":true,"href":"https:\/\/www.trafox.fi\/de\/wp-json\/wp\/v2\/users\/1"}],"replies":[{"embeddable":true,"href":"https:\/\/www.trafox.fi\/de\/wp-json\/wp\/v2\/comments?post=544"}],"version-history":[{"count":5,"href":"https:\/\/www.trafox.fi\/de\/wp-json\/wp\/v2\/pages\/544\/revisions"}],"predecessor-version":[{"id":896,"href":"https:\/\/www.trafox.fi\/de\/wp-json\/wp\/v2\/pages\/544\/revisions\/896"}],"up":[{"embeddable":true,"href":"https:\/\/www.trafox.fi\/de\/wp-json\/wp\/v2\/pages\/508"}],"wp:featuredmedia":[{"embeddable":true,"href":"https:\/\/www.trafox.fi\/de\/wp-json\/wp\/v2\/media\/328"}],"wp:attachment":[{"href":"https:\/\/www.trafox.fi\/de\/wp-json\/wp\/v2\/media?parent=544"}],"curies":[{"name":"wp","href":"https:\/\/api.w.org\/{rel}","templated":true}]}}