{"id":540,"date":"2014-03-19T09:36:08","date_gmt":"2014-03-19T07:36:08","guid":{"rendered":"https:\/\/www.trafox.fi\/?page_id=540"},"modified":"2021-02-09T09:34:56","modified_gmt":"2021-02-09T07:34:56","slug":"transformatoren","status":"publish","type":"page","link":"https:\/\/www.trafox.fi\/de\/produkte\/transformatoren\/","title":{"rendered":"Transformatoren"},"content":{"rendered":"<p>Wir haben Jahrzehnte lang sowohl mit unseren Kunden als auch in internationalen, Normen vorbereitenden Arbeitsgruppen geduldige Entwicklungsarbeit an den Transformatoren geleistet. Gleichzeitig haben wir st\u00e4ndig unsere eigenen Herstellungsverfahren und Prozesse weiterentwickelt, um die Bed\u00fcrfnisse unserer Kunden auch in au\u00dfergew\u00f6hnlichen Situationen flexibel befriedigen zu k\u00f6nnen.<\/p>\n<p>Unsere Auswahl reicht von gewickelten Kleinkomponenten bis zu medizinischen Schutztransformatoren. Die Eigenschaften, Ma\u00dfe, die Konstruktion und Befestigungsart der Transformatoren werden flexibel den W\u00fcnschen und Einsatzbed\u00fcrfnissen des Kunden angepasst.<\/p>\n","protected":false},"excerpt":{"rendered":"<p>Wir haben Jahrzehnte lang sowohl mit unseren Kunden als auch in internationalen, Normen vorbereitenden Arbeitsgruppen geduldige Entwicklungsarbeit an den Transformatoren geleistet. Gleichzeitig haben wir st\u00e4ndig unsere eigenen Herstellungsverfahren und Prozesse weiterentwickelt, um die Bed\u00fcrfnisse unserer Kunden auch in au\u00dfergew\u00f6hnlichen Situationen flexibel befriedigen zu k\u00f6nnen. Unsere Auswahl reicht von gewickelten Kleinkomponenten bis zu medizinischen Schutztransformatoren. Die [&hellip;]<\/p>\n","protected":false},"author":1,"featured_media":336,"parent":508,"menu_order":0,"comment_status":"closed","ping_status":"closed","template":"page-templates\/prods-main-list.php","meta":{"footnotes":""},"class_list":["post-540","page","type-page","status-publish","has-post-thumbnail","hentry"],"acf":[],"yoast_head":"<!-- This site is optimized with the Yoast SEO plugin v20.10 - https:\/\/yoast.com\/wordpress\/plugins\/seo\/ -->\n<title>Transformatoren - Trafox<\/title>\n<meta name=\"robots\" content=\"index, follow, max-snippet:-1, max-image-preview:large, max-video-preview:-1\" \/>\n<link rel=\"canonical\" href=\"https:\/\/www.trafox.fi\/tuotteet\/muuntajat\/\" \/>\n<meta property=\"og:locale\" content=\"de_DE\" \/>\n<meta property=\"og:type\" content=\"article\" \/>\n<meta property=\"og:title\" content=\"Transformatoren - Trafox\" \/>\n<meta property=\"og:description\" content=\"Wir haben Jahrzehnte lang sowohl mit unseren Kunden als auch in internationalen, Normen vorbereitenden Arbeitsgruppen geduldige Entwicklungsarbeit an den Transformatoren geleistet. Gleichzeitig haben wir st\u00e4ndig unsere eigenen Herstellungsverfahren und Prozesse weiterentwickelt, um die Bed\u00fcrfnisse unserer Kunden auch in au\u00dfergew\u00f6hnlichen Situationen flexibel befriedigen zu k\u00f6nnen. Unsere Auswahl reicht von gewickelten Kleinkomponenten bis zu medizinischen Schutztransformatoren. Die [&hellip;]\" \/>\n<meta property=\"og:url\" content=\"https:\/\/www.trafox.fi\/tuotteet\/muuntajat\/\" \/>\n<meta property=\"og:site_name\" content=\"Trafox\" \/>\n<meta property=\"article:modified_time\" content=\"2021-02-09T07:34:56+00:00\" \/>\n<meta property=\"og:image\" content=\"https:\/\/www.trafox.fi\/wp-content\/uploads\/2014\/08\/LH_ohjausjannitemuuntaja-e1408633039191.jpg\" \/>\n\t<meta property=\"og:image:width\" content=\"4504\" \/>\n\t<meta property=\"og:image:height\" content=\"4848\" \/>\n\t<meta property=\"og:image:type\" content=\"image\/jpeg\" \/>\n<meta name=\"twitter:card\" content=\"summary_large_image\" \/>\n<script type=\"application\/ld+json\" class=\"yoast-schema-graph\">{\"@context\":\"https:\/\/schema.org\",\"@graph\":[{\"@type\":\"WebPage\",\"@id\":\"https:\/\/www.trafox.fi\/tuotteet\/muuntajat\/\",\"url\":\"https:\/\/www.trafox.fi\/tuotteet\/muuntajat\/\",\"name\":\"Transformatoren - Trafox\",\"isPartOf\":{\"@id\":\"https:\/\/www.trafox.fi\/#website\"},\"datePublished\":\"2014-03-19T07:36:08+00:00\",\"dateModified\":\"2021-02-09T07:34:56+00:00\",\"breadcrumb\":{\"@id\":\"https:\/\/www.trafox.fi\/tuotteet\/muuntajat\/#breadcrumb\"},\"inLanguage\":\"de\",\"potentialAction\":[{\"@type\":\"ReadAction\",\"target\":[\"https:\/\/www.trafox.fi\/tuotteet\/muuntajat\/\"]}]},{\"@type\":\"BreadcrumbList\",\"@id\":\"https:\/\/www.trafox.fi\/tuotteet\/muuntajat\/#breadcrumb\",\"itemListElement\":[{\"@type\":\"ListItem\",\"position\":1,\"name\":\"Home\",\"item\":\"https:\/\/www.trafox.fi\/de\/\"},{\"@type\":\"ListItem\",\"position\":2,\"name\":\"Produkte\",\"item\":\"https:\/\/www.trafox.fi\/tuotteet\/\"},{\"@type\":\"ListItem\",\"position\":3,\"name\":\"Transformatoren\"}]},{\"@type\":\"WebSite\",\"@id\":\"https:\/\/www.trafox.fi\/#website\",\"url\":\"https:\/\/www.trafox.fi\/\",\"name\":\"Trafox\",\"description\":\"Maailmanluokan laatua. Suomalaisella asenteella.\",\"potentialAction\":[{\"@type\":\"SearchAction\",\"target\":{\"@type\":\"EntryPoint\",\"urlTemplate\":\"https:\/\/www.trafox.fi\/?s={search_term_string}\"},\"query-input\":\"required name=search_term_string\"}],\"inLanguage\":\"de\"}]}<\/script>\n<!-- \/ Yoast SEO plugin. -->","yoast_head_json":{"title":"Transformatoren - Trafox","robots":{"index":"index","follow":"follow","max-snippet":"max-snippet:-1","max-image-preview":"max-image-preview:large","max-video-preview":"max-video-preview:-1"},"canonical":"https:\/\/www.trafox.fi\/tuotteet\/muuntajat\/","og_locale":"de_DE","og_type":"article","og_title":"Transformatoren - Trafox","og_description":"Wir haben Jahrzehnte lang sowohl mit unseren Kunden als auch in internationalen, Normen vorbereitenden Arbeitsgruppen geduldige Entwicklungsarbeit an den Transformatoren geleistet. Gleichzeitig haben wir st\u00e4ndig unsere eigenen Herstellungsverfahren und Prozesse weiterentwickelt, um die Bed\u00fcrfnisse unserer Kunden auch in au\u00dfergew\u00f6hnlichen Situationen flexibel befriedigen zu k\u00f6nnen. Unsere Auswahl reicht von gewickelten Kleinkomponenten bis zu medizinischen Schutztransformatoren. Die [&hellip;]","og_url":"https:\/\/www.trafox.fi\/tuotteet\/muuntajat\/","og_site_name":"Trafox","article_modified_time":"2021-02-09T07:34:56+00:00","og_image":[{"width":4504,"height":4848,"url":"https:\/\/www.trafox.fi\/wp-content\/uploads\/2014\/08\/LH_ohjausjannitemuuntaja-e1408633039191.jpg","type":"image\/jpeg"}],"twitter_card":"summary_large_image","schema":{"@context":"https:\/\/schema.org","@graph":[{"@type":"WebPage","@id":"https:\/\/www.trafox.fi\/tuotteet\/muuntajat\/","url":"https:\/\/www.trafox.fi\/tuotteet\/muuntajat\/","name":"Transformatoren - Trafox","isPartOf":{"@id":"https:\/\/www.trafox.fi\/#website"},"datePublished":"2014-03-19T07:36:08+00:00","dateModified":"2021-02-09T07:34:56+00:00","breadcrumb":{"@id":"https:\/\/www.trafox.fi\/tuotteet\/muuntajat\/#breadcrumb"},"inLanguage":"de","potentialAction":[{"@type":"ReadAction","target":["https:\/\/www.trafox.fi\/tuotteet\/muuntajat\/"]}]},{"@type":"BreadcrumbList","@id":"https:\/\/www.trafox.fi\/tuotteet\/muuntajat\/#breadcrumb","itemListElement":[{"@type":"ListItem","position":1,"name":"Home","item":"https:\/\/www.trafox.fi\/de\/"},{"@type":"ListItem","position":2,"name":"Produkte","item":"https:\/\/www.trafox.fi\/tuotteet\/"},{"@type":"ListItem","position":3,"name":"Transformatoren"}]},{"@type":"WebSite","@id":"https:\/\/www.trafox.fi\/#website","url":"https:\/\/www.trafox.fi\/","name":"Trafox","description":"Maailmanluokan laatua. Suomalaisella asenteella.","potentialAction":[{"@type":"SearchAction","target":{"@type":"EntryPoint","urlTemplate":"https:\/\/www.trafox.fi\/?s={search_term_string}"},"query-input":"required name=search_term_string"}],"inLanguage":"de"}]}},"_links":{"self":[{"href":"https:\/\/www.trafox.fi\/de\/wp-json\/wp\/v2\/pages\/540","targetHints":{"allow":["GET"]}}],"collection":[{"href":"https:\/\/www.trafox.fi\/de\/wp-json\/wp\/v2\/pages"}],"about":[{"href":"https:\/\/www.trafox.fi\/de\/wp-json\/wp\/v2\/types\/page"}],"author":[{"embeddable":true,"href":"https:\/\/www.trafox.fi\/de\/wp-json\/wp\/v2\/users\/1"}],"replies":[{"embeddable":true,"href":"https:\/\/www.trafox.fi\/de\/wp-json\/wp\/v2\/comments?post=540"}],"version-history":[{"count":6,"href":"https:\/\/www.trafox.fi\/de\/wp-json\/wp\/v2\/pages\/540\/revisions"}],"predecessor-version":[{"id":3679,"href":"https:\/\/www.trafox.fi\/de\/wp-json\/wp\/v2\/pages\/540\/revisions\/3679"}],"up":[{"embeddable":true,"href":"https:\/\/www.trafox.fi\/de\/wp-json\/wp\/v2\/pages\/508"}],"wp:featuredmedia":[{"embeddable":true,"href":"https:\/\/www.trafox.fi\/de\/wp-json\/wp\/v2\/media\/336"}],"wp:attachment":[{"href":"https:\/\/www.trafox.fi\/de\/wp-json\/wp\/v2\/media?parent=540"}],"curies":[{"name":"wp","href":"https:\/\/api.w.org\/{rel}","templated":true}]}}