{"id":516,"date":"2014-12-16T13:16:07","date_gmt":"2014-12-16T11:16:07","guid":{"rendered":"https:\/\/www.trafox.fi\/?page_id=516"},"modified":"2026-01-14T14:46:31","modified_gmt":"2026-01-14T12:46:31","slug":"kontakt","status":"publish","type":"page","link":"https:\/\/www.trafox.fi\/de\/kontakt\/","title":{"rendered":"Kontakt"},"content":{"rendered":"<h2>MUUNTOS\u00c4HK\u00d6 OY \u2013 TRAFOX (ZENTRALE)<\/h2>\n<p>Niittyl\u00e4npolku 4<br \/>\nPostfach. 10<br \/>\nFI-00621 Helsinki<\/p>\n<p>Tel. +358 207 933 700 (Sammelanschluss)<br \/>\nFax +358 207 933 746<\/p>\n<h3><span class=\"HwtZe\" lang=\"de\"><span class=\"jCAhz ChMk0b C1N51c\"><span class=\"ryNqvb\">Fakturierung<\/span><\/span><\/span><\/h3>\n<table style=\"width: 87.4073%;\">\n<tbody>\n<tr>\n<td style=\"width: 45.9307%;\"><span class=\"HwtZe\" lang=\"de\"><span class=\"jCAhz ChMk0b\"><span class=\"ryNqvb\">E-Rechnungsadresse<\/span><\/span><\/span><\/td>\n<td style=\"width: 62.6665%;\">TE003701118553<\/td>\n<\/tr>\n<tr>\n<td style=\"width: 45.9307%;\"><span class=\"HwtZe\" lang=\"de\"><span class=\"jCAhz ChMk0b\"><span class=\"ryNqvb\">Unternehmens-ID<\/span><\/span><\/span><\/td>\n<td style=\"width: 62.6665%;\">0111855-3<\/td>\n<\/tr>\n<tr>\n<td style=\"width: 45.9307%;\"><span class=\"HwtZe\" lang=\"de\"><span class=\"jCAhz ChMk0b\"><span class=\"ryNqvb\">E-Rechnungsanbieter<\/span><\/span><\/span><\/td>\n<td style=\"width: 62.6665%;\">Tietoevry Oyj<\/td>\n<\/tr>\n<tr>\n<td style=\"width: 45.9307%;\"><span class=\"HwtZe\" lang=\"de\"><span class=\"jCAhz ChMk0b\"><span class=\"ryNqvb\">Anbieter-ID<\/span><\/span><\/span><\/td>\n<td style=\"width: 62.6665%;\">003701011385<\/td>\n<\/tr>\n<tr>\n<td style=\"width: 45.9307%;\"><span class=\"HwtZe\" lang=\"de\"><span class=\"jCAhz ChMk0b\"><span class=\"ryNqvb\">E-Mail-Rechnungsadresse<\/span><\/span><\/span><\/td>\n<td style=\"width: 62.6665%;\">tieto_pl2561(at)xbs-salo.com<\/td>\n<\/tr>\n<tr>\n<td style=\"width: 45.9307%;\"><span class=\"HwtZe\" lang=\"de\"><span class=\"jCAhz ChMk0b\"><span class=\"ryNqvb\">Peppol-ID<\/span><\/span><\/span><\/td>\n<td style=\"width: 62.6665%;\">0216:003701118553<\/td>\n<\/tr>\n<tr>\n<td style=\"width: 45.9307%;\"><span class=\"HwtZe\" lang=\"de\"><span class=\"jCAhz ChMk0b\"><span class=\"ryNqvb\">USt-IdNr.<\/span><\/span><\/span><\/td>\n<td style=\"width: 62.6665%;\">FI01118553<\/td>\n<\/tr>\n<\/tbody>\n<\/table>\n<p><span class=\"HwtZe\" lang=\"de\"><span class=\"jCAhz ChMk0b\"><span class=\"ryNqvb\">Papierrechnungen:<\/span><\/span><\/span><br \/>\nMuuntos\u00e4hk\u00f6 Oy<br \/>\nPL 2561<br \/>\n02066 DOCUSCAN<\/p>\n<p>E-mail: finance(at)trafox.fi<\/p>\n<h3><strong>Muuntos\u00e4hk\u00f6 Oy &#8211; Trafox<\/strong><\/h3>\n<p>Pamilonkatu 3<br \/>\nFI-80100 Joensuu<br \/>\nFinland<\/p>\n<p>Tel. +358 207 933 700\u00a0(Sammelanschluss)<br \/>\nFax +358 207 933 746<\/p>\n<h3><strong>Trafox Eesti O\u00fc<\/strong><\/h3>\n<p>Reinu Tee 44<br \/>\nEE-71020 Viljandi<br \/>\nEstonia<\/p>\n<h3><strong>Suzhou Trafox Electronics Co. Ltd.<\/strong><\/h3>\n<p>Dongfu Road 42, Building 2<br \/>\nSuzhou Industrial Park<br \/>\n215123, P.R.China<\/p>\n<h3>KONTAKTE IN FINNLAND<\/h3>\n<p>Gesch\u00e4ftsf\u00fchrer<br \/>\n<strong>Jyri Taskinen<\/strong><br \/>\nTel. +358 207 933 700<br \/>\njyri.taskinen(at)trafox.fi<\/p>\n<p>Spedition<br \/>\n<strong>Olga Rots-H\u00e4rk\u00f6nen<\/strong><br \/>\nTel. +358 44 755 2471<br \/>\nolga.rots-harkonen(at)trafox.fi<\/p>\n<p>Verkaufsleiter<br \/>\n<strong>Jyri Taskinen<br \/>\n<\/strong> Tel. +358 207 933 700<\/p>\n<p>Verkauf<br \/>\nsales(at)trafox.fi<\/p>\n<p>&nbsp;<\/p>\n<h3>VERTRETUNGEN<\/h3>\n<p><strong>Schweiz<\/strong><br \/>\nROTIMA AG<br \/>\nIndustriestrasse 14<br \/>\nCH-8712 ST\u00c4FA<br \/>\nTel. 0041 (0) 44 927 26 26<br \/>\nFax 0041 (0) 44 927 26 90<br \/>\nrotima@rotima.ch<\/p>\n<p><strong>\u00d6sterreich<\/strong><br \/>\nCODICO GmbH &amp; Co. KG<br \/>\nM\u00fchlgasse 86-88<br \/>\nA-2380 PERCHTOLDSDORF<br \/>\nTel. (1) 863050<br \/>\nFax (1) 8630598<br \/>\noffice@codico.com<\/p>\n<p><strong>Deutschland<\/strong><br \/>\nBEDEK GmbH &amp; Co. KG<br \/>\nHeininger Ring 5<br \/>\nD-91550 DINKELSB\u00dcHL<br \/>\nTel. +49 (0)9851 5735-0<br \/>\ninfo@bedek.de<\/p>\n","protected":false},"excerpt":{"rendered":"<p>MUUNTOS\u00c4HK\u00d6 OY \u2013 TRAFOX (ZENTRALE) Niittyl\u00e4npolku 4 Postfach. 10 FI-00621 Helsinki Tel. +358 207 933 700 (Sammelanschluss) Fax +358 207 933 746 Fakturierung E-Rechnungsadresse TE003701118553 Unternehmens-ID 0111855-3 E-Rechnungsanbieter Tietoevry Oyj Anbieter-ID 003701011385 E-Mail-Rechnungsadresse tieto_pl2561(at)xbs-salo.com Peppol-ID 0216:003701118553 USt-IdNr. FI01118553 Papierrechnungen: Muuntos\u00e4hk\u00f6 Oy PL 2561 02066 DOCUSCAN E-mail: finance(at)trafox.fi Muuntos\u00e4hk\u00f6 Oy &#8211; Trafox Pamilonkatu 3 FI-80100 Joensuu [&hellip;]<\/p>\n","protected":false},"author":1,"featured_media":0,"parent":0,"menu_order":0,"comment_status":"closed","ping_status":"closed","template":"","meta":{"footnotes":""},"class_list":["post-516","page","type-page","status-publish","hentry"],"acf":[],"yoast_head":"<!-- This site is optimized with the Yoast SEO plugin v20.10 - https:\/\/yoast.com\/wordpress\/plugins\/seo\/ -->\n<title>Kontakt - Trafox<\/title>\n<meta name=\"robots\" content=\"index, follow, max-snippet:-1, max-image-preview:large, max-video-preview:-1\" \/>\n<link rel=\"canonical\" href=\"https:\/\/www.trafox.fi\/yhteystiedot\/\" \/>\n<meta property=\"og:locale\" content=\"de_DE\" \/>\n<meta property=\"og:type\" content=\"article\" \/>\n<meta property=\"og:title\" content=\"Kontakt - Trafox\" \/>\n<meta property=\"og:description\" content=\"MUUNTOS\u00c4HK\u00d6 OY \u2013 TRAFOX (ZENTRALE) Niittyl\u00e4npolku 4 Postfach. 10 FI-00621 Helsinki Tel. +358 207 933 700 (Sammelanschluss) Fax +358 207 933 746 Fakturierung E-Rechnungsadresse TE003701118553 Unternehmens-ID 0111855-3 E-Rechnungsanbieter Tietoevry Oyj Anbieter-ID 003701011385 E-Mail-Rechnungsadresse tieto_pl2561(at)xbs-salo.com Peppol-ID 0216:003701118553 USt-IdNr. FI01118553 Papierrechnungen: Muuntos\u00e4hk\u00f6 Oy PL 2561 02066 DOCUSCAN E-mail: finance(at)trafox.fi Muuntos\u00e4hk\u00f6 Oy &#8211; Trafox Pamilonkatu 3 FI-80100 Joensuu [&hellip;]\" \/>\n<meta property=\"og:url\" content=\"https:\/\/www.trafox.fi\/yhteystiedot\/\" \/>\n<meta property=\"og:site_name\" content=\"Trafox\" \/>\n<meta property=\"article:modified_time\" content=\"2026-01-14T12:46:31+00:00\" \/>\n<meta name=\"twitter:card\" content=\"summary_large_image\" \/>\n<meta name=\"twitter:label1\" content=\"Gesch\u00e4tzte Lesezeit\" \/>\n\t<meta name=\"twitter:data1\" content=\"1\u00a0Minute\" \/>\n<script type=\"application\/ld+json\" class=\"yoast-schema-graph\">{\"@context\":\"https:\/\/schema.org\",\"@graph\":[{\"@type\":\"WebPage\",\"@id\":\"https:\/\/www.trafox.fi\/yhteystiedot\/\",\"url\":\"https:\/\/www.trafox.fi\/yhteystiedot\/\",\"name\":\"Kontakt - Trafox\",\"isPartOf\":{\"@id\":\"https:\/\/www.trafox.fi\/#website\"},\"datePublished\":\"2014-12-16T11:16:07+00:00\",\"dateModified\":\"2026-01-14T12:46:31+00:00\",\"breadcrumb\":{\"@id\":\"https:\/\/www.trafox.fi\/yhteystiedot\/#breadcrumb\"},\"inLanguage\":\"de\",\"potentialAction\":[{\"@type\":\"ReadAction\",\"target\":[\"https:\/\/www.trafox.fi\/yhteystiedot\/\"]}]},{\"@type\":\"BreadcrumbList\",\"@id\":\"https:\/\/www.trafox.fi\/yhteystiedot\/#breadcrumb\",\"itemListElement\":[{\"@type\":\"ListItem\",\"position\":1,\"name\":\"Home\",\"item\":\"https:\/\/www.trafox.fi\/de\/\"},{\"@type\":\"ListItem\",\"position\":2,\"name\":\"Kontakt\"}]},{\"@type\":\"WebSite\",\"@id\":\"https:\/\/www.trafox.fi\/#website\",\"url\":\"https:\/\/www.trafox.fi\/\",\"name\":\"Trafox\",\"description\":\"Maailmanluokan laatua. Suomalaisella asenteella.\",\"potentialAction\":[{\"@type\":\"SearchAction\",\"target\":{\"@type\":\"EntryPoint\",\"urlTemplate\":\"https:\/\/www.trafox.fi\/?s={search_term_string}\"},\"query-input\":\"required name=search_term_string\"}],\"inLanguage\":\"de\"}]}<\/script>\n<!-- \/ Yoast SEO plugin. -->","yoast_head_json":{"title":"Kontakt - Trafox","robots":{"index":"index","follow":"follow","max-snippet":"max-snippet:-1","max-image-preview":"max-image-preview:large","max-video-preview":"max-video-preview:-1"},"canonical":"https:\/\/www.trafox.fi\/yhteystiedot\/","og_locale":"de_DE","og_type":"article","og_title":"Kontakt - Trafox","og_description":"MUUNTOS\u00c4HK\u00d6 OY \u2013 TRAFOX (ZENTRALE) Niittyl\u00e4npolku 4 Postfach. 10 FI-00621 Helsinki Tel. +358 207 933 700 (Sammelanschluss) Fax +358 207 933 746 Fakturierung E-Rechnungsadresse TE003701118553 Unternehmens-ID 0111855-3 E-Rechnungsanbieter Tietoevry Oyj Anbieter-ID 003701011385 E-Mail-Rechnungsadresse tieto_pl2561(at)xbs-salo.com Peppol-ID 0216:003701118553 USt-IdNr. FI01118553 Papierrechnungen: Muuntos\u00e4hk\u00f6 Oy PL 2561 02066 DOCUSCAN E-mail: finance(at)trafox.fi Muuntos\u00e4hk\u00f6 Oy &#8211; Trafox Pamilonkatu 3 FI-80100 Joensuu [&hellip;]","og_url":"https:\/\/www.trafox.fi\/yhteystiedot\/","og_site_name":"Trafox","article_modified_time":"2026-01-14T12:46:31+00:00","twitter_card":"summary_large_image","twitter_misc":{"Gesch\u00e4tzte Lesezeit":"1\u00a0Minute"},"schema":{"@context":"https:\/\/schema.org","@graph":[{"@type":"WebPage","@id":"https:\/\/www.trafox.fi\/yhteystiedot\/","url":"https:\/\/www.trafox.fi\/yhteystiedot\/","name":"Kontakt - Trafox","isPartOf":{"@id":"https:\/\/www.trafox.fi\/#website"},"datePublished":"2014-12-16T11:16:07+00:00","dateModified":"2026-01-14T12:46:31+00:00","breadcrumb":{"@id":"https:\/\/www.trafox.fi\/yhteystiedot\/#breadcrumb"},"inLanguage":"de","potentialAction":[{"@type":"ReadAction","target":["https:\/\/www.trafox.fi\/yhteystiedot\/"]}]},{"@type":"BreadcrumbList","@id":"https:\/\/www.trafox.fi\/yhteystiedot\/#breadcrumb","itemListElement":[{"@type":"ListItem","position":1,"name":"Home","item":"https:\/\/www.trafox.fi\/de\/"},{"@type":"ListItem","position":2,"name":"Kontakt"}]},{"@type":"WebSite","@id":"https:\/\/www.trafox.fi\/#website","url":"https:\/\/www.trafox.fi\/","name":"Trafox","description":"Maailmanluokan laatua. Suomalaisella asenteella.","potentialAction":[{"@type":"SearchAction","target":{"@type":"EntryPoint","urlTemplate":"https:\/\/www.trafox.fi\/?s={search_term_string}"},"query-input":"required name=search_term_string"}],"inLanguage":"de"}]}},"_links":{"self":[{"href":"https:\/\/www.trafox.fi\/de\/wp-json\/wp\/v2\/pages\/516","targetHints":{"allow":["GET"]}}],"collection":[{"href":"https:\/\/www.trafox.fi\/de\/wp-json\/wp\/v2\/pages"}],"about":[{"href":"https:\/\/www.trafox.fi\/de\/wp-json\/wp\/v2\/types\/page"}],"author":[{"embeddable":true,"href":"https:\/\/www.trafox.fi\/de\/wp-json\/wp\/v2\/users\/1"}],"replies":[{"embeddable":true,"href":"https:\/\/www.trafox.fi\/de\/wp-json\/wp\/v2\/comments?post=516"}],"version-history":[{"count":30,"href":"https:\/\/www.trafox.fi\/de\/wp-json\/wp\/v2\/pages\/516\/revisions"}],"predecessor-version":[{"id":5528,"href":"https:\/\/www.trafox.fi\/de\/wp-json\/wp\/v2\/pages\/516\/revisions\/5528"}],"wp:attachment":[{"href":"https:\/\/www.trafox.fi\/de\/wp-json\/wp\/v2\/media?parent=516"}],"curies":[{"name":"wp","href":"https:\/\/api.w.org\/{rel}","templated":true}]}}