{"id":510,"date":"2014-12-16T13:15:12","date_gmt":"2014-12-16T11:15:12","guid":{"rendered":"https:\/\/www.trafox.fi\/?page_id=510"},"modified":"2021-01-21T09:20:47","modified_gmt":"2021-01-21T07:20:47","slug":"unternehmen","status":"publish","type":"page","link":"https:\/\/www.trafox.fi\/de\/unternehmen\/","title":{"rendered":"Unternehmen"},"content":{"rendered":"<p>Muuntos\u00e4hk\u00f6 Oy \u2013 Trafox<\/p>\n<p>Trafox ist ein Warenzeichen des Unternehmens Muuntos\u00e4hk\u00f6 Oy, unter dem wir hochwertige Transformatoren, Drosseln, Filter und die \u00dcberwachungsanlagen Trafox Superintend\u00ae f\u00fcr die unterschiedlichsten Einsatzf\u00e4lle entwickeln, fertigen und auf Ma\u00df herstellen. Unsere Produkte werden an den unterschiedlichsten Stellen eingesetzt \u2013 von der Schwerindustrie bis zur Gesundheitsvorsorge.<\/p>\n<p>Unsere \u00fcber 70-j\u00e4hrige Erfahrung hilft uns beim Verst\u00e4ndnis der individuellen und branchenspezifischen Anforderungen unserer Kunden und bei der Kreation von echten, Mehrwert schaffenden L\u00f6sungen daf\u00fcr. Der Ausgangspunkt unserer Produktentwicklung sind vielseitige Trafox-L\u00f6sungen, die umfassend sowohl internationale Standards als auch die individuellen Anforderungen der Kunden erf\u00fcllen.<\/p>\n<p>Die Wurzeln des im Jahre 1947 gegr\u00fcndeten Unternehmens befinden sich in Finnland, aber unsere Aktivit\u00e4ten sind international. Unsere Kunden befinden sich sowohl auf dem finnischen Binnenmarkt als auch in Nord- und Mitteleuropa, Asien und in den USA. Unsere Zentrale befindet sich in Helsinki und unsere Fabriken stehen in Helsinki und Joensuu (Finnland), Viljandi (Estland) und Suzhou (China).<\/p>\n","protected":false},"excerpt":{"rendered":"<p>Muuntos\u00e4hk\u00f6 Oy \u2013 Trafox Trafox ist ein Warenzeichen des Unternehmens Muuntos\u00e4hk\u00f6 Oy, unter dem wir hochwertige Transformatoren, Drosseln, Filter und die \u00dcberwachungsanlagen Trafox Superintend\u00ae f\u00fcr die unterschiedlichsten Einsatzf\u00e4lle entwickeln, fertigen und auf Ma\u00df herstellen. Unsere Produkte werden an den unterschiedlichsten Stellen eingesetzt \u2013 von der Schwerindustrie bis zur Gesundheitsvorsorge. Unsere \u00fcber 70-j\u00e4hrige Erfahrung hilft uns [&hellip;]<\/p>\n","protected":false},"author":1,"featured_media":0,"parent":0,"menu_order":0,"comment_status":"closed","ping_status":"closed","template":"","meta":{"footnotes":""},"class_list":["post-510","page","type-page","status-publish","hentry"],"acf":[],"yoast_head":"<!-- This site is optimized with the Yoast SEO plugin v20.10 - https:\/\/yoast.com\/wordpress\/plugins\/seo\/ -->\n<title>Unternehmen - Trafox<\/title>\n<meta name=\"robots\" content=\"index, follow, max-snippet:-1, max-image-preview:large, max-video-preview:-1\" \/>\n<link rel=\"canonical\" href=\"https:\/\/www.trafox.fi\/yrityksemme\/\" \/>\n<meta property=\"og:locale\" content=\"de_DE\" \/>\n<meta property=\"og:type\" content=\"article\" \/>\n<meta property=\"og:title\" content=\"Unternehmen - Trafox\" \/>\n<meta property=\"og:description\" content=\"Muuntos\u00e4hk\u00f6 Oy \u2013 Trafox Trafox ist ein Warenzeichen des Unternehmens Muuntos\u00e4hk\u00f6 Oy, unter dem wir hochwertige Transformatoren, Drosseln, Filter und die \u00dcberwachungsanlagen Trafox Superintend\u00ae f\u00fcr die unterschiedlichsten Einsatzf\u00e4lle entwickeln, fertigen und auf Ma\u00df herstellen. Unsere Produkte werden an den unterschiedlichsten Stellen eingesetzt \u2013 von der Schwerindustrie bis zur Gesundheitsvorsorge. Unsere \u00fcber 70-j\u00e4hrige Erfahrung hilft uns [&hellip;]\" \/>\n<meta property=\"og:url\" content=\"https:\/\/www.trafox.fi\/yrityksemme\/\" \/>\n<meta property=\"og:site_name\" content=\"Trafox\" \/>\n<meta property=\"article:modified_time\" content=\"2021-01-21T07:20:47+00:00\" \/>\n<meta name=\"twitter:card\" content=\"summary_large_image\" \/>\n<meta name=\"twitter:label1\" content=\"Gesch\u00e4tzte Lesezeit\" \/>\n\t<meta name=\"twitter:data1\" content=\"1\u00a0Minute\" \/>\n<script type=\"application\/ld+json\" class=\"yoast-schema-graph\">{\"@context\":\"https:\/\/schema.org\",\"@graph\":[{\"@type\":\"WebPage\",\"@id\":\"https:\/\/www.trafox.fi\/yrityksemme\/\",\"url\":\"https:\/\/www.trafox.fi\/yrityksemme\/\",\"name\":\"Unternehmen - Trafox\",\"isPartOf\":{\"@id\":\"https:\/\/www.trafox.fi\/#website\"},\"datePublished\":\"2014-12-16T11:15:12+00:00\",\"dateModified\":\"2021-01-21T07:20:47+00:00\",\"breadcrumb\":{\"@id\":\"https:\/\/www.trafox.fi\/yrityksemme\/#breadcrumb\"},\"inLanguage\":\"de\",\"potentialAction\":[{\"@type\":\"ReadAction\",\"target\":[\"https:\/\/www.trafox.fi\/yrityksemme\/\"]}]},{\"@type\":\"BreadcrumbList\",\"@id\":\"https:\/\/www.trafox.fi\/yrityksemme\/#breadcrumb\",\"itemListElement\":[{\"@type\":\"ListItem\",\"position\":1,\"name\":\"Home\",\"item\":\"https:\/\/www.trafox.fi\/de\/\"},{\"@type\":\"ListItem\",\"position\":2,\"name\":\"Unternehmen\"}]},{\"@type\":\"WebSite\",\"@id\":\"https:\/\/www.trafox.fi\/#website\",\"url\":\"https:\/\/www.trafox.fi\/\",\"name\":\"Trafox\",\"description\":\"Maailmanluokan laatua. Suomalaisella asenteella.\",\"potentialAction\":[{\"@type\":\"SearchAction\",\"target\":{\"@type\":\"EntryPoint\",\"urlTemplate\":\"https:\/\/www.trafox.fi\/?s={search_term_string}\"},\"query-input\":\"required name=search_term_string\"}],\"inLanguage\":\"de\"}]}<\/script>\n<!-- \/ Yoast SEO plugin. -->","yoast_head_json":{"title":"Unternehmen - Trafox","robots":{"index":"index","follow":"follow","max-snippet":"max-snippet:-1","max-image-preview":"max-image-preview:large","max-video-preview":"max-video-preview:-1"},"canonical":"https:\/\/www.trafox.fi\/yrityksemme\/","og_locale":"de_DE","og_type":"article","og_title":"Unternehmen - Trafox","og_description":"Muuntos\u00e4hk\u00f6 Oy \u2013 Trafox Trafox ist ein Warenzeichen des Unternehmens Muuntos\u00e4hk\u00f6 Oy, unter dem wir hochwertige Transformatoren, Drosseln, Filter und die \u00dcberwachungsanlagen Trafox Superintend\u00ae f\u00fcr die unterschiedlichsten Einsatzf\u00e4lle entwickeln, fertigen und auf Ma\u00df herstellen. Unsere Produkte werden an den unterschiedlichsten Stellen eingesetzt \u2013 von der Schwerindustrie bis zur Gesundheitsvorsorge. Unsere \u00fcber 70-j\u00e4hrige Erfahrung hilft uns [&hellip;]","og_url":"https:\/\/www.trafox.fi\/yrityksemme\/","og_site_name":"Trafox","article_modified_time":"2021-01-21T07:20:47+00:00","twitter_card":"summary_large_image","twitter_misc":{"Gesch\u00e4tzte Lesezeit":"1\u00a0Minute"},"schema":{"@context":"https:\/\/schema.org","@graph":[{"@type":"WebPage","@id":"https:\/\/www.trafox.fi\/yrityksemme\/","url":"https:\/\/www.trafox.fi\/yrityksemme\/","name":"Unternehmen - Trafox","isPartOf":{"@id":"https:\/\/www.trafox.fi\/#website"},"datePublished":"2014-12-16T11:15:12+00:00","dateModified":"2021-01-21T07:20:47+00:00","breadcrumb":{"@id":"https:\/\/www.trafox.fi\/yrityksemme\/#breadcrumb"},"inLanguage":"de","potentialAction":[{"@type":"ReadAction","target":["https:\/\/www.trafox.fi\/yrityksemme\/"]}]},{"@type":"BreadcrumbList","@id":"https:\/\/www.trafox.fi\/yrityksemme\/#breadcrumb","itemListElement":[{"@type":"ListItem","position":1,"name":"Home","item":"https:\/\/www.trafox.fi\/de\/"},{"@type":"ListItem","position":2,"name":"Unternehmen"}]},{"@type":"WebSite","@id":"https:\/\/www.trafox.fi\/#website","url":"https:\/\/www.trafox.fi\/","name":"Trafox","description":"Maailmanluokan laatua. Suomalaisella asenteella.","potentialAction":[{"@type":"SearchAction","target":{"@type":"EntryPoint","urlTemplate":"https:\/\/www.trafox.fi\/?s={search_term_string}"},"query-input":"required name=search_term_string"}],"inLanguage":"de"}]}},"_links":{"self":[{"href":"https:\/\/www.trafox.fi\/de\/wp-json\/wp\/v2\/pages\/510","targetHints":{"allow":["GET"]}}],"collection":[{"href":"https:\/\/www.trafox.fi\/de\/wp-json\/wp\/v2\/pages"}],"about":[{"href":"https:\/\/www.trafox.fi\/de\/wp-json\/wp\/v2\/types\/page"}],"author":[{"embeddable":true,"href":"https:\/\/www.trafox.fi\/de\/wp-json\/wp\/v2\/users\/1"}],"replies":[{"embeddable":true,"href":"https:\/\/www.trafox.fi\/de\/wp-json\/wp\/v2\/comments?post=510"}],"version-history":[{"count":7,"href":"https:\/\/www.trafox.fi\/de\/wp-json\/wp\/v2\/pages\/510\/revisions"}],"predecessor-version":[{"id":3597,"href":"https:\/\/www.trafox.fi\/de\/wp-json\/wp\/v2\/pages\/510\/revisions\/3597"}],"wp:attachment":[{"href":"https:\/\/www.trafox.fi\/de\/wp-json\/wp\/v2\/media?parent=510"}],"curies":[{"name":"wp","href":"https:\/\/api.w.org\/{rel}","templated":true}]}}